{"id":1021,"date":"2023-08-23T10:14:04","date_gmt":"2023-08-23T10:14:04","guid":{"rendered":"https:\/\/yeni.alpsteel.com.tr\/?page_id=1021"},"modified":"2023-08-29T09:19:04","modified_gmt":"2023-08-29T09:19:04","slug":"demir-urunleri","status":"publish","type":"page","link":"https:\/\/www.alpsteel.com.tr\/en\/demir-urunleri\/","title":{"rendered":"Iron Products"},"content":{"rendered":"<div data-elementor-type=\"wp-page\" data-elementor-id=\"1021\" class=\"elementor elementor-1021\" data-elementor-post-type=\"page\">\n\t\t\t\t\t\t<section class=\"elementor-section elementor-top-section elementor-element elementor-element-47a0fdb elementor-section-boxed elementor-section-height-default elementor-section-height-default\" data-id=\"47a0fdb\" data-element_type=\"section\">\n\t\t\t\t\t\t<div class=\"elementor-container elementor-column-gap-default\">\n\t\t\t\t\t<div class=\"elementor-column elementor-col-33 elementor-top-column elementor-element elementor-element-3fcec99\" data-id=\"3fcec99\" data-element_type=\"column\">\n\t\t\t<div class=\"elementor-widget-wrap elementor-element-populated\">\n\t\t\t\t\t\t<div class=\"elementor-element elementor-element-240cfab elementor-widget__width-initial elementor-position-top elementor-widget elementor-widget-image-box\" data-id=\"240cfab\" data-element_type=\"widget\" data-widget_type=\"image-box.default\">\n\t\t\t\t<div class=\"elementor-widget-container\">\n\t\t\t\t\t<div class=\"elementor-image-box-wrapper\"><figure class=\"elementor-image-box-img\"><a href=\"https:\/\/www.alpsteel.com.tr\/en\/hadde-urunleri\/\" tabindex=\"-1\"><img fetchpriority=\"high\" decoding=\"async\" width=\"749\" height=\"575\" src=\"https:\/\/www.alpsteel.com.tr\/wp-content\/uploads\/2023\/08\/alpsteel-demirgrubu.jpg\" class=\"elementor-animation-sink attachment-full size-full wp-image-850\" alt=\"Demir Grubu\" srcset=\"https:\/\/www.alpsteel.com.tr\/wp-content\/uploads\/2023\/08\/alpsteel-demirgrubu.jpg 749w, https:\/\/www.alpsteel.com.tr\/wp-content\/uploads\/2023\/08\/alpsteel-demirgrubu-300x230.jpg 300w, https:\/\/www.alpsteel.com.tr\/wp-content\/uploads\/2023\/08\/alpsteel-demirgrubu-16x12.jpg 16w\" sizes=\"(max-width: 749px) 100vw, 749px\" \/><\/a><\/figure><div class=\"elementor-image-box-content\"><h3 class=\"elementor-image-box-title\"><a href=\"https:\/\/www.alpsteel.com.tr\/en\/hadde-urunleri\/\">Hadde \u00dcr\u00fcnleri<\/a><\/h3><\/div><\/div>\t\t\t\t<\/div>\n\t\t\t\t<\/div>\n\t\t\t\t\t<\/div>\n\t\t<\/div>\n\t\t\t\t<div class=\"elementor-column elementor-col-33 elementor-top-column elementor-element elementor-element-249ed27\" data-id=\"249ed27\" data-element_type=\"column\">\n\t\t\t<div class=\"elementor-widget-wrap elementor-element-populated\">\n\t\t\t\t\t\t<div class=\"elementor-element elementor-element-a6d24d4 elementor-widget__width-initial elementor-position-top elementor-widget elementor-widget-image-box\" data-id=\"a6d24d4\" data-element_type=\"widget\" data-widget_type=\"image-box.default\">\n\t\t\t\t<div class=\"elementor-widget-container\">\n\t\t\t\t\t<div class=\"elementor-image-box-wrapper\"><figure class=\"elementor-image-box-img\"><a href=\"https:\/\/www.alpsteel.com.tr\/en\/boru-urunleri\/\" tabindex=\"-1\"><img decoding=\"async\" width=\"749\" height=\"575\" src=\"https:\/\/www.alpsteel.com.tr\/wp-content\/uploads\/2023\/08\/alpsteel-boru-grubu.jpg\" class=\"elementor-animation-sink attachment-full size-full wp-image-853\" alt=\"Boru Grubu\" srcset=\"https:\/\/www.alpsteel.com.tr\/wp-content\/uploads\/2023\/08\/alpsteel-boru-grubu.jpg 749w, https:\/\/www.alpsteel.com.tr\/wp-content\/uploads\/2023\/08\/alpsteel-boru-grubu-300x230.jpg 300w, https:\/\/www.alpsteel.com.tr\/wp-content\/uploads\/2023\/08\/alpsteel-boru-grubu-16x12.jpg 16w\" sizes=\"(max-width: 749px) 100vw, 749px\" \/><\/a><\/figure><div class=\"elementor-image-box-content\"><h3 class=\"elementor-image-box-title\"><a href=\"https:\/\/www.alpsteel.com.tr\/en\/boru-urunleri\/\">Boru \u00dcr\u00fcnleri<\/a><\/h3><\/div><\/div>\t\t\t\t<\/div>\n\t\t\t\t<\/div>\n\t\t\t\t\t<\/div>\n\t\t<\/div>\n\t\t\t\t<div class=\"elementor-column elementor-col-33 elementor-top-column elementor-element elementor-element-9993e1d\" data-id=\"9993e1d\" data-element_type=\"column\">\n\t\t\t<div class=\"elementor-widget-wrap elementor-element-populated\">\n\t\t\t\t\t\t<div class=\"elementor-element elementor-element-b623c3d elementor-widget__width-initial elementor-position-top elementor-widget elementor-widget-image-box\" data-id=\"b623c3d\" data-element_type=\"widget\" data-widget_type=\"image-box.default\">\n\t\t\t\t<div class=\"elementor-widget-container\">\n\t\t\t\t\t<div class=\"elementor-image-box-wrapper\"><figure class=\"elementor-image-box-img\"><a href=\"https:\/\/www.alpsteel.com.tr\/en\/profil-urunleri\/\" tabindex=\"-1\"><img decoding=\"async\" width=\"749\" height=\"575\" src=\"https:\/\/www.alpsteel.com.tr\/wp-content\/uploads\/2023\/08\/aslpsteel-profil-grubu.jpg\" class=\"elementor-animation-sink attachment-full size-full wp-image-852\" alt=\"Profil Grubu\" srcset=\"https:\/\/www.alpsteel.com.tr\/wp-content\/uploads\/2023\/08\/aslpsteel-profil-grubu.jpg 749w, https:\/\/www.alpsteel.com.tr\/wp-content\/uploads\/2023\/08\/aslpsteel-profil-grubu-300x230.jpg 300w, https:\/\/www.alpsteel.com.tr\/wp-content\/uploads\/2023\/08\/aslpsteel-profil-grubu-16x12.jpg 16w\" sizes=\"(max-width: 749px) 100vw, 749px\" \/><\/a><\/figure><div class=\"elementor-image-box-content\"><h3 class=\"elementor-image-box-title\"><a href=\"https:\/\/www.alpsteel.com.tr\/en\/profil-urunleri\/\">Profil \u00dcr\u00fcnleri<\/a><\/h3><\/div><\/div>\t\t\t\t<\/div>\n\t\t\t\t<\/div>\n\t\t\t\t\t<\/div>\n\t\t<\/div>\n\t\t\t\t\t<\/div>\n\t\t<\/section>\n\t\t\t\t<section class=\"elementor-section elementor-top-section elementor-element elementor-element-47115e0 elementor-section-boxed elementor-section-height-default elementor-section-height-default\" data-id=\"47115e0\" data-element_type=\"section\">\n\t\t\t\t\t\t<div class=\"elementor-container elementor-column-gap-default\">\n\t\t\t\t\t<div class=\"elementor-column elementor-col-33 elementor-top-column elementor-element elementor-element-3725049\" data-id=\"3725049\" data-element_type=\"column\">\n\t\t\t<div class=\"elementor-widget-wrap elementor-element-populated\">\n\t\t\t\t\t\t<div class=\"elementor-element elementor-element-49498fd elementor-widget__width-initial elementor-position-top elementor-widget elementor-widget-image-box\" data-id=\"49498fd\" data-element_type=\"widget\" data-widget_type=\"image-box.default\">\n\t\t\t\t<div class=\"elementor-widget-container\">\n\t\t\t\t\t<div class=\"elementor-image-box-wrapper\"><figure class=\"elementor-image-box-img\"><a href=\"https:\/\/www.alpsteel.com.tr\/en\/saclar\/\" tabindex=\"-1\"><img loading=\"lazy\" decoding=\"async\" width=\"749\" height=\"575\" src=\"https:\/\/www.alpsteel.com.tr\/wp-content\/uploads\/2023\/08\/alpsteel-sac-grubu.jpg\" class=\"elementor-animation-sink attachment-full size-full wp-image-851\" alt=\"Sac Grubu\" srcset=\"https:\/\/www.alpsteel.com.tr\/wp-content\/uploads\/2023\/08\/alpsteel-sac-grubu.jpg 749w, https:\/\/www.alpsteel.com.tr\/wp-content\/uploads\/2023\/08\/alpsteel-sac-grubu-300x230.jpg 300w, https:\/\/www.alpsteel.com.tr\/wp-content\/uploads\/2023\/08\/alpsteel-sac-grubu-16x12.jpg 16w\" sizes=\"(max-width: 749px) 100vw, 749px\" \/><\/a><\/figure><div class=\"elementor-image-box-content\"><h3 class=\"elementor-image-box-title\"><a href=\"https:\/\/www.alpsteel.com.tr\/en\/saclar\/\">Saclar<\/a><\/h3><\/div><\/div>\t\t\t\t<\/div>\n\t\t\t\t<\/div>\n\t\t\t\t\t<\/div>\n\t\t<\/div>\n\t\t\t\t<div class=\"elementor-column elementor-col-33 elementor-top-column elementor-element elementor-element-ed97ebe\" data-id=\"ed97ebe\" data-element_type=\"column\">\n\t\t\t<div class=\"elementor-widget-wrap elementor-element-populated\">\n\t\t\t\t\t\t<div class=\"elementor-element elementor-element-5e18170 elementor-widget__width-initial elementor-position-top elementor-widget elementor-widget-image-box\" data-id=\"5e18170\" data-element_type=\"widget\" data-widget_type=\"image-box.default\">\n\t\t\t\t<div class=\"elementor-widget-container\">\n\t\t\t\t\t<div class=\"elementor-image-box-wrapper\"><figure class=\"elementor-image-box-img\"><a href=\"https:\/\/www.alpsteel.com.tr\/en\/insaat-demiri\/\" tabindex=\"-1\"><img loading=\"lazy\" decoding=\"async\" width=\"768\" height=\"513\" src=\"https:\/\/www.alpsteel.com.tr\/wp-content\/uploads\/2023\/08\/alpsteel-insaat-demiri.jpg\" class=\"elementor-animation-sink attachment-full size-full wp-image-2038\" alt=\"\" srcset=\"https:\/\/www.alpsteel.com.tr\/wp-content\/uploads\/2023\/08\/alpsteel-insaat-demiri.jpg 768w, https:\/\/www.alpsteel.com.tr\/wp-content\/uploads\/2023\/08\/alpsteel-insaat-demiri-300x200.jpg 300w, https:\/\/www.alpsteel.com.tr\/wp-content\/uploads\/2023\/08\/alpsteel-insaat-demiri-18x12.jpg 18w\" sizes=\"(max-width: 768px) 100vw, 768px\" \/><\/a><\/figure><div class=\"elementor-image-box-content\"><h3 class=\"elementor-image-box-title\"><a href=\"https:\/\/www.alpsteel.com.tr\/en\/insaat-demiri\/\">\u0130n\u015faat Demiri<\/a><\/h3><\/div><\/div>\t\t\t\t<\/div>\n\t\t\t\t<\/div>\n\t\t\t\t\t<\/div>\n\t\t<\/div>\n\t\t\t\t<div class=\"elementor-column elementor-col-33 elementor-top-column elementor-element elementor-element-2dd2c80\" data-id=\"2dd2c80\" data-element_type=\"column\">\n\t\t\t<div class=\"elementor-widget-wrap elementor-element-populated\">\n\t\t\t\t\t\t<div class=\"elementor-element elementor-element-286beeb elementor-widget__width-initial elementor-position-top elementor-widget elementor-widget-image-box\" data-id=\"286beeb\" data-element_type=\"widget\" data-widget_type=\"image-box.default\">\n\t\t\t\t<div class=\"elementor-widget-container\">\n\t\t\t\t\t<div class=\"elementor-image-box-wrapper\"><figure class=\"elementor-image-box-img\"><a href=\"https:\/\/www.alpsteel.com.tr\/en\/celik-cit-hasir\/\" tabindex=\"-1\"><img loading=\"lazy\" decoding=\"async\" width=\"768\" height=\"513\" src=\"https:\/\/www.alpsteel.com.tr\/wp-content\/uploads\/2023\/08\/alpsteel-celik-hasir.jpg\" class=\"elementor-animation-sink attachment-full size-full wp-image-1025\" alt=\"\u00c7elik Has\u0131r\" srcset=\"https:\/\/www.alpsteel.com.tr\/wp-content\/uploads\/2023\/08\/alpsteel-celik-hasir.jpg 768w, https:\/\/www.alpsteel.com.tr\/wp-content\/uploads\/2023\/08\/alpsteel-celik-hasir-300x200.jpg 300w, https:\/\/www.alpsteel.com.tr\/wp-content\/uploads\/2023\/08\/alpsteel-celik-hasir-18x12.jpg 18w\" sizes=\"(max-width: 768px) 100vw, 768px\" \/><\/a><\/figure><div class=\"elementor-image-box-content\"><h3 class=\"elementor-image-box-title\"><a href=\"https:\/\/www.alpsteel.com.tr\/en\/celik-cit-hasir\/\">\u00c7elik \u00c7it-Has\u0131r<\/a><\/h3><\/div><\/div>\t\t\t\t<\/div>\n\t\t\t\t<\/div>\n\t\t\t\t\t<\/div>\n\t\t<\/div>\n\t\t\t\t\t<\/div>\n\t\t<\/section>\n\t\t\t\t<\/div>","protected":false},"excerpt":{"rendered":"<p>Hadde \u00dcr\u00fcnleri Boru \u00dcr\u00fcnleri Profil \u00dcr\u00fcnleri Saclar \u0130n\u015faat Demiri \u00c7elik \u00c7it-Has\u0131r<\/p>","protected":false},"author":1,"featured_media":0,"parent":0,"menu_order":0,"comment_status":"closed","ping_status":"closed","template":"","meta":{"site-sidebar-layout":"no-sidebar","site-content-layout":"page-builder","ast-site-content-layout":"default","site-content-style":"default","site-sidebar-style":"default","ast-global-header-display":"","ast-banner-title-visibility":"","ast-main-header-display":"","ast-hfb-above-header-display":"","ast-hfb-below-header-display":"","ast-hfb-mobile-header-display":"","site-post-title":"disabled","ast-breadcrumbs-content":"","ast-featured-img":"disabled","footer-sml-layout":"","theme-transparent-header-meta":"default","adv-header-id-meta":"","stick-header-meta":"","header-above-stick-meta":"","header-main-stick-meta":"","header-below-stick-meta":"","astra-migrate-meta-layouts":"set","footnotes":""},"class_list":["post-1021","page","type-page","status-publish","hentry"],"_links":{"self":[{"href":"https:\/\/www.alpsteel.com.tr\/en\/wp-json\/wp\/v2\/pages\/1021","targetHints":{"allow":["GET"]}}],"collection":[{"href":"https:\/\/www.alpsteel.com.tr\/en\/wp-json\/wp\/v2\/pages"}],"about":[{"href":"https:\/\/www.alpsteel.com.tr\/en\/wp-json\/wp\/v2\/types\/page"}],"author":[{"embeddable":true,"href":"https:\/\/www.alpsteel.com.tr\/en\/wp-json\/wp\/v2\/users\/1"}],"replies":[{"embeddable":true,"href":"https:\/\/www.alpsteel.com.tr\/en\/wp-json\/wp\/v2\/comments?post=1021"}],"version-history":[{"count":52,"href":"https:\/\/www.alpsteel.com.tr\/en\/wp-json\/wp\/v2\/pages\/1021\/revisions"}],"predecessor-version":[{"id":2056,"href":"https:\/\/www.alpsteel.com.tr\/en\/wp-json\/wp\/v2\/pages\/1021\/revisions\/2056"}],"wp:attachment":[{"href":"https:\/\/www.alpsteel.com.tr\/en\/wp-json\/wp\/v2\/media?parent=1021"}],"curies":[{"name":"wp","href":"https:\/\/api.w.org\/{rel}","templated":true}]}}