{"id":1029,"date":"2023-08-23T10:22:06","date_gmt":"2023-08-23T10:22:06","guid":{"rendered":"https:\/\/yeni.alpsteel.com.tr\/?page_id=1029"},"modified":"2023-08-28T12:49:23","modified_gmt":"2023-08-28T12:49:23","slug":"celik-urunleri","status":"publish","type":"page","link":"https:\/\/www.alpsteel.com.tr\/en\/celik-urunleri\/","title":{"rendered":"Steel Products"},"content":{"rendered":"<div data-elementor-type=\"wp-page\" data-elementor-id=\"1029\" class=\"elementor elementor-1029\" data-elementor-post-type=\"page\">\n\t\t\t\t\t\t<section class=\"elementor-section elementor-top-section elementor-element elementor-element-37632ae elementor-section-boxed elementor-section-height-default elementor-section-height-default\" data-id=\"37632ae\" data-element_type=\"section\">\n\t\t\t\t\t\t<div class=\"elementor-container elementor-column-gap-default\">\n\t\t\t\t\t<div class=\"elementor-column elementor-col-33 elementor-top-column elementor-element elementor-element-089a9b7\" data-id=\"089a9b7\" data-element_type=\"column\">\n\t\t\t<div class=\"elementor-widget-wrap elementor-element-populated\">\n\t\t\t\t\t\t<div class=\"elementor-element elementor-element-ef0689a elementor-widget__width-initial elementor-position-top elementor-widget elementor-widget-image-box\" data-id=\"ef0689a\" data-element_type=\"widget\" data-widget_type=\"image-box.default\">\n\t\t\t\t<div class=\"elementor-widget-container\">\n\t\t\t\t\t<div class=\"elementor-image-box-wrapper\"><figure class=\"elementor-image-box-img\"><a href=\"https:\/\/www.alpsteel.com.tr\/en\/islah-celikleri\/\" tabindex=\"-1\"><img fetchpriority=\"high\" decoding=\"async\" width=\"620\" height=\"320\" src=\"https:\/\/www.alpsteel.com.tr\/wp-content\/uploads\/2023\/08\/alpsteel-islah-celikleri.jpg\" class=\"attachment-large size-large wp-image-1089\" alt=\"Islah \u00c7elikleri\" srcset=\"https:\/\/www.alpsteel.com.tr\/wp-content\/uploads\/2023\/08\/alpsteel-islah-celikleri.jpg 620w, https:\/\/www.alpsteel.com.tr\/wp-content\/uploads\/2023\/08\/alpsteel-islah-celikleri-300x155.jpg 300w, https:\/\/www.alpsteel.com.tr\/wp-content\/uploads\/2023\/08\/alpsteel-islah-celikleri-18x9.jpg 18w\" sizes=\"(max-width: 620px) 100vw, 620px\" \/><\/a><\/figure><div class=\"elementor-image-box-content\"><h3 class=\"elementor-image-box-title\"><a href=\"https:\/\/www.alpsteel.com.tr\/en\/islah-celikleri\/\">Islah \u00c7elikleri<\/a><\/h3><p class=\"elementor-image-box-description\">Islah \u00e7elikleri, kimyasal bile\u015fimleri \u00f6zellikle karbon miktar\u0131 bak\u0131m\u0131ndan, sertle\u015ftirmeye elveri\u015fli olan ve \u0131slah i\u015flemi sonunda belirli bir \u00e7ekme dayan\u0131m\u0131nda y\u00fcksek tokluk \u00f6zelli\u011fi g\u00f6steren, ala\u015f\u0131ms\u0131z ve ala\u015f\u0131ml\u0131 makine imalat \u00e7elikleridir.<\/p><\/div><\/div>\t\t\t\t<\/div>\n\t\t\t\t<\/div>\n\t\t\t\t\t<\/div>\n\t\t<\/div>\n\t\t\t\t<div class=\"elementor-column elementor-col-33 elementor-top-column elementor-element elementor-element-b597aea\" data-id=\"b597aea\" data-element_type=\"column\">\n\t\t\t<div class=\"elementor-widget-wrap elementor-element-populated\">\n\t\t\t\t\t\t<div class=\"elementor-element elementor-element-a42e0ff elementor-widget__width-initial elementor-position-top elementor-widget elementor-widget-image-box\" data-id=\"a42e0ff\" data-element_type=\"widget\" data-widget_type=\"image-box.default\">\n\t\t\t\t<div class=\"elementor-widget-container\">\n\t\t\t\t\t<div class=\"elementor-image-box-wrapper\"><figure class=\"elementor-image-box-img\"><a href=\"https:\/\/www.alpsteel.com.tr\/en\/sementasyon-celikleri\/\" tabindex=\"-1\"><img decoding=\"async\" width=\"640\" height=\"320\" src=\"https:\/\/www.alpsteel.com.tr\/wp-content\/uploads\/2023\/08\/alpsteel-sementasyon-celikleri.jpg\" class=\"attachment-large size-large wp-image-1137\" alt=\"Sementasyon \u00c7elikleri\" srcset=\"https:\/\/www.alpsteel.com.tr\/wp-content\/uploads\/2023\/08\/alpsteel-sementasyon-celikleri.jpg 640w, https:\/\/www.alpsteel.com.tr\/wp-content\/uploads\/2023\/08\/alpsteel-sementasyon-celikleri-300x150.jpg 300w, https:\/\/www.alpsteel.com.tr\/wp-content\/uploads\/2023\/08\/alpsteel-sementasyon-celikleri-18x9.jpg 18w\" sizes=\"(max-width: 640px) 100vw, 640px\" \/><\/a><\/figure><div class=\"elementor-image-box-content\"><h3 class=\"elementor-image-box-title\"><a href=\"https:\/\/www.alpsteel.com.tr\/en\/sementasyon-celikleri\/\">Sementasyon \u00c7elikleri<\/a><\/h3><p class=\"elementor-image-box-description\">Sementasyon \u00e7elikleri, y\u00fczeyde sert ve a\u015f\u0131nmaya dayan\u0131kl\u0131, \u00e7ekirdekte ise daha yumu\u015fak ve tok \u00f6zelliklerin istendi\u011fi, de\u011fi\u015fken ve darbeli zorlamalara dayan\u0131kl\u0131 par\u00e7alar\u0131n imalinde kullan\u0131lan, d\u00fc\u015f\u00fck karbonlu, ala\u015f\u0131ms\u0131z veya ala\u015f\u0131ml\u0131 \u00e7eliklerdir.<\/p><\/div><\/div>\t\t\t\t<\/div>\n\t\t\t\t<\/div>\n\t\t\t\t\t<\/div>\n\t\t<\/div>\n\t\t\t\t<div class=\"elementor-column elementor-col-33 elementor-top-column elementor-element elementor-element-a13ec96\" data-id=\"a13ec96\" data-element_type=\"column\">\n\t\t\t<div class=\"elementor-widget-wrap elementor-element-populated\">\n\t\t\t\t\t\t<div class=\"elementor-element elementor-element-aee5f75 elementor-widget__width-initial elementor-position-top elementor-widget elementor-widget-image-box\" data-id=\"aee5f75\" data-element_type=\"widget\" data-widget_type=\"image-box.default\">\n\t\t\t\t<div class=\"elementor-widget-container\">\n\t\t\t\t\t<div class=\"elementor-image-box-wrapper\"><figure class=\"elementor-image-box-img\"><a href=\"https:\/\/www.alpsteel.com.tr\/en\/yay-celikleri\/\" tabindex=\"-1\"><img decoding=\"async\" width=\"640\" height=\"320\" src=\"https:\/\/www.alpsteel.com.tr\/wp-content\/uploads\/2023\/08\/alpsteel-yay-celikleri.jpg\" class=\"attachment-large size-large wp-image-1097\" alt=\"Yay \u00c7elikleri\" srcset=\"https:\/\/www.alpsteel.com.tr\/wp-content\/uploads\/2023\/08\/alpsteel-yay-celikleri.jpg 640w, https:\/\/www.alpsteel.com.tr\/wp-content\/uploads\/2023\/08\/alpsteel-yay-celikleri-300x150.jpg 300w, https:\/\/www.alpsteel.com.tr\/wp-content\/uploads\/2023\/08\/alpsteel-yay-celikleri-18x9.jpg 18w\" sizes=\"(max-width: 640px) 100vw, 640px\" \/><\/a><\/figure><div class=\"elementor-image-box-content\"><h3 class=\"elementor-image-box-title\"><a href=\"https:\/\/www.alpsteel.com.tr\/en\/yay-celikleri\/\">Yay \u00c7elikleri<\/a><\/h3><p class=\"elementor-image-box-description\">Yay\u0131n, herhangi bir y\u00fck alt\u0131nda elastik alanda \u015fekil de\u011fi\u015fikli\u011fi yapabilme ve y\u00fck\u00fcn kald\u0131r\u0131lmas\u0131 ile eski haline gelebilme \u00f6zelli\u011fine sahip olmas\u0131 istenir. Bu noktada, yay\u0131n yap\u0131m\u0131nda kullan\u0131lan malzemenin yaylanabilme \u00f6zelli\u011fi \u00f6nem kazanmaktad\u0131r.<\/p><\/div><\/div>\t\t\t\t<\/div>\n\t\t\t\t<\/div>\n\t\t\t\t\t<\/div>\n\t\t<\/div>\n\t\t\t\t\t<\/div>\n\t\t<\/section>\n\t\t\t\t<\/div>","protected":false},"excerpt":{"rendered":"<p>Islah \u00c7elikleri Islah \u00e7elikleri, kimyasal bile\u015fimleri \u00f6zellikle karbon miktar\u0131 bak\u0131m\u0131ndan, sertle\u015ftirmeye elveri\u015fli olan ve \u0131slah i\u015flemi sonunda belirli bir \u00e7ekme dayan\u0131m\u0131nda y\u00fcksek tokluk \u00f6zelli\u011fi g\u00f6steren, ala\u015f\u0131ms\u0131z ve ala\u015f\u0131ml\u0131 makine imalat \u00e7elikleridir. Sementasyon \u00c7elikleri Sementasyon \u00e7elikleri, y\u00fczeyde sert ve a\u015f\u0131nmaya dayan\u0131kl\u0131, \u00e7ekirdekte ise daha yumu\u015fak ve tok \u00f6zelliklerin istendi\u011fi, de\u011fi\u015fken ve darbeli zorlamalara dayan\u0131kl\u0131 par\u00e7alar\u0131n imalinde &hellip;<\/p>\n<p class=\"read-more\"> <a class=\"\" href=\"https:\/\/www.alpsteel.com.tr\/en\/celik-urunleri\/\"> <span class=\"screen-reader-text\">Steel Products<\/span> Read More &raquo;<\/a><\/p>","protected":false},"author":1,"featured_media":0,"parent":0,"menu_order":0,"comment_status":"closed","ping_status":"closed","template":"","meta":{"site-sidebar-layout":"no-sidebar","site-content-layout":"page-builder","ast-site-content-layout":"default","site-content-style":"default","site-sidebar-style":"default","ast-global-header-display":"","ast-banner-title-visibility":"","ast-main-header-display":"","ast-hfb-above-header-display":"","ast-hfb-below-header-display":"","ast-hfb-mobile-header-display":"","site-post-title":"disabled","ast-breadcrumbs-content":"","ast-featured-img":"disabled","footer-sml-layout":"","theme-transparent-header-meta":"default","adv-header-id-meta":"","stick-header-meta":"","header-above-stick-meta":"","header-main-stick-meta":"","header-below-stick-meta":"","astra-migrate-meta-layouts":"set","footnotes":""},"class_list":["post-1029","page","type-page","status-publish","hentry"],"_links":{"self":[{"href":"https:\/\/www.alpsteel.com.tr\/en\/wp-json\/wp\/v2\/pages\/1029","targetHints":{"allow":["GET"]}}],"collection":[{"href":"https:\/\/www.alpsteel.com.tr\/en\/wp-json\/wp\/v2\/pages"}],"about":[{"href":"https:\/\/www.alpsteel.com.tr\/en\/wp-json\/wp\/v2\/types\/page"}],"author":[{"embeddable":true,"href":"https:\/\/www.alpsteel.com.tr\/en\/wp-json\/wp\/v2\/users\/1"}],"replies":[{"embeddable":true,"href":"https:\/\/www.alpsteel.com.tr\/en\/wp-json\/wp\/v2\/comments?post=1029"}],"version-history":[{"count":13,"href":"https:\/\/www.alpsteel.com.tr\/en\/wp-json\/wp\/v2\/pages\/1029\/revisions"}],"predecessor-version":[{"id":2023,"href":"https:\/\/www.alpsteel.com.tr\/en\/wp-json\/wp\/v2\/pages\/1029\/revisions\/2023"}],"wp:attachment":[{"href":"https:\/\/www.alpsteel.com.tr\/en\/wp-json\/wp\/v2\/media?parent=1029"}],"curies":[{"name":"wp","href":"https:\/\/api.w.org\/{rel}","templated":true}]}}