{"id":1134,"date":"2023-08-23T11:54:46","date_gmt":"2023-08-23T11:54:46","guid":{"rendered":"https:\/\/yeni.alpsteel.com.tr\/?page_id=1134"},"modified":"2023-08-23T11:56:47","modified_gmt":"2023-08-23T11:56:47","slug":"sementasyon-celikleri","status":"publish","type":"page","link":"https:\/\/www.alpsteel.com.tr\/en\/sementasyon-celikleri\/","title":{"rendered":"Sementasyon \u00c7elikleri"},"content":{"rendered":"<div data-elementor-type=\"wp-page\" data-elementor-id=\"1134\" class=\"elementor elementor-1134\" data-elementor-post-type=\"page\">\n\t\t\t\t\t\t<section class=\"elementor-section elementor-top-section elementor-element elementor-element-f411ef9 elementor-section-boxed elementor-section-height-default elementor-section-height-default\" data-id=\"f411ef9\" data-element_type=\"section\">\n\t\t\t\t\t\t<div class=\"elementor-container elementor-column-gap-default\">\n\t\t\t\t\t<div class=\"elementor-column elementor-col-66 elementor-top-column elementor-element elementor-element-3be4d09\" data-id=\"3be4d09\" data-element_type=\"column\">\n\t\t\t<div class=\"elementor-widget-wrap elementor-element-populated\">\n\t\t\t\t\t\t<div class=\"elementor-element elementor-element-36cca5f elementor-widget elementor-widget-text-editor\" data-id=\"36cca5f\" data-element_type=\"widget\" data-widget_type=\"text-editor.default\">\n\t\t\t\t<div class=\"elementor-widget-container\">\n\t\t\t\t\t\t\t\t\t<p>Sementasyon \u00e7elikleri, y\u00fczeyde sert ve a\u015f\u0131nmaya dayan\u0131kl\u0131, \u00e7ekirdekte ise daha yumu\u015fak ve tok \u00f6zelliklerin istendi\u011fi, de\u011fi\u015fken ve darbeli zorlamalara dayan\u0131kl\u0131 par\u00e7alar\u0131n imalinde kullan\u0131lan, d\u00fc\u015f\u00fck karbonlu, ala\u015f\u0131ms\u0131z veya ala\u015f\u0131ml\u0131 \u00e7eliklerdir.<\/p><p>Sementasyon malzemeleri karbon oran\u0131 %0,10-0,20 aras\u0131ndad\u0131r, baz\u0131 \u00e7e\u015fitlerde %0,25 e kadar \u00e7\u0131kabilir. Ala\u015f\u0131ml\u0131 veya ala\u015f\u0131ms\u0131z olarak \u00fcretilebilirler.<\/p><p>Sementasyon i\u015flemi, y\u00fczey sertli\u011fi a\u015f\u0131nma dayan\u0131m\u0131 ve s\u00fcrekli dayan\u0131m\u0131 iyile\u015ftirici \u00f6zelli\u011fe sahip olmakla birlikte, par\u00e7a \u00e7ekirdek b\u00f6lge dayan\u0131m\u0131 ve s\u00fcnekli\u011fini de iyile\u015ftirir. Bu sayede b\u00fcy\u00fck y\u00fcklerin ta\u015f\u0131nmas\u0131, darbe tarz\u0131ndaki y\u00fcklerin kar\u015f\u0131lanmas\u0131 sa\u011flan\u0131r.<\/p><p>Par\u00e7aya bu \u00f6zelliklerin kazand\u0131r\u0131lmas\u0131, \u00e7elik y\u00fczeyine karbon emdirilmesi suretiyle olur. Sementasyon \u00e7elikleri, di\u015fliler, miller, piston pimleri, zincir baklalar\u0131, zincir di\u015flileri ve makaralar\u0131, diskler, k\u0131lavuz yataklar\u0131, rulman yataklar, merdaneler, bir k\u0131s\u0131m \u00f6l\u00e7\u00fc ve kontrol aletleri, orta zorlamal\u0131 veya zorlamal\u0131 par\u00e7alar, so\u011fuk \u015fi\u015firilerek veya f\u0131\u015fk\u0131rt\u0131larak (ekst\u00fcr\u00fczyon) \u015fekillendirilen par\u00e7alar, kesici tak\u0131mlar gibi par\u00e7alar\u0131n imalinde kullan\u0131l\u0131rlar.<\/p><p><strong>Sementasyon \u00e7eliklerinin kullan\u0131m\u0131, y\u00fczeyde ayn\u0131 sertlik de\u011ferini verecek y\u00fcksek karbonlu \u00e7eliklerin kullan\u0131m\u0131na nazaran \u015fu avantajlar sa\u011flar:<\/strong><\/p><ul><li>\u00a0Sementasyon i\u015flemi, par\u00e7a k\u0131smen veya tamamen son \u015feklini ald\u0131ktan sonra uyguland\u0131\u011f\u0131 i\u00e7in, par\u00e7an\u0131n i\u015flenmesi olduk\u00e7a kolayd\u0131r.<\/li><li>\u00a0Par\u00e7an\u0131n y\u00fczeyinde sonradan i\u015flenecek, sertle\u015fmesi istenmeyen k\u0131s\u0131mlar var ise, bu b\u00f6lgeler \u00f6zel pasta veya elektrolitik bak\u0131r ile kaplanarak \u00f6rt\u00fcl\u00fcr. Sementasyon i\u015flemi bu k\u0131s\u0131mlara tesir edemeyece\u011finden sonradan kolayca i\u015flenir.<\/li><li>\u00a0Sementasyon i\u015flemi sonras\u0131nda, \u00e7ekirdek b\u00f6lgesi yumu\u015fakl\u0131\u011f\u0131n\u0131 koruyaca\u011f\u0131ndan, sertle\u015ftirme s\u0131ras\u0131nda ortaya \u00e7\u0131kabilecek \u00e7arp\u0131lmalar olduk\u00e7a azd\u0131r.<\/li><li>\u00a0Semente edilmi\u015f \u00e7eliklerin i\u00e7i k\u0131s\u0131mlar\u0131 kolayca i\u015flenebilir.<\/li><li>\u00a0Sementasyon \u00e7elikleri, y\u00fczeyde ayn\u0131 sertli\u011fi verebilecek, \u00e7o\u011fu zaman tak\u0131m \u00e7eli\u011fi durumundaki y\u00fcksek karbonlu \u00e7eliklerden daha ucuzdur.<\/li><\/ul><p><strong>Sementasyon \u00c7eliklerin Kullan\u0131m Alanlar\u0131 ve \u00d6zellikleri:<\/strong><\/p><p>Di\u015fliler, miller, piston pimleri, zincir baklalar\u0131, zincir di\u015flileri ve makaralar\u0131, diskler, k\u0131lavuz yataklar\u0131, rulmanl\u0131 yataklar, merdaneler, bir k\u0131s\u0131m \u00f6l\u00e7\u00fc ve kontrol aletleri, orta zorlamal\u0131 par\u00e7alar, kesici tak\u0131mlar gibi par\u00e7alar\u0131n \u00fcretiminde kullan\u0131l\u0131rlar.<\/p>\t\t\t\t\t\t\t\t<\/div>\n\t\t\t\t<\/div>\n\t\t\t\t\t<\/div>\n\t\t<\/div>\n\t\t\t\t<div class=\"elementor-column elementor-col-33 elementor-top-column elementor-element elementor-element-cdf11b8\" data-id=\"cdf11b8\" data-element_type=\"column\">\n\t\t\t<div class=\"elementor-widget-wrap elementor-element-populated\">\n\t\t\t\t\t\t<div class=\"elementor-element elementor-element-d8cf824 elementor-invisible elementor-widget elementor-widget-image\" data-id=\"d8cf824\" data-element_type=\"widget\" data-settings=\"{&quot;_animation&quot;:&quot;fadeInDown&quot;}\" data-widget_type=\"image.default\">\n\t\t\t\t<div class=\"elementor-widget-container\">\n\t\t\t\t\t\t\t\t\t\t\t\t\t\t\t<img fetchpriority=\"high\" decoding=\"async\" width=\"640\" height=\"320\" src=\"https:\/\/www.alpsteel.com.tr\/wp-content\/uploads\/2023\/08\/alpsteel-sementasyon-celikleri.jpg\" class=\"attachment-large size-large wp-image-1137\" alt=\"Sementasyon \u00c7elikleri\" srcset=\"https:\/\/www.alpsteel.com.tr\/wp-content\/uploads\/2023\/08\/alpsteel-sementasyon-celikleri.jpg 640w, https:\/\/www.alpsteel.com.tr\/wp-content\/uploads\/2023\/08\/alpsteel-sementasyon-celikleri-300x150.jpg 300w, https:\/\/www.alpsteel.com.tr\/wp-content\/uploads\/2023\/08\/alpsteel-sementasyon-celikleri-18x9.jpg 18w\" sizes=\"(max-width: 640px) 100vw, 640px\" \/>\t\t\t\t\t\t\t\t\t\t\t\t\t\t\t<\/div>\n\t\t\t\t<\/div>\n\t\t\t\t\t<\/div>\n\t\t<\/div>\n\t\t\t\t\t<\/div>\n\t\t<\/section>\n\t\t\t\t<\/div>","protected":false},"excerpt":{"rendered":"<p>Sementasyon \u00e7elikleri, y\u00fczeyde sert ve a\u015f\u0131nmaya dayan\u0131kl\u0131, \u00e7ekirdekte ise daha yumu\u015fak ve tok \u00f6zelliklerin istendi\u011fi, de\u011fi\u015fken ve darbeli zorlamalara dayan\u0131kl\u0131 par\u00e7alar\u0131n imalinde kullan\u0131lan, d\u00fc\u015f\u00fck karbonlu, ala\u015f\u0131ms\u0131z veya ala\u015f\u0131ml\u0131 \u00e7eliklerdir. Sementasyon malzemeleri karbon oran\u0131 %0,10-0,20 aras\u0131ndad\u0131r, baz\u0131 \u00e7e\u015fitlerde %0,25 e kadar \u00e7\u0131kabilir. Ala\u015f\u0131ml\u0131 veya ala\u015f\u0131ms\u0131z olarak \u00fcretilebilirler. Sementasyon i\u015flemi, y\u00fczey sertli\u011fi a\u015f\u0131nma dayan\u0131m\u0131 ve s\u00fcrekli dayan\u0131m\u0131 &hellip;<\/p>\n<p class=\"read-more\"> <a class=\"\" href=\"https:\/\/www.alpsteel.com.tr\/en\/sementasyon-celikleri\/\"> <span class=\"screen-reader-text\">Sementasyon \u00c7elikleri<\/span> Read More &raquo;<\/a><\/p>","protected":false},"author":1,"featured_media":0,"parent":0,"menu_order":0,"comment_status":"closed","ping_status":"closed","template":"","meta":{"site-sidebar-layout":"no-sidebar","site-content-layout":"page-builder","ast-site-content-layout":"default","site-content-style":"default","site-sidebar-style":"default","ast-global-header-display":"","ast-banner-title-visibility":"","ast-main-header-display":"","ast-hfb-above-header-display":"","ast-hfb-below-header-display":"","ast-hfb-mobile-header-display":"","site-post-title":"disabled","ast-breadcrumbs-content":"","ast-featured-img":"disabled","footer-sml-layout":"","theme-transparent-header-meta":"default","adv-header-id-meta":"","stick-header-meta":"","header-above-stick-meta":"","header-main-stick-meta":"","header-below-stick-meta":"","astra-migrate-meta-layouts":"set","footnotes":""},"class_list":["post-1134","page","type-page","status-publish","hentry"],"_links":{"self":[{"href":"https:\/\/www.alpsteel.com.tr\/en\/wp-json\/wp\/v2\/pages\/1134","targetHints":{"allow":["GET"]}}],"collection":[{"href":"https:\/\/www.alpsteel.com.tr\/en\/wp-json\/wp\/v2\/pages"}],"about":[{"href":"https:\/\/www.alpsteel.com.tr\/en\/wp-json\/wp\/v2\/types\/page"}],"author":[{"embeddable":true,"href":"https:\/\/www.alpsteel.com.tr\/en\/wp-json\/wp\/v2\/users\/1"}],"replies":[{"embeddable":true,"href":"https:\/\/www.alpsteel.com.tr\/en\/wp-json\/wp\/v2\/comments?post=1134"}],"version-history":[{"count":4,"href":"https:\/\/www.alpsteel.com.tr\/en\/wp-json\/wp\/v2\/pages\/1134\/revisions"}],"predecessor-version":[{"id":1140,"href":"https:\/\/www.alpsteel.com.tr\/en\/wp-json\/wp\/v2\/pages\/1134\/revisions\/1140"}],"wp:attachment":[{"href":"https:\/\/www.alpsteel.com.tr\/en\/wp-json\/wp\/v2\/media?parent=1134"}],"curies":[{"name":"wp","href":"https:\/\/api.w.org\/{rel}","templated":true}]}}