{"id":1180,"date":"2023-08-23T12:22:45","date_gmt":"2023-08-23T12:22:45","guid":{"rendered":"https:\/\/yeni.alpsteel.com.tr\/?page_id=1180"},"modified":"2023-08-23T12:23:47","modified_gmt":"2023-08-23T12:23:47","slug":"otomat-celikleri","status":"publish","type":"page","link":"https:\/\/www.alpsteel.com.tr\/en\/otomat-celikleri\/","title":{"rendered":"Otomat \u00c7elikleri"},"content":{"rendered":"<div data-elementor-type=\"wp-page\" data-elementor-id=\"1180\" class=\"elementor elementor-1180\" data-elementor-post-type=\"page\">\n\t\t\t\t\t\t<section class=\"elementor-section elementor-top-section elementor-element elementor-element-ba9898a elementor-section-boxed elementor-section-height-default elementor-section-height-default\" data-id=\"ba9898a\" data-element_type=\"section\">\n\t\t\t\t\t\t<div class=\"elementor-container elementor-column-gap-default\">\n\t\t\t\t\t<div class=\"elementor-column elementor-col-66 elementor-top-column elementor-element elementor-element-1b99ead\" data-id=\"1b99ead\" data-element_type=\"column\">\n\t\t\t<div class=\"elementor-widget-wrap elementor-element-populated\">\n\t\t\t\t\t\t<div class=\"elementor-element elementor-element-2713790 elementor-widget elementor-widget-text-editor\" data-id=\"2713790\" data-element_type=\"widget\" data-widget_type=\"text-editor.default\">\n\t\t\t\t<div class=\"elementor-widget-container\">\n\t\t\t\t\t\t\t\t\t<p>Otomat \u00e7elikleri, genellikle h\u0131zl\u0131 tala\u015f alma i\u015fleminde tala\u015flar\u0131n k\u0131r\u0131k \u00e7\u0131kmas\u0131yla, tala\u015fl\u0131 imalat maliyetleri d\u00fc\u015f\u00fck \u00e7eliklerdir. Ta\u015f\u0131d\u0131klar\u0131 kolay i\u015flenebilirlik \u00f6zelliklerinden dolay\u0131, bu \u00e7elikler \u00e7ok milli ve revolver torna tezg\u00e2hlar\u0131nda yap\u0131lan boyuna ve al\u0131n tornalama, di\u015f a\u00e7ma, matkapla delme, raybalama gibi tala\u015f kald\u0131rma i\u015flemlerine en uygun \u00e7elikler olarak tan\u0131mlan\u0131rlar.<\/p><p>\u00c7elik malzemelerden istenen \u00f6zellikler aras\u0131nda tala\u015fl\u0131 i\u015flenebilirlik kabiliyeti \u00f6nem arz eder. \u0130malat a\u015famas\u0131nda, y\u00fcksek kesme h\u0131zlar\u0131 ve buna ba\u011fl\u0131 olarak i\u015flem zaman\u0131, tak\u0131m \u00f6mr\u00fc, iyi y\u00fczey kalitesi, daha d\u00fc\u015f\u00fck kesme kuvvetler, di\u011fer fakt\u00f6rlerle birlikte malzeme kalitesiyle de direkt alakal\u0131d\u0131r. Bu kaliteyi sa\u011flamak amac\u0131yla otomat \u00e7elikleri geli\u015ftirilmi\u015ftir.<\/p><p>Otomat \u00e7elikleri karbon oran\u0131 %0,07-0,60 aras\u0131nda de\u011fi\u015fen ve k\u00fck\u00fcrt oran\u0131 %0,15 ile % %0,40, fosfor oran\u0131 %0,07-0,10 aras\u0131nda olan \u00e7eliklerdir. K\u00fck\u00fcrt ve fosforun di\u011fer t\u00fcm kalitelerde azalt\u0131lmaya \u00e7al\u0131\u015fmas\u0131na kar\u015f\u0131n, tala\u015fl\u0131 i\u015flem kabiliyetini art\u0131rmas\u0131ndan dolay\u0131 otomat \u00e7elikleri i\u00e7ine \u00f6zellikle ilave edilir. \u0130lave edilen bu elementler malzemede metalik k\u0131r\u0131lganl\u0131k sa\u011flayarak, k\u0131sa k\u0131r\u0131lgan tala\u015f olu\u015fumunu sa\u011flar. Bunun yan\u0131 s\u0131ra k\u00fck\u00fcrt ve fosfor ilavesi ya\u011flama etkisi yaparak, par\u00e7a dayan\u0131m\u0131n\u0131n artmas\u0131na, temiz y\u00fczey elde edilmesine imk\u00e2n tan\u0131r.<\/p><p>Otomat \u00e7elikleri kur\u015fun ile ala\u015f\u0131mland\u0131r\u0131lm\u0131\u015f \u015fekilde de bulunabilir. \u0130lave edilen kur\u015fun \u00e7eli\u011fe mekanik \u00f6zeliklerini de\u011fi\u015ftirmemekle birlikte ya\u011flama \u00f6zelli\u011fini art\u0131r\u0131r.<\/p><p><strong>Otomat \u00c7eliklerin Kullan\u0131m Alanlar\u0131 ve \u00d6zellikleri:<\/strong><\/p><p>Otomat \u00e7elikleri, s\u00fcratli ve seri \u00fcretim yapabilen torna ve otomat tezg\u00e2hlar\u0131nda;<\/p><ul><li>\u00a0Tezg\u00e2h\u0131n i\u015fleme h\u0131z\u0131na uygun y\u00fcksek kesici kalem \u00f6mr\u00fc,<\/li><li>\u00a0\u0130\u015f par\u00e7alar\u0131n\u0131n kolay i\u015flenmesini ve tezg\u00e2htaki rahat hareketini m\u00fcmk\u00fcn k\u0131lan iyi bir tala\u015f k\u0131r\u0131lganl\u0131\u011f\u0131,<\/li><li>\u00a0\u00c7ok d\u00fc\u015f\u00fck kesme kuvvetleri gere\u011fi,<\/li><li>\u00a0\u0130\u015flenen par\u00e7ada iyi bir y\u00fczey kalitesi,<\/li><li>\u00a0Dar \u00f6l\u00e7\u00fc toleranslar\u0131 sa\u011flamaktad\u0131r.<\/li><\/ul><p>Bu \u00f6zelliklerin toplam\u0131nda i\u015flenme kabiliyetinin \u00fcst d\u00fczey olmas\u0131 sonucu;<\/p><ul><li>\u00a0Otomotiv sanayi i\u00e7in de\u011fi\u015fik t\u00fcr ba\u011flant\u0131 elemanlar\u0131,<\/li><li>\u00a0Makine ve te\u00e7hizat \u00fcreten end\u00fcstri kollar\u0131nda ve in\u015faat sekt\u00f6r\u00fcnde,<\/li><li>\u00a0Konstr\u00fcksiyon elemanlar\u0131 \u00fcretiminde,<\/li><li>\u00a0Hassas mekanik par\u00e7alar \u00fcreten end\u00fcstri kollar\u0131nda ( optik cihaz ve \u00f6l\u00e7\u00fc cihazlar\u0131) kullan\u0131lmaktad\u0131r.<\/li><\/ul>\t\t\t\t\t\t\t\t<\/div>\n\t\t\t\t<\/div>\n\t\t\t\t\t<\/div>\n\t\t<\/div>\n\t\t\t\t<div class=\"elementor-column elementor-col-33 elementor-top-column elementor-element elementor-element-21780e3\" data-id=\"21780e3\" data-element_type=\"column\">\n\t\t\t<div class=\"elementor-widget-wrap elementor-element-populated\">\n\t\t\t\t\t\t<div class=\"elementor-element elementor-element-8c182f1 elementor-invisible elementor-widget elementor-widget-image\" data-id=\"8c182f1\" data-element_type=\"widget\" data-settings=\"{&quot;_animation&quot;:&quot;fadeInDown&quot;}\" data-widget_type=\"image.default\">\n\t\t\t\t<div class=\"elementor-widget-container\">\n\t\t\t\t\t\t\t\t\t\t\t\t\t\t\t<img fetchpriority=\"high\" decoding=\"async\" width=\"640\" height=\"320\" src=\"https:\/\/www.alpsteel.com.tr\/wp-content\/uploads\/2023\/08\/alpsteel-otomat-celigi.png\" class=\"attachment-large size-large wp-image-1112\" alt=\"Otomat \u00c7eli\u011fi\" srcset=\"https:\/\/www.alpsteel.com.tr\/wp-content\/uploads\/2023\/08\/alpsteel-otomat-celigi.png 640w, https:\/\/www.alpsteel.com.tr\/wp-content\/uploads\/2023\/08\/alpsteel-otomat-celigi-300x150.png 300w, https:\/\/www.alpsteel.com.tr\/wp-content\/uploads\/2023\/08\/alpsteel-otomat-celigi-18x9.png 18w\" sizes=\"(max-width: 640px) 100vw, 640px\" \/>\t\t\t\t\t\t\t\t\t\t\t\t\t\t\t<\/div>\n\t\t\t\t<\/div>\n\t\t\t\t\t<\/div>\n\t\t<\/div>\n\t\t\t\t\t<\/div>\n\t\t<\/section>\n\t\t\t\t<\/div>","protected":false},"excerpt":{"rendered":"<p>Otomat \u00e7elikleri, genellikle h\u0131zl\u0131 tala\u015f alma i\u015fleminde tala\u015flar\u0131n k\u0131r\u0131k \u00e7\u0131kmas\u0131yla, tala\u015fl\u0131 imalat maliyetleri d\u00fc\u015f\u00fck \u00e7eliklerdir. Ta\u015f\u0131d\u0131klar\u0131 kolay i\u015flenebilirlik \u00f6zelliklerinden dolay\u0131, bu \u00e7elikler \u00e7ok milli ve revolver torna tezg\u00e2hlar\u0131nda yap\u0131lan boyuna ve al\u0131n tornalama, di\u015f a\u00e7ma, matkapla delme, raybalama gibi tala\u015f kald\u0131rma i\u015flemlerine en uygun \u00e7elikler olarak tan\u0131mlan\u0131rlar. \u00c7elik malzemelerden istenen \u00f6zellikler aras\u0131nda tala\u015fl\u0131 i\u015flenebilirlik kabiliyeti &hellip;<\/p>\n<p class=\"read-more\"> <a class=\"\" href=\"https:\/\/www.alpsteel.com.tr\/en\/otomat-celikleri\/\"> <span class=\"screen-reader-text\">Otomat \u00c7elikleri<\/span> Read More &raquo;<\/a><\/p>","protected":false},"author":1,"featured_media":0,"parent":0,"menu_order":0,"comment_status":"closed","ping_status":"closed","template":"","meta":{"site-sidebar-layout":"no-sidebar","site-content-layout":"page-builder","ast-site-content-layout":"default","site-content-style":"default","site-sidebar-style":"default","ast-global-header-display":"","ast-banner-title-visibility":"","ast-main-header-display":"","ast-hfb-above-header-display":"","ast-hfb-below-header-display":"","ast-hfb-mobile-header-display":"","site-post-title":"disabled","ast-breadcrumbs-content":"","ast-featured-img":"disabled","footer-sml-layout":"","theme-transparent-header-meta":"default","adv-header-id-meta":"","stick-header-meta":"","header-above-stick-meta":"","header-main-stick-meta":"","header-below-stick-meta":"","astra-migrate-meta-layouts":"set","footnotes":""},"class_list":["post-1180","page","type-page","status-publish","hentry"],"_links":{"self":[{"href":"https:\/\/www.alpsteel.com.tr\/en\/wp-json\/wp\/v2\/pages\/1180","targetHints":{"allow":["GET"]}}],"collection":[{"href":"https:\/\/www.alpsteel.com.tr\/en\/wp-json\/wp\/v2\/pages"}],"about":[{"href":"https:\/\/www.alpsteel.com.tr\/en\/wp-json\/wp\/v2\/types\/page"}],"author":[{"embeddable":true,"href":"https:\/\/www.alpsteel.com.tr\/en\/wp-json\/wp\/v2\/users\/1"}],"replies":[{"embeddable":true,"href":"https:\/\/www.alpsteel.com.tr\/en\/wp-json\/wp\/v2\/comments?post=1180"}],"version-history":[{"count":4,"href":"https:\/\/www.alpsteel.com.tr\/en\/wp-json\/wp\/v2\/pages\/1180\/revisions"}],"predecessor-version":[{"id":1184,"href":"https:\/\/www.alpsteel.com.tr\/en\/wp-json\/wp\/v2\/pages\/1180\/revisions\/1184"}],"wp:attachment":[{"href":"https:\/\/www.alpsteel.com.tr\/en\/wp-json\/wp\/v2\/media?parent=1180"}],"curies":[{"name":"wp","href":"https:\/\/api.w.org\/{rel}","templated":true}]}}