{"id":1193,"date":"2023-08-23T12:54:24","date_gmt":"2023-08-23T12:54:24","guid":{"rendered":"https:\/\/yeni.alpsteel.com.tr\/?page_id=1193"},"modified":"2023-08-23T13:12:33","modified_gmt":"2023-08-23T13:12:33","slug":"akerdeon-engel-sistemi","status":"publish","type":"page","link":"https:\/\/www.alpsteel.com.tr\/en\/akerdeon-engel-sistemi\/","title":{"rendered":"Akerdeon Engel Sistemi"},"content":{"rendered":"<div data-elementor-type=\"wp-page\" data-elementor-id=\"1193\" class=\"elementor elementor-1193\" data-elementor-post-type=\"page\">\n\t\t\t\t\t\t<section class=\"elementor-section elementor-top-section elementor-element elementor-element-cff843d elementor-section-boxed elementor-section-height-default elementor-section-height-default\" data-id=\"cff843d\" data-element_type=\"section\">\n\t\t\t\t\t\t<div class=\"elementor-container elementor-column-gap-default\">\n\t\t\t\t\t<div class=\"elementor-column elementor-col-50 elementor-top-column elementor-element elementor-element-fd708ba\" data-id=\"fd708ba\" data-element_type=\"column\">\n\t\t\t<div class=\"elementor-widget-wrap elementor-element-populated\">\n\t\t\t\t\t\t<div class=\"elementor-element elementor-element-3238ca0 elementor-widget elementor-widget-text-editor\" data-id=\"3238ca0\" data-element_type=\"widget\" data-widget_type=\"text-editor.default\">\n\t\t\t\t<div class=\"elementor-widget-container\">\n\t\t\t\t\t\t\t\t\t<p><strong>Akordeon Engel Sistemi Nedir?<\/strong><\/p><p>Akordeon engel sistemleri tehdit ve sald\u0131r\u0131lara kar\u015f\u0131 koruma sa\u011flamak arac\u0131yla yap\u0131lm\u0131\u015f, \u00e7e\u015fitli konfig\u00fcrasyonlarda kullan\u0131lan savunma bariyerleridir.\u00a0 Askeriyede ve sivil ya\u015famda yan yana, \u00fcst \u00fcste olmak \u00fczere \u00f6zel yaylar yard\u0131m\u0131yla birbirlerine ba\u011flanarak \u00e7ok h\u00fccreli birimlerden olu\u015fan sistemlerdir. Bu sistemler katlanabilir olup d\u00fcz paketlenmi\u015f \u015fekilde teslim edilir.\u00a0 Birimler a\u00e7\u0131l\u0131p d\u00fczenlendikten sonra d\u0131\u015far\u0131 uygun malzeme ta\u015fmayacak \u015fekilde giydirilerek doldurulur (kaya, moloz, kum, \u00e7ak\u0131l, ya da toprak gibi) ve duvardan daha sa\u011flam bariyerler haline getirilir. Akordeon engel sistemleri kolay ta\u015f\u0131nabilir ve kurulabilir basit bir yap\u0131d\u0131r. Minimum i\u015fg\u00fcc\u00fc ve uzun s\u00fcre kullan\u0131labilir.<\/p>\t\t\t\t\t\t\t\t<\/div>\n\t\t\t\t<\/div>\n\t\t\t\t\t<\/div>\n\t\t<\/div>\n\t\t\t\t<div class=\"elementor-column elementor-col-50 elementor-top-column elementor-element elementor-element-a58a360\" data-id=\"a58a360\" data-element_type=\"column\">\n\t\t\t<div class=\"elementor-widget-wrap elementor-element-populated\">\n\t\t\t\t\t\t<div class=\"elementor-element elementor-element-77cc3a2 elementor-widget elementor-widget-image\" data-id=\"77cc3a2\" data-element_type=\"widget\" data-widget_type=\"image.default\">\n\t\t\t\t<div class=\"elementor-widget-container\">\n\t\t\t\t\t\t\t\t\t\t\t\t\t\t\t<img fetchpriority=\"high\" decoding=\"async\" width=\"781\" height=\"454\" src=\"https:\/\/www.alpsteel.com.tr\/wp-content\/uploads\/2023\/08\/akerdeon-engel-sistemi-nedir.jpg\" class=\"attachment-large size-large wp-image-1195\" alt=\"Akerdeon Engel Sistemir Nedir?\" srcset=\"https:\/\/www.alpsteel.com.tr\/wp-content\/uploads\/2023\/08\/akerdeon-engel-sistemi-nedir.jpg 781w, https:\/\/www.alpsteel.com.tr\/wp-content\/uploads\/2023\/08\/akerdeon-engel-sistemi-nedir-300x174.jpg 300w, https:\/\/www.alpsteel.com.tr\/wp-content\/uploads\/2023\/08\/akerdeon-engel-sistemi-nedir-768x446.jpg 768w, https:\/\/www.alpsteel.com.tr\/wp-content\/uploads\/2023\/08\/akerdeon-engel-sistemi-nedir-18x10.jpg 18w\" sizes=\"(max-width: 781px) 100vw, 781px\" \/>\t\t\t\t\t\t\t\t\t\t\t\t\t\t\t<\/div>\n\t\t\t\t<\/div>\n\t\t\t\t\t<\/div>\n\t\t<\/div>\n\t\t\t\t\t<\/div>\n\t\t<\/section>\n\t\t\t\t<section class=\"elementor-section elementor-top-section elementor-element elementor-element-d67af4c elementor-section-boxed elementor-section-height-default elementor-section-height-default\" data-id=\"d67af4c\" data-element_type=\"section\">\n\t\t\t\t\t\t<div class=\"elementor-container elementor-column-gap-default\">\n\t\t\t\t\t<div class=\"elementor-column elementor-col-100 elementor-top-column elementor-element elementor-element-2b36e91\" data-id=\"2b36e91\" data-element_type=\"column\">\n\t\t\t<div class=\"elementor-widget-wrap elementor-element-populated\">\n\t\t\t\t\t\t<div class=\"elementor-element elementor-element-e627add elementor-widget elementor-widget-text-editor\" data-id=\"e627add\" data-element_type=\"widget\" data-widget_type=\"text-editor.default\">\n\t\t\t\t<div class=\"elementor-widget-container\">\n\t\t\t\t\t\t\t\t\t<p>NATO Ordular\u0131 Olmak \u00dczere, NATO ve D\u00fcnyadaki \u00c7e\u015fitli \u00dclkelerin Askeri Kurulu\u015flar\u0131 Taraf\u0131ndan Kullan\u0131lmaktad\u0131r. Arazide konu\u015fland\u0131r\u0131lm\u0131\u015f askeri birliklerce, personel ya\u015fam merkezleri ve \u00f6nemli binalar\u0131n korunmas\u0131nda, m\u00fchimmat ve kritik malzeme depolar\u0131 ile akaryak\u0131t \u00fcniteleri korunmas\u0131nda, g\u00f6zetleme, n\u00f6bet ve arama-kontrol noktalar\u0131 ile savunma ate\u015f mevziilerinde, \u00e7evre emniyeti, savunma ve te\u00e7hizat koruma duvar\u0131 olarak g\u00fcvenle kullan\u0131lmaktad\u0131r. Hafif ve yer kaplamayan yap\u0131s\u0131 ta\u015f\u0131ma ve sevkiyat kolayl\u0131\u011f\u0131, az insan g\u00fcc\u00fc ile kolayl\u0131kla kurulabilmesi, zaman tasarrufu sa\u011flanmaktad\u0131r.<\/p>\t\t\t\t\t\t\t\t<\/div>\n\t\t\t\t<\/div>\n\t\t\t\t\t<\/div>\n\t\t<\/div>\n\t\t\t\t\t<\/div>\n\t\t<\/section>\n\t\t\t\t<section class=\"elementor-section elementor-top-section elementor-element elementor-element-7c125f4 elementor-section-boxed elementor-section-height-default elementor-section-height-default\" data-id=\"7c125f4\" data-element_type=\"section\">\n\t\t\t\t\t\t<div class=\"elementor-container elementor-column-gap-default\">\n\t\t\t\t\t<div class=\"elementor-column elementor-col-100 elementor-top-column elementor-element elementor-element-a49aecf\" data-id=\"a49aecf\" data-element_type=\"column\">\n\t\t\t<div class=\"elementor-widget-wrap elementor-element-populated\">\n\t\t\t\t\t\t<div class=\"elementor-element elementor-element-618fa0b elementor-widget elementor-widget-image\" data-id=\"618fa0b\" data-element_type=\"widget\" data-widget_type=\"image.default\">\n\t\t\t\t<div class=\"elementor-widget-container\">\n\t\t\t\t\t\t\t\t\t\t\t\t\t\t\t<img decoding=\"async\" width=\"1024\" height=\"735\" src=\"https:\/\/www.alpsteel.com.tr\/wp-content\/uploads\/2023\/08\/alpsteel-akerdeon-engel-sitemi-1024x735.jpg\" class=\"attachment-large size-large wp-image-1197\" alt=\"Akerdeon Engel Sistemi\" srcset=\"https:\/\/www.alpsteel.com.tr\/wp-content\/uploads\/2023\/08\/alpsteel-akerdeon-engel-sitemi-1024x735.jpg 1024w, https:\/\/www.alpsteel.com.tr\/wp-content\/uploads\/2023\/08\/alpsteel-akerdeon-engel-sitemi-300x215.jpg 300w, https:\/\/www.alpsteel.com.tr\/wp-content\/uploads\/2023\/08\/alpsteel-akerdeon-engel-sitemi-768x551.jpg 768w, https:\/\/www.alpsteel.com.tr\/wp-content\/uploads\/2023\/08\/alpsteel-akerdeon-engel-sitemi-18x12.jpg 18w, https:\/\/www.alpsteel.com.tr\/wp-content\/uploads\/2023\/08\/alpsteel-akerdeon-engel-sitemi.jpg 1069w\" sizes=\"(max-width: 1024px) 100vw, 1024px\" \/>\t\t\t\t\t\t\t\t\t\t\t\t\t\t\t<\/div>\n\t\t\t\t<\/div>\n\t\t\t\t\t<\/div>\n\t\t<\/div>\n\t\t\t\t\t<\/div>\n\t\t<\/section>\n\t\t\t\t<section class=\"elementor-section elementor-top-section elementor-element elementor-element-763c0c9 elementor-section-boxed elementor-section-height-default elementor-section-height-default\" data-id=\"763c0c9\" data-element_type=\"section\">\n\t\t\t\t\t\t<div class=\"elementor-container elementor-column-gap-default\">\n\t\t\t\t\t<div class=\"elementor-column elementor-col-100 elementor-top-column elementor-element elementor-element-e576634\" data-id=\"e576634\" data-element_type=\"column\">\n\t\t\t<div class=\"elementor-widget-wrap elementor-element-populated\">\n\t\t\t\t\t\t<div class=\"elementor-element elementor-element-05aaba5 elementor-widget elementor-widget-text-editor\" data-id=\"05aaba5\" data-element_type=\"widget\" data-widget_type=\"text-editor.default\">\n\t\t\t\t<div class=\"elementor-widget-container\">\n\t\t\t\t\t\t\t\t\t<p><strong>Akordeon Engel Sistemlerinin Kullan\u0131m Alanlar\u0131<\/strong><\/p><ul><li>\u00c7evre G\u00fcvenli\u011fi ve Savunma Duvarlar\u0131;<\/li><li>\u00a0Personel ve Malzeme s\u0131\u011f\u0131naklar\u0131;<\/li><li>G\u00f6zlem ve koruma noktalar\u0131;<\/li><li>Defansif At\u0131\u015f Pozisyonlar\u0131;<\/li><li>Patlay\u0131c\u0131lar ve Ka\u00e7ak Arama Alan\u0131;<\/li><li>Otoyol Kontrol noktalar\u0131;<\/li><li>S\u0131n\u0131r Kap\u0131s\u0131 Kontrol noktalar\u0131;<\/li><li>\u00d6nemli yap\u0131lar\u0131n korunmas\u0131;<\/li><li>Karayollar\u0131 Trafik Y\u00f6netimi;<\/li><li>Konaklama tesisleri;<\/li><li>Kollektif Koruma (Colpro);<\/li><li>T\u0131bbi tesisler;<\/li><\/ul><p>\u00a0<\/p><p>\u00a0<\/p><p>\u00a0<\/p><p>Bunun d\u0131\u015f\u0131nda \u0130ste\u011fe ba\u011fl\u0131 olarak tel \u00f6rg\u00fc ile de \u00e7evrilerek daha mukavemetli olmas\u0131 sa\u011flanabilir. Bu sistem 1991 K\u00f6rfez Sava\u015f\u0131\u2019ndan bu yana ba\u015fta NATO ve \u00e7e\u015fitli \u00fclkelerin askeri kurulu\u015flar\u0131 taraf\u0131ndan ba\u015far\u0131yla kullan\u0131lmakta olup T\u00fcrkiye\u2019de Kara Kuvvetleri Komutanl\u0131\u011f\u0131nca tercih edilmektedir. Ayn\u0131 zamanda sel ve su bask\u0131n\u0131, toprak kaymas\u0131 ve erozyon tehlikesi olan yerlerde personel, malzeme, akaryak\u0131t ve m\u00fchimmat koruganlar\u0131n\u0131n sel sular\u0131ndan korunabilmesi i\u00e7in sel bariyeri olarak g\u00fcvenle kullan\u0131labilir.<\/p><p><strong>Tercih Edilmelerinin Nedenleri<\/strong><\/p><ul><li>Hafiflik<\/li><li>Ta\u015f\u0131ma kolayl\u0131\u011f\u0131<\/li><li>Kolay kurulum<\/li><li>\u00d6zel e\u011fitim gerektirmeyi\u015fi<\/li><li>B\u00f6lgesel malzemenin kullan\u0131labilmesi<\/li><li>\u00c7ok az insan g\u00fcc\u00fc ve ekonomik olu\u015fudur<\/li><li>Zamandan tasarruf sa\u011flamas\u0131<\/li><li>Onar\u0131m\u0131n\u0131n kolay olmas\u0131 ve tekrar kullan\u0131labilmesi<\/li><\/ul>\t\t\t\t\t\t\t\t<\/div>\n\t\t\t\t<\/div>\n\t\t\t\t\t<\/div>\n\t\t<\/div>\n\t\t\t\t\t<\/div>\n\t\t<\/section>\n\t\t\t\t<section class=\"elementor-section elementor-top-section elementor-element elementor-element-30b3f6f elementor-section-boxed elementor-section-height-default elementor-section-height-default\" data-id=\"30b3f6f\" data-element_type=\"section\">\n\t\t\t\t\t\t<div class=\"elementor-container elementor-column-gap-default\">\n\t\t\t\t\t<div class=\"elementor-column elementor-col-50 elementor-top-column elementor-element elementor-element-a302097\" data-id=\"a302097\" data-element_type=\"column\">\n\t\t\t<div class=\"elementor-widget-wrap elementor-element-populated\">\n\t\t\t\t\t\t<div class=\"elementor-element elementor-element-0c3ea1f elementor-widget elementor-widget-image\" data-id=\"0c3ea1f\" data-element_type=\"widget\" data-widget_type=\"image.default\">\n\t\t\t\t<div class=\"elementor-widget-container\">\n\t\t\t\t\t\t\t\t\t\t\t\t\t\t\t<img decoding=\"async\" width=\"500\" height=\"338\" src=\"https:\/\/www.alpsteel.com.tr\/wp-content\/uploads\/2023\/08\/akerdeon-engel-sistemi-uretim-olculeri.jpg\" class=\"attachment-large size-large wp-image-1198\" alt=\"Akerdeon Engel Sistemi \u00dcretim \u00d6l\u00e7\u00fcleri\" srcset=\"https:\/\/www.alpsteel.com.tr\/wp-content\/uploads\/2023\/08\/akerdeon-engel-sistemi-uretim-olculeri.jpg 500w, https:\/\/www.alpsteel.com.tr\/wp-content\/uploads\/2023\/08\/akerdeon-engel-sistemi-uretim-olculeri-300x203.jpg 300w, https:\/\/www.alpsteel.com.tr\/wp-content\/uploads\/2023\/08\/akerdeon-engel-sistemi-uretim-olculeri-18x12.jpg 18w\" sizes=\"(max-width: 500px) 100vw, 500px\" \/>\t\t\t\t\t\t\t\t\t\t\t\t\t\t\t<\/div>\n\t\t\t\t<\/div>\n\t\t\t\t\t<\/div>\n\t\t<\/div>\n\t\t\t\t<div class=\"elementor-column elementor-col-50 elementor-top-column elementor-element elementor-element-254dacb\" data-id=\"254dacb\" data-element_type=\"column\">\n\t\t\t<div class=\"elementor-widget-wrap elementor-element-populated\">\n\t\t\t\t\t\t<div class=\"elementor-element elementor-element-7399498 elementor-widget elementor-widget-text-editor\" data-id=\"7399498\" data-element_type=\"widget\" data-widget_type=\"text-editor.default\">\n\t\t\t\t<div class=\"elementor-widget-container\">\n\t\t\t\t\t\t\t\t\t<p>1500 kum torbas\u0131 ile 10 adam\u0131n saatlerce \u00e7al\u0131\u015fmas\u0131 gerekirken akordeon engel sistemlerimiz ile \u00e7ok daha dayan\u0131kl\u0131 engeli 2 adam dakikalar i\u00e7inde yapar akordeon engel sistemlerimiz kum torbalar\u0131na g\u00f6re \u00e7ok daha dekoratif ve dayan\u0131kl\u0131d\u0131r.<\/p>\t\t\t\t\t\t\t\t<\/div>\n\t\t\t\t<\/div>\n\t\t\t\t\t<\/div>\n\t\t<\/div>\n\t\t\t\t\t<\/div>\n\t\t<\/section>\n\t\t\t\t<section class=\"elementor-section elementor-top-section elementor-element elementor-element-7305372 elementor-section-boxed elementor-section-height-default elementor-section-height-default\" data-id=\"7305372\" data-element_type=\"section\">\n\t\t\t\t\t\t<div class=\"elementor-container elementor-column-gap-default\">\n\t\t\t\t\t<div class=\"elementor-column elementor-col-100 elementor-top-column elementor-element elementor-element-6b879a0\" data-id=\"6b879a0\" data-element_type=\"column\">\n\t\t\t<div class=\"elementor-widget-wrap elementor-element-populated\">\n\t\t\t\t\t\t<div class=\"elementor-element elementor-element-5df16d8 elementor-widget elementor-widget-text-editor\" data-id=\"5df16d8\" data-element_type=\"widget\" data-widget_type=\"text-editor.default\">\n\t\t\t\t<div class=\"elementor-widget-container\">\n\t\t\t\t\t\t\t\t\t<p><strong>Savunma Sanayi \u0130le \u0130lgili \u00c7al\u0131\u015ft\u0131\u011f\u0131m\u0131z Kurumlar;<\/strong><\/p><ul><li>Savunma Bakanl\u0131\u011f\u0131<\/li><li>Savunma Sanayi M\u00fcste\u015farl\u0131\u011f\u0131<\/li><li>Genelkurmay Ba\u015fkanl\u0131\u011f\u0131<\/li><li>Kara Kuvvetleri Komutanl\u0131\u011f\u0131<\/li><li>\u00d6zel Kuvvetler Komutanl\u0131\u011f\u0131<\/li><li>Jandarma Komutanl\u0131\u011f\u0131<\/li><li>Emniyet Genel M\u00fcd\u00fcrl\u00fc\u011f\u00fc<\/li><\/ul><p>\u00dclkemizin hassas g\u00fcvenlik kurulu\u015flar\u0131 ile y\u00fcr\u00fct\u00fclen \u00e7al\u0131\u015fmalar ile bu kurulu\u015flara \u00f6nemli yetenekler kazand\u0131r\u0131lm\u0131\u015ft\u0131r. Bu projeler tamamen milli kaynaklar\u0131m\u0131z ile ger\u00e7ekle\u015ftirilmi\u015ftir ve b\u00fcy\u00fck bir titizlik ile s\u00fcrd\u00fcr\u00fclmektedir.<\/p>\t\t\t\t\t\t\t\t<\/div>\n\t\t\t\t<\/div>\n\t\t\t\t\t<\/div>\n\t\t<\/div>\n\t\t\t\t\t<\/div>\n\t\t<\/section>\n\t\t\t\t<\/div>","protected":false},"excerpt":{"rendered":"<p>Akordeon Engel Sistemi Nedir? Akordeon engel sistemleri tehdit ve sald\u0131r\u0131lara kar\u015f\u0131 koruma sa\u011flamak arac\u0131yla yap\u0131lm\u0131\u015f, \u00e7e\u015fitli konfig\u00fcrasyonlarda kullan\u0131lan savunma bariyerleridir.\u00a0 Askeriyede ve sivil ya\u015famda yan yana, \u00fcst \u00fcste olmak \u00fczere \u00f6zel yaylar yard\u0131m\u0131yla birbirlerine ba\u011flanarak \u00e7ok h\u00fccreli birimlerden olu\u015fan sistemlerdir. Bu sistemler katlanabilir olup d\u00fcz paketlenmi\u015f \u015fekilde teslim edilir.\u00a0 Birimler a\u00e7\u0131l\u0131p d\u00fczenlendikten sonra d\u0131\u015far\u0131 uygun &hellip;<\/p>\n<p class=\"read-more\"> <a class=\"\" href=\"https:\/\/www.alpsteel.com.tr\/en\/akerdeon-engel-sistemi\/\"> <span class=\"screen-reader-text\">Akerdeon Engel Sistemi<\/span> Read More &raquo;<\/a><\/p>","protected":false},"author":1,"featured_media":0,"parent":0,"menu_order":0,"comment_status":"closed","ping_status":"closed","template":"","meta":{"site-sidebar-layout":"no-sidebar","site-content-layout":"page-builder","ast-site-content-layout":"default","site-content-style":"default","site-sidebar-style":"default","ast-global-header-display":"","ast-banner-title-visibility":"","ast-main-header-display":"","ast-hfb-above-header-display":"","ast-hfb-below-header-display":"","ast-hfb-mobile-header-display":"","site-post-title":"disabled","ast-breadcrumbs-content":"","ast-featured-img":"disabled","footer-sml-layout":"","theme-transparent-header-meta":"default","adv-header-id-meta":"","stick-header-meta":"","header-above-stick-meta":"","header-main-stick-meta":"","header-below-stick-meta":"","astra-migrate-meta-layouts":"set","footnotes":""},"class_list":["post-1193","page","type-page","status-publish","hentry"],"_links":{"self":[{"href":"https:\/\/www.alpsteel.com.tr\/en\/wp-json\/wp\/v2\/pages\/1193","targetHints":{"allow":["GET"]}}],"collection":[{"href":"https:\/\/www.alpsteel.com.tr\/en\/wp-json\/wp\/v2\/pages"}],"about":[{"href":"https:\/\/www.alpsteel.com.tr\/en\/wp-json\/wp\/v2\/types\/page"}],"author":[{"embeddable":true,"href":"https:\/\/www.alpsteel.com.tr\/en\/wp-json\/wp\/v2\/users\/1"}],"replies":[{"embeddable":true,"href":"https:\/\/www.alpsteel.com.tr\/en\/wp-json\/wp\/v2\/comments?post=1193"}],"version-history":[{"count":10,"href":"https:\/\/www.alpsteel.com.tr\/en\/wp-json\/wp\/v2\/pages\/1193\/revisions"}],"predecessor-version":[{"id":1211,"href":"https:\/\/www.alpsteel.com.tr\/en\/wp-json\/wp\/v2\/pages\/1193\/revisions\/1211"}],"wp:attachment":[{"href":"https:\/\/www.alpsteel.com.tr\/en\/wp-json\/wp\/v2\/media?parent=1193"}],"curies":[{"name":"wp","href":"https:\/\/api.w.org\/{rel}","templated":true}]}}