{"id":1212,"date":"2023-08-23T13:14:21","date_gmt":"2023-08-23T13:14:21","guid":{"rendered":"https:\/\/yeni.alpsteel.com.tr\/?page_id=1212"},"modified":"2023-08-23T13:33:56","modified_gmt":"2023-08-23T13:33:56","slug":"dowel-bar","status":"publish","type":"page","link":"https:\/\/www.alpsteel.com.tr\/en\/dowel-bar\/","title":{"rendered":"Dowel Bar"},"content":{"rendered":"<div data-elementor-type=\"wp-page\" data-elementor-id=\"1212\" class=\"elementor elementor-1212\" data-elementor-post-type=\"page\">\n\t\t\t\t\t\t<section class=\"elementor-section elementor-top-section elementor-element elementor-element-8f922f0 elementor-section-boxed elementor-section-height-default elementor-section-height-default\" data-id=\"8f922f0\" data-element_type=\"section\">\n\t\t\t\t\t\t<div class=\"elementor-container elementor-column-gap-default\">\n\t\t\t\t\t<div class=\"elementor-column elementor-col-100 elementor-top-column elementor-element elementor-element-cfc6cfa\" data-id=\"cfc6cfa\" data-element_type=\"column\">\n\t\t\t<div class=\"elementor-widget-wrap elementor-element-populated\">\n\t\t\t\t\t\t<div class=\"elementor-element elementor-element-910e83f elementor-widget elementor-widget-text-editor\" data-id=\"910e83f\" data-element_type=\"widget\" data-widget_type=\"text-editor.default\">\n\t\t\t\t<div class=\"elementor-widget-container\">\n\t\t\t\t\t\t\t\t\t<p><strong>Dowel<\/strong><strong><br \/><\/strong>Kat\u0131 silindirik \u00e7ubuk, genellikle tahta, plastik veya \u00e7elikten yap\u0131l\u0131r. Orijinal \u00fcretim formunda d\u00fcbel olarak adland\u0131r\u0131l\u0131r.<\/p><p><strong>Steel Dowel<\/strong><br \/>\u00c7elik d\u00fcbel yayg\u0131n olarak ta\u015f veya duvar \u00fczerinde delinen b\u00f6lgeye yerle\u015ftirilerek herhangi bir nesneyi sabitlemek(tutturmak) i\u00e7in kullan\u0131l\u0131r.<\/p><p><strong>Dowel Bar<\/strong><br \/>Bloklar halindeki betonu sabitlemede \u00e7ift eksenli y\u00fck aktar\u0131m\u0131n\u0131n dengelenmesini sa\u011flayan korozyon direncini artt\u0131r\u0131c\u0131 \u00e7elik \u00e7ubuklard\u0131r.<\/p><p><strong>Tercih Edilmelerinin Nedenleri?<\/strong><\/p><ul><li>Beton bloklar\u0131n\u0131n \u00fczerinden ge\u00e7en ara\u00e7lar\u0131n y\u00fckleri homojen bir \u015fekilde di\u011fer beton A bloklar\u0131na iletilerek; betonlardaki olas\u0131 korozyonlar engellenmi\u015f olur.<\/li><li>Kullan\u0131ld\u0131klar\u0131 yerlerde deformasyon \u00f6mr\u00fcn\u00fc uzat\u0131r ve uzun \u00f6m\u00fcrl\u00fc yap\u0131lar sa\u011flar.<\/li><li>Betonun esnemesini sa\u011flayarak y\u00fck\u00fcn tek noktaya etkimesini engeller.<\/li><li>Betonda olu\u015fabilecek yar\u0131lma, \u00e7arp\u0131lma, \u00e7\u00f6kme gibi deformasyonlar minimize edilmi\u015f olur.<\/li><\/ul><p><strong>Neden Epoksi Boya \u0130le Kaplan\u0131r?<\/strong><\/p><p>Epoksi kaplamas\u0131yla dowel barlarda olu\u015fabilecek korozyon engellenmi\u015f olur. Korozyondaki ana etmen do\u011fal yollardan meydana gelen ya\u011f\u0131\u015f, deniz suyu veya buzlar\u0131n \u00e7\u00f6z\u00fclmesi ile betona y\u00fczeysel ve i\u00e7sel s\u0131v\u0131 temas etmesidir.\u00a0 S\u0131v\u0131 ilerlemesi \u00e7elik barlara ula\u015ft\u0131\u011f\u0131nda barlar\u0131n paslanmas\u0131na ve genle\u015fmesine de neden olarak beton y\u00fczeylerde \u00e7atlaklar ve k\u0131r\u0131lmalar meydana gelir. Bunu ortadan kald\u0131rmak ve korozyon direncini artt\u0131rmak i\u00e7in epoksi kaplama yap\u0131l\u0131r.<\/p><p><strong>Kullan\u0131ld\u0131\u011f\u0131 Yerler Nerelerdir?<\/strong><\/p><p>Havaalan\u0131 pistleri, u\u00e7ak park alanlar\u0131nda, \u00f6zellikle y\u00fcksek dayan\u0131ma sahip beton yol, ve sahalar\u0131n in\u015faat\u0131nda uzun \u00f6m\u00fcrl\u00fc ve deformasyon dayan\u0131m\u0131n y\u00fcksek oldu\u011fu yap\u0131larda tercih edilir.<\/p><p><strong>Standartlar\u0131, \u00dcretim Teknikleri ve \u00dcretim Aral\u0131klar\u0131<\/strong><\/p><ul><li>Dowel barlar\u0131n \u00fcretim metotlar\u0131 ASTM standartlar\u0131nda belirtilmi\u015ftir.<\/li><li>\u00c7ap \u00fcretimi standartlara g\u00f6re 25-38 mm aral\u0131\u011f\u0131ndad\u0131r. Fakat m\u00fc\u015fteri talebine g\u00f6re de\u011fi\u015fim g\u00f6sterebilir. Ancak 19-80mm aras\u0131 \u00e7aplarda standart olarakta \u00fcretimimiz mevcuttur.<\/li><li>Dowel barlar\u0131n uzunluklar\u0131 standart olarak 500mm olup, iste\u011fe ba\u011fl\u0131 farkl\u0131 uzunluklarda da \u00fcretimi yap\u0131ld\u0131\u011f\u0131 gibi; kesimsiz boy olarakta 6000mm olarak \u00fcretimi yap\u0131lmaktad\u0131r.<\/li><li>Talep edilen akma-\u00e7ekme-kopma de\u011ferleri standartlar\u0131 dahilinde \u00fcretimi yap\u0131l\u0131r. Kalite birimimiz taraf\u0131ndan test edilir, onaylan\u0131r.<\/li><li>ASTM A615\/A 615M, ASTM A675\/A 675M, ASTM A706\/A 706M ve<\/li><li>ASTM A1035\/A 1035M \u00e7elik k\u00fct\u00fcklerden \u00fcretilir.<\/li><li>Y\u00fczeyleri d\u00fcz ve u\u00e7lar\u0131 d\u00fczg\u00fcn olarak kesilen, ASTM A775\/A775M standard\u0131na uygun olarak iste\u011fe ba\u011fl\u0131 epoksi boya ile kaplanabilir.<\/li><li>\u00dcr\u00fcnlerimizin \u00fcretim a\u015famas\u0131 kalite kontrol sistemleri taraf\u0131ndan incelenerek denetimi yap\u0131lmakta ve bu kontrollere ait t\u00fcm raporlar m\u00fc\u015fteriye \u00fcr\u00fcnle birlikte teslim edilmektedir.<\/li><li>\u00dcretimi tamamlanan dowel barlar genellikle uluslararas\u0131 gemi, t\u0131r ve konteyner nakliyesine uygun olarak europalet \u00fczerine haz\u0131rlanm\u0131\u015f \u00f6zel tahta sand\u0131klar i\u00e7erisinde ambalajlanm\u0131\u015f ve \u00fczerleri pvc kapaklarla \u00f6rt\u00fclm\u00fc\u015f bir \u015fekilde sevk edilmektedir.<\/li><li>ASTM A775\/A775M standard\u0131na uygun olarak PE mat t\u00fcplerin i\u00e7erisine konularak sand\u0131klanma i\u015flemi ger\u00e7ekle\u015ftirilmektedir. B\u00f6ylece dowel barlar Avrupa standartlar\u0131na uygun ve asla zarar g\u00f6rmeden sevk edilmektedir. Ayr\u0131ca proje niteliklerine g\u00f6re istenilen formda ambalaj yap\u0131lmaktad\u0131r.<\/li><\/ul>\t\t\t\t\t\t\t\t<\/div>\n\t\t\t\t<\/div>\n\t\t\t\t\t<\/div>\n\t\t<\/div>\n\t\t\t\t\t<\/div>\n\t\t<\/section>\n\t\t\t\t<section class=\"elementor-section elementor-top-section elementor-element elementor-element-6209ca8 elementor-section-boxed elementor-section-height-default elementor-section-height-default\" data-id=\"6209ca8\" data-element_type=\"section\">\n\t\t\t\t\t\t<div class=\"elementor-container elementor-column-gap-default\">\n\t\t\t\t\t<div class=\"elementor-column elementor-col-50 elementor-top-column elementor-element elementor-element-5364914\" data-id=\"5364914\" data-element_type=\"column\">\n\t\t\t<div class=\"elementor-widget-wrap elementor-element-populated\">\n\t\t\t\t\t\t<div class=\"elementor-element elementor-element-07e467b elementor-widget elementor-widget-text-editor\" data-id=\"07e467b\" data-element_type=\"widget\" data-widget_type=\"text-editor.default\">\n\t\t\t\t<div class=\"elementor-widget-container\">\n\t\t\t\t\t\t\t\t\t<p><strong>Dowel Barlar\u0131n Kullan\u0131m Amac\u0131 Nedir?<\/strong><\/p><p>Dowel barlar\u0131n y\u00fcksek ba\u011flant\u0131 performans\u0131 ile betonlar aras\u0131 g\u00fc\u00e7lendirme yap\u0131lmaktad\u0131r. B\u00f6ylece beton yoldaki y\u00fck ne olursa olsun \u00fcst\u00fcndeki a\u011f\u0131rl\u0131k t\u00fcm betona e\u015fit olarak yay\u0131lacak ve betonun \u00e7\u00f6kmesi, hasar g\u00f6rmesi gibi sorunlar ortadan kald\u0131r\u0131lacakt\u0131r. Bu durum hem maddi a\u00e7\u0131dan b\u00fcy\u00fck bir kayb\u0131 hem de olas\u0131 can kay\u0131plar\u0131n\u0131 ortadan kald\u0131racakt\u0131r.<\/p><p>Resimde\u00a0 a\u015f\u0131r\u0131 y\u00fck\u00fcn uyguland\u0131\u011f\u0131n\u0131, ancak y\u00fck\u00fcn e\u015fit olarak da\u011f\u0131ld\u0131\u011f\u0131n\u0131, dolay\u0131s\u0131 ile betonun esneme yaparak \u00e7atlak, \u00e7\u00f6kme veya herhangi bir hasara yol a\u00e7mad\u0131\u011f\u0131n\u0131 g\u00f6rmekteyiz.<\/p>\t\t\t\t\t\t\t\t<\/div>\n\t\t\t\t<\/div>\n\t\t\t\t\t<\/div>\n\t\t<\/div>\n\t\t\t\t<div class=\"elementor-column elementor-col-50 elementor-top-column elementor-element elementor-element-3a54527\" data-id=\"3a54527\" data-element_type=\"column\">\n\t\t\t<div class=\"elementor-widget-wrap elementor-element-populated\">\n\t\t\t\t\t\t<div class=\"elementor-element elementor-element-92c9635 elementor-widget elementor-widget-image\" data-id=\"92c9635\" data-element_type=\"widget\" data-widget_type=\"image.default\">\n\t\t\t\t<div class=\"elementor-widget-container\">\n\t\t\t\t\t\t\t\t\t\t\t\t\t\t\t<img fetchpriority=\"high\" decoding=\"async\" width=\"500\" height=\"357\" src=\"https:\/\/www.alpsteel.com.tr\/wp-content\/uploads\/2023\/08\/alpsteel-dowel-bar-kullanim-amaci-nedir.jpg\" class=\"attachment-large size-large wp-image-1214\" alt=\"Dowel Bar Kullan\u0131m Amac\u0131 Nedir?\" srcset=\"https:\/\/www.alpsteel.com.tr\/wp-content\/uploads\/2023\/08\/alpsteel-dowel-bar-kullanim-amaci-nedir.jpg 500w, https:\/\/www.alpsteel.com.tr\/wp-content\/uploads\/2023\/08\/alpsteel-dowel-bar-kullanim-amaci-nedir-300x214.jpg 300w, https:\/\/www.alpsteel.com.tr\/wp-content\/uploads\/2023\/08\/alpsteel-dowel-bar-kullanim-amaci-nedir-18x12.jpg 18w\" sizes=\"(max-width: 500px) 100vw, 500px\" \/>\t\t\t\t\t\t\t\t\t\t\t\t\t\t\t<\/div>\n\t\t\t\t<\/div>\n\t\t\t\t\t<\/div>\n\t\t<\/div>\n\t\t\t\t\t<\/div>\n\t\t<\/section>\n\t\t\t\t<section class=\"elementor-section elementor-top-section elementor-element elementor-element-d51c845 elementor-section-boxed elementor-section-height-default elementor-section-height-default\" data-id=\"d51c845\" data-element_type=\"section\">\n\t\t\t\t\t\t<div class=\"elementor-container elementor-column-gap-default\">\n\t\t\t\t\t<div class=\"elementor-column elementor-col-100 elementor-top-column elementor-element elementor-element-58414ac\" data-id=\"58414ac\" data-element_type=\"column\">\n\t\t\t<div class=\"elementor-widget-wrap elementor-element-populated\">\n\t\t\t\t\t\t<div class=\"elementor-element elementor-element-5c88dca elementor-widget elementor-widget-text-editor\" data-id=\"5c88dca\" data-element_type=\"widget\" data-widget_type=\"text-editor.default\">\n\t\t\t\t<div class=\"elementor-widget-container\">\n\t\t\t\t\t\t\t\t\t<p><strong>Dowel Barlar\u0131n Epoksi Boya ile Kaplanmas\u0131n\u0131n Ya\u015fam D\u00f6ng\u00fcs\u00fcne Maliyeti Nedir?<\/strong><\/p><p>Yap\u0131lan ara\u015ft\u0131rmalar sonucunda dowel barlar\u0131n epoksi boya ile kapl\u0131- kaplamas\u0131z olarak sistem-ya\u015fam d\u00f6ng\u00fc maliyetleri g\u00f6r\u00fclmektedir. Epoksi kaplaman\u0131n uzun vadede sa\u011flad\u0131\u011f\u0131 avantaj tablo ve grafikte g\u00f6r\u00fclmektedir.<\/p>\t\t\t\t\t\t\t\t<\/div>\n\t\t\t\t<\/div>\n\t\t\t\t<div class=\"elementor-element elementor-element-aa7518a elementor-widget elementor-widget-image\" data-id=\"aa7518a\" data-element_type=\"widget\" data-widget_type=\"image.default\">\n\t\t\t\t<div class=\"elementor-widget-container\">\n\t\t\t\t\t\t\t\t\t\t\t\t\t\t\t<img decoding=\"async\" width=\"800\" height=\"317\" src=\"https:\/\/www.alpsteel.com.tr\/wp-content\/uploads\/2023\/08\/alpsteeldowel-bar-sistemi-maliyeti.jpg\" class=\"attachment-large size-large wp-image-1218\" alt=\"Dowel Bar Sistem Maliyeti Nedir?\" srcset=\"https:\/\/www.alpsteel.com.tr\/wp-content\/uploads\/2023\/08\/alpsteeldowel-bar-sistemi-maliyeti.jpg 800w, https:\/\/www.alpsteel.com.tr\/wp-content\/uploads\/2023\/08\/alpsteeldowel-bar-sistemi-maliyeti-300x119.jpg 300w, https:\/\/www.alpsteel.com.tr\/wp-content\/uploads\/2023\/08\/alpsteeldowel-bar-sistemi-maliyeti-768x304.jpg 768w, https:\/\/www.alpsteel.com.tr\/wp-content\/uploads\/2023\/08\/alpsteeldowel-bar-sistemi-maliyeti-18x7.jpg 18w\" sizes=\"(max-width: 800px) 100vw, 800px\" \/>\t\t\t\t\t\t\t\t\t\t\t\t\t\t\t<\/div>\n\t\t\t\t<\/div>\n\t\t\t\t\t<\/div>\n\t\t<\/div>\n\t\t\t\t\t<\/div>\n\t\t<\/section>\n\t\t\t\t<section class=\"elementor-section elementor-top-section elementor-element elementor-element-cb5db65 elementor-section-boxed elementor-section-height-default elementor-section-height-default\" data-id=\"cb5db65\" data-element_type=\"section\">\n\t\t\t\t\t\t<div class=\"elementor-container elementor-column-gap-default\">\n\t\t\t\t\t<div class=\"elementor-column elementor-col-100 elementor-top-column elementor-element elementor-element-d68fd0a\" data-id=\"d68fd0a\" data-element_type=\"column\">\n\t\t\t<div class=\"elementor-widget-wrap elementor-element-populated\">\n\t\t\t\t\t\t<div class=\"elementor-element elementor-element-8b64ff0 elementor-widget elementor-widget-text-editor\" data-id=\"8b64ff0\" data-element_type=\"widget\" data-widget_type=\"text-editor.default\">\n\t\t\t\t<div class=\"elementor-widget-container\">\n\t\t\t\t\t\t\t\t\t<p>Dowel barlar\u0131n kullan\u0131m alanlar\u0131 stratejik yerler oldu\u011fu i\u00e7in (havaalan\u0131, karayollar\u0131, viyad\u00fckler gibi) buralarda kaplamas\u0131z olarak yap\u0131lan \u00e7al\u0131\u015fmalar\u0131n korozyonlar neticesinde ilk beton onar\u0131m zaman\u0131 14y\u0131l olarak g\u00f6r\u00fclmektedir.\u00a0 Epoksi kaplamal\u0131 olarak 3katdan daha fazla \u00f6m\u00fcr sa\u011flad\u0131\u011f\u0131 g\u00f6r\u00fclmektedir. Dolay\u0131s\u0131yla projelere ba\u015flanmadan \u00f6nce ya\u015fam-d\u00f6ng\u00fc maliyeti \u00fczerinde durmak b\u00fcy\u00fck fayda sa\u011flayacakt\u0131r.<\/p>\t\t\t\t\t\t\t\t<\/div>\n\t\t\t\t<\/div>\n\t\t\t\t\t<\/div>\n\t\t<\/div>\n\t\t\t\t\t<\/div>\n\t\t<\/section>\n\t\t\t\t<section class=\"elementor-section elementor-top-section elementor-element elementor-element-ef04351 elementor-section-boxed elementor-section-height-default elementor-section-height-default\" data-id=\"ef04351\" data-element_type=\"section\">\n\t\t\t\t\t\t<div class=\"elementor-container elementor-column-gap-default\">\n\t\t\t\t\t<div class=\"elementor-column elementor-col-100 elementor-top-column elementor-element elementor-element-9ff2a30\" data-id=\"9ff2a30\" data-element_type=\"column\">\n\t\t\t<div class=\"elementor-widget-wrap elementor-element-populated\">\n\t\t\t\t\t\t<div class=\"elementor-element elementor-element-593e319 elementor-widget elementor-widget-image\" data-id=\"593e319\" data-element_type=\"widget\" data-widget_type=\"image.default\">\n\t\t\t\t<div class=\"elementor-widget-container\">\n\t\t\t\t\t\t\t\t\t\t\t\t\t\t\t<img decoding=\"async\" width=\"500\" height=\"374\" src=\"https:\/\/www.alpsteel.com.tr\/wp-content\/uploads\/2023\/08\/alpsteel-dowel-bar-sistem-yasam-dongu-maliyeti.jpg\" class=\"attachment-large size-large wp-image-1219\" alt=\"Dowel Bar Sistem Ya\u015fam D\u00f6ng\u00fc Maliyeti Nedir?\" srcset=\"https:\/\/www.alpsteel.com.tr\/wp-content\/uploads\/2023\/08\/alpsteel-dowel-bar-sistem-yasam-dongu-maliyeti.jpg 500w, https:\/\/www.alpsteel.com.tr\/wp-content\/uploads\/2023\/08\/alpsteel-dowel-bar-sistem-yasam-dongu-maliyeti-300x224.jpg 300w, https:\/\/www.alpsteel.com.tr\/wp-content\/uploads\/2023\/08\/alpsteel-dowel-bar-sistem-yasam-dongu-maliyeti-16x12.jpg 16w\" sizes=\"(max-width: 500px) 100vw, 500px\" \/>\t\t\t\t\t\t\t\t\t\t\t\t\t\t\t<\/div>\n\t\t\t\t<\/div>\n\t\t\t\t\t<\/div>\n\t\t<\/div>\n\t\t\t\t\t<\/div>\n\t\t<\/section>\n\t\t\t\t<section class=\"elementor-section elementor-top-section elementor-element elementor-element-0d97b17 elementor-section-boxed elementor-section-height-default elementor-section-height-default\" data-id=\"0d97b17\" data-element_type=\"section\">\n\t\t\t\t\t\t<div class=\"elementor-container elementor-column-gap-default\">\n\t\t\t\t\t<div class=\"elementor-column elementor-col-100 elementor-top-column elementor-element elementor-element-2c3cd39\" data-id=\"2c3cd39\" data-element_type=\"column\">\n\t\t\t<div class=\"elementor-widget-wrap elementor-element-populated\">\n\t\t\t\t\t\t<div class=\"elementor-element elementor-element-75190f6 elementor-widget elementor-widget-text-editor\" data-id=\"75190f6\" data-element_type=\"widget\" data-widget_type=\"text-editor.default\">\n\t\t\t\t<div class=\"elementor-widget-container\">\n\t\t\t\t\t\t\t\t\t<p><strong>Dowel Barlar\u0131n Uygulanmas\u0131 3 Farkl\u0131 Metodla Yap\u0131l\u0131r:<\/strong><\/p>\t\t\t\t\t\t\t\t<\/div>\n\t\t\t\t<\/div>\n\t\t\t\t\t<\/div>\n\t\t<\/div>\n\t\t\t\t\t<\/div>\n\t\t<\/section>\n\t\t\t\t<section class=\"elementor-section elementor-top-section elementor-element elementor-element-d2032a3 elementor-section-boxed elementor-section-height-default elementor-section-height-default\" data-id=\"d2032a3\" data-element_type=\"section\">\n\t\t\t\t\t\t<div class=\"elementor-container elementor-column-gap-default\">\n\t\t\t\t\t<div class=\"elementor-column elementor-col-50 elementor-top-column elementor-element elementor-element-d8fb7fb\" data-id=\"d8fb7fb\" data-element_type=\"column\">\n\t\t\t<div class=\"elementor-widget-wrap elementor-element-populated\">\n\t\t\t\t\t\t<div class=\"elementor-element elementor-element-e4d69a0 elementor-widget__width-initial elementor-widget elementor-widget-text-editor\" data-id=\"e4d69a0\" data-element_type=\"widget\" data-widget_type=\"text-editor.default\">\n\t\t\t\t<div class=\"elementor-widget-container\">\n\t\t\t\t\t\t\t\t\t<p>1- Sehpalama y\u00f6ntemi \u015feklide kullan\u0131labilir. Standartlarda belirtilen \u00e7aplarda ve belirli aral\u0131klarda yerle\u015ftirilen dowel barklar\u0131n \u00fczerine beton d\u00f6k\u00fclerek uygulan\u0131r.<\/p>\t\t\t\t\t\t\t\t<\/div>\n\t\t\t\t<\/div>\n\t\t\t\t\t<\/div>\n\t\t<\/div>\n\t\t\t\t<div class=\"elementor-column elementor-col-50 elementor-top-column elementor-element elementor-element-fba75d5\" data-id=\"fba75d5\" data-element_type=\"column\">\n\t\t\t<div class=\"elementor-widget-wrap elementor-element-populated\">\n\t\t\t\t\t\t<div class=\"elementor-element elementor-element-416abd2 elementor-widget elementor-widget-image\" data-id=\"416abd2\" data-element_type=\"widget\" data-widget_type=\"image.default\">\n\t\t\t\t<div class=\"elementor-widget-container\">\n\t\t\t\t\t\t\t\t\t\t\t\t\t\t\t\t<a href=\"https:\/\/yeni.alpsteel.com.tr\/wp-content\/uploads\/2023\/08\/dowel-bar-sehpalama.jpg\" data-elementor-open-lightbox=\"yes\" data-elementor-lightbox-title=\"dowel-bar-sehpalama\" data-e-action-hash=\"#elementor-action%3Aaction%3Dlightbox%26settings%3DeyJpZCI6MTIyMSwidXJsIjoiaHR0cHM6XC9cL3d3dy5hbHBzdGVlbC5jb20udHJcL3dwLWNvbnRlbnRcL3VwbG9hZHNcLzIwMjNcLzA4XC9kb3dlbC1iYXItc2VocGFsYW1hLmpwZyJ9\">\n\t\t\t\t\t\t\t<img loading=\"lazy\" decoding=\"async\" width=\"500\" height=\"340\" src=\"https:\/\/www.alpsteel.com.tr\/wp-content\/uploads\/2023\/08\/dowel-bar-sehpalama.jpg\" class=\"attachment-large size-large wp-image-1221\" alt=\"Dowel Bar Sehbalama \u0130\u015flemi\" srcset=\"https:\/\/www.alpsteel.com.tr\/wp-content\/uploads\/2023\/08\/dowel-bar-sehpalama.jpg 500w, https:\/\/www.alpsteel.com.tr\/wp-content\/uploads\/2023\/08\/dowel-bar-sehpalama-300x204.jpg 300w, https:\/\/www.alpsteel.com.tr\/wp-content\/uploads\/2023\/08\/dowel-bar-sehpalama-18x12.jpg 18w\" sizes=\"(max-width: 500px) 100vw, 500px\" \/>\t\t\t\t\t\t\t\t<\/a>\n\t\t\t\t\t\t\t\t\t\t\t\t\t\t\t<\/div>\n\t\t\t\t<\/div>\n\t\t\t\t\t<\/div>\n\t\t<\/div>\n\t\t\t\t\t<\/div>\n\t\t<\/section>\n\t\t\t\t<section class=\"elementor-section elementor-top-section elementor-element elementor-element-a144b7b elementor-section-boxed elementor-section-height-default elementor-section-height-default\" data-id=\"a144b7b\" data-element_type=\"section\">\n\t\t\t\t\t\t<div class=\"elementor-container elementor-column-gap-default\">\n\t\t\t\t\t<div class=\"elementor-column elementor-col-50 elementor-top-column elementor-element elementor-element-cab7a1d\" data-id=\"cab7a1d\" data-element_type=\"column\">\n\t\t\t<div class=\"elementor-widget-wrap elementor-element-populated\">\n\t\t\t\t\t\t<div class=\"elementor-element elementor-element-3b8cf2a elementor-widget__width-initial elementor-widget elementor-widget-text-editor\" data-id=\"3b8cf2a\" data-element_type=\"widget\" data-widget_type=\"text-editor.default\">\n\t\t\t\t<div class=\"elementor-widget-container\">\n\t\t\t\t\t\t\t\t\t<p>2- Dowel barlar \u00f6zel olarak \u00fcretilen makinelerin i\u00e7ine konularak ayn\u0131 anda betonla birlikte d\u00f6k\u00fcl\u00fcp, yerle\u015ftirilir.<\/p>\t\t\t\t\t\t\t\t<\/div>\n\t\t\t\t<\/div>\n\t\t\t\t\t<\/div>\n\t\t<\/div>\n\t\t\t\t<div class=\"elementor-column elementor-col-50 elementor-top-column elementor-element elementor-element-692a453\" data-id=\"692a453\" data-element_type=\"column\">\n\t\t\t<div class=\"elementor-widget-wrap elementor-element-populated\">\n\t\t\t\t\t\t<div class=\"elementor-element elementor-element-bd8a5fd elementor-widget elementor-widget-image\" data-id=\"bd8a5fd\" data-element_type=\"widget\" data-widget_type=\"image.default\">\n\t\t\t\t<div class=\"elementor-widget-container\">\n\t\t\t\t\t\t\t\t\t\t\t\t\t\t\t\t<a href=\"https:\/\/yeni.alpsteel.com.tr\/wp-content\/uploads\/2023\/08\/alpsteel-dowel-bar-ozel-dokum.jpg\" data-elementor-open-lightbox=\"yes\" data-elementor-lightbox-title=\"alpsteel-dowel-bar-ozel-dokum\" data-e-action-hash=\"#elementor-action%3Aaction%3Dlightbox%26settings%3DeyJpZCI6MTIyMiwidXJsIjoiaHR0cHM6XC9cL3d3dy5hbHBzdGVlbC5jb20udHJcL3dwLWNvbnRlbnRcL3VwbG9hZHNcLzIwMjNcLzA4XC9hbHBzdGVlbC1kb3dlbC1iYXItb3plbC1kb2t1bS5qcGcifQ%3D%3D\">\n\t\t\t\t\t\t\t<img loading=\"lazy\" decoding=\"async\" width=\"500\" height=\"340\" src=\"https:\/\/www.alpsteel.com.tr\/wp-content\/uploads\/2023\/08\/alpsteel-dowel-bar-ozel-dokum.jpg\" class=\"attachment-large size-large wp-image-1222\" alt=\"Dowel Bar \u00d6zel D\u00f6k\u00fcm \u0130\u015flemi\" srcset=\"https:\/\/www.alpsteel.com.tr\/wp-content\/uploads\/2023\/08\/alpsteel-dowel-bar-ozel-dokum.jpg 500w, https:\/\/www.alpsteel.com.tr\/wp-content\/uploads\/2023\/08\/alpsteel-dowel-bar-ozel-dokum-300x204.jpg 300w, https:\/\/www.alpsteel.com.tr\/wp-content\/uploads\/2023\/08\/alpsteel-dowel-bar-ozel-dokum-18x12.jpg 18w\" sizes=\"(max-width: 500px) 100vw, 500px\" \/>\t\t\t\t\t\t\t\t<\/a>\n\t\t\t\t\t\t\t\t\t\t\t\t\t\t\t<\/div>\n\t\t\t\t<\/div>\n\t\t\t\t\t<\/div>\n\t\t<\/div>\n\t\t\t\t\t<\/div>\n\t\t<\/section>\n\t\t\t\t<section class=\"elementor-section elementor-top-section elementor-element elementor-element-2ad6383 elementor-section-boxed elementor-section-height-default elementor-section-height-default\" data-id=\"2ad6383\" data-element_type=\"section\">\n\t\t\t\t\t\t<div class=\"elementor-container elementor-column-gap-default\">\n\t\t\t\t\t<div class=\"elementor-column elementor-col-50 elementor-top-column elementor-element elementor-element-b14d644\" data-id=\"b14d644\" data-element_type=\"column\">\n\t\t\t<div class=\"elementor-widget-wrap elementor-element-populated\">\n\t\t\t\t\t\t<div class=\"elementor-element elementor-element-02b7893 elementor-widget__width-initial elementor-widget elementor-widget-text-editor\" data-id=\"02b7893\" data-element_type=\"widget\" data-widget_type=\"text-editor.default\">\n\t\t\t\t<div class=\"elementor-widget-container\">\n\t\t\t\t\t\t\t\t\t<p>3- \u0130yile\u015ftirme yap\u0131lmas\u0131 gereken deforme olmu\u015f yerler uygun olarak kaz\u0131larak dowel barlar yerle\u015ftirilir ve \u00fczerine tekrar beton d\u00f6k\u00fclerek zemin g\u00fc\u00e7lendirilmi\u015f olur.<\/p>\t\t\t\t\t\t\t\t<\/div>\n\t\t\t\t<\/div>\n\t\t\t\t\t<\/div>\n\t\t<\/div>\n\t\t\t\t<div class=\"elementor-column elementor-col-50 elementor-top-column elementor-element elementor-element-6e1ee9b\" data-id=\"6e1ee9b\" data-element_type=\"column\">\n\t\t\t<div class=\"elementor-widget-wrap elementor-element-populated\">\n\t\t\t\t\t\t<div class=\"elementor-element elementor-element-8d203fc elementor-widget elementor-widget-image\" data-id=\"8d203fc\" data-element_type=\"widget\" data-widget_type=\"image.default\">\n\t\t\t\t<div class=\"elementor-widget-container\">\n\t\t\t\t\t\t\t\t\t\t\t\t\t\t\t\t<a href=\"https:\/\/yeni.alpsteel.com.tr\/wp-content\/uploads\/2023\/08\/alpsteel-dowel-bar-guclendirme.jpg\" data-elementor-open-lightbox=\"yes\" data-elementor-lightbox-title=\"alpsteel-dowel-bar-guclendirme\" data-e-action-hash=\"#elementor-action%3Aaction%3Dlightbox%26settings%3DeyJpZCI6MTIyMywidXJsIjoiaHR0cHM6XC9cL3d3dy5hbHBzdGVlbC5jb20udHJcL3dwLWNvbnRlbnRcL3VwbG9hZHNcLzIwMjNcLzA4XC9hbHBzdGVlbC1kb3dlbC1iYXItZ3VjbGVuZGlybWUuanBnIn0%3D\">\n\t\t\t\t\t\t\t<img loading=\"lazy\" decoding=\"async\" width=\"500\" height=\"343\" src=\"https:\/\/www.alpsteel.com.tr\/wp-content\/uploads\/2023\/08\/alpsteel-dowel-bar-guclendirme.jpg\" class=\"attachment-large size-large wp-image-1223\" alt=\"Dowel Bar G\u00fc\u00e7lendirme \u0130\u015flemi\" srcset=\"https:\/\/www.alpsteel.com.tr\/wp-content\/uploads\/2023\/08\/alpsteel-dowel-bar-guclendirme.jpg 500w, https:\/\/www.alpsteel.com.tr\/wp-content\/uploads\/2023\/08\/alpsteel-dowel-bar-guclendirme-300x206.jpg 300w, https:\/\/www.alpsteel.com.tr\/wp-content\/uploads\/2023\/08\/alpsteel-dowel-bar-guclendirme-18x12.jpg 18w\" sizes=\"(max-width: 500px) 100vw, 500px\" \/>\t\t\t\t\t\t\t\t<\/a>\n\t\t\t\t\t\t\t\t\t\t\t\t\t\t\t<\/div>\n\t\t\t\t<\/div>\n\t\t\t\t\t<\/div>\n\t\t<\/div>\n\t\t\t\t\t<\/div>\n\t\t<\/section>\n\t\t\t\t<\/div>","protected":false},"excerpt":{"rendered":"<p>DowelKat\u0131 silindirik \u00e7ubuk, genellikle tahta, plastik veya \u00e7elikten yap\u0131l\u0131r. Orijinal \u00fcretim formunda d\u00fcbel olarak adland\u0131r\u0131l\u0131r. Steel Dowel\u00c7elik d\u00fcbel yayg\u0131n olarak ta\u015f veya duvar \u00fczerinde delinen b\u00f6lgeye yerle\u015ftirilerek herhangi bir nesneyi sabitlemek(tutturmak) i\u00e7in kullan\u0131l\u0131r. Dowel BarBloklar halindeki betonu sabitlemede \u00e7ift eksenli y\u00fck aktar\u0131m\u0131n\u0131n dengelenmesini sa\u011flayan korozyon direncini artt\u0131r\u0131c\u0131 \u00e7elik \u00e7ubuklard\u0131r. Tercih Edilmelerinin Nedenleri? Beton bloklar\u0131n\u0131n \u00fczerinden &hellip;<\/p>\n<p class=\"read-more\"> <a class=\"\" href=\"https:\/\/www.alpsteel.com.tr\/en\/dowel-bar\/\"> <span class=\"screen-reader-text\">Dowel Bar<\/span> Read More &raquo;<\/a><\/p>","protected":false},"author":1,"featured_media":0,"parent":0,"menu_order":0,"comment_status":"closed","ping_status":"closed","template":"","meta":{"site-sidebar-layout":"no-sidebar","site-content-layout":"page-builder","ast-site-content-layout":"default","site-content-style":"default","site-sidebar-style":"default","ast-global-header-display":"","ast-banner-title-visibility":"","ast-main-header-display":"","ast-hfb-above-header-display":"","ast-hfb-below-header-display":"","ast-hfb-mobile-header-display":"","site-post-title":"disabled","ast-breadcrumbs-content":"","ast-featured-img":"disabled","footer-sml-layout":"","theme-transparent-header-meta":"default","adv-header-id-meta":"","stick-header-meta":"","header-above-stick-meta":"","header-main-stick-meta":"","header-below-stick-meta":"","astra-migrate-meta-layouts":"set","footnotes":""},"class_list":["post-1212","page","type-page","status-publish","hentry"],"_links":{"self":[{"href":"https:\/\/www.alpsteel.com.tr\/en\/wp-json\/wp\/v2\/pages\/1212","targetHints":{"allow":["GET"]}}],"collection":[{"href":"https:\/\/www.alpsteel.com.tr\/en\/wp-json\/wp\/v2\/pages"}],"about":[{"href":"https:\/\/www.alpsteel.com.tr\/en\/wp-json\/wp\/v2\/types\/page"}],"author":[{"embeddable":true,"href":"https:\/\/www.alpsteel.com.tr\/en\/wp-json\/wp\/v2\/users\/1"}],"replies":[{"embeddable":true,"href":"https:\/\/www.alpsteel.com.tr\/en\/wp-json\/wp\/v2\/comments?post=1212"}],"version-history":[{"count":10,"href":"https:\/\/www.alpsteel.com.tr\/en\/wp-json\/wp\/v2\/pages\/1212\/revisions"}],"predecessor-version":[{"id":1229,"href":"https:\/\/www.alpsteel.com.tr\/en\/wp-json\/wp\/v2\/pages\/1212\/revisions\/1229"}],"wp:attachment":[{"href":"https:\/\/www.alpsteel.com.tr\/en\/wp-json\/wp\/v2\/media?parent=1212"}],"curies":[{"name":"wp","href":"https:\/\/api.w.org\/{rel}","templated":true}]}}