{"id":1233,"date":"2023-08-23T13:36:24","date_gmt":"2023-08-23T13:36:24","guid":{"rendered":"https:\/\/yeni.alpsteel.com.tr\/?page_id=1233"},"modified":"2023-08-23T13:44:06","modified_gmt":"2023-08-23T13:44:06","slug":"epoxy-rebar","status":"publish","type":"page","link":"https:\/\/www.alpsteel.com.tr\/en\/epoxy-rebar\/","title":{"rendered":"Epoxy Rebar"},"content":{"rendered":"<div data-elementor-type=\"wp-page\" data-elementor-id=\"1233\" class=\"elementor elementor-1233\" data-elementor-post-type=\"page\">\n\t\t\t\t\t\t<section class=\"elementor-section elementor-top-section elementor-element elementor-element-6ac43f0 elementor-section-boxed elementor-section-height-default elementor-section-height-default\" data-id=\"6ac43f0\" data-element_type=\"section\">\n\t\t\t\t\t\t<div class=\"elementor-container elementor-column-gap-default\">\n\t\t\t\t\t<div class=\"elementor-column elementor-col-100 elementor-top-column elementor-element elementor-element-09d1ff4\" data-id=\"09d1ff4\" data-element_type=\"column\">\n\t\t\t<div class=\"elementor-widget-wrap elementor-element-populated\">\n\t\t\t\t\t\t<div class=\"elementor-element elementor-element-de87d92 elementor-widget elementor-widget-text-editor\" data-id=\"de87d92\" data-element_type=\"widget\" data-widget_type=\"text-editor.default\">\n\t\t\t\t<div class=\"elementor-widget-container\">\n\t\t\t\t\t\t\t\t\t<p><strong>Rebar Nedir?<\/strong><br \/>Epoksi kapl\u0131 in\u015faat demiri olarak adland\u0131r\u0131l\u0131r. Kullan\u0131ld\u0131\u011f\u0131 yerde yap\u0131y\u0131 g\u00fc\u00e7lendirmek ve ya\u015fam \u00f6mr\u00fcn\u00fc uzatmak i\u00e7in tercih edilir. Epoksi kapl\u0131 in\u015faat demirleri ASTM A 775\/775M standartlar\u0131na g\u00f6re \u00fcretimi yap\u0131l\u0131r.<\/p><p><strong>Tercih Edilmelerinin Nedenleri?<\/strong><\/p><ul><li>Beton yap\u0131lar\u0131n \u00e7atlamas\u0131na veya beton \u00f6zelli\u011fini yitirmesine sebep olan korozyonun engellenmesinde \u00f6nemli rol oynamaktad\u0131r.<\/li><li>Epoksi kapl\u0131 in\u015faat demiri sayesinde \u00e7elik \u00fczerinde fiziksel ve elektrokimyasal bir bariyer olu\u015fturarak donat\u0131y\u0131 izole edilir ve korozyonun olu\u015fmas\u0131 engellenir<\/li><li>Epoksi kapl\u0131 in\u015faat demiri \u00fcr\u00fcnleri normal kullan\u0131lan \u00fcr\u00fcnlere oranla kat kat daha fazla dayan\u0131kl\u0131d\u0131r.<\/li><li>Maliyet hesaplamas\u0131 yap\u0131ld\u0131\u011f\u0131nda normal kullan\u0131lan \u00fcr\u00fcnlere g\u00f6re uzun vadede neredeyse yar\u0131 yar\u0131ya kar sa\u011flayan bir \u00fcr\u00fcnd\u00fcr.<\/li><\/ul><p><strong>Neden Opoksi Boya ile Kaplan\u0131r?<\/strong><\/p><p>\u00c7e\u015fitli ortam ve proses ko\u015fullar\u0131nda kullan\u0131lan kimyasallar\u0131n, ya\u011fmur suyu, nem gibi do\u011fal etkenlerin ve di\u011fer maddelerin, ta\u015f\u0131y\u0131c\u0131 g\u00f6rev g\u00f6ren ve temel beton ba\u011flant\u0131s\u0131n\u0131 sa\u011flayan temel betonu, beton platform, beton kolon ve kiri\u015fler i\u00e7erisindeki \u00e7elik donat\u0131lara \u00e7e\u015fitli nedenlerle ula\u015fmas\u0131 sonucunda bu donat\u0131larda korozyon ba\u015flamaktad\u0131r. Epoksi kaplama ile s\u0131v\u0131n\u0131n in\u015faat demirine ula\u015fmas\u0131 engellenir; Dowel barlarda oldu\u011fu gibi hem paslanma engellenir hem de korozyon direnci artt\u0131r\u0131lm\u0131\u015f olur. Betonda olas\u0131 \u00e7atlak ve k\u0131r\u0131lmalar ortadan kald\u0131r\u0131lm\u0131\u015f olur.<\/p><p><strong>Kullan\u0131ld\u0131\u011f\u0131 Yerler Nerelerdir?<\/strong><\/p><p>Stratejik \u00f6zellikli ve nitelikli alt ve \u00fcst yap\u0131larda, yol, k\u00f6pr\u00fc, viyad\u00fcklerde ve end\u00fcstriyel tesislerde, Enerji Santrallerinde, Barajlarda,\u00a0 Avmlerde, Y\u00fcksek Yap\u0131larda yo\u011fun olarak kullan\u0131lmaktad\u0131r.<\/p><p><strong>Epoksi Kapl\u0131 \u0130n\u015faat Demirinin Betona Tutulma Kuvveti Nas\u0131ld\u0131r?<\/strong><\/p><p>Epoksi kaplanan in\u015faat demiri, kaplamas\u0131z olarak kullan\u0131lan in\u015faat demirine g\u00f6re betona tutulma kabiliyeti daha fazlad\u0131r. Elastik mod\u00fcl, malzemenin kuvvet alt\u0131nda elastik \u015fekil de\u011fi\u015ftirmesinin \u00f6l\u00e7\u00fcs\u00fcd\u00fcr. Bu mod\u00fcl\u00fcn belirlenmesinde en \u00f6nemli parametre ise atomlar aras\u0131 ba\u011f kuvvetidir. Elastik mod\u00fcl\u00fc y\u00fcksek olan malzemelerin atomlar aras\u0131 ba\u011f kuvvet e\u011frisinin ba\u015flang\u0131\u00e7 e\u011fimi de y\u00fcksektir. Malzemenin rijititesi ile atomlar aras\u0131 ba\u011f kuvvet e\u011frisi aras\u0131nda do\u011fru orant\u0131 vard\u0131r. Atomlar aras\u0131 ba\u011f kuvvet e\u011frisi ba\u015flang\u0131\u00e7 e\u011fimi ne kadar b\u00fcy\u00fck olursa malzeme o kadar rijit olmaktad\u0131r. Tam tersi durumda ise malzemede \u015fekil de\u011fi\u015fimi g\u00f6r\u00fcl\u00fcr.<br \/>A\u015fa\u011f\u0131daki tabloda epoksi kapl\u0131 in\u015faat demirinin \u00e7ekme testlerinin istatistikleri verilmi\u015ftir. MPa sonu\u00e7lar\u0131nda g\u00f6r\u00fcld\u00fc\u011f\u00fc gibi en y\u00fcksek tutunma de\u011ferleri epoksi kapl\u0131 rebarlard\u0131r.<\/p>\t\t\t\t\t\t\t\t<\/div>\n\t\t\t\t<\/div>\n\t\t\t\t\t<\/div>\n\t\t<\/div>\n\t\t\t\t\t<\/div>\n\t\t<\/section>\n\t\t\t\t<section class=\"elementor-section elementor-top-section elementor-element elementor-element-e26f435 elementor-section-boxed elementor-section-height-default elementor-section-height-default\" data-id=\"e26f435\" data-element_type=\"section\">\n\t\t\t\t\t\t<div class=\"elementor-container elementor-column-gap-default\">\n\t\t\t\t\t<div class=\"elementor-column elementor-col-100 elementor-top-column elementor-element elementor-element-f594932\" data-id=\"f594932\" data-element_type=\"column\">\n\t\t\t<div class=\"elementor-widget-wrap elementor-element-populated\">\n\t\t\t\t\t\t<div class=\"elementor-element elementor-element-44fd0e7 elementor-widget elementor-widget-image\" data-id=\"44fd0e7\" data-element_type=\"widget\" data-widget_type=\"image.default\">\n\t\t\t\t<div class=\"elementor-widget-container\">\n\t\t\t\t\t\t\t\t\t\t\t\t\t\t\t<img fetchpriority=\"high\" decoding=\"async\" width=\"800\" height=\"310\" src=\"https:\/\/www.alpsteel.com.tr\/wp-content\/uploads\/2023\/08\/alpsteel-epoxy-rebar-bag-kuvveti.jpg\" class=\"attachment-large size-large wp-image-1238\" alt=\"Epoxy Rebar Ba\u011f Kuvveti\" srcset=\"https:\/\/www.alpsteel.com.tr\/wp-content\/uploads\/2023\/08\/alpsteel-epoxy-rebar-bag-kuvveti.jpg 800w, https:\/\/www.alpsteel.com.tr\/wp-content\/uploads\/2023\/08\/alpsteel-epoxy-rebar-bag-kuvveti-300x116.jpg 300w, https:\/\/www.alpsteel.com.tr\/wp-content\/uploads\/2023\/08\/alpsteel-epoxy-rebar-bag-kuvveti-768x298.jpg 768w, https:\/\/www.alpsteel.com.tr\/wp-content\/uploads\/2023\/08\/alpsteel-epoxy-rebar-bag-kuvveti-18x7.jpg 18w\" sizes=\"(max-width: 800px) 100vw, 800px\" \/>\t\t\t\t\t\t\t\t\t\t\t\t\t\t\t<\/div>\n\t\t\t\t<\/div>\n\t\t\t\t\t<\/div>\n\t\t<\/div>\n\t\t\t\t\t<\/div>\n\t\t<\/section>\n\t\t\t\t<section class=\"elementor-section elementor-top-section elementor-element elementor-element-d64c8d0 elementor-section-boxed elementor-section-height-default elementor-section-height-default\" data-id=\"d64c8d0\" data-element_type=\"section\">\n\t\t\t\t\t\t<div class=\"elementor-container elementor-column-gap-default\">\n\t\t\t\t\t<div class=\"elementor-column elementor-col-100 elementor-top-column elementor-element elementor-element-4af9bef\" data-id=\"4af9bef\" data-element_type=\"column\">\n\t\t\t<div class=\"elementor-widget-wrap elementor-element-populated\">\n\t\t\t\t\t\t<div class=\"elementor-element elementor-element-50843b9 elementor-widget elementor-widget-image\" data-id=\"50843b9\" data-element_type=\"widget\" data-widget_type=\"image.default\">\n\t\t\t\t<div class=\"elementor-widget-container\">\n\t\t\t\t\t\t\t\t\t\t\t\t\t\t\t<img decoding=\"async\" width=\"1024\" height=\"651\" src=\"https:\/\/www.alpsteel.com.tr\/wp-content\/uploads\/2023\/08\/alpsteel-epoxy-rebar-sistemi-1024x651.jpg\" class=\"attachment-large size-large wp-image-1239\" alt=\"Epoxy Rebar Sistemi\" srcset=\"https:\/\/www.alpsteel.com.tr\/wp-content\/uploads\/2023\/08\/alpsteel-epoxy-rebar-sistemi-1024x651.jpg 1024w, https:\/\/www.alpsteel.com.tr\/wp-content\/uploads\/2023\/08\/alpsteel-epoxy-rebar-sistemi-300x191.jpg 300w, https:\/\/www.alpsteel.com.tr\/wp-content\/uploads\/2023\/08\/alpsteel-epoxy-rebar-sistemi-768x489.jpg 768w, https:\/\/www.alpsteel.com.tr\/wp-content\/uploads\/2023\/08\/alpsteel-epoxy-rebar-sistemi-18x12.jpg 18w, https:\/\/www.alpsteel.com.tr\/wp-content\/uploads\/2023\/08\/alpsteel-epoxy-rebar-sistemi.jpg 1069w\" sizes=\"(max-width: 1024px) 100vw, 1024px\" \/>\t\t\t\t\t\t\t\t\t\t\t\t\t\t\t<\/div>\n\t\t\t\t<\/div>\n\t\t\t\t\t<\/div>\n\t\t<\/div>\n\t\t\t\t\t<\/div>\n\t\t<\/section>\n\t\t\t\t<\/div>","protected":false},"excerpt":{"rendered":"<p>Rebar Nedir?Epoksi kapl\u0131 in\u015faat demiri olarak adland\u0131r\u0131l\u0131r. Kullan\u0131ld\u0131\u011f\u0131 yerde yap\u0131y\u0131 g\u00fc\u00e7lendirmek ve ya\u015fam \u00f6mr\u00fcn\u00fc uzatmak i\u00e7in tercih edilir. Epoksi kapl\u0131 in\u015faat demirleri ASTM A 775\/775M standartlar\u0131na g\u00f6re \u00fcretimi yap\u0131l\u0131r. Tercih Edilmelerinin Nedenleri? Beton yap\u0131lar\u0131n \u00e7atlamas\u0131na veya beton \u00f6zelli\u011fini yitirmesine sebep olan korozyonun engellenmesinde \u00f6nemli rol oynamaktad\u0131r. Epoksi kapl\u0131 in\u015faat demiri sayesinde \u00e7elik \u00fczerinde fiziksel ve &hellip;<\/p>\n<p class=\"read-more\"> <a class=\"\" href=\"https:\/\/www.alpsteel.com.tr\/en\/epoxy-rebar\/\"> <span class=\"screen-reader-text\">Epoxy Rebar<\/span> Read More &raquo;<\/a><\/p>","protected":false},"author":1,"featured_media":0,"parent":0,"menu_order":0,"comment_status":"closed","ping_status":"closed","template":"","meta":{"site-sidebar-layout":"no-sidebar","site-content-layout":"page-builder","ast-site-content-layout":"default","site-content-style":"default","site-sidebar-style":"default","ast-global-header-display":"","ast-banner-title-visibility":"","ast-main-header-display":"","ast-hfb-above-header-display":"","ast-hfb-below-header-display":"","ast-hfb-mobile-header-display":"","site-post-title":"disabled","ast-breadcrumbs-content":"","ast-featured-img":"disabled","footer-sml-layout":"","theme-transparent-header-meta":"default","adv-header-id-meta":"","stick-header-meta":"","header-above-stick-meta":"","header-main-stick-meta":"","header-below-stick-meta":"","astra-migrate-meta-layouts":"set","footnotes":""},"class_list":["post-1233","page","type-page","status-publish","hentry"],"_links":{"self":[{"href":"https:\/\/www.alpsteel.com.tr\/en\/wp-json\/wp\/v2\/pages\/1233","targetHints":{"allow":["GET"]}}],"collection":[{"href":"https:\/\/www.alpsteel.com.tr\/en\/wp-json\/wp\/v2\/pages"}],"about":[{"href":"https:\/\/www.alpsteel.com.tr\/en\/wp-json\/wp\/v2\/types\/page"}],"author":[{"embeddable":true,"href":"https:\/\/www.alpsteel.com.tr\/en\/wp-json\/wp\/v2\/users\/1"}],"replies":[{"embeddable":true,"href":"https:\/\/www.alpsteel.com.tr\/en\/wp-json\/wp\/v2\/comments?post=1233"}],"version-history":[{"count":10,"href":"https:\/\/www.alpsteel.com.tr\/en\/wp-json\/wp\/v2\/pages\/1233\/revisions"}],"predecessor-version":[{"id":1248,"href":"https:\/\/www.alpsteel.com.tr\/en\/wp-json\/wp\/v2\/pages\/1233\/revisions\/1248"}],"wp:attachment":[{"href":"https:\/\/www.alpsteel.com.tr\/en\/wp-json\/wp\/v2\/media?parent=1233"}],"curies":[{"name":"wp","href":"https:\/\/api.w.org\/{rel}","templated":true}]}}