{"id":1249,"date":"2023-08-23T13:46:16","date_gmt":"2023-08-23T13:46:16","guid":{"rendered":"https:\/\/yeni.alpsteel.com.tr\/?page_id=1249"},"modified":"2023-08-24T09:26:08","modified_gmt":"2023-08-24T09:26:08","slug":"hadde-urunleri","status":"publish","type":"page","link":"https:\/\/www.alpsteel.com.tr\/en\/hadde-urunleri\/","title":{"rendered":"Hadde \u00dcr\u00fcnleri"},"content":{"rendered":"<div data-elementor-type=\"wp-page\" data-elementor-id=\"1249\" class=\"elementor elementor-1249\" data-elementor-post-type=\"page\">\n\t\t\t\t\t\t<section class=\"elementor-section elementor-top-section elementor-element elementor-element-8bb5fec elementor-section-boxed elementor-section-height-default elementor-section-height-default\" data-id=\"8bb5fec\" data-element_type=\"section\">\n\t\t\t\t\t\t<div class=\"elementor-container elementor-column-gap-default\">\n\t\t\t\t\t<div class=\"elementor-column elementor-col-33 elementor-top-column elementor-element elementor-element-2d394d0\" data-id=\"2d394d0\" data-element_type=\"column\">\n\t\t\t<div class=\"elementor-widget-wrap elementor-element-populated\">\n\t\t\t\t\t\t<div class=\"elementor-element elementor-element-4ce725d elementor-widget__width-initial elementor-position-top elementor-widget elementor-widget-image-box\" data-id=\"4ce725d\" data-element_type=\"widget\" data-widget_type=\"image-box.default\">\n\t\t\t\t<div class=\"elementor-widget-container\">\n\t\t\t\t\t<div class=\"elementor-image-box-wrapper\"><figure class=\"elementor-image-box-img\"><a href=\"https:\/\/www.alpsteel.com.tr\/en\/npu-demiri\/\" tabindex=\"-1\"><img fetchpriority=\"high\" decoding=\"async\" width=\"640\" height=\"320\" src=\"https:\/\/www.alpsteel.com.tr\/wp-content\/uploads\/2023\/08\/alpsteel-npu.jpg\" class=\"attachment-full size-full wp-image-235\" alt=\"NPU Demiri\" srcset=\"https:\/\/www.alpsteel.com.tr\/wp-content\/uploads\/2023\/08\/alpsteel-npu.jpg 640w, https:\/\/www.alpsteel.com.tr\/wp-content\/uploads\/2023\/08\/alpsteel-npu-300x150.jpg 300w, https:\/\/www.alpsteel.com.tr\/wp-content\/uploads\/2023\/08\/alpsteel-npu-18x9.jpg 18w\" sizes=\"(max-width: 640px) 100vw, 640px\" \/><\/a><\/figure><div class=\"elementor-image-box-content\"><h3 class=\"elementor-image-box-title\"><a href=\"https:\/\/www.alpsteel.com.tr\/en\/npu-demiri\/\">NPU Demiri<\/a><\/h3><p class=\"elementor-image-box-description\">Sa\u011flam demir profiller olan NPU profiller \u015fekil olarak da yap\u0131lar\u0131n her noktas\u0131nda kullan\u0131lma kolayl\u0131\u011f\u0131 sa\u011fl\u0131yor. U \u015feklindeki dayan\u0131kl\u0131 demir profiller, kritik noktalarda destekleyici ve g\u00fc\u00e7lendiricidir. Kullan\u0131m alan\u0131na g\u00f6re farkl\u0131 \u00f6l\u00e7\u00fclerde tercih edilebilir.<\/p><\/div><\/div>\t\t\t\t<\/div>\n\t\t\t\t<\/div>\n\t\t\t\t\t<\/div>\n\t\t<\/div>\n\t\t\t\t<div class=\"elementor-column elementor-col-33 elementor-top-column elementor-element elementor-element-75fa242\" data-id=\"75fa242\" data-element_type=\"column\">\n\t\t\t<div class=\"elementor-widget-wrap elementor-element-populated\">\n\t\t\t\t\t\t<div class=\"elementor-element elementor-element-88767b6 elementor-widget__width-initial elementor-position-top elementor-widget elementor-widget-image-box\" data-id=\"88767b6\" data-element_type=\"widget\" data-widget_type=\"image-box.default\">\n\t\t\t\t<div class=\"elementor-widget-container\">\n\t\t\t\t\t<div class=\"elementor-image-box-wrapper\"><figure class=\"elementor-image-box-img\"><a href=\"https:\/\/www.alpsteel.com.tr\/en\/npi-demiri\/\" tabindex=\"-1\"><img decoding=\"async\" width=\"640\" height=\"320\" src=\"https:\/\/www.alpsteel.com.tr\/wp-content\/uploads\/2023\/08\/alpsteel-npi-demiri.jpg\" class=\"attachment-full size-full wp-image-1258\" alt=\"NPI Demiri\" srcset=\"https:\/\/www.alpsteel.com.tr\/wp-content\/uploads\/2023\/08\/alpsteel-npi-demiri.jpg 640w, https:\/\/www.alpsteel.com.tr\/wp-content\/uploads\/2023\/08\/alpsteel-npi-demiri-300x150.jpg 300w, https:\/\/www.alpsteel.com.tr\/wp-content\/uploads\/2023\/08\/alpsteel-npi-demiri-18x9.jpg 18w\" sizes=\"(max-width: 640px) 100vw, 640px\" \/><\/a><\/figure><div class=\"elementor-image-box-content\"><h3 class=\"elementor-image-box-title\"><a href=\"https:\/\/www.alpsteel.com.tr\/en\/npi-demiri\/\">NPI Demiri<\/a><\/h3><p class=\"elementor-image-box-description\">S235JR ( ST37 ), S275JR ( ST44 ), S355JR ( ST52 ) Kalite olarak S\u0131cak \u015fekilli \u00fcretilen yap\u0131 Profilleridir. Standart olarak 6 MT ve 12 MT\u2019dir. Miktara g\u00f6re \u00f6zel boy \u00fcretim de yap\u0131labilmektedir.<\/p><\/div><\/div>\t\t\t\t<\/div>\n\t\t\t\t<\/div>\n\t\t\t\t\t<\/div>\n\t\t<\/div>\n\t\t\t\t<div class=\"elementor-column elementor-col-33 elementor-top-column elementor-element elementor-element-4d9c5f6\" data-id=\"4d9c5f6\" data-element_type=\"column\">\n\t\t\t<div class=\"elementor-widget-wrap elementor-element-populated\">\n\t\t\t\t\t\t<div class=\"elementor-element elementor-element-b67eece elementor-widget__width-initial elementor-position-top elementor-widget elementor-widget-image-box\" data-id=\"b67eece\" data-element_type=\"widget\" data-widget_type=\"image-box.default\">\n\t\t\t\t<div class=\"elementor-widget-container\">\n\t\t\t\t\t<div class=\"elementor-image-box-wrapper\"><figure class=\"elementor-image-box-img\"><a href=\"https:\/\/www.alpsteel.com.tr\/en\/ipe-demiri\/\" tabindex=\"-1\"><img decoding=\"async\" width=\"640\" height=\"320\" src=\"https:\/\/www.alpsteel.com.tr\/wp-content\/uploads\/2023\/08\/alpsteel-ipe-demiri.jpg\" class=\"attachment-full size-full wp-image-1265\" alt=\"IPE Demiri\" srcset=\"https:\/\/www.alpsteel.com.tr\/wp-content\/uploads\/2023\/08\/alpsteel-ipe-demiri.jpg 640w, https:\/\/www.alpsteel.com.tr\/wp-content\/uploads\/2023\/08\/alpsteel-ipe-demiri-300x150.jpg 300w, https:\/\/www.alpsteel.com.tr\/wp-content\/uploads\/2023\/08\/alpsteel-ipe-demiri-18x9.jpg 18w\" sizes=\"(max-width: 640px) 100vw, 640px\" \/><\/a><\/figure><div class=\"elementor-image-box-content\"><h3 class=\"elementor-image-box-title\"><a href=\"https:\/\/www.alpsteel.com.tr\/en\/ipe-demiri\/\">IPE Demiri<\/a><\/h3><p class=\"elementor-image-box-description\">S235JR ( ST37 ), S275JR ( ST44 ), S355JR ( ST52 ) Kalite olarak S\u0131cak \u015fekilli \u00fcretilen yap\u0131 Profilleridir. Standart olarak 6 MT ve 12 MT\u2019dir. Miktara g\u00f6re \u00f6zel boy \u00fcretim de yap\u0131labilmektedir.<\/p><\/div><\/div>\t\t\t\t<\/div>\n\t\t\t\t<\/div>\n\t\t\t\t\t<\/div>\n\t\t<\/div>\n\t\t\t\t\t<\/div>\n\t\t<\/section>\n\t\t\t\t<section class=\"elementor-section elementor-top-section elementor-element elementor-element-2cf2693 elementor-section-boxed elementor-section-height-default elementor-section-height-default\" data-id=\"2cf2693\" data-element_type=\"section\">\n\t\t\t\t\t\t<div class=\"elementor-container elementor-column-gap-default\">\n\t\t\t\t\t<div class=\"elementor-column elementor-col-33 elementor-top-column elementor-element elementor-element-127bc47\" data-id=\"127bc47\" data-element_type=\"column\">\n\t\t\t<div class=\"elementor-widget-wrap elementor-element-populated\">\n\t\t\t\t\t\t<div class=\"elementor-element elementor-element-9fb3ed4 elementor-widget__width-initial elementor-position-top elementor-widget elementor-widget-image-box\" data-id=\"9fb3ed4\" data-element_type=\"widget\" data-widget_type=\"image-box.default\">\n\t\t\t\t<div class=\"elementor-widget-container\">\n\t\t\t\t\t<div class=\"elementor-image-box-wrapper\"><figure class=\"elementor-image-box-img\"><a href=\"https:\/\/www.alpsteel.com.tr\/en\/hea-demiri\/\" tabindex=\"-1\"><img loading=\"lazy\" decoding=\"async\" width=\"640\" height=\"320\" src=\"https:\/\/www.alpsteel.com.tr\/wp-content\/uploads\/2023\/08\/alpsteel-hea-demiri.jpg\" class=\"attachment-full size-full wp-image-1278\" alt=\"HEA Demiri\" srcset=\"https:\/\/www.alpsteel.com.tr\/wp-content\/uploads\/2023\/08\/alpsteel-hea-demiri.jpg 640w, https:\/\/www.alpsteel.com.tr\/wp-content\/uploads\/2023\/08\/alpsteel-hea-demiri-300x150.jpg 300w, https:\/\/www.alpsteel.com.tr\/wp-content\/uploads\/2023\/08\/alpsteel-hea-demiri-18x9.jpg 18w\" sizes=\"(max-width: 640px) 100vw, 640px\" \/><\/a><\/figure><div class=\"elementor-image-box-content\"><h3 class=\"elementor-image-box-title\"><a href=\"https:\/\/www.alpsteel.com.tr\/en\/hea-demiri\/\">HEA Demiri<\/a><\/h3><p class=\"elementor-image-box-description\">S235JR ( ST37 ), S275JR ( ST44 ), S355JR ( ST52 ) Kalite olarak S\u0131cak \u015fekilli \u00fcretilen yap\u0131 Profilleridir. Standart olarak 6 MT ve 12 MT\u2019dir. Miktara g\u00f6re \u00f6zel boy \u00fcretim de yap\u0131labilmektedir.<\/p><\/div><\/div>\t\t\t\t<\/div>\n\t\t\t\t<\/div>\n\t\t\t\t\t<\/div>\n\t\t<\/div>\n\t\t\t\t<div class=\"elementor-column elementor-col-33 elementor-top-column elementor-element elementor-element-f3d218f\" data-id=\"f3d218f\" data-element_type=\"column\">\n\t\t\t<div class=\"elementor-widget-wrap elementor-element-populated\">\n\t\t\t\t\t\t<div class=\"elementor-element elementor-element-55aa447 elementor-widget__width-initial elementor-position-top elementor-widget elementor-widget-image-box\" data-id=\"55aa447\" data-element_type=\"widget\" data-widget_type=\"image-box.default\">\n\t\t\t\t<div class=\"elementor-widget-container\">\n\t\t\t\t\t<div class=\"elementor-image-box-wrapper\"><figure class=\"elementor-image-box-img\"><a href=\"https:\/\/www.alpsteel.com.tr\/en\/heb-demiri\/\" tabindex=\"-1\"><img loading=\"lazy\" decoding=\"async\" width=\"640\" height=\"320\" src=\"https:\/\/www.alpsteel.com.tr\/wp-content\/uploads\/2023\/08\/alpsteel-hea-demiri.jpg\" class=\"attachment-full size-full wp-image-1278\" alt=\"HEA Demiri\" srcset=\"https:\/\/www.alpsteel.com.tr\/wp-content\/uploads\/2023\/08\/alpsteel-hea-demiri.jpg 640w, https:\/\/www.alpsteel.com.tr\/wp-content\/uploads\/2023\/08\/alpsteel-hea-demiri-300x150.jpg 300w, https:\/\/www.alpsteel.com.tr\/wp-content\/uploads\/2023\/08\/alpsteel-hea-demiri-18x9.jpg 18w\" sizes=\"(max-width: 640px) 100vw, 640px\" \/><\/a><\/figure><div class=\"elementor-image-box-content\"><h3 class=\"elementor-image-box-title\"><a href=\"https:\/\/www.alpsteel.com.tr\/en\/heb-demiri\/\">HEB Demiri<\/a><\/h3><p class=\"elementor-image-box-description\">S235JR ( ST37 ), S275JR ( ST44 ), S355JR ( ST52 ) Kalite olarak S\u0131cak \u015fekilli \u00fcretilen yap\u0131 Profilleridir. Standart olarak 6 MT ve 12 MT\u2019dir. Miktara g\u00f6re \u00f6zel boy \u00fcretim de yap\u0131labilmektedir.<\/p><\/div><\/div>\t\t\t\t<\/div>\n\t\t\t\t<\/div>\n\t\t\t\t\t<\/div>\n\t\t<\/div>\n\t\t\t\t<div class=\"elementor-column elementor-col-33 elementor-top-column elementor-element elementor-element-8b8c1e5\" data-id=\"8b8c1e5\" data-element_type=\"column\">\n\t\t\t<div class=\"elementor-widget-wrap elementor-element-populated\">\n\t\t\t\t\t\t<div class=\"elementor-element elementor-element-1929ff0 elementor-widget__width-initial elementor-position-top elementor-widget elementor-widget-image-box\" data-id=\"1929ff0\" data-element_type=\"widget\" data-widget_type=\"image-box.default\">\n\t\t\t\t<div class=\"elementor-widget-container\">\n\t\t\t\t\t<div class=\"elementor-image-box-wrapper\"><figure class=\"elementor-image-box-img\"><a href=\"https:\/\/www.alpsteel.com.tr\/en\/kosebent-demiri\/\" tabindex=\"-1\"><img loading=\"lazy\" decoding=\"async\" width=\"640\" height=\"320\" src=\"https:\/\/www.alpsteel.com.tr\/wp-content\/uploads\/2023\/08\/alpsteel-kosebent-demir.jpg\" class=\"attachment-full size-full wp-image-236\" alt=\"K\u00f6\u015febent Demir\" srcset=\"https:\/\/www.alpsteel.com.tr\/wp-content\/uploads\/2023\/08\/alpsteel-kosebent-demir.jpg 640w, https:\/\/www.alpsteel.com.tr\/wp-content\/uploads\/2023\/08\/alpsteel-kosebent-demir-300x150.jpg 300w, https:\/\/www.alpsteel.com.tr\/wp-content\/uploads\/2023\/08\/alpsteel-kosebent-demir-18x9.jpg 18w\" sizes=\"(max-width: 640px) 100vw, 640px\" \/><\/a><\/figure><div class=\"elementor-image-box-content\"><h3 class=\"elementor-image-box-title\"><a href=\"https:\/\/www.alpsteel.com.tr\/en\/kosebent-demiri\/\">K\u00f6\u015febent Demiri<\/a><\/h3><p class=\"elementor-image-box-description\">Ba\u011flant\u0131y\u0131 sa\u011flamak ve deste\u011fi g\u00fc\u00e7lendirmek amac\u0131yla kullan\u0131lan demir k\u00f6\u015febent, L \u015feklinde bir demir \u00e7elik \u00fcr\u00fcn\u00fcd\u00fcr. \u015eeklinden dolay\u0131 L demiri olarak da an\u0131l\u0131r. \u00d6l\u00e7\u00fcleri kullan\u0131m alan\u0131na g\u00f6re de\u011fi\u015fmektedir.<\/p><\/div><\/div>\t\t\t\t<\/div>\n\t\t\t\t<\/div>\n\t\t\t\t\t<\/div>\n\t\t<\/div>\n\t\t\t\t\t<\/div>\n\t\t<\/section>\n\t\t\t\t<section class=\"elementor-section elementor-top-section elementor-element elementor-element-6e6ee21 elementor-section-boxed elementor-section-height-default elementor-section-height-default\" data-id=\"6e6ee21\" data-element_type=\"section\">\n\t\t\t\t\t\t<div class=\"elementor-container elementor-column-gap-default\">\n\t\t\t\t\t<div class=\"elementor-column elementor-col-33 elementor-top-column elementor-element elementor-element-46cb09a\" data-id=\"46cb09a\" data-element_type=\"column\">\n\t\t\t<div class=\"elementor-widget-wrap elementor-element-populated\">\n\t\t\t\t\t\t<div class=\"elementor-element elementor-element-99fd668 elementor-widget__width-initial elementor-position-top elementor-widget elementor-widget-image-box\" data-id=\"99fd668\" data-element_type=\"widget\" data-widget_type=\"image-box.default\">\n\t\t\t\t<div class=\"elementor-widget-container\">\n\t\t\t\t\t<div class=\"elementor-image-box-wrapper\"><figure class=\"elementor-image-box-img\"><a href=\"https:\/\/www.alpsteel.com.tr\/en\/lama-demirleri\/\" tabindex=\"-1\"><img loading=\"lazy\" decoding=\"async\" width=\"640\" height=\"320\" src=\"https:\/\/www.alpsteel.com.tr\/wp-content\/uploads\/2023\/08\/alpsteel-lama-demir.jpg\" class=\"attachment-full size-full wp-image-237\" alt=\"Lama Demir\" srcset=\"https:\/\/www.alpsteel.com.tr\/wp-content\/uploads\/2023\/08\/alpsteel-lama-demir.jpg 640w, https:\/\/www.alpsteel.com.tr\/wp-content\/uploads\/2023\/08\/alpsteel-lama-demir-300x150.jpg 300w, https:\/\/www.alpsteel.com.tr\/wp-content\/uploads\/2023\/08\/alpsteel-lama-demir-18x9.jpg 18w\" sizes=\"(max-width: 640px) 100vw, 640px\" \/><\/a><\/figure><div class=\"elementor-image-box-content\"><h3 class=\"elementor-image-box-title\"><a href=\"https:\/\/www.alpsteel.com.tr\/en\/lama-demirleri\/\">Lama Demirleri<\/a><\/h3><p class=\"elementor-image-box-description\">Silme demir olarak da bilinen lama, in\u015faat sekt\u00f6r\u00fcnde ana ta\u015f\u0131y\u0131c\u0131 yap\u0131 malzemelerinden biridir. En \u00e7ok kullan\u0131lan demir \u00e7elik \u00fcr\u00fcnleri aras\u0131nda yer al\u0131r. Temel olarak bu malzeme iki ayr\u0131 nokta aras\u0131ndaki ba\u011f\u0131 g\u00fc\u00e7lendirmek i\u00e7in kullan\u0131l\u0131r.<\/p><\/div><\/div>\t\t\t\t<\/div>\n\t\t\t\t<\/div>\n\t\t\t\t\t<\/div>\n\t\t<\/div>\n\t\t\t\t<div class=\"elementor-column elementor-col-33 elementor-top-column elementor-element elementor-element-14b3dfb\" data-id=\"14b3dfb\" data-element_type=\"column\">\n\t\t\t<div class=\"elementor-widget-wrap elementor-element-populated\">\n\t\t\t\t\t\t<div class=\"elementor-element elementor-element-8825754 elementor-widget__width-initial elementor-position-top elementor-widget elementor-widget-image-box\" data-id=\"8825754\" data-element_type=\"widget\" data-widget_type=\"image-box.default\">\n\t\t\t\t<div class=\"elementor-widget-container\">\n\t\t\t\t\t<div class=\"elementor-image-box-wrapper\"><figure class=\"elementor-image-box-img\"><a href=\"https:\/\/www.alpsteel.com.tr\/en\/kare-demir\/\" tabindex=\"-1\"><img loading=\"lazy\" decoding=\"async\" width=\"640\" height=\"320\" src=\"https:\/\/www.alpsteel.com.tr\/wp-content\/uploads\/2023\/08\/alpsteel-kare-demiri.jpg\" class=\"attachment-full size-full wp-image-1285\" alt=\"Kare Demiri\" srcset=\"https:\/\/www.alpsteel.com.tr\/wp-content\/uploads\/2023\/08\/alpsteel-kare-demiri.jpg 640w, https:\/\/www.alpsteel.com.tr\/wp-content\/uploads\/2023\/08\/alpsteel-kare-demiri-300x150.jpg 300w, https:\/\/www.alpsteel.com.tr\/wp-content\/uploads\/2023\/08\/alpsteel-kare-demiri-18x9.jpg 18w\" sizes=\"(max-width: 640px) 100vw, 640px\" \/><\/a><\/figure><div class=\"elementor-image-box-content\"><h3 class=\"elementor-image-box-title\"><a href=\"https:\/\/www.alpsteel.com.tr\/en\/kare-demir\/\">Kare Demir<\/a><\/h3><p class=\"elementor-image-box-description\">S235JR ( ST37 ), S275JR ( ST44 ), S355JR ( ST52 ) Kalite S\u0131cak olarak 8,00 mm 250,00 mm aras\u0131 kal\u0131nl\u0131kta kare \u015fekilli \u00fcretilen metal malzemelerdir. Standart olarak 6 MT\u2019dir. Miktara g\u00f6re \u00f6zel boy \u00fcretim de yap\u0131labilmektedir.<\/p><\/div><\/div>\t\t\t\t<\/div>\n\t\t\t\t<\/div>\n\t\t\t\t\t<\/div>\n\t\t<\/div>\n\t\t\t\t<div class=\"elementor-column elementor-col-33 elementor-top-column elementor-element elementor-element-8d219b0\" data-id=\"8d219b0\" data-element_type=\"column\">\n\t\t\t<div class=\"elementor-widget-wrap elementor-element-populated\">\n\t\t\t\t\t\t<div class=\"elementor-element elementor-element-facb30d elementor-widget__width-initial elementor-position-top elementor-widget elementor-widget-image-box\" data-id=\"facb30d\" data-element_type=\"widget\" data-widget_type=\"image-box.default\">\n\t\t\t\t<div class=\"elementor-widget-container\">\n\t\t\t\t\t<div class=\"elementor-image-box-wrapper\"><figure class=\"elementor-image-box-img\"><a href=\"https:\/\/www.alpsteel.com.tr\/en\/te-demiri\/\" tabindex=\"-1\"><img loading=\"lazy\" decoding=\"async\" width=\"640\" height=\"320\" src=\"https:\/\/www.alpsteel.com.tr\/wp-content\/uploads\/2023\/08\/alpsteel-te-demiri.jpg\" class=\"attachment-full size-full wp-image-1289\" alt=\"Te Demiri\" srcset=\"https:\/\/www.alpsteel.com.tr\/wp-content\/uploads\/2023\/08\/alpsteel-te-demiri.jpg 640w, https:\/\/www.alpsteel.com.tr\/wp-content\/uploads\/2023\/08\/alpsteel-te-demiri-300x150.jpg 300w, https:\/\/www.alpsteel.com.tr\/wp-content\/uploads\/2023\/08\/alpsteel-te-demiri-18x9.jpg 18w\" sizes=\"(max-width: 640px) 100vw, 640px\" \/><\/a><\/figure><div class=\"elementor-image-box-content\"><h3 class=\"elementor-image-box-title\"><a href=\"https:\/\/www.alpsteel.com.tr\/en\/te-demiri\/\">TE Demiri<\/a><\/h3><p class=\"elementor-image-box-description\">S235JR ( ST37 ) Kalite olarak S\u0131cak \u015fekilli \u00fcretilen yap\u0131 Profilleridir. Standart olarak 6 MT\u2019dir. Miktara g\u00f6re \u00f6zel boy \u00fcretim de yap\u0131labilmektedir.\n\n25 \u2013 30 \u2013 40 \u2013 50 mm \u00f6l\u00e7\u00fclerinde S235JR       ( ST37 ), Kalite TE Demirleri Fiyat ve Stok bilgisi i\u00e7in Firmam\u0131zla ileti\u015fime Ge\u00e7ebilirsiniz.<\/p><\/div><\/div>\t\t\t\t<\/div>\n\t\t\t\t<\/div>\n\t\t\t\t\t<\/div>\n\t\t<\/div>\n\t\t\t\t\t<\/div>\n\t\t<\/section>\n\t\t\t\t<\/div>","protected":false},"excerpt":{"rendered":"<p>NPU Demiri Sa\u011flam demir profiller olan NPU profiller \u015fekil olarak da yap\u0131lar\u0131n her noktas\u0131nda kullan\u0131lma kolayl\u0131\u011f\u0131 sa\u011fl\u0131yor. U \u015feklindeki dayan\u0131kl\u0131 demir profiller, kritik noktalarda destekleyici ve g\u00fc\u00e7lendiricidir. Kullan\u0131m alan\u0131na g\u00f6re farkl\u0131 \u00f6l\u00e7\u00fclerde tercih edilebilir. NPI Demiri S235JR ( ST37 ), S275JR ( ST44 ), S355JR ( ST52 ) Kalite olarak S\u0131cak \u015fekilli \u00fcretilen yap\u0131 Profilleridir. &hellip;<\/p>\n<p class=\"read-more\"> <a class=\"\" href=\"https:\/\/www.alpsteel.com.tr\/en\/hadde-urunleri\/\"> <span class=\"screen-reader-text\">Hadde \u00dcr\u00fcnleri<\/span> Read More &raquo;<\/a><\/p>","protected":false},"author":1,"featured_media":0,"parent":0,"menu_order":0,"comment_status":"closed","ping_status":"closed","template":"","meta":{"site-sidebar-layout":"no-sidebar","site-content-layout":"page-builder","ast-site-content-layout":"default","site-content-style":"default","site-sidebar-style":"default","ast-global-header-display":"","ast-banner-title-visibility":"","ast-main-header-display":"","ast-hfb-above-header-display":"","ast-hfb-below-header-display":"","ast-hfb-mobile-header-display":"","site-post-title":"disabled","ast-breadcrumbs-content":"","ast-featured-img":"disabled","footer-sml-layout":"","theme-transparent-header-meta":"default","adv-header-id-meta":"","stick-header-meta":"","header-above-stick-meta":"","header-main-stick-meta":"","header-below-stick-meta":"","astra-migrate-meta-layouts":"set","footnotes":""},"class_list":["post-1249","page","type-page","status-publish","hentry"],"_links":{"self":[{"href":"https:\/\/www.alpsteel.com.tr\/en\/wp-json\/wp\/v2\/pages\/1249","targetHints":{"allow":["GET"]}}],"collection":[{"href":"https:\/\/www.alpsteel.com.tr\/en\/wp-json\/wp\/v2\/pages"}],"about":[{"href":"https:\/\/www.alpsteel.com.tr\/en\/wp-json\/wp\/v2\/types\/page"}],"author":[{"embeddable":true,"href":"https:\/\/www.alpsteel.com.tr\/en\/wp-json\/wp\/v2\/users\/1"}],"replies":[{"embeddable":true,"href":"https:\/\/www.alpsteel.com.tr\/en\/wp-json\/wp\/v2\/comments?post=1249"}],"version-history":[{"count":40,"href":"https:\/\/www.alpsteel.com.tr\/en\/wp-json\/wp\/v2\/pages\/1249\/revisions"}],"predecessor-version":[{"id":1579,"href":"https:\/\/www.alpsteel.com.tr\/en\/wp-json\/wp\/v2\/pages\/1249\/revisions\/1579"}],"wp:attachment":[{"href":"https:\/\/www.alpsteel.com.tr\/en\/wp-json\/wp\/v2\/media?parent=1249"}],"curies":[{"name":"wp","href":"https:\/\/api.w.org\/{rel}","templated":true}]}}