{"id":1293,"date":"2023-08-23T14:07:54","date_gmt":"2023-08-23T14:07:54","guid":{"rendered":"https:\/\/yeni.alpsteel.com.tr\/?page_id=1293"},"modified":"2023-08-24T09:51:46","modified_gmt":"2023-08-24T09:51:46","slug":"boru-urunleri","status":"publish","type":"page","link":"https:\/\/www.alpsteel.com.tr\/en\/boru-urunleri\/","title":{"rendered":"Boru \u00dcr\u00fcnleri"},"content":{"rendered":"<div data-elementor-type=\"wp-page\" data-elementor-id=\"1293\" class=\"elementor elementor-1293\" data-elementor-post-type=\"page\">\n\t\t\t\t\t\t<section class=\"elementor-section elementor-top-section elementor-element elementor-element-0b098d5 elementor-section-boxed elementor-section-height-default elementor-section-height-default\" data-id=\"0b098d5\" data-element_type=\"section\">\n\t\t\t\t\t\t<div class=\"elementor-container elementor-column-gap-default\">\n\t\t\t\t\t<div class=\"elementor-column elementor-col-33 elementor-top-column elementor-element elementor-element-3cdfbcb\" data-id=\"3cdfbcb\" data-element_type=\"column\">\n\t\t\t<div class=\"elementor-widget-wrap elementor-element-populated\">\n\t\t\t\t\t\t<div class=\"elementor-element elementor-element-741e888 elementor-widget__width-initial elementor-position-top elementor-widget elementor-widget-image-box\" data-id=\"741e888\" data-element_type=\"widget\" data-widget_type=\"image-box.default\">\n\t\t\t\t<div class=\"elementor-widget-container\">\n\t\t\t\t\t<div class=\"elementor-image-box-wrapper\"><figure class=\"elementor-image-box-img\"><a href=\"https:\/\/www.alpsteel.com.tr\/en\/sanayi-borusu\/\" tabindex=\"-1\"><img fetchpriority=\"high\" decoding=\"async\" width=\"640\" height=\"320\" src=\"https:\/\/www.alpsteel.com.tr\/wp-content\/uploads\/2023\/08\/alpteel-sanayi-borulari.jpg\" class=\"attachment-full size-full wp-image-1349\" alt=\"Sanayi Borusu\" srcset=\"https:\/\/www.alpsteel.com.tr\/wp-content\/uploads\/2023\/08\/alpteel-sanayi-borulari.jpg 640w, https:\/\/www.alpsteel.com.tr\/wp-content\/uploads\/2023\/08\/alpteel-sanayi-borulari-300x150.jpg 300w, https:\/\/www.alpsteel.com.tr\/wp-content\/uploads\/2023\/08\/alpteel-sanayi-borulari-18x9.jpg 18w\" sizes=\"(max-width: 640px) 100vw, 640px\" \/><\/a><\/figure><div class=\"elementor-image-box-content\"><h3 class=\"elementor-image-box-title\"><a href=\"https:\/\/www.alpsteel.com.tr\/en\/sanayi-borusu\/\">Sanayi Borusu<\/a><\/h3><p class=\"elementor-image-box-description\">DIN 2394 \u2013 TS EN 10305-3 \u2013 TS EN 10219-2 Standartlar\u0131nda DC01, S235JR ( ST37 ), S275JR ( ST44 ), S355JR ( ST52 ) Kalite S\u0131cak ve so\u011fuk sacdan, Y\u00fcksek kaynak teknolojisiyle \u00fcretilen Konstr\u00fcksiyon, Hassas Boru, Sanayi ve iskele borular\u0131 olarak; 12,00 mm \u2013 323,00 mm aras\u0131 \u00e7ap ve 0,70 mm \u2013 10,00 mm aras\u0131 kal\u0131nl\u0131klarda \u00fcretilmektedir.<\/p><\/div><\/div>\t\t\t\t<\/div>\n\t\t\t\t<\/div>\n\t\t\t\t\t<\/div>\n\t\t<\/div>\n\t\t\t\t<div class=\"elementor-column elementor-col-33 elementor-top-column elementor-element elementor-element-79c9366\" data-id=\"79c9366\" data-element_type=\"column\">\n\t\t\t<div class=\"elementor-widget-wrap elementor-element-populated\">\n\t\t\t\t\t\t<div class=\"elementor-element elementor-element-32421e7 elementor-widget__width-initial elementor-position-top elementor-widget elementor-widget-image-box\" data-id=\"32421e7\" data-element_type=\"widget\" data-widget_type=\"image-box.default\">\n\t\t\t\t<div class=\"elementor-widget-container\">\n\t\t\t\t\t<div class=\"elementor-image-box-wrapper\"><figure class=\"elementor-image-box-img\"><a href=\"https:\/\/www.alpsteel.com.tr\/en\/siyah-ve-galvaniz-su-borusu\/\" tabindex=\"-1\"><img decoding=\"async\" width=\"640\" height=\"320\" src=\"https:\/\/www.alpsteel.com.tr\/wp-content\/uploads\/2023\/08\/alpsteel-galvaniz-su-borusu.jpg\" class=\"attachment-full size-full wp-image-1329\" alt=\"Galvaniz Su Borusu\" srcset=\"https:\/\/www.alpsteel.com.tr\/wp-content\/uploads\/2023\/08\/alpsteel-galvaniz-su-borusu.jpg 640w, https:\/\/www.alpsteel.com.tr\/wp-content\/uploads\/2023\/08\/alpsteel-galvaniz-su-borusu-300x150.jpg 300w, https:\/\/www.alpsteel.com.tr\/wp-content\/uploads\/2023\/08\/alpsteel-galvaniz-su-borusu-18x9.jpg 18w\" sizes=\"(max-width: 640px) 100vw, 640px\" \/><\/a><\/figure><div class=\"elementor-image-box-content\"><h3 class=\"elementor-image-box-title\"><a href=\"https:\/\/www.alpsteel.com.tr\/en\/siyah-ve-galvaniz-su-borusu\/\">Siyah ve Galvaniz Su Borusu<\/a><\/h3><p class=\"elementor-image-box-description\">TS EN 10255, ASTM A53, ISO 65, TS EN 10217-1 Koruyucu Ya\u011f, S\u0131cak Dald\u0131rma Galvaniz, Su Bazl\u0131 Boyal\u0131, Epoksi  y\u00fczey kaplamal\u0131, D\u00fcz U\u00e7lu, Kaynak A\u011fz\u0131 A\u00e7\u0131lm\u0131\u015f, Di\u015fli & Man\u015fonlu olarak, 1\/2\u201d \u2013 12\u201d (21,3 \u2013 323,9 mm) \u00e7aplarda \u00fcretilmektedir. Standart olarak 6 MT boyundad\u0131r. Miktara g\u00f6re 4 MT \u2013 12 MT aras\u0131 \u00f6zel boy \u00fcretim de yap\u0131labilmektedir.<\/p><\/div><\/div>\t\t\t\t<\/div>\n\t\t\t\t<\/div>\n\t\t\t\t\t<\/div>\n\t\t<\/div>\n\t\t\t\t<div class=\"elementor-column elementor-col-33 elementor-top-column elementor-element elementor-element-e0f7bb5\" data-id=\"e0f7bb5\" data-element_type=\"column\">\n\t\t\t<div class=\"elementor-widget-wrap elementor-element-populated\">\n\t\t\t\t\t\t<div class=\"elementor-element elementor-element-558bf90 elementor-widget__width-initial elementor-position-top elementor-widget elementor-widget-image-box\" data-id=\"558bf90\" data-element_type=\"widget\" data-widget_type=\"image-box.default\">\n\t\t\t\t<div class=\"elementor-widget-container\">\n\t\t\t\t\t<div class=\"elementor-image-box-wrapper\"><figure class=\"elementor-image-box-img\"><a href=\"https:\/\/www.alpsteel.com.tr\/en\/spiral-kaynakli-boru\/\" tabindex=\"-1\"><img decoding=\"async\" width=\"640\" height=\"320\" src=\"https:\/\/www.alpsteel.com.tr\/wp-content\/uploads\/2023\/08\/alpsteel-spiral-kaynakli-boru.jpg\" class=\"attachment-full size-full wp-image-1333\" alt=\"Spiral Kaynakl\u0131 Boru\" srcset=\"https:\/\/www.alpsteel.com.tr\/wp-content\/uploads\/2023\/08\/alpsteel-spiral-kaynakli-boru.jpg 640w, https:\/\/www.alpsteel.com.tr\/wp-content\/uploads\/2023\/08\/alpsteel-spiral-kaynakli-boru-300x150.jpg 300w, https:\/\/www.alpsteel.com.tr\/wp-content\/uploads\/2023\/08\/alpsteel-spiral-kaynakli-boru-18x9.jpg 18w\" sizes=\"(max-width: 640px) 100vw, 640px\" \/><\/a><\/figure><div class=\"elementor-image-box-content\"><h3 class=\"elementor-image-box-title\"><a href=\"https:\/\/www.alpsteel.com.tr\/en\/spiral-kaynakli-boru\/\">Spiral Kaynakl\u0131 Boru<\/a><\/h3><p class=\"elementor-image-box-description\">TS EN 10217-1 \u2013 TS EN 10219 \u2013 DIN 1626, ASTM A53 \u00fcretim Standartlar\u0131nda D\u00fcz sac\u0131n spiral olarak sar\u0131l\u0131p boru formuna getirilmesi ve sac\u0131n kenarlar\u0131n\u0131n d\u0131\u015ftan ve i\u00e7ten toz alt\u0131 kaynak y\u00f6ntemi ile birle\u015ftirilmesiyle imal edilir.<\/p><\/div><\/div>\t\t\t\t<\/div>\n\t\t\t\t<\/div>\n\t\t\t\t\t<\/div>\n\t\t<\/div>\n\t\t\t\t\t<\/div>\n\t\t<\/section>\n\t\t\t\t<section class=\"elementor-section elementor-top-section elementor-element elementor-element-ef2dd8f elementor-section-boxed elementor-section-height-default elementor-section-height-default\" data-id=\"ef2dd8f\" data-element_type=\"section\">\n\t\t\t\t\t\t<div class=\"elementor-container elementor-column-gap-default\">\n\t\t\t\t\t<div class=\"elementor-column elementor-col-33 elementor-top-column elementor-element elementor-element-392b6a2\" data-id=\"392b6a2\" data-element_type=\"column\">\n\t\t\t<div class=\"elementor-widget-wrap elementor-element-populated\">\n\t\t\t\t\t\t<div class=\"elementor-element elementor-element-2d8c8ff elementor-widget__width-initial elementor-position-top elementor-widget elementor-widget-image-box\" data-id=\"2d8c8ff\" data-element_type=\"widget\" data-widget_type=\"image-box.default\">\n\t\t\t\t<div class=\"elementor-widget-container\">\n\t\t\t\t\t<div class=\"elementor-image-box-wrapper\"><figure class=\"elementor-image-box-img\"><a href=\"https:\/\/www.alpsteel.com.tr\/en\/celik-cekme-boru\/\" tabindex=\"-1\"><img loading=\"lazy\" decoding=\"async\" width=\"640\" height=\"320\" src=\"https:\/\/www.alpsteel.com.tr\/wp-content\/uploads\/2023\/08\/alpsteel-celik-cekme-boru.jpg\" class=\"attachment-full size-full wp-image-1337\" alt=\"\u00c7elik \u00c7ekme Boru\" srcset=\"https:\/\/www.alpsteel.com.tr\/wp-content\/uploads\/2023\/08\/alpsteel-celik-cekme-boru.jpg 640w, https:\/\/www.alpsteel.com.tr\/wp-content\/uploads\/2023\/08\/alpsteel-celik-cekme-boru-300x150.jpg 300w, https:\/\/www.alpsteel.com.tr\/wp-content\/uploads\/2023\/08\/alpsteel-celik-cekme-boru-18x9.jpg 18w\" sizes=\"(max-width: 640px) 100vw, 640px\" \/><\/a><\/figure><div class=\"elementor-image-box-content\"><h3 class=\"elementor-image-box-title\"><a href=\"https:\/\/www.alpsteel.com.tr\/en\/celik-cekme-boru\/\">\u00c7elik \u00c7ekme Boru<\/a><\/h3><p class=\"elementor-image-box-description\">EN 10210-1&2 \u00fcretim Standartlar\u0131nda So\u011fuk ve S\u0131cak haddeleme y\u00f6ntemi ile k\u00fc\u00e7\u00fck \u00e7aplar 6 MT, B\u00fcy\u00fck \u00e7aplar 12 MT olarak, \u00c7\u0131plak veya Vernik korumal\u0131 y\u00fczey olarak \u00fcretim yap\u0131labilmektedir. Bir\u00e7ok \u00f6l\u00e7\u00fc stoklarda bulunmakta olup, Fire ve i\u015f kayb\u0131n\u0131 \u00f6nlemek ama\u00e7l\u0131 projeye \u00f6zel \u00e7ap ve boyda \u00fcretim de yap\u0131labilmektedir.<\/p><\/div><\/div>\t\t\t\t<\/div>\n\t\t\t\t<\/div>\n\t\t\t\t\t<\/div>\n\t\t<\/div>\n\t\t\t\t<div class=\"elementor-column elementor-col-33 elementor-top-column elementor-element elementor-element-8543f52\" data-id=\"8543f52\" data-element_type=\"column\">\n\t\t\t<div class=\"elementor-widget-wrap elementor-element-populated\">\n\t\t\t\t\t\t<div class=\"elementor-element elementor-element-b3ce783 elementor-widget__width-initial elementor-position-top elementor-widget elementor-widget-image-box\" data-id=\"b3ce783\" data-element_type=\"widget\" data-widget_type=\"image-box.default\">\n\t\t\t\t<div class=\"elementor-widget-container\">\n\t\t\t\t\t<div class=\"elementor-image-box-wrapper\"><figure class=\"elementor-image-box-img\"><a href=\"https:\/\/www.alpsteel.com.tr\/en\/dogalgaz-borusu\/\" tabindex=\"-1\"><img loading=\"lazy\" decoding=\"async\" width=\"640\" height=\"320\" src=\"https:\/\/www.alpsteel.com.tr\/wp-content\/uploads\/2023\/08\/alpsteel-dogalgaz-borusu.jpg\" class=\"attachment-full size-full wp-image-1341\" alt=\"Do\u011falgaz Borusu\" srcset=\"https:\/\/www.alpsteel.com.tr\/wp-content\/uploads\/2023\/08\/alpsteel-dogalgaz-borusu.jpg 640w, https:\/\/www.alpsteel.com.tr\/wp-content\/uploads\/2023\/08\/alpsteel-dogalgaz-borusu-300x150.jpg 300w, https:\/\/www.alpsteel.com.tr\/wp-content\/uploads\/2023\/08\/alpsteel-dogalgaz-borusu-18x9.jpg 18w\" sizes=\"(max-width: 640px) 100vw, 640px\" \/><\/a><\/figure><div class=\"elementor-image-box-content\"><h3 class=\"elementor-image-box-title\"><a href=\"https:\/\/www.alpsteel.com.tr\/en\/dogalgaz-borusu\/\">Do\u011falgaz Borusu<\/a><\/h3><p class=\"elementor-image-box-description\">API 5L PSL1, API 5L PSL2, TS EN ISO 3183, API 5CT  Standartlar\u0131nda Koruyucu Ya\u011f, Polipropilen Kaplama, Polietilen Kaplama, Su Bazl\u0131 Boyal\u0131 Epoksi y\u00fczey kaplamal\u0131, d\u00fcz u\u00e7lu veya kaynak a\u011fz\u0131 a\u00e7\u0131lm\u0131\u015f, 1\/2\u201d \u2013 12\u201d (21,3 \u2013 323,9 mm) \u00e7aplarda \u00fcretilmektedir. <\/p><\/div><\/div>\t\t\t\t<\/div>\n\t\t\t\t<\/div>\n\t\t\t\t\t<\/div>\n\t\t<\/div>\n\t\t\t\t<div class=\"elementor-column elementor-col-33 elementor-top-column elementor-element elementor-element-74b30a8\" data-id=\"74b30a8\" data-element_type=\"column\">\n\t\t\t<div class=\"elementor-widget-wrap elementor-element-populated\">\n\t\t\t\t\t\t<div class=\"elementor-element elementor-element-f367be6 elementor-widget__width-initial elementor-position-top elementor-widget elementor-widget-image-box\" data-id=\"f367be6\" data-element_type=\"widget\" data-widget_type=\"image-box.default\">\n\t\t\t\t<div class=\"elementor-widget-container\">\n\t\t\t\t\t<div class=\"elementor-image-box-wrapper\"><figure class=\"elementor-image-box-img\"><a href=\"https:\/\/www.alpsteel.com.tr\/en\/kazan-borusu\/\" tabindex=\"-1\"><img loading=\"lazy\" decoding=\"async\" width=\"640\" height=\"320\" src=\"https:\/\/www.alpsteel.com.tr\/wp-content\/uploads\/2023\/08\/alpsteel-kazan-borusu.jpg\" class=\"attachment-full size-full wp-image-1345\" alt=\"Kazan Borusu\" srcset=\"https:\/\/www.alpsteel.com.tr\/wp-content\/uploads\/2023\/08\/alpsteel-kazan-borusu.jpg 640w, https:\/\/www.alpsteel.com.tr\/wp-content\/uploads\/2023\/08\/alpsteel-kazan-borusu-300x150.jpg 300w, https:\/\/www.alpsteel.com.tr\/wp-content\/uploads\/2023\/08\/alpsteel-kazan-borusu-18x9.jpg 18w\" sizes=\"(max-width: 640px) 100vw, 640px\" \/><\/a><\/figure><div class=\"elementor-image-box-content\"><h3 class=\"elementor-image-box-title\"><a href=\"https:\/\/www.alpsteel.com.tr\/en\/kazan-borusu\/\">Kazan Borusu<\/a><\/h3><p class=\"elementor-image-box-description\">TS EN 10217-2 Standartlar\u0131nda Siyah ve Su bazl\u0131 koruyucu y\u00fczey kaplamal\u0131, d\u00fcz u\u00e7lu veya kaynak a\u011fz\u0131 a\u00e7\u0131lm\u0131\u015f, 51,00 mm ve 76,1 mm aras\u0131 \u00e7aplarda \u00fcretilmektedir. Standart olarak 6 MT boyundad\u0131r. Miktara g\u00f6re 4 MT \u2013 12 MT aras\u0131 \u00f6zel boy \u00fcretim de yap\u0131labilmektedir.\n\n<\/p><\/div><\/div>\t\t\t\t<\/div>\n\t\t\t\t<\/div>\n\t\t\t\t\t<\/div>\n\t\t<\/div>\n\t\t\t\t\t<\/div>\n\t\t<\/section>\n\t\t\t\t<\/div>","protected":false},"excerpt":{"rendered":"<p>Sanayi Borusu DIN 2394 \u2013 TS EN 10305-3 \u2013 TS EN 10219-2 Standartlar\u0131nda DC01, S235JR ( ST37 ), S275JR ( ST44 ), S355JR ( ST52 ) Kalite S\u0131cak ve so\u011fuk sacdan, Y\u00fcksek kaynak teknolojisiyle \u00fcretilen Konstr\u00fcksiyon, Hassas Boru, Sanayi ve iskele borular\u0131 olarak; 12,00 mm \u2013 323,00 mm aras\u0131 \u00e7ap ve 0,70 mm \u2013 10,00 &hellip;<\/p>\n<p class=\"read-more\"> <a class=\"\" href=\"https:\/\/www.alpsteel.com.tr\/en\/boru-urunleri\/\"> <span class=\"screen-reader-text\">Boru \u00dcr\u00fcnleri<\/span> Read More &raquo;<\/a><\/p>","protected":false},"author":1,"featured_media":0,"parent":0,"menu_order":0,"comment_status":"closed","ping_status":"closed","template":"","meta":{"site-sidebar-layout":"no-sidebar","site-content-layout":"page-builder","ast-site-content-layout":"default","site-content-style":"default","site-sidebar-style":"default","ast-global-header-display":"","ast-banner-title-visibility":"","ast-main-header-display":"","ast-hfb-above-header-display":"","ast-hfb-below-header-display":"","ast-hfb-mobile-header-display":"","site-post-title":"disabled","ast-breadcrumbs-content":"","ast-featured-img":"disabled","footer-sml-layout":"","theme-transparent-header-meta":"default","adv-header-id-meta":"","stick-header-meta":"","header-above-stick-meta":"","header-main-stick-meta":"","header-below-stick-meta":"","astra-migrate-meta-layouts":"set","footnotes":""},"class_list":["post-1293","page","type-page","status-publish","hentry"],"_links":{"self":[{"href":"https:\/\/www.alpsteel.com.tr\/en\/wp-json\/wp\/v2\/pages\/1293","targetHints":{"allow":["GET"]}}],"collection":[{"href":"https:\/\/www.alpsteel.com.tr\/en\/wp-json\/wp\/v2\/pages"}],"about":[{"href":"https:\/\/www.alpsteel.com.tr\/en\/wp-json\/wp\/v2\/types\/page"}],"author":[{"embeddable":true,"href":"https:\/\/www.alpsteel.com.tr\/en\/wp-json\/wp\/v2\/users\/1"}],"replies":[{"embeddable":true,"href":"https:\/\/www.alpsteel.com.tr\/en\/wp-json\/wp\/v2\/comments?post=1293"}],"version-history":[{"count":55,"href":"https:\/\/www.alpsteel.com.tr\/en\/wp-json\/wp\/v2\/pages\/1293\/revisions"}],"predecessor-version":[{"id":1639,"href":"https:\/\/www.alpsteel.com.tr\/en\/wp-json\/wp\/v2\/pages\/1293\/revisions\/1639"}],"wp:attachment":[{"href":"https:\/\/www.alpsteel.com.tr\/en\/wp-json\/wp\/v2\/media?parent=1293"}],"curies":[{"name":"wp","href":"https:\/\/api.w.org\/{rel}","templated":true}]}}