{"id":1356,"date":"2023-08-23T14:30:36","date_gmt":"2023-08-23T14:30:36","guid":{"rendered":"https:\/\/yeni.alpsteel.com.tr\/?page_id=1356"},"modified":"2023-08-24T10:12:06","modified_gmt":"2023-08-24T10:12:06","slug":"profil-urunleri","status":"publish","type":"page","link":"https:\/\/www.alpsteel.com.tr\/en\/profil-urunleri\/","title":{"rendered":"Profil \u00dcr\u00fcnleri"},"content":{"rendered":"<div data-elementor-type=\"wp-page\" data-elementor-id=\"1356\" class=\"elementor elementor-1356\" data-elementor-post-type=\"page\">\n\t\t\t\t\t\t<section class=\"elementor-section elementor-top-section elementor-element elementor-element-e7133d4 elementor-section-boxed elementor-section-height-default elementor-section-height-default\" data-id=\"e7133d4\" data-element_type=\"section\">\n\t\t\t\t\t\t<div class=\"elementor-container elementor-column-gap-default\">\n\t\t\t\t\t<div class=\"elementor-column elementor-col-33 elementor-top-column elementor-element elementor-element-be8eb67\" data-id=\"be8eb67\" data-element_type=\"column\">\n\t\t\t<div class=\"elementor-widget-wrap elementor-element-populated\">\n\t\t\t\t\t\t<div class=\"elementor-element elementor-element-e5fd357 elementor-widget__width-initial elementor-position-top elementor-widget elementor-widget-image-box\" data-id=\"e5fd357\" data-element_type=\"widget\" data-widget_type=\"image-box.default\">\n\t\t\t\t<div class=\"elementor-widget-container\">\n\t\t\t\t\t<div class=\"elementor-image-box-wrapper\"><figure class=\"elementor-image-box-img\"><a href=\"https:\/\/www.alpsteel.com.tr\/en\/siyah-kutu-profil\/\" tabindex=\"-1\"><img fetchpriority=\"high\" decoding=\"async\" width=\"640\" height=\"320\" src=\"https:\/\/www.alpsteel.com.tr\/wp-content\/uploads\/2023\/08\/alpsteel-siyah-kutu-profili.jpg\" class=\"attachment-full size-full wp-image-239\" alt=\"Siyah Kutu Profil\" srcset=\"https:\/\/www.alpsteel.com.tr\/wp-content\/uploads\/2023\/08\/alpsteel-siyah-kutu-profili.jpg 640w, https:\/\/www.alpsteel.com.tr\/wp-content\/uploads\/2023\/08\/alpsteel-siyah-kutu-profili-300x150.jpg 300w, https:\/\/www.alpsteel.com.tr\/wp-content\/uploads\/2023\/08\/alpsteel-siyah-kutu-profili-18x9.jpg 18w\" sizes=\"(max-width: 640px) 100vw, 640px\" \/><\/a><\/figure><div class=\"elementor-image-box-content\"><h3 class=\"elementor-image-box-title\"><a href=\"https:\/\/www.alpsteel.com.tr\/en\/siyah-kutu-profil\/\">Siyah Kutu Profil<\/a><\/h3><p class=\"elementor-image-box-description\">TS 5317 \u2013 TS EN 10219-2 \u2013 ASTM A-500 Standartlar\u0131nda, S235JR ( ST37 ), S275JR ( ST44 ), S355JR ( ST52 ) Kalite, S\u0131cak ve so\u011fuk sacdan, Y\u00fcksek kaynak teknolojisiyle \u00fcretilen Konstr\u00fcksiyon, Kare, Dikd\u00f6rtgen kesitli ve \u00d6zel \u015fekilli Profillerdir.<\/p><\/div><\/div>\t\t\t\t<\/div>\n\t\t\t\t<\/div>\n\t\t\t\t\t<\/div>\n\t\t<\/div>\n\t\t\t\t<div class=\"elementor-column elementor-col-33 elementor-top-column elementor-element elementor-element-db9c270\" data-id=\"db9c270\" data-element_type=\"column\">\n\t\t\t<div class=\"elementor-widget-wrap elementor-element-populated\">\n\t\t\t\t\t\t<div class=\"elementor-element elementor-element-89ac8d6 elementor-widget__width-initial elementor-position-top elementor-widget elementor-widget-image-box\" data-id=\"89ac8d6\" data-element_type=\"widget\" data-widget_type=\"image-box.default\">\n\t\t\t\t<div class=\"elementor-widget-container\">\n\t\t\t\t\t<div class=\"elementor-image-box-wrapper\"><figure class=\"elementor-image-box-img\"><a href=\"https:\/\/www.alpsteel.com.tr\/en\/boyali-kutu-profil\/\" tabindex=\"-1\"><img decoding=\"async\" width=\"640\" height=\"320\" src=\"https:\/\/www.alpsteel.com.tr\/wp-content\/uploads\/2023\/08\/alpsteel-boyali-kutu-profil.jpg\" class=\"attachment-full size-full wp-image-240\" alt=\"Boyal\u0131 Kutu Profil\" srcset=\"https:\/\/www.alpsteel.com.tr\/wp-content\/uploads\/2023\/08\/alpsteel-boyali-kutu-profil.jpg 640w, https:\/\/www.alpsteel.com.tr\/wp-content\/uploads\/2023\/08\/alpsteel-boyali-kutu-profil-300x150.jpg 300w, https:\/\/www.alpsteel.com.tr\/wp-content\/uploads\/2023\/08\/alpsteel-boyali-kutu-profil-18x9.jpg 18w\" sizes=\"(max-width: 640px) 100vw, 640px\" \/><\/a><\/figure><div class=\"elementor-image-box-content\"><h3 class=\"elementor-image-box-title\"><a href=\"https:\/\/www.alpsteel.com.tr\/en\/boyali-kutu-profil\/\">Boyal\u0131 Kutu Profil<\/a><\/h3><p class=\"elementor-image-box-description\">TS 5317 \u2013 TS EN 10219-2 \u2013 ASTM A-500 Standartlar\u0131nda S235JR ( ST37 ) Kalite S\u0131cak ve so\u011fuk sacdan, K\u0131rm\u0131z\u0131 Antipas Boyal\u0131, Y\u00fcksek kaynak teknolojisiyle \u00fcretilen Konstr\u00fcksiyon, Kare ve Dikd\u00f6rtgen kesitli Profillerdir.<\/p><\/div><\/div>\t\t\t\t<\/div>\n\t\t\t\t<\/div>\n\t\t\t\t\t<\/div>\n\t\t<\/div>\n\t\t\t\t<div class=\"elementor-column elementor-col-33 elementor-top-column elementor-element elementor-element-6e438e7\" data-id=\"6e438e7\" data-element_type=\"column\">\n\t\t\t<div class=\"elementor-widget-wrap elementor-element-populated\">\n\t\t\t\t\t\t<div class=\"elementor-element elementor-element-894d72d elementor-widget__width-initial elementor-position-top elementor-widget elementor-widget-image-box\" data-id=\"894d72d\" data-element_type=\"widget\" data-widget_type=\"image-box.default\">\n\t\t\t\t<div class=\"elementor-widget-container\">\n\t\t\t\t\t<div class=\"elementor-image-box-wrapper\"><figure class=\"elementor-image-box-img\"><a href=\"https:\/\/www.alpsteel.com.tr\/en\/galvaniz-kutu-profil\/\" tabindex=\"-1\"><img decoding=\"async\" width=\"640\" height=\"320\" src=\"https:\/\/www.alpsteel.com.tr\/wp-content\/uploads\/2023\/08\/alpsteel-galvaniz-kutu-profil.jpg\" class=\"attachment-full size-full wp-image-1367\" alt=\"Galvaniz Kutu Profil\" srcset=\"https:\/\/www.alpsteel.com.tr\/wp-content\/uploads\/2023\/08\/alpsteel-galvaniz-kutu-profil.jpg 640w, https:\/\/www.alpsteel.com.tr\/wp-content\/uploads\/2023\/08\/alpsteel-galvaniz-kutu-profil-300x150.jpg 300w, https:\/\/www.alpsteel.com.tr\/wp-content\/uploads\/2023\/08\/alpsteel-galvaniz-kutu-profil-18x9.jpg 18w\" sizes=\"(max-width: 640px) 100vw, 640px\" \/><\/a><\/figure><div class=\"elementor-image-box-content\"><h3 class=\"elementor-image-box-title\"><a href=\"https:\/\/www.alpsteel.com.tr\/en\/galvaniz-kutu-profil\/\">Galvaniz Kutu Profil<\/a><\/h3><p class=\"elementor-image-box-description\">TS 5317 \u2013 TS EN 10219-2 Standartlar\u0131nda DX51D+Z Kalite Galvaniz kapl\u0131 sacdan, Y\u00fcksek kaynak teknolojisiyle \u00fcretilen Konstr\u00fcksiyon, Kare, Dikd\u00f6rtgen kesitli, \u00d6zel \u015fekilli Profillerdir. Standart olarak 6 MT boyundad\u0131r. <\/p><\/div><\/div>\t\t\t\t<\/div>\n\t\t\t\t<\/div>\n\t\t\t\t\t<\/div>\n\t\t<\/div>\n\t\t\t\t\t<\/div>\n\t\t<\/section>\n\t\t\t\t<\/div>","protected":false},"excerpt":{"rendered":"<p>Siyah Kutu Profil TS 5317 \u2013 TS EN 10219-2 \u2013 ASTM A-500 Standartlar\u0131nda, S235JR ( ST37 ), S275JR ( ST44 ), S355JR ( ST52 ) Kalite, S\u0131cak ve so\u011fuk sacdan, Y\u00fcksek kaynak teknolojisiyle \u00fcretilen Konstr\u00fcksiyon, Kare, Dikd\u00f6rtgen kesitli ve \u00d6zel \u015fekilli Profillerdir. Boyal\u0131 Kutu Profil TS 5317 \u2013 TS EN 10219-2 \u2013 ASTM A-500 Standartlar\u0131nda &hellip;<\/p>\n<p class=\"read-more\"> <a class=\"\" href=\"https:\/\/www.alpsteel.com.tr\/en\/profil-urunleri\/\"> <span class=\"screen-reader-text\">Profil \u00dcr\u00fcnleri<\/span> Read More &raquo;<\/a><\/p>","protected":false},"author":1,"featured_media":0,"parent":0,"menu_order":0,"comment_status":"closed","ping_status":"closed","template":"","meta":{"site-sidebar-layout":"no-sidebar","site-content-layout":"page-builder","ast-site-content-layout":"default","site-content-style":"default","site-sidebar-style":"default","ast-global-header-display":"","ast-banner-title-visibility":"","ast-main-header-display":"","ast-hfb-above-header-display":"","ast-hfb-below-header-display":"","ast-hfb-mobile-header-display":"","site-post-title":"disabled","ast-breadcrumbs-content":"","ast-featured-img":"disabled","footer-sml-layout":"","theme-transparent-header-meta":"default","adv-header-id-meta":"","stick-header-meta":"","header-above-stick-meta":"","header-main-stick-meta":"","header-below-stick-meta":"","astra-migrate-meta-layouts":"set","footnotes":""},"class_list":["post-1356","page","type-page","status-publish","hentry"],"_links":{"self":[{"href":"https:\/\/www.alpsteel.com.tr\/en\/wp-json\/wp\/v2\/pages\/1356","targetHints":{"allow":["GET"]}}],"collection":[{"href":"https:\/\/www.alpsteel.com.tr\/en\/wp-json\/wp\/v2\/pages"}],"about":[{"href":"https:\/\/www.alpsteel.com.tr\/en\/wp-json\/wp\/v2\/types\/page"}],"author":[{"embeddable":true,"href":"https:\/\/www.alpsteel.com.tr\/en\/wp-json\/wp\/v2\/users\/1"}],"replies":[{"embeddable":true,"href":"https:\/\/www.alpsteel.com.tr\/en\/wp-json\/wp\/v2\/comments?post=1356"}],"version-history":[{"count":16,"href":"https:\/\/www.alpsteel.com.tr\/en\/wp-json\/wp\/v2\/pages\/1356\/revisions"}],"predecessor-version":[{"id":1673,"href":"https:\/\/www.alpsteel.com.tr\/en\/wp-json\/wp\/v2\/pages\/1356\/revisions\/1673"}],"wp:attachment":[{"href":"https:\/\/www.alpsteel.com.tr\/en\/wp-json\/wp\/v2\/media?parent=1356"}],"curies":[{"name":"wp","href":"https:\/\/api.w.org\/{rel}","templated":true}]}}