{"id":1381,"date":"2023-08-23T14:45:41","date_gmt":"2023-08-23T14:45:41","guid":{"rendered":"https:\/\/yeni.alpsteel.com.tr\/?page_id=1381"},"modified":"2023-08-24T10:23:47","modified_gmt":"2023-08-24T10:23:47","slug":"celik-cit-hasir","status":"publish","type":"page","link":"https:\/\/www.alpsteel.com.tr\/en\/celik-cit-hasir\/","title":{"rendered":"\u00c7elik \u00c7it Has\u0131r"},"content":{"rendered":"<div data-elementor-type=\"wp-page\" data-elementor-id=\"1381\" class=\"elementor elementor-1381\" data-elementor-post-type=\"page\">\n\t\t\t\t\t\t<section class=\"elementor-section elementor-top-section elementor-element elementor-element-d73fd16 elementor-section-boxed elementor-section-height-default elementor-section-height-default\" data-id=\"d73fd16\" data-element_type=\"section\">\n\t\t\t\t\t\t<div class=\"elementor-container elementor-column-gap-default\">\n\t\t\t\t\t<div class=\"elementor-column elementor-col-66 elementor-top-column elementor-element elementor-element-bcd467f\" data-id=\"bcd467f\" data-element_type=\"column\">\n\t\t\t<div class=\"elementor-widget-wrap elementor-element-populated\">\n\t\t\t\t\t\t<div class=\"elementor-element elementor-element-3a0018a elementor-widget elementor-widget-text-editor\" data-id=\"3a0018a\" data-element_type=\"widget\" data-widget_type=\"text-editor.default\">\n\t\t\t\t<div class=\"elementor-widget-container\">\n\t\t\t\t\t\t\t\t\t<p>S220 Kalite olarak 5,00 mm kal\u0131nl\u0131k, 50 mm \u2013 150 mm ve 75 mm \u2013 75 mm g\u00f6z aral\u0131\u011f\u0131n da, 2150 mm en 5000 mm boy standart \u00f6l\u00e7\u00fclerde, talebe g\u00f6re \u00f6zel ebat ve g\u00f6z aral\u0131\u011f\u0131nda da \u00fcretim yap\u0131lmaktad\u0131r. Fiyat ve Stok bilgisi i\u00e7in Firmam\u0131zla ileti\u015fime Ge\u00e7ebilirsiniz.<\/p><p><strong>Genel Kullan\u0131m Alanlar\u0131;<\/strong><\/p><ul><li>Spor sahalar\u0131 ve Fabrika bina \u00e7evresini kapatmada,<\/li><li>K\u00f6pr\u00fc ve Otoyollarda \u00c7evreyi emniyete almak i\u00e7in,<\/li><li>Bina, okul ve bah\u00e7e gibi yerlerin etraf\u0131n\u0131 kapatmada.<\/li><\/ul>\t\t\t\t\t\t\t\t<\/div>\n\t\t\t\t<\/div>\n\t\t\t\t\t<\/div>\n\t\t<\/div>\n\t\t\t\t<div class=\"elementor-column elementor-col-33 elementor-top-column elementor-element elementor-element-75afbfe\" data-id=\"75afbfe\" data-element_type=\"column\">\n\t\t\t<div class=\"elementor-widget-wrap elementor-element-populated\">\n\t\t\t\t\t\t<div class=\"elementor-element elementor-element-1ff40ca elementor-invisible elementor-widget elementor-widget-image\" data-id=\"1ff40ca\" data-element_type=\"widget\" data-settings=\"{&quot;_animation&quot;:&quot;fadeInDown&quot;}\" data-widget_type=\"image.default\">\n\t\t\t\t<div class=\"elementor-widget-container\">\n\t\t\t\t\t\t\t\t\t\t\t\t\t\t\t<img fetchpriority=\"high\" decoding=\"async\" width=\"640\" height=\"320\" src=\"https:\/\/www.alpsteel.com.tr\/wp-content\/uploads\/2023\/08\/alpsteel-celik-hasirlar.jpg\" class=\"attachment-large size-large wp-image-1377\" alt=\"\u00c7elik \u00c7it Has\u0131rlar\" srcset=\"https:\/\/www.alpsteel.com.tr\/wp-content\/uploads\/2023\/08\/alpsteel-celik-hasirlar.jpg 640w, https:\/\/www.alpsteel.com.tr\/wp-content\/uploads\/2023\/08\/alpsteel-celik-hasirlar-300x150.jpg 300w, https:\/\/www.alpsteel.com.tr\/wp-content\/uploads\/2023\/08\/alpsteel-celik-hasirlar-18x9.jpg 18w\" sizes=\"(max-width: 640px) 100vw, 640px\" \/>\t\t\t\t\t\t\t\t\t\t\t\t\t\t\t<\/div>\n\t\t\t\t<\/div>\n\t\t\t\t\t<\/div>\n\t\t<\/div>\n\t\t\t\t\t<\/div>\n\t\t<\/section>\n\t\t\t\t<section class=\"elementor-section elementor-top-section elementor-element elementor-element-0dfd69c elementor-section-boxed elementor-section-height-default elementor-section-height-default\" data-id=\"0dfd69c\" data-element_type=\"section\">\n\t\t\t\t\t\t<div class=\"elementor-container elementor-column-gap-default\">\n\t\t\t\t\t<div class=\"elementor-column elementor-col-100 elementor-top-column elementor-element elementor-element-377bef5\" data-id=\"377bef5\" data-element_type=\"column\">\n\t\t\t<div class=\"elementor-widget-wrap elementor-element-populated\">\n\t\t\t\t\t\t<div class=\"elementor-element elementor-element-70967b4 elementor-widget elementor-widget-text-editor\" data-id=\"70967b4\" data-element_type=\"widget\" data-widget_type=\"text-editor.default\">\n\t\t\t\t<div class=\"elementor-widget-container\">\n\t\t\t\t\t\t\t\t\t<table width=\"0\"><tbody><tr><td width=\"63\"><strong>HASIR<\/strong><\/td><td width=\"63\"><strong>G\u00d6Z<\/strong><\/td><td colspan=\"5\" width=\"352\"><strong>\u00c7\u0130T HASIR\u00a0<\/strong><\/td><td width=\"64\">\u00a0<\/td><\/tr><tr><td width=\"63\"><strong>HASIR<\/strong><\/td><td width=\"63\"><strong>EBADI<\/strong><\/td><td width=\"79\"><strong>\u00d6L\u00c7\u00dcLER\u0130<\/strong><\/td><td width=\"62\"><strong>\u00c7AP<\/strong><\/td><td width=\"71\"><strong>BOY<\/strong><\/td><td width=\"71\"><strong>EN<\/strong><\/td><td width=\"67\"><strong>HASIR<\/strong><\/td><td width=\"64\">\u00a0<\/td><\/tr><tr><td width=\"63\"><strong>T\u0130P\u0130<\/strong><\/td><td width=\"63\"><strong>(cm)<\/strong><\/td><td width=\"79\"><strong>(mm)<\/strong><\/td><td width=\"62\"><strong>(mm)<\/strong><\/td><td width=\"71\"><strong>F\u0130L\u0130ZLER\u0130<\/strong><\/td><td width=\"71\"><strong>F\u0130L\u0130ZLER\u0130<\/strong><\/td><td width=\"67\"><strong>A\u011eIRLI\u011eI<\/strong><\/td><td width=\"64\"><strong>Kg\/m\u00b2<\/strong><\/td><\/tr><tr><td width=\"63\">\u00a0<\/td><td width=\"63\"><strong>Boy \/ En<\/strong><\/td><td width=\"79\"><strong>Boy \/ En<\/strong><\/td><td width=\"62\"><strong>Boy \/ En<\/strong><\/td><td width=\"71\"><strong>(mm)<\/strong><\/td><td width=\"71\"><strong>(mm)<\/strong><\/td><td width=\"67\"><strong>(kg)<\/strong><\/td><td width=\"64\">\u00a0<\/td><\/tr><tr><td width=\"63\"><strong>\u00c7\u0130T<\/strong><\/td><td width=\"63\">500\/215<\/td><td width=\"79\">75 \/ 75<\/td><td width=\"62\">5.0 \/ 5.0<\/td><td width=\"71\">60 \/ 60<\/td><td width=\"71\">25 \/ 25<\/td><td width=\"67\">44.18<\/td><td width=\"64\">4,12<\/td><\/tr><tr><td width=\"63\"><strong>\u00c7\u0130T<\/strong><\/td><td width=\"63\">500\/215<\/td><td width=\"79\">150 \/ 50<\/td><td width=\"62\">5.0 \/ 5.0<\/td><td width=\"71\">50 \/ 50<\/td><td width=\"71\">25 \/ 25<\/td><td width=\"67\">44.33<\/td><td width=\"64\">4,11<\/td><\/tr><tr><td width=\"63\"><strong>\u00c7\u0130T<\/strong><\/td><td width=\"63\">500\/150<\/td><td width=\"79\">150 \/ 50<\/td><td width=\"62\">5.0 \/ 5.0<\/td><td width=\"71\">50 \/ 50<\/td><td width=\"71\">75 \/ 75<\/td><td width=\"67\">30.57<\/td><td width=\"64\">4,11<\/td><\/tr><tr><td width=\"63\"><strong>\u00c7\u0130T<\/strong><\/td><td width=\"63\">500\/215<\/td><td width=\"79\">75 \/ 75<\/td><td width=\"62\">8.0 \/ 8.0<\/td><td width=\"71\">60 \/ 65<\/td><td width=\"71\">25 \/ 25<\/td><td width=\"67\">113.30<\/td><td width=\"64\">10,52<\/td><\/tr><\/tbody><\/table>\t\t\t\t\t\t\t\t<\/div>\n\t\t\t\t<\/div>\n\t\t\t\t\t<\/div>\n\t\t<\/div>\n\t\t\t\t\t<\/div>\n\t\t<\/section>\n\t\t\t\t<\/div>","protected":false},"excerpt":{"rendered":"<p>S220 Kalite olarak 5,00 mm kal\u0131nl\u0131k, 50 mm \u2013 150 mm ve 75 mm \u2013 75 mm g\u00f6z aral\u0131\u011f\u0131n da, 2150 mm en 5000 mm boy standart \u00f6l\u00e7\u00fclerde, talebe g\u00f6re \u00f6zel ebat ve g\u00f6z aral\u0131\u011f\u0131nda da \u00fcretim yap\u0131lmaktad\u0131r. Fiyat ve Stok bilgisi i\u00e7in Firmam\u0131zla ileti\u015fime Ge\u00e7ebilirsiniz. Genel Kullan\u0131m Alanlar\u0131; Spor sahalar\u0131 ve Fabrika bina \u00e7evresini &hellip;<\/p>\n<p class=\"read-more\"> <a class=\"\" href=\"https:\/\/www.alpsteel.com.tr\/en\/celik-cit-hasir\/\"> <span class=\"screen-reader-text\">\u00c7elik \u00c7it Has\u0131r<\/span> Read More &raquo;<\/a><\/p>","protected":false},"author":1,"featured_media":0,"parent":0,"menu_order":0,"comment_status":"closed","ping_status":"closed","template":"","meta":{"site-sidebar-layout":"no-sidebar","site-content-layout":"page-builder","ast-site-content-layout":"default","site-content-style":"default","site-sidebar-style":"default","ast-global-header-display":"","ast-banner-title-visibility":"","ast-main-header-display":"","ast-hfb-above-header-display":"","ast-hfb-below-header-display":"","ast-hfb-mobile-header-display":"","site-post-title":"disabled","ast-breadcrumbs-content":"","ast-featured-img":"disabled","footer-sml-layout":"","theme-transparent-header-meta":"default","adv-header-id-meta":"","stick-header-meta":"","header-above-stick-meta":"","header-main-stick-meta":"","header-below-stick-meta":"","astra-migrate-meta-layouts":"set","footnotes":""},"class_list":["post-1381","page","type-page","status-publish","hentry"],"_links":{"self":[{"href":"https:\/\/www.alpsteel.com.tr\/en\/wp-json\/wp\/v2\/pages\/1381","targetHints":{"allow":["GET"]}}],"collection":[{"href":"https:\/\/www.alpsteel.com.tr\/en\/wp-json\/wp\/v2\/pages"}],"about":[{"href":"https:\/\/www.alpsteel.com.tr\/en\/wp-json\/wp\/v2\/types\/page"}],"author":[{"embeddable":true,"href":"https:\/\/www.alpsteel.com.tr\/en\/wp-json\/wp\/v2\/users\/1"}],"replies":[{"embeddable":true,"href":"https:\/\/www.alpsteel.com.tr\/en\/wp-json\/wp\/v2\/comments?post=1381"}],"version-history":[{"count":7,"href":"https:\/\/www.alpsteel.com.tr\/en\/wp-json\/wp\/v2\/pages\/1381\/revisions"}],"predecessor-version":[{"id":1700,"href":"https:\/\/www.alpsteel.com.tr\/en\/wp-json\/wp\/v2\/pages\/1381\/revisions\/1700"}],"wp:attachment":[{"href":"https:\/\/www.alpsteel.com.tr\/en\/wp-json\/wp\/v2\/media?parent=1381"}],"curies":[{"name":"wp","href":"https:\/\/api.w.org\/{rel}","templated":true}]}}