{"id":1406,"date":"2023-08-23T14:54:00","date_gmt":"2023-08-23T14:54:00","guid":{"rendered":"https:\/\/yeni.alpsteel.com.tr\/?page_id=1406"},"modified":"2023-08-24T10:31:31","modified_gmt":"2023-08-24T10:31:31","slug":"saclar","status":"publish","type":"page","link":"https:\/\/www.alpsteel.com.tr\/en\/saclar\/","title":{"rendered":"Saclar"},"content":{"rendered":"<div data-elementor-type=\"wp-page\" data-elementor-id=\"1406\" class=\"elementor elementor-1406\" data-elementor-post-type=\"page\">\n\t\t\t\t\t\t<section class=\"elementor-section elementor-top-section elementor-element elementor-element-93ad950 elementor-section-boxed elementor-section-height-default elementor-section-height-default\" data-id=\"93ad950\" data-element_type=\"section\">\n\t\t\t\t\t\t<div class=\"elementor-container elementor-column-gap-default\">\n\t\t\t\t\t<div class=\"elementor-column elementor-col-33 elementor-top-column elementor-element elementor-element-f96b2ad\" data-id=\"f96b2ad\" data-element_type=\"column\">\n\t\t\t<div class=\"elementor-widget-wrap elementor-element-populated\">\n\t\t\t\t\t\t<div class=\"elementor-element elementor-element-14a256f elementor-widget__width-initial elementor-position-top elementor-widget elementor-widget-image-box\" data-id=\"14a256f\" data-element_type=\"widget\" data-widget_type=\"image-box.default\">\n\t\t\t\t<div class=\"elementor-widget-container\">\n\t\t\t\t\t<div class=\"elementor-image-box-wrapper\"><figure class=\"elementor-image-box-img\"><a href=\"https:\/\/www.alpsteel.com.tr\/en\/siyah-sac\/\" tabindex=\"-1\"><img fetchpriority=\"high\" decoding=\"async\" width=\"640\" height=\"320\" src=\"https:\/\/www.alpsteel.com.tr\/wp-content\/uploads\/2023\/08\/alpsteel-siyah-sac.jpg\" class=\"attachment-full size-full wp-image-276\" alt=\"Siyah Sac\" srcset=\"https:\/\/www.alpsteel.com.tr\/wp-content\/uploads\/2023\/08\/alpsteel-siyah-sac.jpg 640w, https:\/\/www.alpsteel.com.tr\/wp-content\/uploads\/2023\/08\/alpsteel-siyah-sac-300x150.jpg 300w, https:\/\/www.alpsteel.com.tr\/wp-content\/uploads\/2023\/08\/alpsteel-siyah-sac-18x9.jpg 18w\" sizes=\"(max-width: 640px) 100vw, 640px\" \/><\/a><\/figure><div class=\"elementor-image-box-content\"><h3 class=\"elementor-image-box-title\"><a href=\"https:\/\/www.alpsteel.com.tr\/en\/siyah-sac\/\">Siyah Sac<\/a><\/h3><p class=\"elementor-image-box-description\">S235JR ( ST37 ), S275JR ( ST44 ), S355JR ( ST52 ), S355J2+N ( ST52-3 ), P265GH ( KAZAN SACI ); S420MC, HARDOX 400 \u2013 450 BR\u0130NEL ( A\u015eINMA PLAKASI ) kalite, Rulo a\u00e7ma ve levha \u015feklinde s\u0131cak HADDELEME yap\u0131larak \u00fcretilmektedir.<\/p><\/div><\/div>\t\t\t\t<\/div>\n\t\t\t\t<\/div>\n\t\t\t\t\t<\/div>\n\t\t<\/div>\n\t\t\t\t<div class=\"elementor-column elementor-col-33 elementor-top-column elementor-element elementor-element-9f3276e\" data-id=\"9f3276e\" data-element_type=\"column\">\n\t\t\t<div class=\"elementor-widget-wrap elementor-element-populated\">\n\t\t\t\t\t\t<div class=\"elementor-element elementor-element-e94cf6c elementor-widget__width-initial elementor-position-top elementor-widget elementor-widget-image-box\" data-id=\"e94cf6c\" data-element_type=\"widget\" data-widget_type=\"image-box.default\">\n\t\t\t\t<div class=\"elementor-widget-container\">\n\t\t\t\t\t<div class=\"elementor-image-box-wrapper\"><figure class=\"elementor-image-box-img\"><a href=\"https:\/\/www.alpsteel.com.tr\/en\/dkp-sac\/\" tabindex=\"-1\"><img decoding=\"async\" width=\"640\" height=\"320\" src=\"https:\/\/www.alpsteel.com.tr\/wp-content\/uploads\/2023\/08\/alpsteel-dkp-sac.jpg\" class=\"attachment-full size-full wp-image-1441\" alt=\"DKP Saclar\" srcset=\"https:\/\/www.alpsteel.com.tr\/wp-content\/uploads\/2023\/08\/alpsteel-dkp-sac.jpg 640w, https:\/\/www.alpsteel.com.tr\/wp-content\/uploads\/2023\/08\/alpsteel-dkp-sac-300x150.jpg 300w, https:\/\/www.alpsteel.com.tr\/wp-content\/uploads\/2023\/08\/alpsteel-dkp-sac-18x9.jpg 18w\" sizes=\"(max-width: 640px) 100vw, 640px\" \/><\/a><\/figure><div class=\"elementor-image-box-content\"><h3 class=\"elementor-image-box-title\"><a href=\"https:\/\/www.alpsteel.com.tr\/en\/dkp-sac\/\">DKP Sac<\/a><\/h3><p class=\"elementor-image-box-description\">6112, 7114 ve DC01 kalite Rulo \u015feklinde so\u011fuk \u00e7ekim \u00fcretim yap\u0131lmaktad\u0131r. 0,50 mm \u2013 3,00 mm aras\u0131 kal\u0131nl\u0131k, 1000 mm \u2013 1500 mm aras\u0131 geni\u015flik ve 1000 mm \u2013 4000mm aras\u0131nda istenilen \u00f6l\u00e7\u00fcde boy kesimi yap\u0131labilmektedir.\n\n<\/p><\/div><\/div>\t\t\t\t<\/div>\n\t\t\t\t<\/div>\n\t\t\t\t\t<\/div>\n\t\t<\/div>\n\t\t\t\t<div class=\"elementor-column elementor-col-33 elementor-top-column elementor-element elementor-element-afae83b\" data-id=\"afae83b\" data-element_type=\"column\">\n\t\t\t<div class=\"elementor-widget-wrap elementor-element-populated\">\n\t\t\t\t\t\t<div class=\"elementor-element elementor-element-224426c elementor-widget__width-initial elementor-position-top elementor-widget elementor-widget-image-box\" data-id=\"224426c\" data-element_type=\"widget\" data-widget_type=\"image-box.default\">\n\t\t\t\t<div class=\"elementor-widget-container\">\n\t\t\t\t\t<div class=\"elementor-image-box-wrapper\"><figure class=\"elementor-image-box-img\"><a href=\"https:\/\/www.alpsteel.com.tr\/en\/galvaniz-sac\/\" tabindex=\"-1\"><img decoding=\"async\" width=\"640\" height=\"320\" src=\"https:\/\/www.alpsteel.com.tr\/wp-content\/uploads\/2023\/08\/alpsteel-galvaniz-sac-1.jpg\" class=\"attachment-full size-full wp-image-1445\" alt=\"Galvaniz Sac\" srcset=\"https:\/\/www.alpsteel.com.tr\/wp-content\/uploads\/2023\/08\/alpsteel-galvaniz-sac-1.jpg 640w, https:\/\/www.alpsteel.com.tr\/wp-content\/uploads\/2023\/08\/alpsteel-galvaniz-sac-1-300x150.jpg 300w, https:\/\/www.alpsteel.com.tr\/wp-content\/uploads\/2023\/08\/alpsteel-galvaniz-sac-1-18x9.jpg 18w\" sizes=\"(max-width: 640px) 100vw, 640px\" \/><\/a><\/figure><div class=\"elementor-image-box-content\"><h3 class=\"elementor-image-box-title\"><a href=\"https:\/\/www.alpsteel.com.tr\/en\/galvaniz-sac\/\">Galvaniz Sac<\/a><\/h3><p class=\"elementor-image-box-description\">1311, DX51D+Z kalite Rulo \u015feklinde 100 Gr \/ M\u00b2 galvaniz kaplama olarak \u00fcretim yap\u0131lmaktad\u0131r. Talebe G\u00f6re 275 Gr \/ M\u00b2 galvaniz kaplama da yap\u0131labilir.\n\n<\/p><\/div><\/div>\t\t\t\t<\/div>\n\t\t\t\t<\/div>\n\t\t\t\t\t<\/div>\n\t\t<\/div>\n\t\t\t\t\t<\/div>\n\t\t<\/section>\n\t\t\t\t<section class=\"elementor-section elementor-top-section elementor-element elementor-element-38e367c elementor-section-boxed elementor-section-height-default elementor-section-height-default\" data-id=\"38e367c\" data-element_type=\"section\">\n\t\t\t\t\t\t<div class=\"elementor-container elementor-column-gap-default\">\n\t\t\t\t\t<div class=\"elementor-column elementor-col-33 elementor-top-column elementor-element elementor-element-6f59e75\" data-id=\"6f59e75\" data-element_type=\"column\">\n\t\t\t<div class=\"elementor-widget-wrap elementor-element-populated\">\n\t\t\t\t\t\t<div class=\"elementor-element elementor-element-63028c6 elementor-widget__width-initial elementor-position-top elementor-widget elementor-widget-image-box\" data-id=\"63028c6\" data-element_type=\"widget\" data-widget_type=\"image-box.default\">\n\t\t\t\t<div class=\"elementor-widget-container\">\n\t\t\t\t\t<div class=\"elementor-image-box-wrapper\"><figure class=\"elementor-image-box-img\"><a href=\"https:\/\/www.alpsteel.com.tr\/en\/baklava-desenli-sac\/\" tabindex=\"-1\"><img loading=\"lazy\" decoding=\"async\" width=\"640\" height=\"320\" src=\"https:\/\/www.alpsteel.com.tr\/wp-content\/uploads\/2023\/08\/alpsteel-baklavali-sac-1.jpg\" class=\"attachment-full size-full wp-image-1449\" alt=\"Baklava Desenli Sac\" srcset=\"https:\/\/www.alpsteel.com.tr\/wp-content\/uploads\/2023\/08\/alpsteel-baklavali-sac-1.jpg 640w, https:\/\/www.alpsteel.com.tr\/wp-content\/uploads\/2023\/08\/alpsteel-baklavali-sac-1-300x150.jpg 300w, https:\/\/www.alpsteel.com.tr\/wp-content\/uploads\/2023\/08\/alpsteel-baklavali-sac-1-18x9.jpg 18w\" sizes=\"(max-width: 640px) 100vw, 640px\" \/><\/a><\/figure><div class=\"elementor-image-box-content\"><h3 class=\"elementor-image-box-title\"><a href=\"https:\/\/www.alpsteel.com.tr\/en\/baklava-desenli-sac\/\">Baklava Desenli Sac<\/a><\/h3><p class=\"elementor-image-box-description\">S\u0131cak haddelenmi\u015f yass\u0131 \u00e7eliklerin baklava desenli kal\u0131plardan ge\u00e7irilerek \u00fcretilir. S235JR kalitelerde 1,50 \u2013 10,000 aras\u0131 kal\u0131nl\u0131kta, 1000 mm \u2013 1500 mm aras\u0131 geni\u015flikte ve 1000 mm \u2013 6000 mm aras\u0131nda istenilen \u00f6l\u00e7\u00fclerde boy kesimi yap\u0131labilmektedir.<\/p><\/div><\/div>\t\t\t\t<\/div>\n\t\t\t\t<\/div>\n\t\t\t\t\t<\/div>\n\t\t<\/div>\n\t\t\t\t<div class=\"elementor-column elementor-col-33 elementor-top-column elementor-element elementor-element-b8cef56\" data-id=\"b8cef56\" data-element_type=\"column\">\n\t\t\t<div class=\"elementor-widget-wrap elementor-element-populated\">\n\t\t\t\t\t\t<div class=\"elementor-element elementor-element-483a072 elementor-widget__width-initial elementor-position-top elementor-widget elementor-widget-image-box\" data-id=\"483a072\" data-element_type=\"widget\" data-widget_type=\"image-box.default\">\n\t\t\t\t<div class=\"elementor-widget-container\">\n\t\t\t\t\t<div class=\"elementor-image-box-wrapper\"><figure class=\"elementor-image-box-img\"><a href=\"https:\/\/www.alpsteel.com.tr\/en\/genisletilmis-sac\/\" tabindex=\"-1\"><img loading=\"lazy\" decoding=\"async\" width=\"640\" height=\"320\" src=\"https:\/\/www.alpsteel.com.tr\/wp-content\/uploads\/2023\/08\/alpsteel-genisletilmis-sac.jpg\" class=\"attachment-full size-full wp-image-1453\" alt=\"Geni\u015fletilmi\u015f Sac\" srcset=\"https:\/\/www.alpsteel.com.tr\/wp-content\/uploads\/2023\/08\/alpsteel-genisletilmis-sac.jpg 640w, https:\/\/www.alpsteel.com.tr\/wp-content\/uploads\/2023\/08\/alpsteel-genisletilmis-sac-300x150.jpg 300w, https:\/\/www.alpsteel.com.tr\/wp-content\/uploads\/2023\/08\/alpsteel-genisletilmis-sac-18x9.jpg 18w\" sizes=\"(max-width: 640px) 100vw, 640px\" \/><\/a><\/figure><div class=\"elementor-image-box-content\"><h3 class=\"elementor-image-box-title\"><a href=\"https:\/\/www.alpsteel.com.tr\/en\/genisletilmis-sac\/\">Geni\u015fletilmi\u015f Sac<\/a><\/h3><p class=\"elementor-image-box-description\">S\u0131cak haddelenmi\u015f yass\u0131 \u00e7eliklerin \u00f6zel yap\u0131m makinalarda geni\u015fletilerek \u00fcretilen Delikli sacd\u0131r.  S235JR kalite 1,50 \u2013 6,00 aras\u0131 kal\u0131nl\u0131kta, 1000 mm \u2013 1500 mm aras\u0131 geni\u015flikte ve 1000 mm \u2013 3000 mm aras\u0131nda istenilen boy \u00f6l\u00e7\u00fclerde yap\u0131labilmekte.\n\n<\/p><\/div><\/div>\t\t\t\t<\/div>\n\t\t\t\t<\/div>\n\t\t\t\t\t<\/div>\n\t\t<\/div>\n\t\t\t\t<div class=\"elementor-column elementor-col-33 elementor-top-column elementor-element elementor-element-807ec8e\" data-id=\"807ec8e\" data-element_type=\"column\">\n\t\t\t<div class=\"elementor-widget-wrap elementor-element-populated\">\n\t\t\t\t\t\t<div class=\"elementor-element elementor-element-a65992d elementor-widget__width-initial elementor-position-top elementor-widget elementor-widget-image-box\" data-id=\"a65992d\" data-element_type=\"widget\" data-widget_type=\"image-box.default\">\n\t\t\t\t<div class=\"elementor-widget-container\">\n\t\t\t\t\t<div class=\"elementor-image-box-wrapper\"><figure class=\"elementor-image-box-img\"><a href=\"https:\/\/www.alpsteel.com.tr\/en\/hrp-sac\/\" tabindex=\"-1\"><img loading=\"lazy\" decoding=\"async\" width=\"640\" height=\"320\" src=\"https:\/\/www.alpsteel.com.tr\/wp-content\/uploads\/2023\/08\/alpsteel-hrp-sac.jpg\" class=\"attachment-full size-full wp-image-1457\" alt=\"HRP Sac\" srcset=\"https:\/\/www.alpsteel.com.tr\/wp-content\/uploads\/2023\/08\/alpsteel-hrp-sac.jpg 640w, https:\/\/www.alpsteel.com.tr\/wp-content\/uploads\/2023\/08\/alpsteel-hrp-sac-300x150.jpg 300w, https:\/\/www.alpsteel.com.tr\/wp-content\/uploads\/2023\/08\/alpsteel-hrp-sac-18x9.jpg 18w\" sizes=\"(max-width: 640px) 100vw, 640px\" \/><\/a><\/figure><div class=\"elementor-image-box-content\"><h3 class=\"elementor-image-box-title\"><a href=\"https:\/\/www.alpsteel.com.tr\/en\/hrp-sac\/\">HRP Sac<\/a><\/h3><p class=\"elementor-image-box-description\">S\u0131cak haddelenmi\u015f yass\u0131 \u00e7eliklerin y\u00fczeylerinin asitle temizlenmi\u015f halidir. DD11 ve 6222 kalitelerde 2,00 \u2013 10,000 aras\u0131 kal\u0131nl\u0131kta, 1000 mm \u2013 1500 mm aras\u0131 geni\u015flikte ve 1000 mm \u2013 6000 mm aras\u0131nda istenilen \u00f6l\u00e7\u00fclerde boy kesimi yap\u0131labilmektedir.\n\n<\/p><\/div><\/div>\t\t\t\t<\/div>\n\t\t\t\t<\/div>\n\t\t\t\t\t<\/div>\n\t\t<\/div>\n\t\t\t\t\t<\/div>\n\t\t<\/section>\n\t\t\t\t<section class=\"elementor-section elementor-top-section elementor-element elementor-element-6cf80a9 elementor-section-boxed elementor-section-height-default elementor-section-height-default\" data-id=\"6cf80a9\" data-element_type=\"section\">\n\t\t\t\t\t\t<div class=\"elementor-container elementor-column-gap-default\">\n\t\t\t\t\t<div class=\"elementor-column elementor-col-33 elementor-top-column elementor-element elementor-element-7270dd3\" data-id=\"7270dd3\" data-element_type=\"column\">\n\t\t\t<div class=\"elementor-widget-wrap elementor-element-populated\">\n\t\t\t\t\t\t<div class=\"elementor-element elementor-element-e05ed5f elementor-widget__width-initial elementor-position-top elementor-widget elementor-widget-image-box\" data-id=\"e05ed5f\" data-element_type=\"widget\" data-widget_type=\"image-box.default\">\n\t\t\t\t<div class=\"elementor-widget-container\">\n\t\t\t\t\t<div class=\"elementor-image-box-wrapper\"><figure class=\"elementor-image-box-img\"><a href=\"https:\/\/www.alpsteel.com.tr\/en\/baskili-sac\/\" tabindex=\"-1\"><img loading=\"lazy\" decoding=\"async\" width=\"640\" height=\"320\" src=\"https:\/\/www.alpsteel.com.tr\/wp-content\/uploads\/2023\/08\/alpsteel-baskili-sac.jpg\" class=\"attachment-full size-full wp-image-1461\" alt=\"Bask\u0131l\u0131 Sac\" srcset=\"https:\/\/www.alpsteel.com.tr\/wp-content\/uploads\/2023\/08\/alpsteel-baskili-sac.jpg 640w, https:\/\/www.alpsteel.com.tr\/wp-content\/uploads\/2023\/08\/alpsteel-baskili-sac-300x150.jpg 300w, https:\/\/www.alpsteel.com.tr\/wp-content\/uploads\/2023\/08\/alpsteel-baskili-sac-18x9.jpg 18w\" sizes=\"(max-width: 640px) 100vw, 640px\" \/><\/a><\/figure><div class=\"elementor-image-box-content\"><h3 class=\"elementor-image-box-title\"><a href=\"https:\/\/www.alpsteel.com.tr\/en\/baskili-sac\/\">Bask\u0131l\u0131 Sac<\/a><\/h3><p class=\"elementor-image-box-description\">D\u00fcz 0,50 mm ve 2,00 mm aras\u0131 sac malzemenin, Preste haz\u0131r Pramit desenli kal\u0131plarla bask\u0131 y\u00f6ntemi ile \u00fcretilir.\n\n0,50 mm \u2013 2 mm aras\u0131 kal\u0131nl\u0131k \u00f6l\u00e7\u00fclerinde DD11 Kalite Pramit Bask\u0131l\u0131 Sac malzemeleri Fiyat ve Stok bilgisi i\u00e7in Firmam\u0131zla ileti\u015fime Ge\u00e7ebilirsiniz.<\/p><\/div><\/div>\t\t\t\t<\/div>\n\t\t\t\t<\/div>\n\t\t\t\t\t<\/div>\n\t\t<\/div>\n\t\t\t\t<div class=\"elementor-column elementor-col-33 elementor-top-column elementor-element elementor-element-0c7b0d3\" data-id=\"0c7b0d3\" data-element_type=\"column\">\n\t\t\t<div class=\"elementor-widget-wrap elementor-element-populated\">\n\t\t\t\t\t\t<div class=\"elementor-element elementor-element-a51a7a9 elementor-widget__width-initial elementor-position-top elementor-widget elementor-widget-image-box\" data-id=\"a51a7a9\" data-element_type=\"widget\" data-widget_type=\"image-box.default\">\n\t\t\t\t<div class=\"elementor-widget-container\">\n\t\t\t\t\t<div class=\"elementor-image-box-wrapper\"><figure class=\"elementor-image-box-img\"><a href=\"https:\/\/www.alpsteel.com.tr\/en\/trapez-sac\/\" tabindex=\"-1\"><img loading=\"lazy\" decoding=\"async\" width=\"640\" height=\"320\" src=\"https:\/\/www.alpsteel.com.tr\/wp-content\/uploads\/2023\/08\/alpsteel-trapez-sac.jpg\" class=\"attachment-full size-full wp-image-1465\" alt=\"Trapez Sac\" srcset=\"https:\/\/www.alpsteel.com.tr\/wp-content\/uploads\/2023\/08\/alpsteel-trapez-sac.jpg 640w, https:\/\/www.alpsteel.com.tr\/wp-content\/uploads\/2023\/08\/alpsteel-trapez-sac-300x150.jpg 300w, https:\/\/www.alpsteel.com.tr\/wp-content\/uploads\/2023\/08\/alpsteel-trapez-sac-18x9.jpg 18w\" sizes=\"(max-width: 640px) 100vw, 640px\" \/><\/a><\/figure><div class=\"elementor-image-box-content\"><h3 class=\"elementor-image-box-title\"><a href=\"https:\/\/www.alpsteel.com.tr\/en\/trapez-sac\/\">Trapez Sac<\/a><\/h3><p class=\"elementor-image-box-description\">1311, DX51D+Z kalite, 27\/200 ve 38\/151 formunda, 100 Gr \/ M\u00b2 galvaniz kaplama, D\u00fcz olukludur. 0,40 mm \u2013 1,00 mm aras\u0131 kal\u0131nl\u0131k, 860 mm \u2013 1000 mm aras\u0131 geni\u015flik ve 1000 mm \u2013 13000 mm aras\u0131nda istenilen \u00f6l\u00e7\u00fc boy uzunlu\u011funda, Galvaniz ve Boyal\u0131 olarak \u00fcretim yap\u0131labilmektedir.\n\n<\/p><\/div><\/div>\t\t\t\t<\/div>\n\t\t\t\t<\/div>\n\t\t\t\t\t<\/div>\n\t\t<\/div>\n\t\t\t\t<div class=\"elementor-column elementor-col-33 elementor-top-column elementor-element elementor-element-3729f93\" data-id=\"3729f93\" data-element_type=\"column\">\n\t\t\t<div class=\"elementor-widget-wrap\">\n\t\t\t\t\t\t\t<\/div>\n\t\t<\/div>\n\t\t\t\t\t<\/div>\n\t\t<\/section>\n\t\t\t\t<\/div>","protected":false},"excerpt":{"rendered":"<p>Siyah Sac S235JR ( ST37 ), S275JR ( ST44 ), S355JR ( ST52 ), S355J2+N ( ST52-3 ), P265GH ( KAZAN SACI ); S420MC, HARDOX 400 \u2013 450 BR\u0130NEL ( A\u015eINMA PLAKASI ) kalite, Rulo a\u00e7ma ve levha \u015feklinde s\u0131cak HADDELEME yap\u0131larak \u00fcretilmektedir. DKP Sac 6112, 7114 ve DC01 kalite Rulo \u015feklinde so\u011fuk \u00e7ekim \u00fcretim &hellip;<\/p>\n<p class=\"read-more\"> <a class=\"\" href=\"https:\/\/www.alpsteel.com.tr\/en\/saclar\/\"> <span class=\"screen-reader-text\">Saclar<\/span> Read More &raquo;<\/a><\/p>","protected":false},"author":1,"featured_media":0,"parent":0,"menu_order":0,"comment_status":"closed","ping_status":"closed","template":"","meta":{"site-sidebar-layout":"no-sidebar","site-content-layout":"page-builder","ast-site-content-layout":"default","site-content-style":"default","site-sidebar-style":"default","ast-global-header-display":"","ast-banner-title-visibility":"","ast-main-header-display":"","ast-hfb-above-header-display":"","ast-hfb-below-header-display":"","ast-hfb-mobile-header-display":"","site-post-title":"disabled","ast-breadcrumbs-content":"","ast-featured-img":"disabled","footer-sml-layout":"","theme-transparent-header-meta":"default","adv-header-id-meta":"","stick-header-meta":"","header-above-stick-meta":"","header-main-stick-meta":"","header-below-stick-meta":"","astra-migrate-meta-layouts":"set","footnotes":""},"class_list":["post-1406","page","type-page","status-publish","hentry"],"_links":{"self":[{"href":"https:\/\/www.alpsteel.com.tr\/en\/wp-json\/wp\/v2\/pages\/1406","targetHints":{"allow":["GET"]}}],"collection":[{"href":"https:\/\/www.alpsteel.com.tr\/en\/wp-json\/wp\/v2\/pages"}],"about":[{"href":"https:\/\/www.alpsteel.com.tr\/en\/wp-json\/wp\/v2\/types\/page"}],"author":[{"embeddable":true,"href":"https:\/\/www.alpsteel.com.tr\/en\/wp-json\/wp\/v2\/users\/1"}],"replies":[{"embeddable":true,"href":"https:\/\/www.alpsteel.com.tr\/en\/wp-json\/wp\/v2\/comments?post=1406"}],"version-history":[{"count":58,"href":"https:\/\/www.alpsteel.com.tr\/en\/wp-json\/wp\/v2\/pages\/1406\/revisions"}],"predecessor-version":[{"id":1721,"href":"https:\/\/www.alpsteel.com.tr\/en\/wp-json\/wp\/v2\/pages\/1406\/revisions\/1721"}],"wp:attachment":[{"href":"https:\/\/www.alpsteel.com.tr\/en\/wp-json\/wp\/v2\/media?parent=1406"}],"curies":[{"name":"wp","href":"https:\/\/api.w.org\/{rel}","templated":true}]}}