{"id":1500,"date":"2023-08-23T16:05:12","date_gmt":"2023-08-23T16:05:12","guid":{"rendered":"https:\/\/yeni.alpsteel.com.tr\/?page_id=1500"},"modified":"2023-08-29T09:05:38","modified_gmt":"2023-08-29T09:05:38","slug":"sicak-hadde","status":"publish","type":"page","link":"https:\/\/www.alpsteel.com.tr\/en\/sicak-hadde\/","title":{"rendered":"Hot Rolling"},"content":{"rendered":"<div data-elementor-type=\"wp-page\" data-elementor-id=\"1500\" class=\"elementor elementor-1500\" data-elementor-post-type=\"page\">\n\t\t\t\t\t\t<section class=\"elementor-section elementor-top-section elementor-element elementor-element-1eb8cd9 elementor-section-boxed elementor-section-height-default elementor-section-height-default\" data-id=\"1eb8cd9\" data-element_type=\"section\">\n\t\t\t\t\t\t<div class=\"elementor-container elementor-column-gap-default\">\n\t\t\t\t\t<div class=\"elementor-column elementor-col-100 elementor-top-column elementor-element elementor-element-0c78753\" data-id=\"0c78753\" data-element_type=\"column\">\n\t\t\t<div class=\"elementor-widget-wrap elementor-element-populated\">\n\t\t\t\t\t\t<div class=\"elementor-element elementor-element-c12bb4f elementor-widget elementor-widget-text-editor\" data-id=\"c12bb4f\" data-element_type=\"widget\" data-widget_type=\"text-editor.default\">\n\t\t\t\t<div class=\"elementor-widget-container\">\n\t\t\t\t\t\t\t\t\t<p>15 ton\/saat kapasiteli 100 mm x 100 mm , 130 mm x 130 mm ve 150 mm x 150 mm aras\u0131 ebatlarda maksimum 3,2 metre boyunda k\u00fct\u00fckler otomasyonlu tav f\u0131r\u0131n\u0131nda haddelemeye uygun hale getirilmektedir. F\u0131r\u0131ndan \u00e7\u0131kan k\u00fct\u00fckler su jetinde tufal temizleme i\u015flemine tabi tutulduktan sonra haz\u0131rlama sehpas\u0131nda haddelenmeye ba\u015flanmaktad\u0131r.5 tezgahta plc otomasyonlu kuleler ve virajlar ile haddelenen vas\u0131fl\u0131 k\u00fct\u00fcklerden \u00fcretilen \u00fcr\u00fcnler, so\u011futma platformuna al\u0131nmadan \u00f6nce hassas boylarda kesilirler. So\u011futma platformundan paketleme alan\u0131na transfer edilen \u00fcr\u00fcnler, kalite b\u00f6l\u00fcm\u00fcn\u00fcn onay\u0131ndan sonra sevkiyat sahas\u0131na al\u0131n\u0131r.<\/p><table class=\"table table-bordered\"><tbody><tr><td valign=\"top\" width=\"154\"><p align=\"center\"><strong>ROUND<\/strong><\/p><\/td><td valign=\"top\" width=\"154\"><p align=\"center\">DIN 1013 \/ EN 10060<\/p><\/td><td valign=\"top\" width=\"154\"><p align=\"center\">\u00d820 \u2013 \u00d8 90<\/p><\/td><\/tr><tr><td valign=\"top\" width=\"154\"><p align=\"center\"><strong>SHARP EDGE SHEET<\/strong><\/p><\/td><td valign=\"top\" width=\"154\"><p align=\"center\">DIN 1017 \/ EN 10058<\/p><\/td><td valign=\"top\" width=\"154\"><p align=\"center\">30 x 10 \u2013 120 x 50<\/p><\/td><\/tr><tr><td valign=\"top\" width=\"154\"><p align=\"center\"><strong>RADIUS EDGE SHEET<\/strong><\/p><\/td><td valign=\"top\" width=\"154\"><p align=\"center\">DIN 1017 \/ EN 10058<\/p><\/td><td valign=\"top\" width=\"154\"><p align=\"center\">30 x 10 \u2013 120 x 50<\/p><\/td><\/tr><tr><td valign=\"top\" width=\"154\"><p align=\"center\"><strong>SQUARE<\/strong><\/p><\/td><td valign=\"top\" width=\"154\"><p align=\"center\">DIN 1014 \/ EN 10059<\/p><\/td><td valign=\"top\" width=\"154\"><p align=\"center\">20 x 20 \u2013 65 x 65<\/p><\/td><\/tr><tr><td valign=\"top\" width=\"154\"><p align=\"center\"><strong>HEXAGON<\/strong><\/p><\/td><td valign=\"top\" width=\"154\"><p align=\"center\">DIN 1015 \/ EN 10061<\/p><\/td><td valign=\"top\" width=\"154\"><p align=\"center\">23,5 \u2013 56,50<\/p><\/td><\/tr><tr><td valign=\"top\" width=\"154\"><p align=\"center\"><strong>SPECIAL PROFILES<\/strong><\/p><\/td><td valign=\"top\" width=\"154\"><p align=\"center\">\u00a0<\/p><\/td><td valign=\"top\" width=\"154\"><p align=\"center\">\u00a0<\/p><\/td><\/tr><tr><td valign=\"top\" width=\"154\"><p align=\"center\"><strong>RAIL EQUIPMENTS<\/strong><\/p><\/td><td valign=\"top\" width=\"154\"><p align=\"center\">\u00a0<\/p><\/td><td valign=\"top\" width=\"154\">\u00a0<\/td><\/tr><\/tbody><\/table>\t\t\t\t\t\t\t\t<\/div>\n\t\t\t\t<\/div>\n\t\t\t\t\t<\/div>\n\t\t<\/div>\n\t\t\t\t\t<\/div>\n\t\t<\/section>\n\t\t\t\t<\/div>","protected":false},"excerpt":{"rendered":"<p>15 ton\/saat kapasiteli 100 mm x 100 mm , 130 mm x 130 mm ve 150 mm x 150 mm aras\u0131 ebatlarda maksimum 3,2 metre boyunda k\u00fct\u00fckler otomasyonlu tav f\u0131r\u0131n\u0131nda haddelemeye uygun hale getirilmektedir. F\u0131r\u0131ndan \u00e7\u0131kan k\u00fct\u00fckler su jetinde tufal temizleme i\u015flemine tabi tutulduktan sonra haz\u0131rlama sehpas\u0131nda haddelenmeye ba\u015flanmaktad\u0131r.5 tezgahta plc otomasyonlu kuleler ve virajlar &hellip;<\/p>\n<p class=\"read-more\"> <a class=\"\" href=\"https:\/\/www.alpsteel.com.tr\/en\/sicak-hadde\/\"> <span class=\"screen-reader-text\">Hot Rolling<\/span> Read More &raquo;<\/a><\/p>","protected":false},"author":1,"featured_media":0,"parent":0,"menu_order":0,"comment_status":"closed","ping_status":"closed","template":"","meta":{"site-sidebar-layout":"no-sidebar","site-content-layout":"page-builder","ast-site-content-layout":"default","site-content-style":"default","site-sidebar-style":"default","ast-global-header-display":"","ast-banner-title-visibility":"","ast-main-header-display":"","ast-hfb-above-header-display":"","ast-hfb-below-header-display":"","ast-hfb-mobile-header-display":"","site-post-title":"disabled","ast-breadcrumbs-content":"","ast-featured-img":"disabled","footer-sml-layout":"","theme-transparent-header-meta":"default","adv-header-id-meta":"","stick-header-meta":"","header-above-stick-meta":"","header-main-stick-meta":"","header-below-stick-meta":"","astra-migrate-meta-layouts":"set","footnotes":""},"class_list":["post-1500","page","type-page","status-publish","hentry"],"_links":{"self":[{"href":"https:\/\/www.alpsteel.com.tr\/en\/wp-json\/wp\/v2\/pages\/1500","targetHints":{"allow":["GET"]}}],"collection":[{"href":"https:\/\/www.alpsteel.com.tr\/en\/wp-json\/wp\/v2\/pages"}],"about":[{"href":"https:\/\/www.alpsteel.com.tr\/en\/wp-json\/wp\/v2\/types\/page"}],"author":[{"embeddable":true,"href":"https:\/\/www.alpsteel.com.tr\/en\/wp-json\/wp\/v2\/users\/1"}],"replies":[{"embeddable":true,"href":"https:\/\/www.alpsteel.com.tr\/en\/wp-json\/wp\/v2\/comments?post=1500"}],"version-history":[{"count":22,"href":"https:\/\/www.alpsteel.com.tr\/en\/wp-json\/wp\/v2\/pages\/1500\/revisions"}],"predecessor-version":[{"id":2030,"href":"https:\/\/www.alpsteel.com.tr\/en\/wp-json\/wp\/v2\/pages\/1500\/revisions\/2030"}],"wp:attachment":[{"href":"https:\/\/www.alpsteel.com.tr\/en\/wp-json\/wp\/v2\/media?parent=1500"}],"curies":[{"name":"wp","href":"https:\/\/api.w.org\/{rel}","templated":true}]}}