{"id":1505,"date":"2023-08-23T16:06:38","date_gmt":"2023-08-23T16:06:38","guid":{"rendered":"https:\/\/yeni.alpsteel.com.tr\/?page_id=1505"},"modified":"2023-08-29T09:06:49","modified_gmt":"2023-08-29T09:06:49","slug":"soguk-hadde","status":"publish","type":"page","link":"https:\/\/www.alpsteel.com.tr\/en\/soguk-hadde\/","title":{"rendered":"Cold Rolling"},"content":{"rendered":"<div data-elementor-type=\"wp-page\" data-elementor-id=\"1505\" class=\"elementor elementor-1505\" data-elementor-post-type=\"page\">\n\t\t\t\t\t\t<section class=\"elementor-section elementor-top-section elementor-element elementor-element-b04c43f elementor-section-boxed elementor-section-height-default elementor-section-height-default\" data-id=\"b04c43f\" data-element_type=\"section\">\n\t\t\t\t\t\t<div class=\"elementor-container elementor-column-gap-default\">\n\t\t\t\t\t<div class=\"elementor-column elementor-col-100 elementor-top-column elementor-element elementor-element-3f052ce\" data-id=\"3f052ce\" data-element_type=\"column\">\n\t\t\t<div class=\"elementor-widget-wrap elementor-element-populated\">\n\t\t\t\t\t\t<div class=\"elementor-element elementor-element-8066e41 elementor-widget elementor-widget-text-editor\" data-id=\"8066e41\" data-element_type=\"widget\" data-widget_type=\"text-editor.default\">\n\t\t\t\t<div class=\"elementor-widget-container\">\n\t\t\t\t\t\t\t\t\t<p>5.000 ton\/ay kapasiteli so\u011fuk hadde b\u00f6l\u00fcm\u00fcnde 2 adet zincirli \u00e7ekme,3 adet kangal \u00e7ekme,1 adet pahlama,1 adet polisaj,1 adet kabuk soyma ve 1 adet ta\u015flama tezgah\u0131ndan olu\u015fan \u00fcretim parkurumuzda m\u00fc\u015fterilerimiz i\u00e7in d\u00fcnya standartlar\u0131nda kaliteli parlak \u00e7elik \u00fcretimi ger\u00e7ekle\u015ftirmekteyiz.<\/p><table class=\"table table-bordered\"><tbody><tr><td valign=\"top\" width=\"154\"><p align=\"center\"><strong>Kangaldan Yuvarlak \u00dcretimlerimiz<\/strong><\/p><\/td><td valign=\"top\" width=\"154\"><p align=\"center\">\u00d8 5 \u2013 \u00d8 31<\/p><\/td><td valign=\"top\" width=\"154\"><p align=\"center\">h9<\/p><\/td><\/tr><tr><td valign=\"top\" width=\"154\"><p align=\"center\"><strong>Kangaldan Alt\u0131k\u00f6\u015fe \u00dcretimlerimiz<\/strong><\/p><\/td><td valign=\"top\" width=\"154\"><p align=\"center\">hex 5 \u2013 hex 30<\/p><\/td><td valign=\"top\" width=\"154\"><p align=\"center\">\u00a0h11<\/p><\/td><\/tr><tr><td valign=\"top\" width=\"154\"><p align=\"center\"><strong>\u00c7ubuktan Yuvarlak \u00dcretimlerimiz<\/strong><\/p><\/td><td valign=\"top\" width=\"154\"><p align=\"center\">\u00d8 16 \u2013 \u00d8 90<\/p><\/td><td valign=\"top\" width=\"154\"><p align=\"center\">h9 &#8211; h11<\/p><\/td><\/tr><tr><td valign=\"top\" width=\"154\"><p align=\"center\"><strong>\u00c7ubuktan Alt\u0131k\u00f6\u015fe \u00dcretimlerimiz\u00a0<\/strong><\/p><\/td><td valign=\"top\" width=\"154\"><p align=\"center\">hex 17 \u2013 hex 65<\/p><\/td><td valign=\"top\" width=\"154\"><p align=\"center\">\u00a0h11<\/p><\/td><\/tr><tr><td valign=\"top\" width=\"154\"><p align=\"center\"><strong>So\u011fuk \u00c7ekme Lama \u00dcretimlerimiz<\/strong><\/p><\/td><td valign=\"top\" width=\"154\"><p align=\"center\">\u00a050 x 10 &#8211; 120&#215;50<\/p><\/td><td valign=\"top\" width=\"154\"><p align=\"center\">\u00a0h11<\/p><\/td><\/tr><tr><td valign=\"top\" width=\"154\"><p align=\"center\"><strong>So\u011fuk \u00c7ekme Kare \u00dcretimlerimiz<\/strong><\/p><\/td><td valign=\"top\" width=\"154\"><p align=\"center\">20 x 20 &#8211; 80 x 80\u00a0<\/p><\/td><td valign=\"top\" width=\"154\"><p align=\"center\">\u00a0h11<\/p><\/td><\/tr><tr><td valign=\"top\" width=\"154\"><p align=\"center\"><strong>\u00d6zel Profiller<\/strong><\/p><\/td><td valign=\"top\" width=\"154\"><p align=\"center\">\u00a0<\/p><\/td><td valign=\"top\" width=\"154\">\u00a0<\/td><\/tr><\/tbody><\/table>\t\t\t\t\t\t\t\t<\/div>\n\t\t\t\t<\/div>\n\t\t\t\t\t<\/div>\n\t\t<\/div>\n\t\t\t\t\t<\/div>\n\t\t<\/section>\n\t\t\t\t<\/div>","protected":false},"excerpt":{"rendered":"<p>5.000 ton\/ay kapasiteli so\u011fuk hadde b\u00f6l\u00fcm\u00fcnde 2 adet zincirli \u00e7ekme,3 adet kangal \u00e7ekme,1 adet pahlama,1 adet polisaj,1 adet kabuk soyma ve 1 adet ta\u015flama tezgah\u0131ndan olu\u015fan \u00fcretim parkurumuzda m\u00fc\u015fterilerimiz i\u00e7in d\u00fcnya standartlar\u0131nda kaliteli parlak \u00e7elik \u00fcretimi ger\u00e7ekle\u015ftirmekteyiz. Kangaldan Yuvarlak \u00dcretimlerimiz \u00d8 5 \u2013 \u00d8 31 h9 Kangaldan Alt\u0131k\u00f6\u015fe \u00dcretimlerimiz hex 5 \u2013 hex 30 \u00a0h11 &hellip;<\/p>\n<p class=\"read-more\"> <a class=\"\" href=\"https:\/\/www.alpsteel.com.tr\/en\/soguk-hadde\/\"> <span class=\"screen-reader-text\">Cold Rolling<\/span> Read More &raquo;<\/a><\/p>","protected":false},"author":1,"featured_media":0,"parent":0,"menu_order":0,"comment_status":"closed","ping_status":"closed","template":"","meta":{"site-sidebar-layout":"no-sidebar","site-content-layout":"page-builder","ast-site-content-layout":"default","site-content-style":"default","site-sidebar-style":"default","ast-global-header-display":"","ast-banner-title-visibility":"","ast-main-header-display":"","ast-hfb-above-header-display":"","ast-hfb-below-header-display":"","ast-hfb-mobile-header-display":"","site-post-title":"disabled","ast-breadcrumbs-content":"","ast-featured-img":"disabled","footer-sml-layout":"","theme-transparent-header-meta":"default","adv-header-id-meta":"","stick-header-meta":"","header-above-stick-meta":"","header-main-stick-meta":"","header-below-stick-meta":"","astra-migrate-meta-layouts":"set","footnotes":""},"class_list":["post-1505","page","type-page","status-publish","hentry"],"_links":{"self":[{"href":"https:\/\/www.alpsteel.com.tr\/en\/wp-json\/wp\/v2\/pages\/1505","targetHints":{"allow":["GET"]}}],"collection":[{"href":"https:\/\/www.alpsteel.com.tr\/en\/wp-json\/wp\/v2\/pages"}],"about":[{"href":"https:\/\/www.alpsteel.com.tr\/en\/wp-json\/wp\/v2\/types\/page"}],"author":[{"embeddable":true,"href":"https:\/\/www.alpsteel.com.tr\/en\/wp-json\/wp\/v2\/users\/1"}],"replies":[{"embeddable":true,"href":"https:\/\/www.alpsteel.com.tr\/en\/wp-json\/wp\/v2\/comments?post=1505"}],"version-history":[{"count":16,"href":"https:\/\/www.alpsteel.com.tr\/en\/wp-json\/wp\/v2\/pages\/1505\/revisions"}],"predecessor-version":[{"id":2033,"href":"https:\/\/www.alpsteel.com.tr\/en\/wp-json\/wp\/v2\/pages\/1505\/revisions\/2033"}],"wp:attachment":[{"href":"https:\/\/www.alpsteel.com.tr\/en\/wp-json\/wp\/v2\/media?parent=1505"}],"curies":[{"name":"wp","href":"https:\/\/api.w.org\/{rel}","templated":true}]}}