{"id":1547,"date":"2023-08-24T09:18:32","date_gmt":"2023-08-24T09:18:32","guid":{"rendered":"https:\/\/yeni.alpsteel.com.tr\/?page_id=1547"},"modified":"2023-08-24T09:29:53","modified_gmt":"2023-08-24T09:29:53","slug":"npu-demiri","status":"publish","type":"page","link":"https:\/\/www.alpsteel.com.tr\/en\/npu-demiri\/","title":{"rendered":"NPU Demiri"},"content":{"rendered":"<div data-elementor-type=\"wp-page\" data-elementor-id=\"1547\" class=\"elementor elementor-1547\" data-elementor-post-type=\"page\">\n\t\t\t\t\t\t<section class=\"elementor-section elementor-top-section elementor-element elementor-element-18d12fc elementor-section-boxed elementor-section-height-default elementor-section-height-default\" data-id=\"18d12fc\" data-element_type=\"section\">\n\t\t\t\t\t\t<div class=\"elementor-container elementor-column-gap-default\">\n\t\t\t\t\t<div class=\"elementor-column elementor-col-66 elementor-top-column elementor-element elementor-element-ecd245c\" data-id=\"ecd245c\" data-element_type=\"column\">\n\t\t\t<div class=\"elementor-widget-wrap elementor-element-populated\">\n\t\t\t\t\t\t<div class=\"elementor-element elementor-element-5567314 elementor-widget elementor-widget-text-editor\" data-id=\"5567314\" data-element_type=\"widget\" data-widget_type=\"text-editor.default\">\n\t\t\t\t<div class=\"elementor-widget-container\">\n\t\t\t\t\t\t\t\t\t<p>S235JR ( ST37 ), S275JR ( ST44 ), S355JR ( ST52 ) Kalite olarak S\u0131cak \u015fekilli \u00fcretilen yap\u0131 Profilleridir. Standart olarak 6 MT ve 12 MT\u2019dir. Miktara g\u00f6re \u00f6zel boy \u00fcretim de yap\u0131labilmektedir.<\/p><p>30 \u2013 40 \u2013 50 \u2013 65 \u2013 100 \u2013 120 \u2013 140 \u2013 160 \u2013\u00a0 180 \u2013 200 \u2013 220 \u2013 240 \u2013 260 \u2013 280 \u2013\u00a0 300 \u2013 320 \u2013 350 \u2013 380 \u2013 400 mm \u00d6l\u00e7\u00fclerinde S235JR\u00a0\u00a0 \u00a0\u00a0\u00a0\u00a0\u00a0( ST37 ), S275JR ( ST44 ),\u00a0 S355J2 ( ST52-3 ) Kalite NPU demirleri Fiyat ve Stok Bilgisi i\u00e7in Firmam\u0131zla ileti\u015fime Ge\u00e7ebilirsiniz.<\/p><p><strong>Genel Kullan\u0131m Alanlar\u0131;<\/strong><\/p><ul><li>\u00c7elik Konstr\u00fcksiyon ve \u00e7elik \u00e7at\u0131 imalat\u0131,<\/li><li>Konut, sanayii tipi ve \u0130\u015f merkezi gibi binalar\u0131n yap\u0131mlar\u0131nda,<\/li><li>Betonarme ve tarihi ta\u015f yap\u0131lar\u0131n Restorasyonunda,<\/li><li>Tar\u0131m ve Makine end\u00fcstrisi imalatlar\u0131nda,<\/li><li>Demiryolu vagon imalat\u0131,<\/li><li>K\u00f6pr\u00fc ve \u00dcst Ge\u00e7itlerin Korkuluklar\u0131nda,<\/li><li>Gemi in\u015fas\u0131 imalat\u0131,<\/li><li>Asans\u00f6r imalat\u0131,<\/li><li>Trafik \u0130\u015faret ve otoyol ekipmanlar\u0131 \u0130malat\u0131,<\/li><\/ul>\t\t\t\t\t\t\t\t<\/div>\n\t\t\t\t<\/div>\n\t\t\t\t\t<\/div>\n\t\t<\/div>\n\t\t\t\t<div class=\"elementor-column elementor-col-33 elementor-top-column elementor-element elementor-element-d99980c\" data-id=\"d99980c\" data-element_type=\"column\">\n\t\t\t<div class=\"elementor-widget-wrap elementor-element-populated\">\n\t\t\t\t\t\t<div class=\"elementor-element elementor-element-eeabfcc elementor-invisible elementor-widget elementor-widget-image\" data-id=\"eeabfcc\" data-element_type=\"widget\" data-settings=\"{&quot;_animation&quot;:&quot;fadeInDown&quot;}\" data-widget_type=\"image.default\">\n\t\t\t\t<div class=\"elementor-widget-container\">\n\t\t\t\t\t\t\t\t\t\t\t\t\t\t\t<img fetchpriority=\"high\" decoding=\"async\" width=\"640\" height=\"320\" src=\"https:\/\/www.alpsteel.com.tr\/wp-content\/uploads\/2023\/08\/alpsteel-npu.jpg\" class=\"attachment-large size-large wp-image-235\" alt=\"NPU Demiri\" srcset=\"https:\/\/www.alpsteel.com.tr\/wp-content\/uploads\/2023\/08\/alpsteel-npu.jpg 640w, https:\/\/www.alpsteel.com.tr\/wp-content\/uploads\/2023\/08\/alpsteel-npu-300x150.jpg 300w, https:\/\/www.alpsteel.com.tr\/wp-content\/uploads\/2023\/08\/alpsteel-npu-18x9.jpg 18w\" sizes=\"(max-width: 640px) 100vw, 640px\" \/>\t\t\t\t\t\t\t\t\t\t\t\t\t\t\t<\/div>\n\t\t\t\t<\/div>\n\t\t\t\t\t<\/div>\n\t\t<\/div>\n\t\t\t\t\t<\/div>\n\t\t<\/section>\n\t\t\t\t<section class=\"elementor-section elementor-top-section elementor-element elementor-element-2252922 elementor-section-boxed elementor-section-height-default elementor-section-height-default\" data-id=\"2252922\" data-element_type=\"section\">\n\t\t\t\t\t\t<div class=\"elementor-container elementor-column-gap-default\">\n\t\t\t\t\t<div class=\"elementor-column elementor-col-100 elementor-top-column elementor-element elementor-element-adcc82c\" data-id=\"adcc82c\" data-element_type=\"column\">\n\t\t\t<div class=\"elementor-widget-wrap elementor-element-populated\">\n\t\t\t\t\t\t<div class=\"elementor-element elementor-element-bda30b0 elementor-widget elementor-widget-text-editor\" data-id=\"bda30b0\" data-element_type=\"widget\" data-widget_type=\"text-editor.default\">\n\t\t\t\t<div class=\"elementor-widget-container\">\n\t\t\t\t\t\t\t\t\t<table width=\"0\"><tbody><tr><td colspan=\"3\" width=\"237\"><strong>NPU PROF\u0130LLER<\/strong><\/td><td width=\"69\">\u00a0<\/td><td colspan=\"2\" width=\"137\">TS\u00a0\u00a0\u00a0\u00a0\u00a0 910<\/td><\/tr><tr><td colspan=\"3\" width=\"237\">UNP Profiles<\/td><td width=\"69\">\u00a0<\/td><td colspan=\"2\" width=\"137\">DIN\u00a0\u00a0\u00a0\u00a0\u00a0 1025<\/td><\/tr><tr><td width=\"123\">\u00a0<\/td><td width=\"75\">\u00a0<\/td><td width=\"39\">\u00a0<\/td><td width=\"69\">\u00a0<\/td><td width=\"69\">\u00a0<\/td><td width=\"69\">\u00a0<\/td><\/tr><tr><td width=\"123\"><strong>K\u0131sa \u0130\u015fareti<\/strong><\/td><td width=\"75\"><strong>A\u011f\u0131rl\u0131k<\/strong><\/td><td colspan=\"4\" width=\"245\"><strong>Boyutlar (mm)<\/strong>\u00a0\u00a0\u00a0\u00a0\u00a0\u00a0\u00a0\u00a0\u00a0\u00a0\u00a0 Dimensions (mm)<\/td><\/tr><tr><td width=\"123\">Short Mark<\/td><td width=\"75\">Weight<\/td><td rowspan=\"2\" width=\"39\"><strong>h<\/strong><\/td><td rowspan=\"2\" width=\"69\"><strong>b<\/strong><\/td><td rowspan=\"2\" width=\"69\"><strong>s<\/strong><\/td><td rowspan=\"2\" width=\"69\"><strong>t<\/strong><\/td><\/tr><tr><td width=\"123\"><strong>U<\/strong><\/td><td width=\"75\"><strong>kg\/mt<\/strong><\/td><\/tr><tr><td width=\"123\">30<\/td><td width=\"75\">1,74<\/td><td width=\"39\">30<\/td><td width=\"69\">15<\/td><td width=\"69\">4<\/td><td width=\"69\">4,5<\/td><\/tr><tr><td width=\"123\">30<\/td><td width=\"75\">4,27<\/td><td width=\"39\">30<\/td><td width=\"69\">33<\/td><td width=\"69\">5<\/td><td width=\"69\">7<\/td><\/tr><tr><td width=\"123\">40<\/td><td width=\"75\">2,87<\/td><td width=\"39\">40<\/td><td width=\"69\">20<\/td><td width=\"69\">5<\/td><td width=\"69\">5,5<\/td><\/tr><tr><td width=\"123\">40<\/td><td width=\"75\">4,87<\/td><td width=\"39\">40<\/td><td width=\"69\">35<\/td><td width=\"69\">5<\/td><td width=\"69\">7<\/td><\/tr><tr><td width=\"123\">50<\/td><td width=\"75\">3,86<\/td><td width=\"39\">50<\/td><td width=\"69\">25<\/td><td width=\"69\">5<\/td><td width=\"69\">6<\/td><\/tr><tr><td width=\"123\">50<\/td><td width=\"75\">5,59<\/td><td width=\"39\">50<\/td><td width=\"69\">38<\/td><td width=\"69\">5<\/td><td width=\"69\">7<\/td><\/tr><tr><td width=\"123\">60<\/td><td width=\"75\">5,07<\/td><td width=\"39\">60<\/td><td width=\"69\">30<\/td><td width=\"69\">6<\/td><td width=\"69\">6<\/td><\/tr><tr><td width=\"123\">65<\/td><td width=\"75\">7,09<\/td><td width=\"39\">65<\/td><td width=\"69\">42<\/td><td width=\"69\">5,5<\/td><td width=\"69\">7,5<\/td><\/tr><tr><td width=\"123\">80<\/td><td width=\"75\">8,64<\/td><td width=\"39\">80<\/td><td width=\"69\">45<\/td><td width=\"69\">6<\/td><td width=\"69\">8<\/td><\/tr><tr><td width=\"123\">100<\/td><td width=\"75\">10,6<\/td><td width=\"39\">100<\/td><td width=\"69\">50<\/td><td width=\"69\">6<\/td><td width=\"69\">8,5<\/td><\/tr><tr><td width=\"123\">120<\/td><td width=\"75\">13,4<\/td><td width=\"39\">120<\/td><td width=\"69\">55<\/td><td width=\"69\">7<\/td><td width=\"69\">9<\/td><\/tr><tr><td width=\"123\">140<\/td><td width=\"75\">16.0<\/td><td width=\"39\">140<\/td><td width=\"69\">60<\/td><td width=\"69\">7<\/td><td width=\"69\">10<\/td><\/tr><tr><td width=\"123\">160<\/td><td width=\"75\">18,8<\/td><td width=\"39\">160<\/td><td width=\"69\">65<\/td><td width=\"69\">7,5<\/td><td width=\"69\">10,5<\/td><\/tr><tr><td width=\"123\">180<\/td><td width=\"75\">22.0<\/td><td width=\"39\">180<\/td><td width=\"69\">70<\/td><td width=\"69\">8<\/td><td width=\"69\">11<\/td><\/tr><tr><td width=\"123\">200<\/td><td width=\"75\">25,3<\/td><td width=\"39\">200<\/td><td width=\"69\">75<\/td><td width=\"69\">8,5<\/td><td width=\"69\">11,5<\/td><\/tr><tr><td width=\"123\">220<\/td><td width=\"75\">29,4<\/td><td width=\"39\">220<\/td><td width=\"69\">80<\/td><td width=\"69\">9<\/td><td width=\"69\">12,5<\/td><\/tr><tr><td width=\"123\">240<\/td><td width=\"75\">33,2<\/td><td width=\"39\">240<\/td><td width=\"69\">85<\/td><td width=\"69\">9,5<\/td><td width=\"69\">13<\/td><\/tr><tr><td width=\"123\">260<\/td><td width=\"75\">37,9<\/td><td width=\"39\">260<\/td><td width=\"69\">90<\/td><td width=\"69\">10<\/td><td width=\"69\">14<\/td><\/tr><tr><td width=\"123\">280<\/td><td width=\"75\">41,8<\/td><td width=\"39\">280<\/td><td width=\"69\">95<\/td><td width=\"69\">10<\/td><td width=\"69\">15<\/td><\/tr><tr><td width=\"123\">300<\/td><td width=\"75\">46,2<\/td><td width=\"39\">300<\/td><td width=\"69\">100<\/td><td width=\"69\">10<\/td><td width=\"69\">16<\/td><\/tr><tr><td width=\"123\">320<\/td><td width=\"75\">59,5<\/td><td width=\"39\">320<\/td><td width=\"69\">100<\/td><td width=\"69\">14<\/td><td width=\"69\">17<\/td><\/tr><tr><td width=\"123\">350<\/td><td width=\"75\">60,6<\/td><td width=\"39\">350<\/td><td width=\"69\">100<\/td><td width=\"69\">14<\/td><td width=\"69\">16<\/td><\/tr><tr><td width=\"123\">380<\/td><td width=\"75\">63,1<\/td><td width=\"39\">380<\/td><td width=\"69\">102<\/td><td width=\"69\">13,5<\/td><td width=\"69\">16<\/td><\/tr><tr><td width=\"123\">400<\/td><td width=\"75\">71,8<\/td><td width=\"39\">400<\/td><td width=\"69\">110<\/td><td width=\"69\">14<\/td><td width=\"69\">18<\/td><\/tr><\/tbody><\/table>\t\t\t\t\t\t\t\t<\/div>\n\t\t\t\t<\/div>\n\t\t\t\t\t<\/div>\n\t\t<\/div>\n\t\t\t\t\t<\/div>\n\t\t<\/section>\n\t\t\t\t<\/div>","protected":false},"excerpt":{"rendered":"<p>S235JR ( ST37 ), S275JR ( ST44 ), S355JR ( ST52 ) Kalite olarak S\u0131cak \u015fekilli \u00fcretilen yap\u0131 Profilleridir. Standart olarak 6 MT ve 12 MT\u2019dir. Miktara g\u00f6re \u00f6zel boy \u00fcretim de yap\u0131labilmektedir. 30 \u2013 40 \u2013 50 \u2013 65 \u2013 100 \u2013 120 \u2013 140 \u2013 160 \u2013\u00a0 180 \u2013 200 \u2013 220 \u2013 &hellip;<\/p>\n<p class=\"read-more\"> <a class=\"\" href=\"https:\/\/www.alpsteel.com.tr\/en\/npu-demiri\/\"> <span class=\"screen-reader-text\">NPU Demiri<\/span> Read More &raquo;<\/a><\/p>","protected":false},"author":1,"featured_media":0,"parent":0,"menu_order":0,"comment_status":"closed","ping_status":"closed","template":"","meta":{"site-sidebar-layout":"no-sidebar","site-content-layout":"page-builder","ast-site-content-layout":"default","site-content-style":"default","site-sidebar-style":"default","ast-global-header-display":"","ast-banner-title-visibility":"","ast-main-header-display":"","ast-hfb-above-header-display":"","ast-hfb-below-header-display":"","ast-hfb-mobile-header-display":"","site-post-title":"disabled","ast-breadcrumbs-content":"","ast-featured-img":"disabled","footer-sml-layout":"","theme-transparent-header-meta":"default","adv-header-id-meta":"","stick-header-meta":"","header-above-stick-meta":"","header-main-stick-meta":"","header-below-stick-meta":"","astra-migrate-meta-layouts":"set","footnotes":""},"class_list":["post-1547","page","type-page","status-publish","hentry"],"_links":{"self":[{"href":"https:\/\/www.alpsteel.com.tr\/en\/wp-json\/wp\/v2\/pages\/1547","targetHints":{"allow":["GET"]}}],"collection":[{"href":"https:\/\/www.alpsteel.com.tr\/en\/wp-json\/wp\/v2\/pages"}],"about":[{"href":"https:\/\/www.alpsteel.com.tr\/en\/wp-json\/wp\/v2\/types\/page"}],"author":[{"embeddable":true,"href":"https:\/\/www.alpsteel.com.tr\/en\/wp-json\/wp\/v2\/users\/1"}],"replies":[{"embeddable":true,"href":"https:\/\/www.alpsteel.com.tr\/en\/wp-json\/wp\/v2\/comments?post=1547"}],"version-history":[{"count":7,"href":"https:\/\/www.alpsteel.com.tr\/en\/wp-json\/wp\/v2\/pages\/1547\/revisions"}],"predecessor-version":[{"id":1585,"href":"https:\/\/www.alpsteel.com.tr\/en\/wp-json\/wp\/v2\/pages\/1547\/revisions\/1585"}],"wp:attachment":[{"href":"https:\/\/www.alpsteel.com.tr\/en\/wp-json\/wp\/v2\/media?parent=1547"}],"curies":[{"name":"wp","href":"https:\/\/api.w.org\/{rel}","templated":true}]}}