{"id":1549,"date":"2023-08-24T09:18:52","date_gmt":"2023-08-24T09:18:52","guid":{"rendered":"https:\/\/yeni.alpsteel.com.tr\/?page_id=1549"},"modified":"2023-08-24T09:32:28","modified_gmt":"2023-08-24T09:32:28","slug":"npi-demiri","status":"publish","type":"page","link":"https:\/\/www.alpsteel.com.tr\/en\/npi-demiri\/","title":{"rendered":"NPI Demiri"},"content":{"rendered":"<div data-elementor-type=\"wp-page\" data-elementor-id=\"1549\" class=\"elementor elementor-1549\" data-elementor-post-type=\"page\">\n\t\t\t\t\t\t<section class=\"elementor-section elementor-top-section elementor-element elementor-element-e876469 elementor-section-boxed elementor-section-height-default elementor-section-height-default\" data-id=\"e876469\" data-element_type=\"section\">\n\t\t\t\t\t\t<div class=\"elementor-container elementor-column-gap-default\">\n\t\t\t\t\t<div class=\"elementor-column elementor-col-66 elementor-top-column elementor-element elementor-element-a0c7939\" data-id=\"a0c7939\" data-element_type=\"column\">\n\t\t\t<div class=\"elementor-widget-wrap elementor-element-populated\">\n\t\t\t\t\t\t<div class=\"elementor-element elementor-element-d25ecb3 elementor-widget elementor-widget-text-editor\" data-id=\"d25ecb3\" data-element_type=\"widget\" data-widget_type=\"text-editor.default\">\n\t\t\t\t<div class=\"elementor-widget-container\">\n\t\t\t\t\t\t\t\t\t<p>S235JR ( ST37 ), S275JR ( ST44 ), S355JR ( ST52 ) Kalite olarak S\u0131cak \u015fekilli \u00fcretilen yap\u0131 Profilleridir. Standart olarak 6 MT ve 12 MT\u2019dir. Miktara g\u00f6re \u00f6zel boy \u00fcretim de yap\u0131labilmektedir.<\/p><p>80 \u2013 100 \u2013 120 \u2013 140 \u2013 160 \u2013 180 200 \u2013 220 \u2013 240 \u2013\u00a0\u00a0 260 \u2013 280 \u2013 300 320 \u2013 340\u00a0 360 \u2013 380 \u2013 400 \u2013 450 500 \u2013 550 mm \u00d6l\u00e7\u00fclerinde S235JR\u00a0\u00a0 ( ST37 ), S275JR \u00a0( ST44 ),\u00a0 S355J2 ( ST52-3 ) Kalite NPI Demirleri Fiyat ve Stok bilgisi i\u00e7in Firmam\u0131zla ileti\u015fime Ge\u00e7ebilirsiniz.<\/p><p><strong>Genel Kullan\u0131m Alanlar\u0131;<\/strong><\/p><ul><li>\u00c7elik Konstr\u00fcksiyon ve \u00e7elik \u00e7at\u0131 imalat\u0131,<\/li><li>Konut, sanayii tipi ve \u0130\u015f merkezi gibi binalar\u0131n yap\u0131mlar\u0131nda,<\/li><li>Betonarme ve tarihi ta\u015f yap\u0131lar\u0131n Restorasyonunda,<\/li><li>Tar\u0131m ve Makine end\u00fcstrisi imalatlar\u0131nda,<\/li><li>Demiryolu vagon imalat\u0131,<\/li><li>Gemi in\u015fas\u0131 imalat\u0131,<\/li><li>Asans\u00f6r imalat\u0131,<\/li><li>Trafik \u0130\u015faret ve otoyol ekipmanlar\u0131 \u0130malat\u0131,<\/li><\/ul>\t\t\t\t\t\t\t\t<\/div>\n\t\t\t\t<\/div>\n\t\t\t\t\t<\/div>\n\t\t<\/div>\n\t\t\t\t<div class=\"elementor-column elementor-col-33 elementor-top-column elementor-element elementor-element-f243b50\" data-id=\"f243b50\" data-element_type=\"column\">\n\t\t\t<div class=\"elementor-widget-wrap elementor-element-populated\">\n\t\t\t\t\t\t<div class=\"elementor-element elementor-element-f19037a elementor-invisible elementor-widget elementor-widget-image\" data-id=\"f19037a\" data-element_type=\"widget\" data-settings=\"{&quot;_animation&quot;:&quot;fadeInDown&quot;}\" data-widget_type=\"image.default\">\n\t\t\t\t<div class=\"elementor-widget-container\">\n\t\t\t\t\t\t\t\t\t\t\t\t\t\t\t<img fetchpriority=\"high\" decoding=\"async\" width=\"640\" height=\"320\" src=\"https:\/\/www.alpsteel.com.tr\/wp-content\/uploads\/2023\/08\/alpsteel-npi-demiri.jpg\" class=\"attachment-large size-large wp-image-1258\" alt=\"NPI Demiri\" srcset=\"https:\/\/www.alpsteel.com.tr\/wp-content\/uploads\/2023\/08\/alpsteel-npi-demiri.jpg 640w, https:\/\/www.alpsteel.com.tr\/wp-content\/uploads\/2023\/08\/alpsteel-npi-demiri-300x150.jpg 300w, https:\/\/www.alpsteel.com.tr\/wp-content\/uploads\/2023\/08\/alpsteel-npi-demiri-18x9.jpg 18w\" sizes=\"(max-width: 640px) 100vw, 640px\" \/>\t\t\t\t\t\t\t\t\t\t\t\t\t\t\t<\/div>\n\t\t\t\t<\/div>\n\t\t\t\t\t<\/div>\n\t\t<\/div>\n\t\t\t\t\t<\/div>\n\t\t<\/section>\n\t\t\t\t<section class=\"elementor-section elementor-top-section elementor-element elementor-element-e6445a9 elementor-section-boxed elementor-section-height-default elementor-section-height-default\" data-id=\"e6445a9\" data-element_type=\"section\">\n\t\t\t\t\t\t<div class=\"elementor-container elementor-column-gap-default\">\n\t\t\t\t\t<div class=\"elementor-column elementor-col-100 elementor-top-column elementor-element elementor-element-6960a16\" data-id=\"6960a16\" data-element_type=\"column\">\n\t\t\t<div class=\"elementor-widget-wrap elementor-element-populated\">\n\t\t\t\t\t\t<div class=\"elementor-element elementor-element-fbe412d elementor-widget elementor-widget-text-editor\" data-id=\"fbe412d\" data-element_type=\"widget\" data-widget_type=\"text-editor.default\">\n\t\t\t\t<div class=\"elementor-widget-container\">\n\t\t\t\t\t\t\t\t\t<table width=\"0\"><tbody><tr><td colspan=\"2\" width=\"166\"><strong>NPI PROF\u0130LLER<\/strong><\/td><td width=\"69\">\u00a0<\/td><td width=\"69\">\u00a0<\/td><td colspan=\"2\" width=\"137\">TS\u00a0\u00a0\u00a0\u00a0\u00a0 910<\/td><\/tr><tr><td colspan=\"2\" width=\"166\">INP Profiles<\/td><td width=\"69\">\u00a0<\/td><td width=\"69\">\u00a0<\/td><td colspan=\"2\" width=\"137\">DIN\u00a0\u00a0\u00a0\u00a0\u00a0 1025<\/td><\/tr><tr><td width=\"103\">\u00a0<\/td><td width=\"63\">\u00a0<\/td><td width=\"69\">\u00a0<\/td><td width=\"69\">\u00a0<\/td><td width=\"69\">\u00a0<\/td><td width=\"69\">\u00a0<\/td><\/tr><tr><td width=\"103\"><strong>K\u0131sa \u0130\u015fareti<\/strong><\/td><td width=\"63\"><strong>A\u011f\u0131rl\u0131k<\/strong><\/td><td colspan=\"4\" width=\"275\"><strong>Boyutlar (mm)<\/strong>\u00a0\u00a0\u00a0\u00a0\u00a0\u00a0\u00a0\u00a0\u00a0\u00a0\u00a0 Dimensions (mm)<\/td><\/tr><tr><td width=\"103\">Short Mark<\/td><td width=\"63\">Weight<\/td><td rowspan=\"2\" width=\"69\"><strong>h<\/strong><\/td><td rowspan=\"2\" width=\"69\"><strong>b<\/strong><\/td><td rowspan=\"2\" width=\"69\"><strong>s<\/strong><\/td><td rowspan=\"2\" width=\"69\"><strong>t<\/strong><\/td><\/tr><tr><td width=\"103\"><strong>l<\/strong><\/td><td width=\"63\"><strong>kg\/mt<\/strong><\/td><\/tr><tr><td width=\"103\">80<\/td><td width=\"63\">5,94<\/td><td width=\"69\">80<\/td><td width=\"69\">42<\/td><td width=\"69\">3,9<\/td><td width=\"69\">5,9<\/td><\/tr><tr><td width=\"103\">100<\/td><td width=\"63\">8,34<\/td><td width=\"69\">100<\/td><td width=\"69\">50<\/td><td width=\"69\">4,5<\/td><td width=\"69\">6,8<\/td><\/tr><tr><td width=\"103\">120<\/td><td width=\"63\">11,1<\/td><td width=\"69\">120<\/td><td width=\"69\">58<\/td><td width=\"69\">5,1<\/td><td width=\"69\">7,7<\/td><\/tr><tr><td width=\"103\">140<\/td><td width=\"63\">14,3<\/td><td width=\"69\">140<\/td><td width=\"69\">66<\/td><td width=\"69\">5,7<\/td><td width=\"69\">8,6<\/td><\/tr><tr><td width=\"103\">160<\/td><td width=\"63\">17,9<\/td><td width=\"69\">160<\/td><td width=\"69\">74<\/td><td width=\"69\">6,3<\/td><td width=\"69\">9,5<\/td><\/tr><tr><td width=\"103\">180<\/td><td width=\"63\">21,9<\/td><td width=\"69\">180<\/td><td width=\"69\">82<\/td><td width=\"69\">6,9<\/td><td width=\"69\">10,4<\/td><\/tr><tr><td width=\"103\">200<\/td><td width=\"63\">26,2<\/td><td width=\"69\">200<\/td><td width=\"69\">90<\/td><td width=\"69\">7,5<\/td><td width=\"69\">11,3<\/td><\/tr><tr><td width=\"103\">220<\/td><td width=\"63\">31,1<\/td><td width=\"69\">220<\/td><td width=\"69\">98<\/td><td width=\"69\">8,1<\/td><td width=\"69\">12,2<\/td><\/tr><tr><td width=\"103\">240<\/td><td width=\"63\">36,2<\/td><td width=\"69\">240<\/td><td width=\"69\">106<\/td><td width=\"69\">8,7<\/td><td width=\"69\">13,1<\/td><\/tr><tr><td width=\"103\">260<\/td><td width=\"63\">41,9<\/td><td width=\"69\">260<\/td><td width=\"69\">113<\/td><td width=\"69\">9,4<\/td><td width=\"69\">14,1<\/td><\/tr><tr><td width=\"103\">280<\/td><td width=\"63\">47,9<\/td><td width=\"69\">280<\/td><td width=\"69\">119<\/td><td width=\"69\">10,1<\/td><td width=\"69\">15,2<\/td><\/tr><tr><td width=\"103\">300<\/td><td width=\"63\">54,2<\/td><td width=\"69\">300<\/td><td width=\"69\">125<\/td><td width=\"69\">10,8<\/td><td width=\"69\">16,2<\/td><\/tr><tr><td width=\"103\">320<\/td><td width=\"63\">61.0<\/td><td width=\"69\">320<\/td><td width=\"69\">131<\/td><td width=\"69\">11,5<\/td><td width=\"69\">17,3<\/td><\/tr><tr><td width=\"103\">340<\/td><td width=\"63\">68.0<\/td><td width=\"69\">340<\/td><td width=\"69\">137<\/td><td width=\"69\">12,2<\/td><td width=\"69\">18,3<\/td><\/tr><tr><td width=\"103\">360<\/td><td width=\"63\">76,1<\/td><td width=\"69\">360<\/td><td width=\"69\">143<\/td><td width=\"69\">13.0<\/td><td width=\"69\">19,5<\/td><\/tr><tr><td width=\"103\">380<\/td><td width=\"63\">84.0<\/td><td width=\"69\">380<\/td><td width=\"69\">149<\/td><td width=\"69\">13,7<\/td><td width=\"69\">20,5<\/td><\/tr><tr><td width=\"103\">400<\/td><td width=\"63\">92,4<\/td><td width=\"69\">400<\/td><td width=\"69\">155<\/td><td width=\"69\">14,4<\/td><td width=\"69\">21,6<\/td><\/tr><tr><td width=\"103\">425<\/td><td width=\"63\">104<\/td><td width=\"69\">425<\/td><td width=\"69\">163<\/td><td width=\"69\">15,3<\/td><td width=\"69\">23.0<\/td><\/tr><tr><td width=\"103\">450<\/td><td width=\"63\">115<\/td><td width=\"69\">450<\/td><td width=\"69\">170<\/td><td width=\"69\">16,2<\/td><td width=\"69\">24,3<\/td><\/tr><tr><td width=\"103\">475<\/td><td width=\"63\">128<\/td><td width=\"69\">475<\/td><td width=\"69\">178<\/td><td width=\"69\">17,1<\/td><td width=\"69\">25,6<\/td><\/tr><tr><td width=\"103\">500<\/td><td width=\"63\">141<\/td><td width=\"69\">500<\/td><td width=\"69\">185<\/td><td width=\"69\">18.0<\/td><td width=\"69\">27.0<\/td><\/tr><tr><td width=\"103\">550<\/td><td width=\"63\">166<\/td><td width=\"69\">550<\/td><td width=\"69\">200<\/td><td width=\"69\">19.0<\/td><td width=\"69\">30.0<\/td><\/tr><tr><td width=\"103\">600<\/td><td width=\"63\">199<\/td><td width=\"69\">600<\/td><td width=\"69\">215<\/td><td width=\"69\">21,6<\/td><td width=\"69\">32,4<\/td><\/tr><\/tbody><\/table>\t\t\t\t\t\t\t\t<\/div>\n\t\t\t\t<\/div>\n\t\t\t\t\t<\/div>\n\t\t<\/div>\n\t\t\t\t\t<\/div>\n\t\t<\/section>\n\t\t\t\t<\/div>","protected":false},"excerpt":{"rendered":"<p>S235JR ( ST37 ), S275JR ( ST44 ), S355JR ( ST52 ) Kalite olarak S\u0131cak \u015fekilli \u00fcretilen yap\u0131 Profilleridir. Standart olarak 6 MT ve 12 MT\u2019dir. Miktara g\u00f6re \u00f6zel boy \u00fcretim de yap\u0131labilmektedir. 80 \u2013 100 \u2013 120 \u2013 140 \u2013 160 \u2013 180 200 \u2013 220 \u2013 240 \u2013\u00a0\u00a0 260 \u2013 280 \u2013 300 &hellip;<\/p>\n<p class=\"read-more\"> <a class=\"\" href=\"https:\/\/www.alpsteel.com.tr\/en\/npi-demiri\/\"> <span class=\"screen-reader-text\">NPI Demiri<\/span> Read More &raquo;<\/a><\/p>","protected":false},"author":1,"featured_media":0,"parent":0,"menu_order":0,"comment_status":"closed","ping_status":"closed","template":"","meta":{"site-sidebar-layout":"no-sidebar","site-content-layout":"page-builder","ast-site-content-layout":"default","site-content-style":"default","site-sidebar-style":"default","ast-global-header-display":"","ast-banner-title-visibility":"","ast-main-header-display":"","ast-hfb-above-header-display":"","ast-hfb-below-header-display":"","ast-hfb-mobile-header-display":"","site-post-title":"disabled","ast-breadcrumbs-content":"","ast-featured-img":"disabled","footer-sml-layout":"","theme-transparent-header-meta":"default","adv-header-id-meta":"","stick-header-meta":"","header-above-stick-meta":"","header-main-stick-meta":"","header-below-stick-meta":"","astra-migrate-meta-layouts":"set","footnotes":""},"class_list":["post-1549","page","type-page","status-publish","hentry"],"_links":{"self":[{"href":"https:\/\/www.alpsteel.com.tr\/en\/wp-json\/wp\/v2\/pages\/1549","targetHints":{"allow":["GET"]}}],"collection":[{"href":"https:\/\/www.alpsteel.com.tr\/en\/wp-json\/wp\/v2\/pages"}],"about":[{"href":"https:\/\/www.alpsteel.com.tr\/en\/wp-json\/wp\/v2\/types\/page"}],"author":[{"embeddable":true,"href":"https:\/\/www.alpsteel.com.tr\/en\/wp-json\/wp\/v2\/users\/1"}],"replies":[{"embeddable":true,"href":"https:\/\/www.alpsteel.com.tr\/en\/wp-json\/wp\/v2\/comments?post=1549"}],"version-history":[{"count":4,"href":"https:\/\/www.alpsteel.com.tr\/en\/wp-json\/wp\/v2\/pages\/1549\/revisions"}],"predecessor-version":[{"id":1588,"href":"https:\/\/www.alpsteel.com.tr\/en\/wp-json\/wp\/v2\/pages\/1549\/revisions\/1588"}],"wp:attachment":[{"href":"https:\/\/www.alpsteel.com.tr\/en\/wp-json\/wp\/v2\/media?parent=1549"}],"curies":[{"name":"wp","href":"https:\/\/api.w.org\/{rel}","templated":true}]}}