{"id":1551,"date":"2023-08-24T09:19:04","date_gmt":"2023-08-24T09:19:04","guid":{"rendered":"https:\/\/yeni.alpsteel.com.tr\/?page_id=1551"},"modified":"2023-08-24T09:34:57","modified_gmt":"2023-08-24T09:34:57","slug":"ipe-demiri","status":"publish","type":"page","link":"https:\/\/www.alpsteel.com.tr\/en\/ipe-demiri\/","title":{"rendered":"IPE Demiri"},"content":{"rendered":"<div data-elementor-type=\"wp-page\" data-elementor-id=\"1551\" class=\"elementor elementor-1551\" data-elementor-post-type=\"page\">\n\t\t\t\t\t\t<section class=\"elementor-section elementor-top-section elementor-element elementor-element-a3878ee elementor-section-boxed elementor-section-height-default elementor-section-height-default\" data-id=\"a3878ee\" data-element_type=\"section\">\n\t\t\t\t\t\t<div class=\"elementor-container elementor-column-gap-default\">\n\t\t\t\t\t<div class=\"elementor-column elementor-col-66 elementor-top-column elementor-element elementor-element-ae18b19\" data-id=\"ae18b19\" data-element_type=\"column\">\n\t\t\t<div class=\"elementor-widget-wrap elementor-element-populated\">\n\t\t\t\t\t\t<div class=\"elementor-element elementor-element-e81d13c elementor-widget elementor-widget-text-editor\" data-id=\"e81d13c\" data-element_type=\"widget\" data-widget_type=\"text-editor.default\">\n\t\t\t\t<div class=\"elementor-widget-container\">\n\t\t\t\t\t\t\t\t\t<p>S235JR ( ST37 ), S275JR ( ST44 ), S355JR ( ST52 ) Kalite olarak S\u0131cak \u015fekilli \u00fcretilen yap\u0131 Profilleridir. Standart olarak 6 MT ve 12 MT\u2019dir. Miktara g\u00f6re \u00f6zel boy \u00fcretim de yap\u0131labilmektedir.<\/p><p>100 \u2013 120 \u2013 140 \u2013 160 \u2013 180 \u2013 200\u00a0 220 \u2013 240\u00a0 270 \u2013 300 \u2013 330 \u2013 360\u00a0 400 \u2013 400 \u2013 450 \u2013 500\u00a0 550 \u2013 600 \u2013 750 mm \u00d6l\u00e7\u00fclerinde S275JR ( ST44 ), S355JR ( ST52 ) Kalite IPE Demirleri Fiyat ve Stok bilgisi i\u00e7in Firmam\u0131zla ileti\u015fime Ge\u00e7ebilirsiniz.<\/p><p><strong>Genel Kullan\u0131m Alanlar\u0131;<\/strong><\/p><ul><li>\u00c7elik Konstr\u00fcksiyon ve \u00e7elik \u00e7at\u0131 imalat\u0131,<\/li><li>Konut, sanayii tipi ve \u0130\u015f merkezi gibi binalar\u0131n yap\u0131mlar\u0131nda,<\/li><li>Betonarme ve tarihi ta\u015f yap\u0131lar\u0131n Restorasyonunda,<\/li><li>Tar\u0131m ve Makine end\u00fcstrisi imalatlar\u0131nda,<\/li><li>Demiryolu vagon imalat\u0131,<\/li><li>Gemi in\u015fas\u0131 imalat\u0131,<\/li><li>Asans\u00f6r imalat\u0131,<\/li><\/ul>\t\t\t\t\t\t\t\t<\/div>\n\t\t\t\t<\/div>\n\t\t\t\t\t<\/div>\n\t\t<\/div>\n\t\t\t\t<div class=\"elementor-column elementor-col-33 elementor-top-column elementor-element elementor-element-b96767f\" data-id=\"b96767f\" data-element_type=\"column\">\n\t\t\t<div class=\"elementor-widget-wrap elementor-element-populated\">\n\t\t\t\t\t\t<div class=\"elementor-element elementor-element-cb18d53 elementor-invisible elementor-widget elementor-widget-image\" data-id=\"cb18d53\" data-element_type=\"widget\" data-settings=\"{&quot;_animation&quot;:&quot;fadeInDown&quot;}\" data-widget_type=\"image.default\">\n\t\t\t\t<div class=\"elementor-widget-container\">\n\t\t\t\t\t\t\t\t\t\t\t\t\t\t\t<img fetchpriority=\"high\" decoding=\"async\" width=\"640\" height=\"320\" src=\"https:\/\/www.alpsteel.com.tr\/wp-content\/uploads\/2023\/08\/alpsteel-ipe-demiri.jpg\" class=\"attachment-large size-large wp-image-1265\" alt=\"IPE Demiri\" srcset=\"https:\/\/www.alpsteel.com.tr\/wp-content\/uploads\/2023\/08\/alpsteel-ipe-demiri.jpg 640w, https:\/\/www.alpsteel.com.tr\/wp-content\/uploads\/2023\/08\/alpsteel-ipe-demiri-300x150.jpg 300w, https:\/\/www.alpsteel.com.tr\/wp-content\/uploads\/2023\/08\/alpsteel-ipe-demiri-18x9.jpg 18w\" sizes=\"(max-width: 640px) 100vw, 640px\" \/>\t\t\t\t\t\t\t\t\t\t\t\t\t\t\t<\/div>\n\t\t\t\t<\/div>\n\t\t\t\t\t<\/div>\n\t\t<\/div>\n\t\t\t\t\t<\/div>\n\t\t<\/section>\n\t\t\t\t<section class=\"elementor-section elementor-top-section elementor-element elementor-element-e468ff1 elementor-section-boxed elementor-section-height-default elementor-section-height-default\" data-id=\"e468ff1\" data-element_type=\"section\">\n\t\t\t\t\t\t<div class=\"elementor-container elementor-column-gap-default\">\n\t\t\t\t\t<div class=\"elementor-column elementor-col-100 elementor-top-column elementor-element elementor-element-8f21359\" data-id=\"8f21359\" data-element_type=\"column\">\n\t\t\t<div class=\"elementor-widget-wrap elementor-element-populated\">\n\t\t\t\t\t\t<div class=\"elementor-element elementor-element-dea5ed6 elementor-widget elementor-widget-text-editor\" data-id=\"dea5ed6\" data-element_type=\"widget\" data-widget_type=\"text-editor.default\">\n\t\t\t\t<div class=\"elementor-widget-container\">\n\t\t\t\t\t\t\t\t\t<table width=\"0\"><tbody><tr><td colspan=\"2\" width=\"152\"><strong>IPE PROF\u0130LLER\u0130<\/strong><\/td><td width=\"65\">\u00a0<\/td><td width=\"65\">\u00a0<\/td><td colspan=\"2\" width=\"129\">TS\u00a0\u00a0\u00a0\u00a0\u00a0 910\/1<\/td><\/tr><tr><td colspan=\"2\" width=\"152\">IPE Profiles<\/td><td width=\"65\">\u00a0<\/td><td width=\"65\">\u00a0<\/td><td colspan=\"2\" width=\"129\">DIN\u00a0\u00a0\u00a0\u00a0\u00a0 1025<\/td><\/tr><tr><td width=\"98\">\u00a0<\/td><td width=\"54\">\u00a0<\/td><td width=\"65\">\u00a0<\/td><td width=\"65\">\u00a0<\/td><td width=\"65\">\u00a0<\/td><td width=\"65\">\u00a0<\/td><\/tr><tr><td width=\"98\"><strong>Kesit<\/strong><\/td><td width=\"54\"><strong>A\u011f\u0131rl\u0131k<\/strong><\/td><td colspan=\"4\" width=\"259\"><strong>Boyutlar (mm)<\/strong>\u00a0\u00a0\u00a0\u00a0\u00a0\u00a0\u00a0\u00a0\u00a0\u00a0\u00a0 Dimensions (mm)<\/td><\/tr><tr><td width=\"98\">Desingnation<\/td><td width=\"54\">Weight<\/td><td rowspan=\"2\" width=\"65\"><strong>h<\/strong><\/td><td rowspan=\"2\" width=\"65\"><strong>b<\/strong><\/td><td rowspan=\"2\" width=\"65\"><strong>tw<\/strong><\/td><td rowspan=\"2\" width=\"65\"><strong>tf<\/strong><\/td><\/tr><tr><td width=\"98\"><strong>IPE<\/strong><\/td><td width=\"54\"><strong>kg\/mt<\/strong><\/td><\/tr><tr><td width=\"98\">100<\/td><td width=\"54\">8,1<\/td><td width=\"65\">100<\/td><td width=\"65\">55<\/td><td width=\"65\">4,1<\/td><td width=\"65\">5,7<\/td><\/tr><tr><td width=\"98\">120<\/td><td width=\"54\">10,4<\/td><td width=\"65\">120<\/td><td width=\"65\">64<\/td><td width=\"65\">4,4<\/td><td width=\"65\">6,3<\/td><\/tr><tr><td width=\"98\">140<\/td><td width=\"54\">12,9<\/td><td width=\"65\">140<\/td><td width=\"65\">73<\/td><td width=\"65\">4,7<\/td><td width=\"65\">6,9<\/td><\/tr><tr><td width=\"98\">160<\/td><td width=\"54\">15,8<\/td><td width=\"65\">160<\/td><td width=\"65\">82<\/td><td width=\"65\">5<\/td><td width=\"65\">7,4<\/td><\/tr><tr><td width=\"98\">180<\/td><td width=\"54\">18,8<\/td><td width=\"65\">180<\/td><td width=\"65\">91<\/td><td width=\"65\">5,3<\/td><td width=\"65\">8<\/td><\/tr><tr><td width=\"98\">200<\/td><td width=\"54\">22,4<\/td><td width=\"65\">200<\/td><td width=\"65\">100<\/td><td width=\"65\">5,6<\/td><td width=\"65\">8,5<\/td><\/tr><tr><td width=\"98\">220<\/td><td width=\"54\">26,2<\/td><td width=\"65\">220<\/td><td width=\"65\">110<\/td><td width=\"65\">5,9<\/td><td width=\"65\">9,2<\/td><\/tr><tr><td width=\"98\">240<\/td><td width=\"54\">30,7<\/td><td width=\"65\">240<\/td><td width=\"65\">120<\/td><td width=\"65\">6,2<\/td><td width=\"65\">9,8<\/td><\/tr><tr><td width=\"98\">270<\/td><td width=\"54\">36,1<\/td><td width=\"65\">270<\/td><td width=\"65\">135<\/td><td width=\"65\">6,6<\/td><td width=\"65\">10,2<\/td><\/tr><tr><td width=\"98\">300<\/td><td width=\"54\">42,2<\/td><td width=\"65\">300<\/td><td width=\"65\">150<\/td><td width=\"65\">7,1<\/td><td width=\"65\">10,7<\/td><\/tr><tr><td width=\"98\">330<\/td><td width=\"54\">49,1<\/td><td width=\"65\">330<\/td><td width=\"65\">160<\/td><td width=\"65\">7,5<\/td><td width=\"65\">11,5<\/td><\/tr><tr><td width=\"98\">360<\/td><td width=\"54\">57,1<\/td><td width=\"65\">360<\/td><td width=\"65\">170<\/td><td width=\"65\">8<\/td><td width=\"65\">12,7<\/td><\/tr><tr><td width=\"98\">400<\/td><td width=\"54\">66,3<\/td><td width=\"65\">400<\/td><td width=\"65\">180<\/td><td width=\"65\">8,6<\/td><td width=\"65\">13,5<\/td><\/tr><tr><td width=\"98\">450<\/td><td width=\"54\">77,6<\/td><td width=\"65\">450<\/td><td width=\"65\">190<\/td><td width=\"65\">9,4<\/td><td width=\"65\">14,6<\/td><\/tr><tr><td width=\"98\">500<\/td><td width=\"54\">90,7<\/td><td width=\"65\">500<\/td><td width=\"65\">200<\/td><td width=\"65\">10,2<\/td><td width=\"65\">16<\/td><\/tr><tr><td width=\"98\">550<\/td><td width=\"54\">106<\/td><td width=\"65\">550<\/td><td width=\"65\">210<\/td><td width=\"65\">11,1<\/td><td width=\"65\">17,2<\/td><\/tr><tr><td width=\"98\">600<\/td><td width=\"54\">122<\/td><td width=\"65\">600<\/td><td width=\"65\">220<\/td><td width=\"65\">12<\/td><td width=\"65\">19<\/td><\/tr><tr><td width=\"98\">750X147<\/td><td width=\"54\">173<\/td><td width=\"65\">753<\/td><td width=\"65\">265<\/td><td width=\"65\">13,2<\/td><td width=\"65\">17<\/td><\/tr><\/tbody><\/table>\t\t\t\t\t\t\t\t<\/div>\n\t\t\t\t<\/div>\n\t\t\t\t\t<\/div>\n\t\t<\/div>\n\t\t\t\t\t<\/div>\n\t\t<\/section>\n\t\t\t\t<\/div>","protected":false},"excerpt":{"rendered":"<p>S235JR ( ST37 ), S275JR ( ST44 ), S355JR ( ST52 ) Kalite olarak S\u0131cak \u015fekilli \u00fcretilen yap\u0131 Profilleridir. Standart olarak 6 MT ve 12 MT\u2019dir. Miktara g\u00f6re \u00f6zel boy \u00fcretim de yap\u0131labilmektedir. 100 \u2013 120 \u2013 140 \u2013 160 \u2013 180 \u2013 200\u00a0 220 \u2013 240\u00a0 270 \u2013 300 \u2013 330 \u2013 360\u00a0 400 &hellip;<\/p>\n<p class=\"read-more\"> <a class=\"\" href=\"https:\/\/www.alpsteel.com.tr\/en\/ipe-demiri\/\"> <span class=\"screen-reader-text\">IPE Demiri<\/span> Read More &raquo;<\/a><\/p>","protected":false},"author":1,"featured_media":0,"parent":0,"menu_order":0,"comment_status":"closed","ping_status":"closed","template":"","meta":{"site-sidebar-layout":"no-sidebar","site-content-layout":"page-builder","ast-site-content-layout":"default","site-content-style":"default","site-sidebar-style":"default","ast-global-header-display":"","ast-banner-title-visibility":"","ast-main-header-display":"","ast-hfb-above-header-display":"","ast-hfb-below-header-display":"","ast-hfb-mobile-header-display":"","site-post-title":"disabled","ast-breadcrumbs-content":"","ast-featured-img":"disabled","footer-sml-layout":"","theme-transparent-header-meta":"default","adv-header-id-meta":"","stick-header-meta":"","header-above-stick-meta":"","header-main-stick-meta":"","header-below-stick-meta":"","astra-migrate-meta-layouts":"set","footnotes":""},"class_list":["post-1551","page","type-page","status-publish","hentry"],"_links":{"self":[{"href":"https:\/\/www.alpsteel.com.tr\/en\/wp-json\/wp\/v2\/pages\/1551","targetHints":{"allow":["GET"]}}],"collection":[{"href":"https:\/\/www.alpsteel.com.tr\/en\/wp-json\/wp\/v2\/pages"}],"about":[{"href":"https:\/\/www.alpsteel.com.tr\/en\/wp-json\/wp\/v2\/types\/page"}],"author":[{"embeddable":true,"href":"https:\/\/www.alpsteel.com.tr\/en\/wp-json\/wp\/v2\/users\/1"}],"replies":[{"embeddable":true,"href":"https:\/\/www.alpsteel.com.tr\/en\/wp-json\/wp\/v2\/comments?post=1551"}],"version-history":[{"count":7,"href":"https:\/\/www.alpsteel.com.tr\/en\/wp-json\/wp\/v2\/pages\/1551\/revisions"}],"predecessor-version":[{"id":1594,"href":"https:\/\/www.alpsteel.com.tr\/en\/wp-json\/wp\/v2\/pages\/1551\/revisions\/1594"}],"wp:attachment":[{"href":"https:\/\/www.alpsteel.com.tr\/en\/wp-json\/wp\/v2\/media?parent=1551"}],"curies":[{"name":"wp","href":"https:\/\/api.w.org\/{rel}","templated":true}]}}