{"id":1555,"date":"2023-08-24T09:19:37","date_gmt":"2023-08-24T09:19:37","guid":{"rendered":"https:\/\/yeni.alpsteel.com.tr\/?page_id=1555"},"modified":"2023-08-24T09:38:56","modified_gmt":"2023-08-24T09:38:56","slug":"heb-demiri","status":"publish","type":"page","link":"https:\/\/www.alpsteel.com.tr\/en\/heb-demiri\/","title":{"rendered":"HEB Demiri"},"content":{"rendered":"<div data-elementor-type=\"wp-page\" data-elementor-id=\"1555\" class=\"elementor elementor-1555\" data-elementor-post-type=\"page\">\n\t\t\t\t\t\t<section class=\"elementor-section elementor-top-section elementor-element elementor-element-bdcc96c elementor-section-boxed elementor-section-height-default elementor-section-height-default\" data-id=\"bdcc96c\" data-element_type=\"section\">\n\t\t\t\t\t\t<div class=\"elementor-container elementor-column-gap-default\">\n\t\t\t\t\t<div class=\"elementor-column elementor-col-66 elementor-top-column elementor-element elementor-element-b6fe2a9\" data-id=\"b6fe2a9\" data-element_type=\"column\">\n\t\t\t<div class=\"elementor-widget-wrap elementor-element-populated\">\n\t\t\t\t\t\t<div class=\"elementor-element elementor-element-6455a0d elementor-widget elementor-widget-text-editor\" data-id=\"6455a0d\" data-element_type=\"widget\" data-widget_type=\"text-editor.default\">\n\t\t\t\t<div class=\"elementor-widget-container\">\n\t\t\t\t\t\t\t\t\t<p>S235JR ( ST37 ), S275JR ( ST44 ), S355JR ( ST52 ) Kalite olarak S\u0131cak \u015fekilli \u00fcretilen yap\u0131 Profilleridir. Standart olarak 6 MT ve 12 MT\u2019dir. Miktara g\u00f6re \u00f6zel boy \u00fcretim de yap\u0131labilmektedir.<\/p><p>100 \u2013 120 \u2013 140 \u2013 160 \u2013 180 \u2013 200\u00a0 220 \u2013 240 260 \u2013 280 \u2013 300 \u2013 320\u00a0 340 \u2013 360 \u2013 400 \u2013 450 500 \u2013 550 \u2013 600 \u2013 650 \u2013 700 \u2013 800 \u2013 900 \u2013 1000\u00a0\u00a0 mm \u00d6l\u00e7\u00fclerinde S275JR ( ST44 ),\u00a0 S355JR ( ST52 ) Kalite HEA Demirleri Fiyat ve Stok bilgisi i\u00e7in Firmam\u0131zla ileti\u015fime Ge\u00e7ebilirsiniz.<\/p><p><strong>Genel Kullan\u0131m Alanlar\u0131;<\/strong><\/p><ul><li>\u00c7elik Konstr\u00fcksiyon ve \u00e7elik \u00e7at\u0131 imalat\u0131,<\/li><li>Konut, sanayii tipi ve \u0130\u015f merkezi gibi binalar\u0131n yap\u0131mlar\u0131nda,<\/li><li>Betonarme ve tarihi ta\u015f yap\u0131lar\u0131n Restorasyonunda,<\/li><li>Tar\u0131m ve Makine end\u00fcstrisi imalatlar\u0131nda,<\/li><li>Demiryolu vagon imalat\u0131,<\/li><li>Gemi in\u015fas\u0131 imalat\u0131,<\/li><li>Asans\u00f6r imalat\u0131,<\/li><\/ul>\t\t\t\t\t\t\t\t<\/div>\n\t\t\t\t<\/div>\n\t\t\t\t\t<\/div>\n\t\t<\/div>\n\t\t\t\t<div class=\"elementor-column elementor-col-33 elementor-top-column elementor-element elementor-element-eb718a7\" data-id=\"eb718a7\" data-element_type=\"column\">\n\t\t\t<div class=\"elementor-widget-wrap elementor-element-populated\">\n\t\t\t\t\t\t<div class=\"elementor-element elementor-element-3da8ed6 elementor-invisible elementor-widget elementor-widget-image\" data-id=\"3da8ed6\" data-element_type=\"widget\" data-settings=\"{&quot;_animation&quot;:&quot;fadeInDown&quot;}\" data-widget_type=\"image.default\">\n\t\t\t\t<div class=\"elementor-widget-container\">\n\t\t\t\t\t\t\t\t\t\t\t\t\t\t\t<img fetchpriority=\"high\" decoding=\"async\" width=\"640\" height=\"320\" src=\"https:\/\/www.alpsteel.com.tr\/wp-content\/uploads\/2023\/08\/alpsteel-hea-demiri.jpg\" class=\"attachment-large size-large wp-image-1278\" alt=\"HEA Demiri\" srcset=\"https:\/\/www.alpsteel.com.tr\/wp-content\/uploads\/2023\/08\/alpsteel-hea-demiri.jpg 640w, https:\/\/www.alpsteel.com.tr\/wp-content\/uploads\/2023\/08\/alpsteel-hea-demiri-300x150.jpg 300w, https:\/\/www.alpsteel.com.tr\/wp-content\/uploads\/2023\/08\/alpsteel-hea-demiri-18x9.jpg 18w\" sizes=\"(max-width: 640px) 100vw, 640px\" \/>\t\t\t\t\t\t\t\t\t\t\t\t\t\t\t<\/div>\n\t\t\t\t<\/div>\n\t\t\t\t\t<\/div>\n\t\t<\/div>\n\t\t\t\t\t<\/div>\n\t\t<\/section>\n\t\t\t\t<section class=\"elementor-section elementor-top-section elementor-element elementor-element-1c55259 elementor-section-boxed elementor-section-height-default elementor-section-height-default\" data-id=\"1c55259\" data-element_type=\"section\">\n\t\t\t\t\t\t<div class=\"elementor-container elementor-column-gap-default\">\n\t\t\t\t\t<div class=\"elementor-column elementor-col-100 elementor-top-column elementor-element elementor-element-833bd74\" data-id=\"833bd74\" data-element_type=\"column\">\n\t\t\t<div class=\"elementor-widget-wrap elementor-element-populated\">\n\t\t\t\t\t\t<div class=\"elementor-element elementor-element-21bdd7c elementor-widget elementor-widget-text-editor\" data-id=\"21bdd7c\" data-element_type=\"widget\" data-widget_type=\"text-editor.default\">\n\t\t\t\t<div class=\"elementor-widget-container\">\n\t\t\t\t\t\t\t\t\t<table width=\"0\"><tbody><tr><td colspan=\"2\" width=\"150\"><strong>HEB PROF\u0130LLER\u0130<\/strong><\/td><td width=\"65\">\u00a0<\/td><td width=\"65\">\u00a0<\/td><td colspan=\"2\" width=\"129\">TS\u00a0\u00a0\u00a0\u00a0\u00a0 910\/1<\/td><\/tr><tr><td colspan=\"2\" width=\"150\">H Profiles<\/td><td width=\"65\">\u00a0<\/td><td width=\"65\">\u00a0<\/td><td colspan=\"2\" width=\"129\">DIN\u00a0\u00a0\u00a0\u00a0\u00a0 1025<\/td><\/tr><tr><td width=\"97\">\u00a0<\/td><td width=\"54\">\u00a0<\/td><td width=\"65\">\u00a0<\/td><td width=\"65\">\u00a0<\/td><td width=\"65\">\u00a0<\/td><td width=\"65\">\u00a0<\/td><\/tr><tr><td width=\"97\"><strong>Kesit<\/strong><\/td><td width=\"54\"><strong>A\u011f\u0131rl\u0131k<\/strong><\/td><td colspan=\"4\" width=\"259\"><strong>Boyutlar (mm)<\/strong>\u00a0\u00a0\u00a0\u00a0\u00a0\u00a0\u00a0\u00a0\u00a0\u00a0\u00a0 Dimensions (mm)<\/td><\/tr><tr><td width=\"97\">Desingnation<\/td><td width=\"54\">Weight<\/td><td rowspan=\"2\" width=\"65\"><strong>h<\/strong><\/td><td rowspan=\"2\" width=\"65\"><strong>b<\/strong><\/td><td rowspan=\"2\" width=\"65\"><strong>tw<\/strong><\/td><td rowspan=\"2\" width=\"65\"><strong>tf<\/strong><\/td><\/tr><tr><td width=\"97\"><strong>HE<\/strong><\/td><td width=\"54\"><strong>kg\/mt<\/strong><\/td><\/tr><tr><td width=\"97\">100 B<\/td><td width=\"54\">20,4<\/td><td width=\"65\">100<\/td><td width=\"65\">100<\/td><td width=\"65\">6.0<\/td><td width=\"65\">10<\/td><\/tr><tr><td width=\"97\">120 B<\/td><td width=\"54\">26,7<\/td><td width=\"65\">120<\/td><td width=\"65\">120<\/td><td width=\"65\">6,5<\/td><td width=\"65\">11<\/td><\/tr><tr><td width=\"97\">140 B<\/td><td width=\"54\">33,7<\/td><td width=\"65\">140<\/td><td width=\"65\">140<\/td><td width=\"65\">7.0<\/td><td width=\"65\">12<\/td><\/tr><tr><td width=\"97\">160 B<\/td><td width=\"54\">42,6<\/td><td width=\"65\">160<\/td><td width=\"65\">160<\/td><td width=\"65\">8.0<\/td><td width=\"65\">13<\/td><\/tr><tr><td width=\"97\">180 B<\/td><td width=\"54\">51,2<\/td><td width=\"65\">180<\/td><td width=\"65\">180<\/td><td width=\"65\">8,5<\/td><td width=\"65\">14<\/td><\/tr><tr><td width=\"97\">200 B<\/td><td width=\"54\">61,3<\/td><td width=\"65\">200<\/td><td width=\"65\">200<\/td><td width=\"65\">9.0<\/td><td width=\"65\">15<\/td><\/tr><tr><td width=\"97\">220 B<\/td><td width=\"54\">71,5<\/td><td width=\"65\">220<\/td><td width=\"65\">220<\/td><td width=\"65\">9,5<\/td><td width=\"65\">16<\/td><\/tr><tr><td width=\"97\">240 B<\/td><td width=\"54\">83,2<\/td><td width=\"65\">240<\/td><td width=\"65\">240<\/td><td width=\"65\">10<\/td><td width=\"65\">17<\/td><\/tr><tr><td width=\"97\">260 B<\/td><td width=\"54\">93.0<\/td><td width=\"65\">260<\/td><td width=\"65\">260<\/td><td width=\"65\">10<\/td><td width=\"65\">17,5<\/td><\/tr><tr><td width=\"97\">280 B<\/td><td width=\"54\">103<\/td><td width=\"65\">280<\/td><td width=\"65\">280<\/td><td width=\"65\">10,5<\/td><td width=\"65\">18<\/td><\/tr><tr><td width=\"97\">300 B<\/td><td width=\"54\">117<\/td><td width=\"65\">300<\/td><td width=\"65\">300<\/td><td width=\"65\">11<\/td><td width=\"65\">19<\/td><\/tr><tr><td width=\"97\">320 B<\/td><td width=\"54\">127<\/td><td width=\"65\">320<\/td><td width=\"65\">300<\/td><td width=\"65\">11,5<\/td><td width=\"65\">20,5<\/td><\/tr><tr><td width=\"97\">340 B<\/td><td width=\"54\">134<\/td><td width=\"65\">340<\/td><td width=\"65\">300<\/td><td width=\"65\">12<\/td><td width=\"65\">21,5<\/td><\/tr><tr><td width=\"97\">360 B<\/td><td width=\"54\">142<\/td><td width=\"65\">360<\/td><td width=\"65\">300<\/td><td width=\"65\">12,5<\/td><td width=\"65\">22,5<\/td><\/tr><tr><td width=\"97\">400 B<\/td><td width=\"54\">155<\/td><td width=\"65\">400<\/td><td width=\"65\">300<\/td><td width=\"65\">13,5<\/td><td width=\"65\">24<\/td><\/tr><tr><td width=\"97\">450 B<\/td><td width=\"54\">171<\/td><td width=\"65\">450<\/td><td width=\"65\">300<\/td><td width=\"65\">14<\/td><td width=\"65\">26<\/td><\/tr><tr><td width=\"97\">500 B<\/td><td width=\"54\">187<\/td><td width=\"65\">500<\/td><td width=\"65\">300<\/td><td width=\"65\">14,5<\/td><td width=\"65\">28<\/td><\/tr><tr><td width=\"97\">550 B<\/td><td width=\"54\">199<\/td><td width=\"65\">550<\/td><td width=\"65\">300<\/td><td width=\"65\">15<\/td><td width=\"65\">29<\/td><\/tr><tr><td width=\"97\">600 B<\/td><td width=\"54\">212<\/td><td width=\"65\">600<\/td><td width=\"65\">300<\/td><td width=\"65\">15,5<\/td><td width=\"65\">30<\/td><\/tr><\/tbody><\/table>\t\t\t\t\t\t\t\t<\/div>\n\t\t\t\t<\/div>\n\t\t\t\t\t<\/div>\n\t\t<\/div>\n\t\t\t\t\t<\/div>\n\t\t<\/section>\n\t\t\t\t<\/div>","protected":false},"excerpt":{"rendered":"<p>S235JR ( ST37 ), S275JR ( ST44 ), S355JR ( ST52 ) Kalite olarak S\u0131cak \u015fekilli \u00fcretilen yap\u0131 Profilleridir. Standart olarak 6 MT ve 12 MT\u2019dir. Miktara g\u00f6re \u00f6zel boy \u00fcretim de yap\u0131labilmektedir. 100 \u2013 120 \u2013 140 \u2013 160 \u2013 180 \u2013 200\u00a0 220 \u2013 240 260 \u2013 280 \u2013 300 \u2013 320\u00a0 340 &hellip;<\/p>\n<p class=\"read-more\"> <a class=\"\" href=\"https:\/\/www.alpsteel.com.tr\/en\/heb-demiri\/\"> <span class=\"screen-reader-text\">HEB Demiri<\/span> Read More &raquo;<\/a><\/p>","protected":false},"author":1,"featured_media":0,"parent":0,"menu_order":0,"comment_status":"closed","ping_status":"closed","template":"","meta":{"site-sidebar-layout":"no-sidebar","site-content-layout":"page-builder","ast-site-content-layout":"default","site-content-style":"default","site-sidebar-style":"default","ast-global-header-display":"","ast-banner-title-visibility":"","ast-main-header-display":"","ast-hfb-above-header-display":"","ast-hfb-below-header-display":"","ast-hfb-mobile-header-display":"","site-post-title":"disabled","ast-breadcrumbs-content":"","ast-featured-img":"disabled","footer-sml-layout":"","theme-transparent-header-meta":"default","adv-header-id-meta":"","stick-header-meta":"","header-above-stick-meta":"","header-main-stick-meta":"","header-below-stick-meta":"","astra-migrate-meta-layouts":"set","footnotes":""},"class_list":["post-1555","page","type-page","status-publish","hentry"],"_links":{"self":[{"href":"https:\/\/www.alpsteel.com.tr\/en\/wp-json\/wp\/v2\/pages\/1555","targetHints":{"allow":["GET"]}}],"collection":[{"href":"https:\/\/www.alpsteel.com.tr\/en\/wp-json\/wp\/v2\/pages"}],"about":[{"href":"https:\/\/www.alpsteel.com.tr\/en\/wp-json\/wp\/v2\/types\/page"}],"author":[{"embeddable":true,"href":"https:\/\/www.alpsteel.com.tr\/en\/wp-json\/wp\/v2\/users\/1"}],"replies":[{"embeddable":true,"href":"https:\/\/www.alpsteel.com.tr\/en\/wp-json\/wp\/v2\/comments?post=1555"}],"version-history":[{"count":4,"href":"https:\/\/www.alpsteel.com.tr\/en\/wp-json\/wp\/v2\/pages\/1555\/revisions"}],"predecessor-version":[{"id":1603,"href":"https:\/\/www.alpsteel.com.tr\/en\/wp-json\/wp\/v2\/pages\/1555\/revisions\/1603"}],"wp:attachment":[{"href":"https:\/\/www.alpsteel.com.tr\/en\/wp-json\/wp\/v2\/media?parent=1555"}],"curies":[{"name":"wp","href":"https:\/\/api.w.org\/{rel}","templated":true}]}}