{"id":1557,"date":"2023-08-24T09:20:05","date_gmt":"2023-08-24T09:20:05","guid":{"rendered":"https:\/\/yeni.alpsteel.com.tr\/?page_id=1557"},"modified":"2023-08-24T09:40:50","modified_gmt":"2023-08-24T09:40:50","slug":"kosebent-demiri","status":"publish","type":"page","link":"https:\/\/www.alpsteel.com.tr\/en\/kosebent-demiri\/","title":{"rendered":"K\u00f6\u015febent Demiri"},"content":{"rendered":"<div data-elementor-type=\"wp-page\" data-elementor-id=\"1557\" class=\"elementor elementor-1557\" data-elementor-post-type=\"page\">\n\t\t\t\t\t\t<section class=\"elementor-section elementor-top-section elementor-element elementor-element-e5f0f5b elementor-section-boxed elementor-section-height-default elementor-section-height-default\" data-id=\"e5f0f5b\" data-element_type=\"section\">\n\t\t\t\t\t\t<div class=\"elementor-container elementor-column-gap-default\">\n\t\t\t\t\t<div class=\"elementor-column elementor-col-66 elementor-top-column elementor-element elementor-element-b1ae3bb\" data-id=\"b1ae3bb\" data-element_type=\"column\">\n\t\t\t<div class=\"elementor-widget-wrap elementor-element-populated\">\n\t\t\t\t\t\t<div class=\"elementor-element elementor-element-b7051fc elementor-widget elementor-widget-text-editor\" data-id=\"b7051fc\" data-element_type=\"widget\" data-widget_type=\"text-editor.default\">\n\t\t\t\t<div class=\"elementor-widget-container\">\n\t\t\t\t\t\t\t\t\t<p>S235JR ( ST37 ), S275JR ( ST44 ), S355JR ( ST52 ) Kalite olarak 20*20 mm \u2013 200*200 mm aras\u0131 e\u015fit kenar ve \u00e7e\u015fitkenar olarak S\u0131cak \u015fekilli \u00fcretilen yap\u0131 Profillerdir. Standart olarak 6 MT ve 12 MT\u2019dir. Miktara g\u00f6re \u00f6zel boy \u00fcretim de yap\u0131labilmektedir.<\/p><p>25 \u2013 30 \u2013 40 \u2013 50 \u2013 60 \u2013 65 \u2013 70 \u2013 80 90\u00a0\u00a0\u00a0\u00a0 100 \u2013 120 \u2013 150 \u2013 180 \u2013 200 mm S235JR\u00a0\u00a0 \u00a0\u00a0\u00a0\u00a0\u00a0\u00a0\u00a0( ST37 ), S275JR ( ST44 ),\u00a0 S355J2 ( ST52-3 ) Kalite K\u00f6\u015febent Demirleri Fiyat ve Stok bilgisi i\u00e7in Firmam\u0131zla ileti\u015fime Ge\u00e7ebilirsiniz.<\/p><p><strong>Genel Kullan\u0131m Alanlar\u0131;<\/strong><\/p><ul><li>\u00c7elik Konstr\u00fcksiyon ve \u00e7elik \u00e7at\u0131 imalat\u0131,<\/li><li>Gemi in\u015fas\u0131 imalat\u0131,<\/li><li>Tar\u0131m ve Makine end\u00fcstrisi imalatlar\u0131nda,<\/li><li>\u00c7it ve bariyer imalat\u0131,<\/li><li>K\u00f6pr\u00fc ve \u00dcst Ge\u00e7it korkuluklar\u0131nda,<\/li><li>Otomotiv ve otomotiv yan sanayi,<\/li><li>Mobilya imalat\u0131,<\/li><li>Asans\u00f6r imalat\u0131,<\/li><li>Elektrik iletim hatlar\u0131,<\/li><li>Trafik \u0130\u015faret ve otoyol ekipmanlar\u0131 \u0130malat\u0131,<\/li><\/ul>\t\t\t\t\t\t\t\t<\/div>\n\t\t\t\t<\/div>\n\t\t\t\t\t<\/div>\n\t\t<\/div>\n\t\t\t\t<div class=\"elementor-column elementor-col-33 elementor-top-column elementor-element elementor-element-e13d41c\" data-id=\"e13d41c\" data-element_type=\"column\">\n\t\t\t<div class=\"elementor-widget-wrap elementor-element-populated\">\n\t\t\t\t\t\t<div class=\"elementor-element elementor-element-e7848b6 elementor-invisible elementor-widget elementor-widget-image\" data-id=\"e7848b6\" data-element_type=\"widget\" data-settings=\"{&quot;_animation&quot;:&quot;fadeInDown&quot;}\" data-widget_type=\"image.default\">\n\t\t\t\t<div class=\"elementor-widget-container\">\n\t\t\t\t\t\t\t\t\t\t\t\t\t\t\t<img fetchpriority=\"high\" decoding=\"async\" width=\"640\" height=\"320\" src=\"https:\/\/www.alpsteel.com.tr\/wp-content\/uploads\/2023\/08\/alpsteel-kosebent-demir.jpg\" class=\"attachment-large size-large wp-image-236\" alt=\"K\u00f6\u015febent Demir\" srcset=\"https:\/\/www.alpsteel.com.tr\/wp-content\/uploads\/2023\/08\/alpsteel-kosebent-demir.jpg 640w, https:\/\/www.alpsteel.com.tr\/wp-content\/uploads\/2023\/08\/alpsteel-kosebent-demir-300x150.jpg 300w, https:\/\/www.alpsteel.com.tr\/wp-content\/uploads\/2023\/08\/alpsteel-kosebent-demir-18x9.jpg 18w\" sizes=\"(max-width: 640px) 100vw, 640px\" \/>\t\t\t\t\t\t\t\t\t\t\t\t\t\t\t<\/div>\n\t\t\t\t<\/div>\n\t\t\t\t\t<\/div>\n\t\t<\/div>\n\t\t\t\t\t<\/div>\n\t\t<\/section>\n\t\t\t\t<section class=\"elementor-section elementor-top-section elementor-element elementor-element-3948b27 elementor-section-boxed elementor-section-height-default elementor-section-height-default\" data-id=\"3948b27\" data-element_type=\"section\">\n\t\t\t\t\t\t<div class=\"elementor-container elementor-column-gap-default\">\n\t\t\t\t\t<div class=\"elementor-column elementor-col-100 elementor-top-column elementor-element elementor-element-a31258f\" data-id=\"a31258f\" data-element_type=\"column\">\n\t\t\t<div class=\"elementor-widget-wrap elementor-element-populated\">\n\t\t\t\t\t\t<div class=\"elementor-element elementor-element-f9f8a9e elementor-widget elementor-widget-text-editor\" data-id=\"f9f8a9e\" data-element_type=\"widget\" data-widget_type=\"text-editor.default\">\n\t\t\t\t<div class=\"elementor-widget-container\">\n\t\t\t\t\t\t\t\t\t<table width=\"0\"><tbody><tr><td colspan=\"4\" width=\"295\"><strong>E\u015e\u0130TKENAR K\u00d6\u015eEBENTLER<\/strong><\/td><td colspan=\"2\" width=\"155\">\u00a0<\/td><td width=\"65\">\u00a0<\/td><td colspan=\"2\" width=\"129\">TS\u00a0\u00a0\u00a0\u00a0\u00a0 908<\/td><\/tr><tr><td colspan=\"4\" width=\"295\">Equal Angles<\/td><td colspan=\"2\" width=\"155\">\u00a0<\/td><td width=\"65\">\u00a0<\/td><td colspan=\"2\" width=\"129\">DIN\u00a0\u00a0\u00a0 1028<\/td><\/tr><tr><td width=\"131\">\u00a0<\/td><td width=\"40\">\u00a0<\/td><td width=\"40\">\u00a0<\/td><td width=\"84\">\u00a0<\/td><td width=\"10\">\u00a0<\/td><td width=\"145\">\u00a0<\/td><td width=\"65\">\u00a0<\/td><td width=\"39\">\u00a0<\/td><td width=\"90\">\u00a0<\/td><\/tr><tr><td width=\"131\"><strong>K\u0131sa i\u015faret<\/strong><\/td><td colspan=\"2\" width=\"80\"><strong>Boyutlar<\/strong><\/td><td width=\"84\"><strong>A\u011f\u0131rl\u0131k<\/strong><\/td><td width=\"10\">\u00a0<\/td><td width=\"145\"><strong>K\u0131sa i\u015faret<\/strong><\/td><td colspan=\"2\" width=\"104\"><strong>Boyutlar<\/strong><\/td><td width=\"90\"><strong>A\u011f\u0131rl\u0131k<\/strong><\/td><\/tr><tr><td width=\"131\">Short mark<\/td><td colspan=\"2\" width=\"80\">Dimensions<\/td><td width=\"84\">Weight<\/td><td width=\"10\">\u00a0<\/td><td width=\"145\">Short mark<\/td><td colspan=\"2\" width=\"104\">Dimensions<\/td><td width=\"90\">Weight<\/td><\/tr><tr><td rowspan=\"2\" width=\"131\"><strong>L<\/strong><\/td><td colspan=\"2\" width=\"80\">( mm )<\/td><td width=\"84\">\u00a0<\/td><td width=\"10\">\u00a0<\/td><td rowspan=\"2\" width=\"145\"><strong>L<\/strong><\/td><td colspan=\"2\" width=\"104\">( mm )<\/td><td width=\"90\">\u00a0<\/td><\/tr><tr><td width=\"40\"><strong>b<\/strong><\/td><td width=\"40\"><strong>s<\/strong><\/td><td width=\"84\"><strong>kg\/m<\/strong><\/td><td width=\"10\">\u00a0<\/td><td width=\"65\"><strong>b<\/strong><\/td><td width=\"39\"><strong>s<\/strong><\/td><td width=\"90\"><strong>kg\/m<\/strong><\/td><\/tr><tr><td rowspan=\"2\" width=\"131\">20\u00d720<\/td><td rowspan=\"2\" width=\"40\">20<\/td><td width=\"40\">3<\/td><td width=\"84\">0,88<\/td><td width=\"10\">\u00a0<\/td><td rowspan=\"6\" width=\"145\">90\u00d790<\/td><td rowspan=\"6\" width=\"65\">90<\/td><td width=\"39\">6<\/td><td width=\"90\">8,3<\/td><\/tr><tr><td width=\"40\">4<\/td><td width=\"84\">1,14<\/td><td width=\"10\">\u00a0<\/td><td width=\"39\">8<\/td><td width=\"90\">10,9<\/td><\/tr><tr><td rowspan=\"3\" width=\"131\">25\u00d725<\/td><td rowspan=\"3\" width=\"40\">25<\/td><td width=\"40\">3<\/td><td width=\"84\">1,12<\/td><td width=\"10\">\u00a0<\/td><td width=\"39\">9<\/td><td width=\"90\">12,2<\/td><\/tr><tr><td width=\"40\">4<\/td><td width=\"84\">1,45<\/td><td width=\"10\">\u00a0<\/td><td width=\"39\">10<\/td><td width=\"90\">13,4<\/td><\/tr><tr><td width=\"40\">5<\/td><td width=\"84\">1,77<\/td><td width=\"10\">\u00a0<\/td><td width=\"39\">11<\/td><td width=\"90\">14,7<\/td><\/tr><tr><td rowspan=\"3\" width=\"131\">30\u00d730<\/td><td rowspan=\"3\" width=\"40\">30<\/td><td width=\"40\">3<\/td><td width=\"84\">1,36<\/td><td width=\"10\">\u00a0<\/td><td width=\"39\">13<\/td><td width=\"90\">17,1<\/td><\/tr><tr><td width=\"40\">4<\/td><td width=\"84\">1,76<\/td><td width=\"10\">\u00a0<\/td><td rowspan=\"9\" width=\"145\">100\u00d7100<\/td><td rowspan=\"9\" width=\"65\">100<\/td><td width=\"39\">6,5<\/td><td width=\"90\">9,90<\/td><\/tr><tr><td width=\"40\">5<\/td><td width=\"84\">2,18<\/td><td width=\"10\">\u00a0<\/td><td width=\"39\">7<\/td><td width=\"90\">10,7<\/td><\/tr><tr><td rowspan=\"3\" width=\"131\">35\u00d735<\/td><td rowspan=\"3\" width=\"40\">35<\/td><td width=\"40\">3<\/td><td width=\"84\">1,6<\/td><td width=\"10\">\u00a0<\/td><td width=\"39\">8<\/td><td width=\"90\">12,2<\/td><\/tr><tr><td width=\"40\">4<\/td><td width=\"84\">2,09<\/td><td width=\"10\">\u00a0<\/td><td width=\"39\">10<\/td><td width=\"90\">15.0<\/td><\/tr><tr><td width=\"40\">5<\/td><td width=\"84\">2,57<\/td><td width=\"10\">\u00a0<\/td><td width=\"39\">12<\/td><td width=\"90\">17,8<\/td><\/tr><tr><td rowspan=\"4\" width=\"131\">40\u00d740<\/td><td rowspan=\"4\" width=\"40\">40<\/td><td width=\"40\">3<\/td><td width=\"84\">1,84<\/td><td width=\"10\">\u00a0<\/td><td width=\"39\">14<\/td><td width=\"90\">20,6<\/td><\/tr><tr><td width=\"40\">4<\/td><td width=\"84\">2,42<\/td><td width=\"10\">\u00a0<\/td><td width=\"39\">15<\/td><td width=\"90\">21,9<\/td><\/tr><tr><td width=\"40\">5<\/td><td width=\"84\">2,97<\/td><td width=\"10\">\u00a0<\/td><td width=\"39\">16<\/td><td width=\"90\">23,2<\/td><\/tr><tr><td width=\"40\">6<\/td><td width=\"84\">3,52<\/td><td width=\"10\">\u00a0<\/td><td width=\"39\">20<\/td><td width=\"90\">28,4<\/td><\/tr><tr><td rowspan=\"4\" width=\"131\">45\u00d745<\/td><td rowspan=\"4\" width=\"40\">45<\/td><td width=\"40\">3<\/td><td width=\"84\">2,09<\/td><td width=\"10\">\u00a0<\/td><td rowspan=\"3\" width=\"145\">110\u00d7110<\/td><td rowspan=\"3\" width=\"65\">110<\/td><td width=\"39\">10<\/td><td width=\"90\">16,6<\/td><\/tr><tr><td width=\"40\">4<\/td><td width=\"84\">2,74<\/td><td width=\"10\">\u00a0<\/td><td width=\"39\">12<\/td><td width=\"90\">19,7<\/td><\/tr><tr><td width=\"40\">5<\/td><td width=\"84\">3,38<\/td><td width=\"10\">\u00a0<\/td><td width=\"39\">14<\/td><td width=\"90\">22,8<\/td><\/tr><tr><td width=\"40\">6<\/td><td width=\"84\">4.00<\/td><td width=\"10\">\u00a0<\/td><td rowspan=\"6\" width=\"145\">120\u00d7120<\/td><td rowspan=\"6\" width=\"65\">120<\/td><td width=\"39\">8<\/td><td width=\"90\">14,7<\/td><\/tr><tr><td rowspan=\"4\" width=\"131\">50\u00d750<\/td><td rowspan=\"4\" width=\"40\">50<\/td><td width=\"40\">3<\/td><td width=\"84\">2,33<\/td><td width=\"10\">\u00a0<\/td><td width=\"39\">10<\/td><td width=\"90\">18,2<\/td><\/tr><tr><td width=\"40\">4<\/td><td width=\"84\">3,06<\/td><td width=\"10\">\u00a0<\/td><td width=\"39\">11<\/td><td width=\"90\">19,9<\/td><\/tr><tr><td width=\"40\">5<\/td><td width=\"84\">3,77<\/td><td width=\"10\">\u00a0<\/td><td width=\"39\">12<\/td><td width=\"90\">21,6<\/td><\/tr><tr><td width=\"40\">6<\/td><td width=\"84\">4,77<\/td><td width=\"10\">\u00a0<\/td><td width=\"39\">13<\/td><td width=\"90\">23,3<\/td><\/tr><tr><td rowspan=\"3\" width=\"131\">55X55<\/td><td rowspan=\"3\" width=\"40\">55<\/td><td width=\"40\">5<\/td><td width=\"84\">4,18<\/td><td width=\"10\">\u00a0<\/td><td width=\"39\">15<\/td><td width=\"90\">26,6<\/td><\/tr><tr><td width=\"40\">6<\/td><td width=\"84\">4,95<\/td><td width=\"10\">\u00a0<\/td><td rowspan=\"3\" width=\"145\">130X130<\/td><td rowspan=\"3\" width=\"65\">130<\/td><td width=\"39\">12<\/td><td width=\"90\">23,6<\/td><\/tr><tr><td width=\"40\">7<\/td><td width=\"84\">5,71<\/td><td width=\"10\">\u00a0<\/td><td width=\"39\">14<\/td><td width=\"90\">27,2<\/td><\/tr><tr><td rowspan=\"4\" width=\"131\">60X60<\/td><td rowspan=\"4\" width=\"40\">60<\/td><td width=\"40\">4<\/td><td width=\"84\">3,70<\/td><td width=\"10\">\u00a0<\/td><td width=\"39\">16<\/td><td width=\"90\">30,9<\/td><\/tr><tr><td width=\"40\">5<\/td><td width=\"84\">4,57<\/td><td width=\"10\">\u00a0<\/td><td rowspan=\"3\" width=\"145\">140X140<\/td><td rowspan=\"3\" width=\"65\">140<\/td><td width=\"39\">13<\/td><td width=\"90\">27,5<\/td><\/tr><tr><td width=\"40\">6<\/td><td width=\"84\">5,42<\/td><td width=\"10\">\u00a0<\/td><td width=\"39\">15<\/td><td width=\"90\">31,4<\/td><\/tr><tr><td width=\"40\">7<\/td><td width=\"84\">6,26<\/td><td width=\"10\">\u00a0<\/td><td width=\"39\">17<\/td><td width=\"90\">35,3<\/td><\/tr><tr><td rowspan=\"5\" width=\"131\">65X65<\/td><td rowspan=\"5\" width=\"40\">65<\/td><td width=\"40\">5<\/td><td width=\"84\">4,98<\/td><td width=\"10\">\u00a0<\/td><td rowspan=\"5\" width=\"145\">150X150<\/td><td rowspan=\"5\" width=\"65\">150<\/td><td width=\"39\">12<\/td><td width=\"90\">27,3<\/td><\/tr><tr><td width=\"40\">6<\/td><td width=\"84\">5,91<\/td><td width=\"10\">\u00a0<\/td><td width=\"39\">14<\/td><td width=\"90\">31,6<\/td><\/tr><tr><td width=\"40\">7<\/td><td width=\"84\">6,83<\/td><td width=\"10\">\u00a0<\/td><td width=\"39\">15<\/td><td width=\"90\">33,8<\/td><\/tr><tr><td width=\"40\">8<\/td><td width=\"84\">7,73<\/td><td width=\"10\">\u00a0<\/td><td width=\"39\">16<\/td><td width=\"90\">35,9<\/td><\/tr><tr><td width=\"40\">9<\/td><td width=\"84\">8,62<\/td><td width=\"10\">\u00a0<\/td><td width=\"39\">18<\/td><td width=\"90\">40,1<\/td><\/tr><tr><td rowspan=\"6\" width=\"131\">70X70<\/td><td rowspan=\"6\" width=\"40\">70<\/td><td width=\"40\">5<\/td><td width=\"84\">5,37<\/td><td width=\"10\">\u00a0<\/td><td rowspan=\"2\" width=\"145\">160X160<\/td><td rowspan=\"2\" width=\"65\">160<\/td><td width=\"39\">15<\/td><td width=\"90\">36,2<\/td><\/tr><tr><td width=\"40\">6<\/td><td width=\"84\">6,38<\/td><td width=\"10\">\u00a0<\/td><td width=\"39\">17<\/td><td width=\"90\">40,7<\/td><\/tr><tr><td width=\"40\">7<\/td><td width=\"84\">7,38<\/td><td width=\"10\">\u00a0<\/td><td rowspan=\"4\" width=\"145\">180X180<\/td><td rowspan=\"4\" width=\"65\">180<\/td><td width=\"39\">16<\/td><td width=\"90\">43,5<\/td><\/tr><tr><td width=\"40\">8<\/td><td width=\"84\">8,36<\/td><td width=\"10\">\u00a0<\/td><td width=\"39\">18<\/td><td width=\"90\">48,6<\/td><\/tr><tr><td width=\"40\">9<\/td><td width=\"84\">9,37<\/td><td width=\"10\">\u00a0<\/td><td width=\"39\">20<\/td><td width=\"90\">53,7<\/td><\/tr><tr><td width=\"40\">11<\/td><td width=\"84\">11,2<\/td><td width=\"10\">\u00a0<\/td><td width=\"39\">22<\/td><td width=\"90\">58,6<\/td><\/tr><tr><td rowspan=\"6\" width=\"131\">75X75<\/td><td rowspan=\"6\" width=\"40\">75<\/td><td width=\"40\">5<\/td><td width=\"84\">5,78<\/td><td width=\"10\">\u00a0<\/td><td rowspan=\"5\" width=\"145\">200X200<\/td><td rowspan=\"5\" width=\"65\">200<\/td><td width=\"39\">16<\/td><td width=\"90\">48,5<\/td><\/tr><tr><td width=\"40\">6<\/td><td width=\"84\">6,87<\/td><td width=\"10\">\u00a0<\/td><td width=\"39\">18<\/td><td width=\"90\">54,3<\/td><\/tr><tr><td width=\"40\">7<\/td><td width=\"84\">7,94<\/td><td width=\"10\">\u00a0<\/td><td width=\"39\">20<\/td><td width=\"90\">59,9<\/td><\/tr><tr><td width=\"40\">8<\/td><td width=\"84\">9,03<\/td><td width=\"10\">\u00a0<\/td><td width=\"39\">24<\/td><td width=\"90\">71,1<\/td><\/tr><tr><td width=\"40\">10<\/td><td width=\"84\">11,1<\/td><td width=\"10\">\u00a0<\/td><td width=\"39\">28<\/td><td width=\"90\">82.0<\/td><\/tr><tr><td width=\"40\">12<\/td><td width=\"84\">13,1<\/td><td width=\"10\">\u00a0<\/td><td rowspan=\"7\" width=\"145\">250X250<\/td><td rowspan=\"7\" width=\"65\">250<\/td><td width=\"39\">20<\/td><td width=\"90\">75,6<\/td><\/tr><tr><td rowspan=\"6\" width=\"131\">80X80<\/td><td rowspan=\"6\" width=\"40\">80<\/td><td width=\"40\">6<\/td><td width=\"84\">7,34<\/td><td width=\"10\">\u00a0<\/td><td width=\"39\">22<\/td><td width=\"90\">82,8<\/td><\/tr><tr><td width=\"40\">7<\/td><td width=\"84\">8,49<\/td><td width=\"10\">\u00a0<\/td><td width=\"39\">24<\/td><td width=\"90\">90.0<\/td><\/tr><tr><td width=\"40\">8<\/td><td width=\"84\">9,63<\/td><td width=\"10\">\u00a0<\/td><td width=\"39\">25<\/td><td width=\"90\">93,5<\/td><\/tr><tr><td width=\"40\">9<\/td><td width=\"84\">10,8<\/td><td width=\"10\">\u00a0<\/td><td width=\"39\">26<\/td><td width=\"90\">97.0<\/td><\/tr><tr><td width=\"40\">10<\/td><td width=\"84\">11,9<\/td><td width=\"10\">\u00a0<\/td><td width=\"39\">27<\/td><td width=\"90\">10,5<\/td><\/tr><tr><td width=\"40\">12<\/td><td width=\"84\">14,1<\/td><td width=\"10\">\u00a0<\/td><td width=\"39\">28<\/td><td width=\"90\">104.0<\/td><\/tr><\/tbody><\/table>\t\t\t\t\t\t\t\t<\/div>\n\t\t\t\t<\/div>\n\t\t\t\t\t<\/div>\n\t\t<\/div>\n\t\t\t\t\t<\/div>\n\t\t<\/section>\n\t\t\t\t<\/div>","protected":false},"excerpt":{"rendered":"<p>S235JR ( ST37 ), S275JR ( ST44 ), S355JR ( ST52 ) Kalite olarak 20*20 mm \u2013 200*200 mm aras\u0131 e\u015fit kenar ve \u00e7e\u015fitkenar olarak S\u0131cak \u015fekilli \u00fcretilen yap\u0131 Profillerdir. Standart olarak 6 MT ve 12 MT\u2019dir. Miktara g\u00f6re \u00f6zel boy \u00fcretim de yap\u0131labilmektedir. 25 \u2013 30 \u2013 40 \u2013 50 \u2013 60 \u2013 65 &hellip;<\/p>\n<p class=\"read-more\"> <a class=\"\" href=\"https:\/\/www.alpsteel.com.tr\/en\/kosebent-demiri\/\"> <span class=\"screen-reader-text\">K\u00f6\u015febent Demiri<\/span> Read More &raquo;<\/a><\/p>","protected":false},"author":1,"featured_media":0,"parent":0,"menu_order":0,"comment_status":"closed","ping_status":"closed","template":"","meta":{"site-sidebar-layout":"no-sidebar","site-content-layout":"page-builder","ast-site-content-layout":"default","site-content-style":"default","site-sidebar-style":"default","ast-global-header-display":"","ast-banner-title-visibility":"","ast-main-header-display":"","ast-hfb-above-header-display":"","ast-hfb-below-header-display":"","ast-hfb-mobile-header-display":"","site-post-title":"disabled","ast-breadcrumbs-content":"","ast-featured-img":"disabled","footer-sml-layout":"","theme-transparent-header-meta":"default","adv-header-id-meta":"","stick-header-meta":"","header-above-stick-meta":"","header-main-stick-meta":"","header-below-stick-meta":"","astra-migrate-meta-layouts":"set","footnotes":""},"class_list":["post-1557","page","type-page","status-publish","hentry"],"_links":{"self":[{"href":"https:\/\/www.alpsteel.com.tr\/en\/wp-json\/wp\/v2\/pages\/1557","targetHints":{"allow":["GET"]}}],"collection":[{"href":"https:\/\/www.alpsteel.com.tr\/en\/wp-json\/wp\/v2\/pages"}],"about":[{"href":"https:\/\/www.alpsteel.com.tr\/en\/wp-json\/wp\/v2\/types\/page"}],"author":[{"embeddable":true,"href":"https:\/\/www.alpsteel.com.tr\/en\/wp-json\/wp\/v2\/users\/1"}],"replies":[{"embeddable":true,"href":"https:\/\/www.alpsteel.com.tr\/en\/wp-json\/wp\/v2\/comments?post=1557"}],"version-history":[{"count":4,"href":"https:\/\/www.alpsteel.com.tr\/en\/wp-json\/wp\/v2\/pages\/1557\/revisions"}],"predecessor-version":[{"id":1606,"href":"https:\/\/www.alpsteel.com.tr\/en\/wp-json\/wp\/v2\/pages\/1557\/revisions\/1606"}],"wp:attachment":[{"href":"https:\/\/www.alpsteel.com.tr\/en\/wp-json\/wp\/v2\/media?parent=1557"}],"curies":[{"name":"wp","href":"https:\/\/api.w.org\/{rel}","templated":true}]}}