{"id":1559,"date":"2023-08-24T09:20:19","date_gmt":"2023-08-24T09:20:19","guid":{"rendered":"https:\/\/yeni.alpsteel.com.tr\/?page_id=1559"},"modified":"2023-09-13T10:33:03","modified_gmt":"2023-09-13T10:33:03","slug":"lama-demirleri","status":"publish","type":"page","link":"https:\/\/www.alpsteel.com.tr\/en\/lama-demirleri\/","title":{"rendered":"Lama Demirleri"},"content":{"rendered":"<div data-elementor-type=\"wp-page\" data-elementor-id=\"1559\" class=\"elementor elementor-1559\" data-elementor-post-type=\"page\">\n\t\t\t\t\t\t<section class=\"elementor-section elementor-top-section elementor-element elementor-element-8591f84 elementor-section-boxed elementor-section-height-default elementor-section-height-default\" data-id=\"8591f84\" data-element_type=\"section\">\n\t\t\t\t\t\t<div class=\"elementor-container elementor-column-gap-default\">\n\t\t\t\t\t<div class=\"elementor-column elementor-col-66 elementor-top-column elementor-element elementor-element-06f2d9f\" data-id=\"06f2d9f\" data-element_type=\"column\">\n\t\t\t<div class=\"elementor-widget-wrap elementor-element-populated\">\n\t\t\t\t\t\t<div class=\"elementor-element elementor-element-4ddf5b9 elementor-widget elementor-widget-text-editor\" data-id=\"4ddf5b9\" data-element_type=\"widget\" data-widget_type=\"text-editor.default\">\n\t\t\t\t<div class=\"elementor-widget-container\">\n\t\t\t\t\t\t\t\t\t<p>S235JR ( ST37 ), S275JR ( ST44 ), S355JR ( ST52 ) Kalite S\u0131cak olarak 10,00 mm \u2013 250,00 aras\u0131 geni\u015flik, 3,00 mm \u2013 50,00 aras\u0131 kal\u0131nl\u0131kta dikd\u00f6rtgen ve kare \u015fekilli \u00fcretilen metal malzemelerdir. Standart olarak 6 Metredir. Miktara g\u00f6re \u00f6zel boy \u00fcretim de yap\u0131labilmektedir.<\/p><p>12X3 mm \u2013 200X25 mm aras\u0131\u00a0 \u00f6l\u00e7\u00fclerinde S235JR (ST37 ), S275JR ( ST44 ),\u00a0 S355J2 ( ST52-3 ) Kalite Lama ve Silme Demirleri Fiyat ve Stok bilgisi i\u00e7in Firmam\u0131zla ileti\u015fime Ge\u00e7ebilirsiniz.<\/p><p><strong>Genel Kullan\u0131m Alanlar\u0131;<\/strong><\/p><ul><li>\u00c7elik Konstr\u00fcksiyon ve \u00e7elik \u00e7at\u0131 imalat\u0131,<\/li><li>Gemi in\u015fas\u0131 imalat\u0131,<\/li><li>Trafik \u0130\u015faret ve otoyol ekipmanlar\u0131 \u0130malat\u0131,<\/li><li>Tar\u0131m ve Makine end\u00fcstrisi imalatlar\u0131nda,<\/li><li>\u00c7it ve bariyer imalat\u0131,<\/li><li>Ferforje imalat\u0131,<\/li><li>Mobilya imalat\u0131,<\/li><li>Asans\u00f6r imalat\u0131,<\/li><li>Otomotiv ve otomotiv yan sanayi,<\/li><\/ul>\t\t\t\t\t\t\t\t<\/div>\n\t\t\t\t<\/div>\n\t\t\t\t\t<\/div>\n\t\t<\/div>\n\t\t\t\t<div class=\"elementor-column elementor-col-33 elementor-top-column elementor-element elementor-element-907f2db\" data-id=\"907f2db\" data-element_type=\"column\">\n\t\t\t<div class=\"elementor-widget-wrap elementor-element-populated\">\n\t\t\t\t\t\t<div class=\"elementor-element elementor-element-714c3b5 elementor-invisible elementor-widget elementor-widget-image\" data-id=\"714c3b5\" data-element_type=\"widget\" data-settings=\"{&quot;_animation&quot;:&quot;fadeInDown&quot;}\" data-widget_type=\"image.default\">\n\t\t\t\t<div class=\"elementor-widget-container\">\n\t\t\t\t\t\t\t\t\t\t\t\t\t\t\t<img fetchpriority=\"high\" decoding=\"async\" width=\"640\" height=\"320\" src=\"https:\/\/www.alpsteel.com.tr\/wp-content\/uploads\/2023\/08\/alpsteel-lama-demir.jpg\" class=\"attachment-large size-large wp-image-237\" alt=\"Lama Demir\" srcset=\"https:\/\/www.alpsteel.com.tr\/wp-content\/uploads\/2023\/08\/alpsteel-lama-demir.jpg 640w, https:\/\/www.alpsteel.com.tr\/wp-content\/uploads\/2023\/08\/alpsteel-lama-demir-300x150.jpg 300w, https:\/\/www.alpsteel.com.tr\/wp-content\/uploads\/2023\/08\/alpsteel-lama-demir-18x9.jpg 18w\" sizes=\"(max-width: 640px) 100vw, 640px\" \/>\t\t\t\t\t\t\t\t\t\t\t\t\t\t\t<\/div>\n\t\t\t\t<\/div>\n\t\t\t\t\t<\/div>\n\t\t<\/div>\n\t\t\t\t\t<\/div>\n\t\t<\/section>\n\t\t\t\t<\/div>","protected":false},"excerpt":{"rendered":"<p>S235JR ( ST37 ), S275JR ( ST44 ), S355JR ( ST52 ) Kalite S\u0131cak olarak 10,00 mm \u2013 250,00 aras\u0131 geni\u015flik, 3,00 mm \u2013 50,00 aras\u0131 kal\u0131nl\u0131kta dikd\u00f6rtgen ve kare \u015fekilli \u00fcretilen metal malzemelerdir. Standart olarak 6 Metredir. Miktara g\u00f6re \u00f6zel boy \u00fcretim de yap\u0131labilmektedir. 12X3 mm \u2013 200X25 mm aras\u0131\u00a0 \u00f6l\u00e7\u00fclerinde S235JR (ST37 ), &hellip;<\/p>\n<p class=\"read-more\"> <a class=\"\" href=\"https:\/\/www.alpsteel.com.tr\/en\/lama-demirleri\/\"> <span class=\"screen-reader-text\">Lama Demirleri<\/span> Read More &raquo;<\/a><\/p>","protected":false},"author":1,"featured_media":0,"parent":0,"menu_order":0,"comment_status":"closed","ping_status":"closed","template":"","meta":{"site-sidebar-layout":"no-sidebar","site-content-layout":"page-builder","ast-site-content-layout":"default","site-content-style":"default","site-sidebar-style":"default","ast-global-header-display":"","ast-banner-title-visibility":"","ast-main-header-display":"","ast-hfb-above-header-display":"","ast-hfb-below-header-display":"","ast-hfb-mobile-header-display":"","site-post-title":"disabled","ast-breadcrumbs-content":"","ast-featured-img":"disabled","footer-sml-layout":"","theme-transparent-header-meta":"default","adv-header-id-meta":"","stick-header-meta":"","header-above-stick-meta":"","header-main-stick-meta":"","header-below-stick-meta":"","astra-migrate-meta-layouts":"set","footnotes":""},"class_list":["post-1559","page","type-page","status-publish","hentry"],"_links":{"self":[{"href":"https:\/\/www.alpsteel.com.tr\/en\/wp-json\/wp\/v2\/pages\/1559","targetHints":{"allow":["GET"]}}],"collection":[{"href":"https:\/\/www.alpsteel.com.tr\/en\/wp-json\/wp\/v2\/pages"}],"about":[{"href":"https:\/\/www.alpsteel.com.tr\/en\/wp-json\/wp\/v2\/types\/page"}],"author":[{"embeddable":true,"href":"https:\/\/www.alpsteel.com.tr\/en\/wp-json\/wp\/v2\/users\/1"}],"replies":[{"embeddable":true,"href":"https:\/\/www.alpsteel.com.tr\/en\/wp-json\/wp\/v2\/comments?post=1559"}],"version-history":[{"count":13,"href":"https:\/\/www.alpsteel.com.tr\/en\/wp-json\/wp\/v2\/pages\/1559\/revisions"}],"predecessor-version":[{"id":2433,"href":"https:\/\/www.alpsteel.com.tr\/en\/wp-json\/wp\/v2\/pages\/1559\/revisions\/2433"}],"wp:attachment":[{"href":"https:\/\/www.alpsteel.com.tr\/en\/wp-json\/wp\/v2\/media?parent=1559"}],"curies":[{"name":"wp","href":"https:\/\/api.w.org\/{rel}","templated":true}]}}