{"id":1563,"date":"2023-08-24T09:20:45","date_gmt":"2023-08-24T09:20:45","guid":{"rendered":"https:\/\/yeni.alpsteel.com.tr\/?page_id=1563"},"modified":"2023-08-24T09:46:10","modified_gmt":"2023-08-24T09:46:10","slug":"te-demiri","status":"publish","type":"page","link":"https:\/\/www.alpsteel.com.tr\/en\/te-demiri\/","title":{"rendered":"TE Demiri"},"content":{"rendered":"<div data-elementor-type=\"wp-page\" data-elementor-id=\"1563\" class=\"elementor elementor-1563\" data-elementor-post-type=\"page\">\n\t\t\t\t\t\t<section class=\"elementor-section elementor-top-section elementor-element elementor-element-9aba730 elementor-section-boxed elementor-section-height-default elementor-section-height-default\" data-id=\"9aba730\" data-element_type=\"section\">\n\t\t\t\t\t\t<div class=\"elementor-container elementor-column-gap-default\">\n\t\t\t\t\t<div class=\"elementor-column elementor-col-66 elementor-top-column elementor-element elementor-element-52e7f56\" data-id=\"52e7f56\" data-element_type=\"column\">\n\t\t\t<div class=\"elementor-widget-wrap elementor-element-populated\">\n\t\t\t\t\t\t<div class=\"elementor-element elementor-element-1ea081a elementor-widget elementor-widget-text-editor\" data-id=\"1ea081a\" data-element_type=\"widget\" data-widget_type=\"text-editor.default\">\n\t\t\t\t<div class=\"elementor-widget-container\">\n\t\t\t\t\t\t\t\t\t<p>S235JR ( ST37 ) Kalite olarak S\u0131cak \u015fekilli \u00fcretilen yap\u0131 Profilleridir. Standart olarak 6 MT\u2019dir. Miktara g\u00f6re \u00f6zel boy \u00fcretim de yap\u0131labilmektedir.<\/p><p>25 \u2013 30 \u2013 40 \u2013 50 mm \u00f6l\u00e7\u00fclerinde S235JR\u00a0\u00a0\u00a0\u00a0\u00a0\u00a0 ( ST37 ), Kalite TE Demirleri Fiyat ve Stok bilgisi i\u00e7in Firmam\u0131zla ileti\u015fime Ge\u00e7ebilirsiniz.<\/p><p><strong>Genel Kullan\u0131m Alanlar\u0131;<\/strong><\/p><ul><li>Makine End\u00fcstrisi,<\/li><li>\u00c7elik Konstr\u00fcksiyon imalat\u0131,<\/li><li>Otomotiv sanayi,<\/li><\/ul>\t\t\t\t\t\t\t\t<\/div>\n\t\t\t\t<\/div>\n\t\t\t\t\t<\/div>\n\t\t<\/div>\n\t\t\t\t<div class=\"elementor-column elementor-col-33 elementor-top-column elementor-element elementor-element-736c047\" data-id=\"736c047\" data-element_type=\"column\">\n\t\t\t<div class=\"elementor-widget-wrap elementor-element-populated\">\n\t\t\t\t\t\t<div class=\"elementor-element elementor-element-29224c8 elementor-invisible elementor-widget elementor-widget-image\" data-id=\"29224c8\" data-element_type=\"widget\" data-settings=\"{&quot;_animation&quot;:&quot;fadeInDown&quot;}\" data-widget_type=\"image.default\">\n\t\t\t\t<div class=\"elementor-widget-container\">\n\t\t\t\t\t\t\t\t\t\t\t\t\t\t\t<img fetchpriority=\"high\" decoding=\"async\" width=\"640\" height=\"320\" src=\"https:\/\/www.alpsteel.com.tr\/wp-content\/uploads\/2023\/08\/alpsteel-te-demiri.jpg\" class=\"attachment-large size-large wp-image-1289\" alt=\"Te Demiri\" srcset=\"https:\/\/www.alpsteel.com.tr\/wp-content\/uploads\/2023\/08\/alpsteel-te-demiri.jpg 640w, https:\/\/www.alpsteel.com.tr\/wp-content\/uploads\/2023\/08\/alpsteel-te-demiri-300x150.jpg 300w, https:\/\/www.alpsteel.com.tr\/wp-content\/uploads\/2023\/08\/alpsteel-te-demiri-18x9.jpg 18w\" sizes=\"(max-width: 640px) 100vw, 640px\" \/>\t\t\t\t\t\t\t\t\t\t\t\t\t\t\t<\/div>\n\t\t\t\t<\/div>\n\t\t\t\t\t<\/div>\n\t\t<\/div>\n\t\t\t\t\t<\/div>\n\t\t<\/section>\n\t\t\t\t<section class=\"elementor-section elementor-top-section elementor-element elementor-element-b9f933c elementor-section-boxed elementor-section-height-default elementor-section-height-default\" data-id=\"b9f933c\" data-element_type=\"section\">\n\t\t\t\t\t\t<div class=\"elementor-container elementor-column-gap-default\">\n\t\t\t\t\t<div class=\"elementor-column elementor-col-100 elementor-top-column elementor-element elementor-element-5e63fb9\" data-id=\"5e63fb9\" data-element_type=\"column\">\n\t\t\t<div class=\"elementor-widget-wrap elementor-element-populated\">\n\t\t\t\t\t\t<div class=\"elementor-element elementor-element-a513504 elementor-widget elementor-widget-text-editor\" data-id=\"a513504\" data-element_type=\"widget\" data-widget_type=\"text-editor.default\">\n\t\t\t\t<div class=\"elementor-widget-container\">\n\t\t\t\t\t\t\t\t\t<table width=\"0\"><tbody><tr><td colspan=\"2\" width=\"133\"><strong>T DEM\u0130RLER\u0130<\/strong><\/td><td width=\"56\">\u00a0<\/td><td colspan=\"2\" width=\"120\"><strong>TS\u00a0\u00a0\u00a0\u00a0\u00a0\u00a0 911<\/strong><\/td><\/tr><tr><td width=\"99\">T Profiles<\/td><td width=\"34\">\u00a0<\/td><td width=\"56\">\u00a0<\/td><td colspan=\"2\" width=\"120\"><strong>DIN\u00a0\u00a0\u00a0\u00a0\u00a0 1024<\/strong><\/td><\/tr><tr><td width=\"99\">\u00a0<\/td><td width=\"34\">\u00a0<\/td><td width=\"56\">\u00a0<\/td><td width=\"36\">\u00a0<\/td><td width=\"83\">\u00a0<\/td><\/tr><tr><td width=\"99\"><strong>K\u0131sa i\u015faret<\/strong><\/td><td colspan=\"3\" width=\"126\"><strong>Boyutlar<\/strong><\/td><td width=\"83\"><strong>A\u011f\u0131rl\u0131k<\/strong><\/td><\/tr><tr><td width=\"99\">Short mark<\/td><td colspan=\"3\" width=\"126\">Dimensions<\/td><td width=\"83\">Weight<\/td><\/tr><tr><td rowspan=\"2\" width=\"99\"><strong>T<\/strong><\/td><td colspan=\"3\" width=\"126\">( mm )<\/td><td width=\"83\">\u00a0<\/td><\/tr><tr><td width=\"34\"><strong>h<\/strong><\/td><td width=\"56\"><strong>b<\/strong><\/td><td width=\"36\"><strong>s<\/strong><\/td><td width=\"83\"><strong>kg\/m<\/strong><\/td><\/tr><tr><td width=\"99\">20<\/td><td width=\"34\">20<\/td><td width=\"56\">20<\/td><td width=\"36\">3<\/td><td width=\"83\">0,87<\/td><\/tr><tr><td width=\"99\">25<\/td><td width=\"34\">25<\/td><td width=\"56\">25<\/td><td width=\"36\">3,5<\/td><td width=\"83\">1,27<\/td><\/tr><tr><td width=\"99\">25<\/td><td width=\"34\">25<\/td><td width=\"56\">25<\/td><td width=\"36\">4,5<\/td><td width=\"83\">1,61<\/td><\/tr><tr><td width=\"99\">30<\/td><td width=\"34\">30<\/td><td width=\"56\">30<\/td><td width=\"36\">4<\/td><td width=\"83\">1,76<\/td><\/tr><tr><td width=\"99\">30<\/td><td width=\"34\">30<\/td><td width=\"56\">30<\/td><td width=\"36\">5<\/td><td width=\"83\">2,16<\/td><\/tr><tr><td width=\"99\">35<\/td><td width=\"34\">35<\/td><td width=\"56\">35<\/td><td width=\"36\">4,5<\/td><td width=\"83\">2,31<\/td><\/tr><tr><td width=\"99\">35<\/td><td width=\"34\">35<\/td><td width=\"56\">35<\/td><td width=\"36\">5,5<\/td><td width=\"83\">2,78<\/td><\/tr><tr><td width=\"99\">40<\/td><td width=\"34\">40<\/td><td width=\"56\">40<\/td><td width=\"36\">5<\/td><td width=\"83\">2,94<\/td><\/tr><tr><td width=\"99\">40<\/td><td width=\"34\">40<\/td><td width=\"56\">40<\/td><td width=\"36\">6<\/td><td width=\"83\">3,49<\/td><\/tr><tr><td width=\"99\">45<\/td><td width=\"34\">42<\/td><td width=\"56\">42<\/td><td width=\"36\">6,5<\/td><td width=\"83\">4,26<\/td><\/tr><tr><td width=\"99\">50<\/td><td width=\"34\">50<\/td><td width=\"56\">50<\/td><td width=\"36\">6<\/td><td width=\"83\">4,44<\/td><\/tr><tr><td width=\"99\">50<\/td><td width=\"34\">50<\/td><td width=\"56\">50<\/td><td width=\"36\">7<\/td><td width=\"83\">5,11<\/td><\/tr><tr><td width=\"99\">60<\/td><td width=\"34\">60<\/td><td width=\"56\">60<\/td><td width=\"36\">8<\/td><td width=\"83\">7,03<\/td><\/tr><tr><td width=\"99\">70<\/td><td width=\"34\">70<\/td><td width=\"56\">70<\/td><td width=\"36\">9<\/td><td width=\"83\">9,26<\/td><\/tr><tr><td width=\"99\">80<\/td><td width=\"34\">80<\/td><td width=\"56\">80<\/td><td width=\"36\">10<\/td><td width=\"83\">11,8<\/td><\/tr><tr><td width=\"99\">90<\/td><td width=\"34\">90<\/td><td width=\"56\">90<\/td><td width=\"36\">10<\/td><td width=\"83\">13,4<\/td><\/tr><tr><td width=\"99\">100<\/td><td width=\"34\">100<\/td><td width=\"56\">100<\/td><td width=\"36\">11<\/td><td width=\"83\">16,4<\/td><\/tr><tr><td width=\"99\">120<\/td><td width=\"34\">120<\/td><td width=\"56\">120<\/td><td width=\"36\">13<\/td><td width=\"83\">23,2<\/td><\/tr><tr><td width=\"99\">140<\/td><td width=\"34\">140<\/td><td width=\"56\">140<\/td><td width=\"36\">15<\/td><td width=\"83\">31,3<\/td><\/tr><\/tbody><\/table>\t\t\t\t\t\t\t\t<\/div>\n\t\t\t\t<\/div>\n\t\t\t\t\t<\/div>\n\t\t<\/div>\n\t\t\t\t\t<\/div>\n\t\t<\/section>\n\t\t\t\t<\/div>","protected":false},"excerpt":{"rendered":"<p>S235JR ( ST37 ) Kalite olarak S\u0131cak \u015fekilli \u00fcretilen yap\u0131 Profilleridir. Standart olarak 6 MT\u2019dir. Miktara g\u00f6re \u00f6zel boy \u00fcretim de yap\u0131labilmektedir. 25 \u2013 30 \u2013 40 \u2013 50 mm \u00f6l\u00e7\u00fclerinde S235JR\u00a0\u00a0\u00a0\u00a0\u00a0\u00a0 ( ST37 ), Kalite TE Demirleri Fiyat ve Stok bilgisi i\u00e7in Firmam\u0131zla ileti\u015fime Ge\u00e7ebilirsiniz. Genel Kullan\u0131m Alanlar\u0131; Makine End\u00fcstrisi, \u00c7elik Konstr\u00fcksiyon imalat\u0131, Otomotiv &hellip;<\/p>\n<p class=\"read-more\"> <a class=\"\" href=\"https:\/\/www.alpsteel.com.tr\/en\/te-demiri\/\"> <span class=\"screen-reader-text\">TE Demiri<\/span> Read More &raquo;<\/a><\/p>","protected":false},"author":1,"featured_media":0,"parent":0,"menu_order":0,"comment_status":"closed","ping_status":"closed","template":"","meta":{"site-sidebar-layout":"no-sidebar","site-content-layout":"page-builder","ast-site-content-layout":"default","site-content-style":"default","site-sidebar-style":"default","ast-global-header-display":"","ast-banner-title-visibility":"","ast-main-header-display":"","ast-hfb-above-header-display":"","ast-hfb-below-header-display":"","ast-hfb-mobile-header-display":"","site-post-title":"disabled","ast-breadcrumbs-content":"","ast-featured-img":"disabled","footer-sml-layout":"","theme-transparent-header-meta":"default","adv-header-id-meta":"","stick-header-meta":"","header-above-stick-meta":"","header-main-stick-meta":"","header-below-stick-meta":"","astra-migrate-meta-layouts":"set","footnotes":""},"class_list":["post-1563","page","type-page","status-publish","hentry"],"_links":{"self":[{"href":"https:\/\/www.alpsteel.com.tr\/en\/wp-json\/wp\/v2\/pages\/1563","targetHints":{"allow":["GET"]}}],"collection":[{"href":"https:\/\/www.alpsteel.com.tr\/en\/wp-json\/wp\/v2\/pages"}],"about":[{"href":"https:\/\/www.alpsteel.com.tr\/en\/wp-json\/wp\/v2\/types\/page"}],"author":[{"embeddable":true,"href":"https:\/\/www.alpsteel.com.tr\/en\/wp-json\/wp\/v2\/users\/1"}],"replies":[{"embeddable":true,"href":"https:\/\/www.alpsteel.com.tr\/en\/wp-json\/wp\/v2\/comments?post=1563"}],"version-history":[{"count":4,"href":"https:\/\/www.alpsteel.com.tr\/en\/wp-json\/wp\/v2\/pages\/1563\/revisions"}],"predecessor-version":[{"id":1618,"href":"https:\/\/www.alpsteel.com.tr\/en\/wp-json\/wp\/v2\/pages\/1563\/revisions\/1618"}],"wp:attachment":[{"href":"https:\/\/www.alpsteel.com.tr\/en\/wp-json\/wp\/v2\/media?parent=1563"}],"curies":[{"name":"wp","href":"https:\/\/api.w.org\/{rel}","templated":true}]}}