{"id":1621,"date":"2023-08-24T09:47:31","date_gmt":"2023-08-24T09:47:31","guid":{"rendered":"https:\/\/yeni.alpsteel.com.tr\/?page_id=1621"},"modified":"2023-08-24T09:56:46","modified_gmt":"2023-08-24T09:56:46","slug":"siyah-ve-galvaniz-su-borusu","status":"publish","type":"page","link":"https:\/\/www.alpsteel.com.tr\/en\/siyah-ve-galvaniz-su-borusu\/","title":{"rendered":"Siyah ve Galvaniz Su Borusu"},"content":{"rendered":"<div data-elementor-type=\"wp-page\" data-elementor-id=\"1621\" class=\"elementor elementor-1621\" data-elementor-post-type=\"page\">\n\t\t\t\t\t\t<section class=\"elementor-section elementor-top-section elementor-element elementor-element-2e865e4 elementor-section-boxed elementor-section-height-default elementor-section-height-default\" data-id=\"2e865e4\" data-element_type=\"section\">\n\t\t\t\t\t\t<div class=\"elementor-container elementor-column-gap-default\">\n\t\t\t\t\t<div class=\"elementor-column elementor-col-66 elementor-top-column elementor-element elementor-element-baf1b32\" data-id=\"baf1b32\" data-element_type=\"column\">\n\t\t\t<div class=\"elementor-widget-wrap elementor-element-populated\">\n\t\t\t\t\t\t<div class=\"elementor-element elementor-element-dcaa209 elementor-widget elementor-widget-text-editor\" data-id=\"dcaa209\" data-element_type=\"widget\" data-widget_type=\"text-editor.default\">\n\t\t\t\t<div class=\"elementor-widget-container\">\n\t\t\t\t\t\t\t\t\t<p>TS EN 10255, ASTM A53, ISO 65, TS EN 10217-1 Koruyucu Ya\u011f, S\u0131cak Dald\u0131rma Galvaniz, Su Bazl\u0131 Boyal\u0131, Epoksi\u00a0 y\u00fczey kaplamal\u0131, D\u00fcz U\u00e7lu, Kaynak A\u011fz\u0131 A\u00e7\u0131lm\u0131\u015f, Di\u015fli &amp; Man\u015fonlu olarak, 1\/2\u201d \u2013 12\u201d (21,3 \u2013 323,9 mm) \u00e7aplarda \u00fcretilmektedir. Standart olarak 6 MT boyundad\u0131r. Miktara g\u00f6re 4 MT \u2013 12 MT aras\u0131 \u00f6zel boy \u00fcretim de yap\u0131labilmektedir.<\/p><p>1\/2\u201d , 3\/4\u2033 , 1\u201d , 1 1\/4\u201d , 1 1\/2\u201d , 2\u201d , 2 1\/2\u201d3\u201d , 4\u201d , 5\u201d , 6\u201d , 8\u201d , 10\u201d , 12\u201d \u00c7ap, orta seri et kal\u0131nl\u0131\u011f\u0131 \u00f6l\u00e7\u00fclerinde S235JR ( ST37 ), Kalite Siyah Su Borusu,<\/p><p>1\/2\u201d , 3\/4\u2033 , 1\u201d , 1 1\/4\u201d , 1 1\/2\u201d , 2\u201d , 2 1\/2\u201d 3\u201d , 4\u201d , 5\u201d , 6\u201d \u00c7ap, orta seri et kal\u0131nl\u0131\u011f\u0131 \u00f6l\u00e7\u00fclerinde DX51D+Z Kalite Galvaniz Su Borusu malzemeleri Fiyat, \u0130skonto ve Stok bilgisi i\u00e7in Firmam\u0131zla ileti\u015fime Ge\u00e7ebilirsiniz.<\/p><p><strong>Genel Kullan\u0131m Alanlar\u0131;<\/strong><\/p><ul><li>Su iletim hatlar\u0131nda,<\/li><li>Beyaz e\u015fya imalat\u0131nda,<\/li><li>Su tesisatlar\u0131nda,<\/li><li>Kalorifer tesisatlar\u0131nda,<\/li><li>\u0130n\u015faat sekt\u00f6r\u00fcnde,<\/li><li>Bina Yang\u0131n tesisat sistemlerinde,<\/li><\/ul>\t\t\t\t\t\t\t\t<\/div>\n\t\t\t\t<\/div>\n\t\t\t\t\t<\/div>\n\t\t<\/div>\n\t\t\t\t<div class=\"elementor-column elementor-col-33 elementor-top-column elementor-element elementor-element-53a2146\" data-id=\"53a2146\" data-element_type=\"column\">\n\t\t\t<div class=\"elementor-widget-wrap elementor-element-populated\">\n\t\t\t\t\t\t<div class=\"elementor-element elementor-element-bb29986 elementor-invisible elementor-widget elementor-widget-image\" data-id=\"bb29986\" data-element_type=\"widget\" data-settings=\"{&quot;_animation&quot;:&quot;fadeInDown&quot;}\" data-widget_type=\"image.default\">\n\t\t\t\t<div class=\"elementor-widget-container\">\n\t\t\t\t\t\t\t\t\t\t\t\t\t\t\t<img fetchpriority=\"high\" decoding=\"async\" width=\"640\" height=\"320\" src=\"https:\/\/www.alpsteel.com.tr\/wp-content\/uploads\/2023\/08\/alpsteel-galvaniz-su-borusu.jpg\" class=\"attachment-large size-large wp-image-1329\" alt=\"Galvaniz Su Borusu\" srcset=\"https:\/\/www.alpsteel.com.tr\/wp-content\/uploads\/2023\/08\/alpsteel-galvaniz-su-borusu.jpg 640w, https:\/\/www.alpsteel.com.tr\/wp-content\/uploads\/2023\/08\/alpsteel-galvaniz-su-borusu-300x150.jpg 300w, https:\/\/www.alpsteel.com.tr\/wp-content\/uploads\/2023\/08\/alpsteel-galvaniz-su-borusu-18x9.jpg 18w\" sizes=\"(max-width: 640px) 100vw, 640px\" \/>\t\t\t\t\t\t\t\t\t\t\t\t\t\t\t<\/div>\n\t\t\t\t<\/div>\n\t\t\t\t\t<\/div>\n\t\t<\/div>\n\t\t\t\t\t<\/div>\n\t\t<\/section>\n\t\t\t\t<section class=\"elementor-section elementor-top-section elementor-element elementor-element-ac1c0e8 elementor-section-boxed elementor-section-height-default elementor-section-height-default\" data-id=\"ac1c0e8\" data-element_type=\"section\">\n\t\t\t\t\t\t<div class=\"elementor-container elementor-column-gap-default\">\n\t\t\t\t\t<div class=\"elementor-column elementor-col-100 elementor-top-column elementor-element elementor-element-b2fe554\" data-id=\"b2fe554\" data-element_type=\"column\">\n\t\t\t<div class=\"elementor-widget-wrap elementor-element-populated\">\n\t\t\t\t\t\t<div class=\"elementor-element elementor-element-5424398 elementor-widget elementor-widget-text-editor\" data-id=\"5424398\" data-element_type=\"widget\" data-widget_type=\"text-editor.default\">\n\t\t\t\t<div class=\"elementor-widget-container\">\n\t\t\t\t\t\t\t\t\t<table width=\"0\"><tbody><tr><td colspan=\"8\" width=\"592\"><strong>TS EN 10255 M S\u0130YAH VE GALVAN\u0130Z SU BORULARI<\/strong><\/td><\/tr><tr><td colspan=\"6\" rowspan=\"2\" width=\"432\"><strong>Orta Seri<\/strong><\/td><td width=\"58\"><strong>TS<\/strong><\/td><td width=\"101\"><strong>301\/3<\/strong><\/td><\/tr><tr><td colspan=\"2\" width=\"160\"><strong>DIN\u00a0 2440\u00a0\u00a0\u00a0 BS1387<\/strong><\/td><\/tr><tr><td colspan=\"2\" rowspan=\"3\" width=\"91\"><strong>Anma \u00c7ap\u0131<\/strong><\/td><td width=\"55\"><strong>D\u0131\u015f<\/strong><\/td><td width=\"84\"><strong>Et<\/strong><\/td><td width=\"101\"><strong>Siyah<\/strong><\/td><td width=\"101\"><strong>Galvanizli<\/strong><\/td><td width=\"58\"><strong>Siyah<\/strong><\/td><td width=\"101\"><strong>Galvanizli<\/strong><\/td><\/tr><tr><td width=\"55\"><strong>\u00c7ap<\/strong><\/td><td width=\"84\"><strong>Kal\u0131nl\u0131\u011f\u0131<\/strong><\/td><td width=\"101\"><strong>Di\u015fli<\/strong><\/td><td width=\"101\"><strong>Di\u015fli<\/strong><\/td><td width=\"58\"><strong>D\u00fcz<\/strong><\/td><td width=\"101\"><strong>D\u00fcz<\/strong><\/td><\/tr><tr><td width=\"55\"><strong>\u00a0<\/strong><\/td><td width=\"84\"><strong>\u00a0<\/strong><\/td><td width=\"101\"><strong>Man\u015fonlu<\/strong><\/td><td width=\"101\"><strong>Man\u015fonlu<\/strong><\/td><td width=\"58\"><strong>U\u00e7lu<\/strong><\/td><td width=\"101\"><strong>U\u00e7lu<\/strong><\/td><\/tr><tr><td width=\"52\"><strong>inc<\/strong><\/td><td width=\"39\"><strong>mm<\/strong><\/td><td width=\"55\"><strong>mm<\/strong><\/td><td width=\"84\"><strong>mm<\/strong><\/td><td width=\"101\"><strong>kg\/mt<\/strong><\/td><td width=\"101\"><strong>kg\/mt<\/strong><\/td><td width=\"58\"><strong>kg\/mt<\/strong><\/td><td width=\"101\"><strong>kg\/mt<\/strong><\/td><\/tr><tr><td width=\"52\">3\/8<\/td><td width=\"39\">10<\/td><td width=\"55\">17,2<\/td><td width=\"84\">2,35<\/td><td width=\"101\">0,86<\/td><td width=\"101\">0,89<\/td><td width=\"58\">0,85<\/td><td width=\"101\">0,89<\/td><\/tr><tr><td width=\"52\">1\/2<\/td><td width=\"39\">15<\/td><td width=\"55\">21,3<\/td><td width=\"84\">2,65<\/td><td width=\"101\">1,23<\/td><td width=\"101\">1,29<\/td><td width=\"58\">1,22<\/td><td width=\"101\">1,27<\/td><\/tr><tr><td width=\"52\">3\/4<\/td><td width=\"39\">20<\/td><td width=\"55\">26,9<\/td><td width=\"84\">2,65<\/td><td width=\"101\">1,59<\/td><td width=\"101\">1,66<\/td><td width=\"58\">1,58<\/td><td width=\"101\">1,65<\/td><\/tr><tr><td width=\"52\">1<\/td><td width=\"39\">25<\/td><td width=\"55\">33,7<\/td><td width=\"84\">3,25<\/td><td width=\"101\">2,46<\/td><td width=\"101\">2,57<\/td><td width=\"58\">2,44<\/td><td width=\"101\">2,55<\/td><\/tr><tr><td width=\"52\">1 1\/4<\/td><td width=\"39\">32<\/td><td width=\"55\">42,4<\/td><td width=\"84\">3,25<\/td><td width=\"101\">3,17<\/td><td width=\"101\">3,31<\/td><td width=\"58\">3,14<\/td><td width=\"101\">3,28<\/td><\/tr><tr><td width=\"52\">1 1\/2<\/td><td width=\"39\">40<\/td><td width=\"55\">48,3<\/td><td width=\"84\">3,25<\/td><td width=\"101\">3,65<\/td><td width=\"101\">3,81<\/td><td width=\"58\">3,61<\/td><td width=\"101\">3,77<\/td><\/tr><tr><td width=\"52\">2<\/td><td width=\"39\">50<\/td><td width=\"55\">60,3<\/td><td width=\"84\">3,65<\/td><td width=\"101\">5,17<\/td><td width=\"101\">5,40<\/td><td width=\"58\">5,10<\/td><td width=\"101\">5,33<\/td><\/tr><tr><td width=\"52\">2 1\/2<\/td><td width=\"39\">65<\/td><td width=\"55\">76,1<\/td><td width=\"84\">3,65<\/td><td width=\"101\">6,63<\/td><td width=\"101\">6,93<\/td><td width=\"58\">6,51<\/td><td width=\"101\">6,80<\/td><\/tr><tr><td width=\"52\">3<\/td><td width=\"39\">80<\/td><td width=\"55\">88,9<\/td><td width=\"84\">4,05<\/td><td width=\"101\">8,64<\/td><td width=\"101\">9,03<\/td><td width=\"58\">8,47<\/td><td width=\"101\">8,85<\/td><\/tr><tr><td width=\"52\">4<\/td><td width=\"39\">100<\/td><td width=\"55\">114,3<\/td><td width=\"84\">4,50<\/td><td width=\"101\">12,40<\/td><td width=\"101\">13,00<\/td><td width=\"58\">12,10<\/td><td width=\"101\">12,60<\/td><\/tr><tr><td width=\"52\">5<\/td><td width=\"39\">125<\/td><td width=\"55\">139,7<\/td><td width=\"84\">4,85<\/td><td width=\"101\">16,70<\/td><td width=\"101\">17,50<\/td><td width=\"58\">16,20<\/td><td width=\"101\">16,90<\/td><\/tr><tr><td width=\"52\">6<\/td><td width=\"39\">150<\/td><td width=\"55\">165,1<\/td><td width=\"84\">4,85<\/td><td width=\"101\">19,80<\/td><td width=\"101\">20,70<\/td><td width=\"58\">19,20<\/td><td width=\"101\">20,10<\/td><\/tr><tr><td width=\"52\">8<\/td><td width=\"39\">200<\/td><td width=\"55\">219,1<\/td><td width=\"84\">5,10<\/td><td width=\"101\">\u2014<\/td><td width=\"101\">\u2014<\/td><td width=\"58\">27,22<\/td><td width=\"101\">\u2014<\/td><\/tr><tr><td width=\"52\">10<\/td><td width=\"39\">250<\/td><td width=\"55\">273,0<\/td><td width=\"84\">5,60<\/td><td width=\"101\">\u2014<\/td><td width=\"101\">\u2014<\/td><td width=\"58\">36,67<\/td><td width=\"101\">\u2014<\/td><\/tr><tr><td width=\"52\">12<\/td><td width=\"39\">300<\/td><td width=\"55\">323,8<\/td><td width=\"84\">6,30<\/td><td width=\"101\">\u2014<\/td><td width=\"101\">\u2014<\/td><td width=\"58\">49,71<\/td><td width=\"101\">\u2014<\/td><\/tr><\/tbody><\/table>\t\t\t\t\t\t\t\t<\/div>\n\t\t\t\t<\/div>\n\t\t\t\t\t<\/div>\n\t\t<\/div>\n\t\t\t\t\t<\/div>\n\t\t<\/section>\n\t\t\t\t<\/div>","protected":false},"excerpt":{"rendered":"<p>TS EN 10255, ASTM A53, ISO 65, TS EN 10217-1 Koruyucu Ya\u011f, S\u0131cak Dald\u0131rma Galvaniz, Su Bazl\u0131 Boyal\u0131, Epoksi\u00a0 y\u00fczey kaplamal\u0131, D\u00fcz U\u00e7lu, Kaynak A\u011fz\u0131 A\u00e7\u0131lm\u0131\u015f, Di\u015fli &amp; Man\u015fonlu olarak, 1\/2\u201d \u2013 12\u201d (21,3 \u2013 323,9 mm) \u00e7aplarda \u00fcretilmektedir. Standart olarak 6 MT boyundad\u0131r. Miktara g\u00f6re 4 MT \u2013 12 MT aras\u0131 \u00f6zel boy \u00fcretim &hellip;<\/p>\n<p class=\"read-more\"> <a class=\"\" href=\"https:\/\/www.alpsteel.com.tr\/en\/siyah-ve-galvaniz-su-borusu\/\"> <span class=\"screen-reader-text\">Siyah ve Galvaniz Su Borusu<\/span> Read More &raquo;<\/a><\/p>","protected":false},"author":1,"featured_media":0,"parent":0,"menu_order":0,"comment_status":"closed","ping_status":"closed","template":"","meta":{"site-sidebar-layout":"no-sidebar","site-content-layout":"page-builder","ast-site-content-layout":"default","site-content-style":"default","site-sidebar-style":"default","ast-global-header-display":"","ast-banner-title-visibility":"","ast-main-header-display":"","ast-hfb-above-header-display":"","ast-hfb-below-header-display":"","ast-hfb-mobile-header-display":"","site-post-title":"disabled","ast-breadcrumbs-content":"","ast-featured-img":"disabled","footer-sml-layout":"","theme-transparent-header-meta":"default","adv-header-id-meta":"","stick-header-meta":"","header-above-stick-meta":"","header-main-stick-meta":"","header-below-stick-meta":"","astra-migrate-meta-layouts":"set","footnotes":""},"class_list":["post-1621","page","type-page","status-publish","hentry"],"_links":{"self":[{"href":"https:\/\/www.alpsteel.com.tr\/en\/wp-json\/wp\/v2\/pages\/1621","targetHints":{"allow":["GET"]}}],"collection":[{"href":"https:\/\/www.alpsteel.com.tr\/en\/wp-json\/wp\/v2\/pages"}],"about":[{"href":"https:\/\/www.alpsteel.com.tr\/en\/wp-json\/wp\/v2\/types\/page"}],"author":[{"embeddable":true,"href":"https:\/\/www.alpsteel.com.tr\/en\/wp-json\/wp\/v2\/users\/1"}],"replies":[{"embeddable":true,"href":"https:\/\/www.alpsteel.com.tr\/en\/wp-json\/wp\/v2\/comments?post=1621"}],"version-history":[{"count":4,"href":"https:\/\/www.alpsteel.com.tr\/en\/wp-json\/wp\/v2\/pages\/1621\/revisions"}],"predecessor-version":[{"id":1645,"href":"https:\/\/www.alpsteel.com.tr\/en\/wp-json\/wp\/v2\/pages\/1621\/revisions\/1645"}],"wp:attachment":[{"href":"https:\/\/www.alpsteel.com.tr\/en\/wp-json\/wp\/v2\/media?parent=1621"}],"curies":[{"name":"wp","href":"https:\/\/api.w.org\/{rel}","templated":true}]}}