{"id":1623,"date":"2023-08-24T09:47:47","date_gmt":"2023-08-24T09:47:47","guid":{"rendered":"https:\/\/yeni.alpsteel.com.tr\/?page_id=1623"},"modified":"2023-08-24T10:01:57","modified_gmt":"2023-08-24T10:01:57","slug":"spiral-kaynakli-boru","status":"publish","type":"page","link":"https:\/\/www.alpsteel.com.tr\/en\/spiral-kaynakli-boru\/","title":{"rendered":"Spiral Kaynakl\u0131 Boru"},"content":{"rendered":"<div data-elementor-type=\"wp-page\" data-elementor-id=\"1623\" class=\"elementor elementor-1623\" data-elementor-post-type=\"page\">\n\t\t\t\t\t\t<section class=\"elementor-section elementor-top-section elementor-element elementor-element-1bfcf6d elementor-section-boxed elementor-section-height-default elementor-section-height-default\" data-id=\"1bfcf6d\" data-element_type=\"section\">\n\t\t\t\t\t\t<div class=\"elementor-container elementor-column-gap-default\">\n\t\t\t\t\t<div class=\"elementor-column elementor-col-66 elementor-top-column elementor-element elementor-element-ff5593e\" data-id=\"ff5593e\" data-element_type=\"column\">\n\t\t\t<div class=\"elementor-widget-wrap elementor-element-populated\">\n\t\t\t\t\t\t<div class=\"elementor-element elementor-element-40ab554 elementor-widget elementor-widget-text-editor\" data-id=\"40ab554\" data-element_type=\"widget\" data-widget_type=\"text-editor.default\">\n\t\t\t\t<div class=\"elementor-widget-container\">\n\t\t\t\t\t\t\t\t\t<p>TS EN 10217-1 \u2013 TS EN 10219 \u2013 DIN\u00a01626, ASTM A53 \u00fcretim Standartlar\u0131nda D\u00fcz sac\u0131n spiral olarak sar\u0131l\u0131p boru formuna getirilmesi ve sac\u0131n kenarlar\u0131n\u0131n d\u0131\u015ftan ve i\u00e7ten toz alt\u0131 kaynak y\u00f6ntemi ile birle\u015ftirilmesiyle imal edilir. D\u00fcz u\u00e7lu ve Kaynak a\u011f\u0131zl\u0131, 8\u201d \u2013 96\u201d ( 219,1 mm \u2013 2438 mm) aras\u0131 \u00e7aplarda, 2 mm ve 16 mm aras\u0131 et kal\u0131nl\u0131\u011f\u0131nda, Standart olarak 6 MT ve 12 MT, \u00a0Fire ve i\u015f kayb\u0131n\u0131 \u00f6nlemek ama\u00e7l\u0131 projeye \u00f6zel boyda \u00fcretim de yap\u0131labilmektedir.<\/p><p>355,6 mm \u2013 2.438 mm aras\u0131 \u00c7ap, 2 mm \u2013 16 mm aras\u0131 kal\u0131nl\u0131k \u00f6l\u00e7\u00fclerinde S235JR\u00a0\u00a0\u00a0\u00a0\u00a0\u00a0\u00a0 ( ST37 ), S275JR ( ST44 ),\u00a0 S355J2 ( ST52-3 ) Kalite Spiral Boru malzemeleri Fiyat, \u0130skonto ve Stok bilgisi i\u00e7in Firmam\u0131zla ileti\u015fime Ge\u00e7ebilirsiniz.<\/p><p><strong>Genel Kullan\u0131m Alanlar\u0131;<\/strong><\/p><ul><li>Su ve at\u0131k Su ta\u015f\u0131ma hatlar\u0131nda,<\/li><li>Temel, Liman kaz\u0131klar\u0131nda,<\/li><li>\u00c7elik Konstr\u00fcksiyon Yap\u0131lar\u0131nda,<\/li><li>Reklam Tabelalar\u0131nda,<\/li><li>Sondaj kuyular\u0131nda,<\/li><\/ul>\t\t\t\t\t\t\t\t<\/div>\n\t\t\t\t<\/div>\n\t\t\t\t\t<\/div>\n\t\t<\/div>\n\t\t\t\t<div class=\"elementor-column elementor-col-33 elementor-top-column elementor-element elementor-element-e68de2b\" data-id=\"e68de2b\" data-element_type=\"column\">\n\t\t\t<div class=\"elementor-widget-wrap elementor-element-populated\">\n\t\t\t\t\t\t<div class=\"elementor-element elementor-element-1072556 elementor-invisible elementor-widget elementor-widget-image\" data-id=\"1072556\" data-element_type=\"widget\" data-settings=\"{&quot;_animation&quot;:&quot;fadeInDown&quot;}\" data-widget_type=\"image.default\">\n\t\t\t\t<div class=\"elementor-widget-container\">\n\t\t\t\t\t\t\t\t\t\t\t\t\t\t\t<img fetchpriority=\"high\" decoding=\"async\" width=\"640\" height=\"320\" src=\"https:\/\/www.alpsteel.com.tr\/wp-content\/uploads\/2023\/08\/alpsteel-spiral-kaynakli-boru.jpg\" class=\"attachment-large size-large wp-image-1333\" alt=\"Spiral Kaynakl\u0131 Boru\" srcset=\"https:\/\/www.alpsteel.com.tr\/wp-content\/uploads\/2023\/08\/alpsteel-spiral-kaynakli-boru.jpg 640w, https:\/\/www.alpsteel.com.tr\/wp-content\/uploads\/2023\/08\/alpsteel-spiral-kaynakli-boru-300x150.jpg 300w, https:\/\/www.alpsteel.com.tr\/wp-content\/uploads\/2023\/08\/alpsteel-spiral-kaynakli-boru-18x9.jpg 18w\" sizes=\"(max-width: 640px) 100vw, 640px\" \/>\t\t\t\t\t\t\t\t\t\t\t\t\t\t\t<\/div>\n\t\t\t\t<\/div>\n\t\t\t\t\t<\/div>\n\t\t<\/div>\n\t\t\t\t\t<\/div>\n\t\t<\/section>\n\t\t\t\t<section class=\"elementor-section elementor-top-section elementor-element elementor-element-a4c1e80 elementor-section-boxed elementor-section-height-default elementor-section-height-default\" data-id=\"a4c1e80\" data-element_type=\"section\">\n\t\t\t\t\t\t<div class=\"elementor-container elementor-column-gap-default\">\n\t\t\t\t\t<div class=\"elementor-column elementor-col-100 elementor-top-column elementor-element elementor-element-7275cb9\" data-id=\"7275cb9\" data-element_type=\"column\">\n\t\t\t<div class=\"elementor-widget-wrap elementor-element-populated\">\n\t\t\t\t\t\t<div class=\"elementor-element elementor-element-5eab3c1 elementor-widget elementor-widget-text-editor\" data-id=\"5eab3c1\" data-element_type=\"widget\" data-widget_type=\"text-editor.default\">\n\t\t\t\t<div class=\"elementor-widget-container\">\n\t\t\t\t\t\t\t\t\t<table width=\"0\"><tbody><tr><td rowspan=\"3\" width=\"77\"><strong>Anma \u00c7ap\u0131 (D\u0131\u015f \u00c7ap-mm]<\/strong><\/td><td colspan=\"16\" width=\"665\"><strong>ET KALINLI\u011eI ( MM )<\/strong><\/td><\/tr><tr><td width=\"36\"><strong>2,00<\/strong><\/td><td width=\"36\"><strong>2,50<\/strong><\/td><td width=\"56\"><strong>3,00<\/strong><\/td><td width=\"39\"><strong>3,60<\/strong><\/td><td width=\"36\"><strong>4,00<\/strong><\/td><td width=\"36\"><strong>4,50<\/strong><\/td><td width=\"42\"><strong>5,00<\/strong><\/td><td width=\"42\"><strong>5,60<\/strong><\/td><td width=\"42\"><strong>6,30<\/strong><\/td><td width=\"43\"><strong>7,10<\/strong><\/td><td width=\"42\"><strong>8,00<\/strong><\/td><td width=\"42\"><strong>8,80<\/strong><\/td><td width=\"42\"><strong>10,00<\/strong><\/td><td width=\"42\"><strong>12,00<\/strong><\/td><td width=\"42\"><strong>14,00<\/strong><\/td><td width=\"42\"><strong>16,00<\/strong><\/td><\/tr><tr><td colspan=\"16\" width=\"665\"><strong>KG\/MT<\/strong><\/td><\/tr><tr><td width=\"77\">8\u2033(219,10)<\/td><td width=\"36\">10,70<\/td><td width=\"36\">13,40<\/td><td width=\"56\">16,00<\/td><td width=\"39\">19,10<\/td><td width=\"36\">21,20<\/td><td width=\"36\">23,80<\/td><td width=\"42\">26,40<\/td><td width=\"42\">29,50<\/td><td width=\"42\">33,10<\/td><td width=\"43\">37,10<\/td><td width=\"42\">41,60<\/td><td width=\"42\">45,60<\/td><td width=\"42\">51,60<\/td><td width=\"42\">\u00a0<\/td><td width=\"42\">\u00a0<\/td><td width=\"42\">\u00a0<\/td><\/tr><tr><td width=\"77\">10\u2033(273,00)<\/td><td width=\"36\">13,40<\/td><td width=\"36\">16,70<\/td><td width=\"56\">20,00<\/td><td width=\"39\">23,90<\/td><td width=\"36\">26,50<\/td><td width=\"36\">29,80<\/td><td width=\"42\">33,00<\/td><td width=\"42\">36,90<\/td><td width=\"42\">41,40<\/td><td width=\"43\">46,60<\/td><td width=\"42\">52,20<\/td><td width=\"42\">57.30<\/td><td width=\"42\">64,90<\/td><td width=\"42\">\u00a0<\/td><td width=\"42\">\u00a0<\/td><td width=\"42\">\u00a0<\/td><\/tr><tr><td width=\"77\">12\u2033(323,90)<\/td><td width=\"36\">15,90<\/td><td width=\"36\">19,80<\/td><td width=\"56\">23,70<\/td><td width=\"39\">28,40<\/td><td width=\"36\">31,60<\/td><td width=\"36\">35,40<\/td><td width=\"42\">39,30<\/td><td width=\"42\">44,00<\/td><td width=\"42\">49,30<\/td><td width=\"43\">55,50<\/td><td width=\"42\">62,30<\/td><td width=\"42\">68,40<\/td><td width=\"42\">77,40<\/td><td width=\"42\">92,30<\/td><td width=\"42\">\u00a0<\/td><td width=\"42\">\u00a0<\/td><\/tr><tr><td width=\"77\">14\u2033(355,60)<\/td><td width=\"36\">17,40<\/td><td width=\"36\">21,80<\/td><td width=\"56\">26,10<\/td><td width=\"39\">31,20<\/td><td width=\"36\">34,70<\/td><td width=\"36\">39,00<\/td><td width=\"42\">43,20<\/td><td width=\"42\">48,30<\/td><td width=\"42\">54,30<\/td><td width=\"43\">61,00<\/td><td width=\"42\">68,60<\/td><td width=\"42\">75,30<\/td><td width=\"42\">85,20<\/td><td width=\"42\">101,70<\/td><td width=\"42\">\u00a0<\/td><td width=\"42\">\u00a0<\/td><\/tr><tr><td width=\"77\">16\u2033(406,4)<\/td><td width=\"36\">\u00a0<\/td><td width=\"36\">24,90<\/td><td width=\"56\">29,80<\/td><td width=\"39\">35,80<\/td><td width=\"36\">39,70<\/td><td width=\"36\">44,60<\/td><td width=\"42\">49,50<\/td><td width=\"42\">55,40<\/td><td width=\"42\">62,20<\/td><td width=\"43\">69,90<\/td><td width=\"42\">73,60<\/td><td width=\"42\">86,30<\/td><td width=\"42\">97,80<\/td><td width=\"42\">116,70<\/td><td width=\"42\">\u00a0<\/td><td width=\"42\">\u00a0<\/td><\/tr><tr><td width=\"77\">18\u2033(457,2)<\/td><td width=\"36\">\u00a0<\/td><td width=\"36\">\u00a0<\/td><td width=\"56\">33,60<\/td><td width=\"39\">40,30<\/td><td width=\"36\">44,70<\/td><td width=\"36\">50,20<\/td><td width=\"42\">55,80<\/td><td width=\"42\">62,40<\/td><td width=\"42\">70,10<\/td><td width=\"43\">78,80<\/td><td width=\"42\">88,60<\/td><td width=\"42\">97,30<\/td><td width=\"42\">110,30<\/td><td width=\"42\">131,70<\/td><td width=\"42\">153,00<\/td><td width=\"42\">\u00a0<\/td><\/tr><tr><td width=\"77\">20\u2033(508,0)<\/td><td width=\"36\">\u00a0<\/td><td width=\"36\">\u00a0<\/td><td width=\"56\">37,40<\/td><td width=\"39\">44,90<\/td><td width=\"36\">49,80<\/td><td width=\"36\">56,00<\/td><td width=\"42\">62,10<\/td><td width=\"42\">69,50<\/td><td width=\"42\">78,10<\/td><td width=\"43\"><em>87,80<\/em><\/td><td width=\"42\">98,80<\/td><td width=\"42\">108,50<\/td><td width=\"42\">123,00<\/td><td width=\"42\">147,00<\/td><td width=\"42\">170,80<\/td><td width=\"42\">\u00a0<\/td><\/tr><tr><td width=\"77\">22\u2033(558,80)<\/td><td width=\"36\">\u00a0<\/td><td width=\"36\">\u00a0<\/td><td width=\"56\">41,10<\/td><td width=\"39\">49,30<\/td><td width=\"36\">54,70<\/td><td width=\"36\">61,50<\/td><td width=\"42\">68,30<\/td><td width=\"42\">76,40<\/td><td width=\"42\">85,80<\/td><td width=\"43\">96,60<\/td><td width=\"42\">108,70<\/td><td width=\"42\">119,40<\/td><td width=\"42\">135,30<\/td><td width=\"42\">161,80<\/td><td width=\"42\">188,00<\/td><td width=\"42\">\u00a0<\/td><\/tr><tr><td width=\"77\">24\u2033 (609,60)<\/td><td width=\"36\">\u00a0<\/td><td width=\"36\">\u00a0<\/td><td width=\"56\">44,90<\/td><td width=\"39\">53,80<\/td><td width=\"36\">59,70<\/td><td width=\"36\">67,10<\/td><td width=\"42\">74,60<\/td><td width=\"42\">83,40<\/td><td width=\"42\">93,70<\/td><td width=\"43\">105,50<\/td><td width=\"42\">118,70<\/td><td width=\"42\">130,40<\/td><td width=\"42\">147,90<\/td><td width=\"42\">176,80<\/td><td width=\"42\">205,60<\/td><td width=\"42\">234,20<\/td><\/tr><tr><td width=\"77\">26\u2033{660,40)<\/td><td width=\"36\">\u00a0<\/td><td width=\"36\">\u00a0<\/td><td width=\"56\">\u00a0<\/td><td width=\"39\">\u00a0<\/td><td width=\"36\">64,80<\/td><td width=\"36\">72,80<\/td><td width=\"42\">80,80<\/td><td width=\"42\">90,40<\/td><td width=\"42\">101,60<\/td><td width=\"43\">114,40<\/td><td width=\"42\">128,70<\/td><td width=\"42\">141,40<\/td><td width=\"42\">160,40<\/td><td width=\"42\">191,90<\/td><td width=\"42\">223,20<\/td><td width=\"42\">254,30<\/td><\/tr><tr><td width=\"77\">28\u2033(711,20)<\/td><td width=\"36\">\u00a0<\/td><td width=\"36\">\u00a0<\/td><td width=\"56\">\u00a0<\/td><td width=\"39\">\u00a0<\/td><td width=\"36\">69,80<\/td><td width=\"36\">78,40<\/td><td width=\"42\">87,10<\/td><td width=\"42\">97,40<\/td><td width=\"42\">109,50<\/td><td width=\"43\">123,30<\/td><td width=\"42\">138,70<\/td><td width=\"42\">152,40<\/td><td width=\"42\">172,90<\/td><td width=\"42\">206,90<\/td><td width=\"42\">240,70<\/td><td width=\"42\">274,30<\/td><\/tr><tr><td width=\"77\">30\u2033(767,00)<\/td><td width=\"36\">\u00a0<\/td><td width=\"36\">\u00a0<\/td><td width=\"56\">\u00a0<\/td><td width=\"39\">\u00a0<\/td><td width=\"36\">\u00a0<\/td><td width=\"36\">\u00a0<\/td><td width=\"42\">93,30<\/td><td width=\"42\">104,50<\/td><td width=\"42\">117,40<\/td><td width=\"43\">132,20<\/td><td width=\"42\">148,80<\/td><td width=\"42\">163,50<\/td><td width=\"42\">185,40<\/td><td width=\"42\">221,90<\/td><td width=\"42\">258,20<\/td><td width=\"42\">294,30<\/td><\/tr><tr><td width=\"77\">32\u2033 (812,80)<\/td><td width=\"36\">\u00a0<\/td><td width=\"36\">\u00a0<\/td><td width=\"56\">\u00a0<\/td><td width=\"39\">\u00a0<\/td><td width=\"36\">\u00a0<\/td><td width=\"36\">\u00a0<\/td><td width=\"42\">99,60<\/td><td width=\"42\">111,50<\/td><td width=\"42\">125,30<\/td><td width=\"43\">141,10<\/td><td width=\"42\">158,80<\/td><td width=\"42\">174,50<\/td><td width=\"42\">198,00<\/td><td width=\"42\">237,00<\/td><td width=\"42\">275,30<\/td><td width=\"42\">314,40<\/td><\/tr><tr><td width=\"77\">34\u2033(864,00}<\/td><td width=\"36\">\u00a0<\/td><td width=\"36\">\u00a0<\/td><td width=\"56\">\u00a0<\/td><td width=\"39\">\u00a0<\/td><td width=\"36\">\u00a0<\/td><td width=\"36\">\u00a0<\/td><td width=\"42\">105,90<\/td><td width=\"42\">118,50<\/td><td width=\"42\">133,30<\/td><td width=\"43\">150,00<\/td><td width=\"42\">168,90<\/td><td width=\"42\">185,60<\/td><td width=\"42\">210,60<\/td><td width=\"42\">252,10<\/td><td width=\"42\">293,50<\/td><td width=\"42\"><em>334,60<\/em><\/td><\/tr><tr><td width=\"77\">36\u2033(914,00)<\/td><td width=\"36\">\u00a0<\/td><td width=\"36\">\u00a0<\/td><td width=\"56\">\u00a0<\/td><td width=\"39\">\u00a0<\/td><td width=\"36\">\u00a0<\/td><td width=\"36\">\u00a0<\/td><td width=\"42\">112,10<\/td><td width=\"42\">125,50<\/td><td width=\"42\">141,00<\/td><td width=\"43\">158,80<\/td><td width=\"42\">178,70<\/td><td width=\"42\">196,40<\/td><td width=\"42\">222,90<\/td><td width=\"42\">266,90<\/td><td width=\"42\">310,70<\/td><td width=\"42\">354,30<\/td><\/tr><tr><td width=\"77\">40\u2033 (1016,00)<\/td><td width=\"36\">\u00a0<\/td><td width=\"36\">\u00a0<\/td><td width=\"56\">\u00a0<\/td><td width=\"39\">\u00a0<\/td><td width=\"36\">\u00a0<\/td><td width=\"36\">\u00a0<\/td><td width=\"42\">124,70<\/td><td width=\"42\">139,50<\/td><td width=\"42\">156,90<\/td><td width=\"43\">176,60<\/td><td width=\"42\">198,90<\/td><td width=\"42\">218,60<\/td><td width=\"42\">248,10<\/td><td width=\"42\">297,10<\/td><td width=\"42\">345,90<\/td><td width=\"42\">394,60<\/td><\/tr><tr><td width=\"77\">42\u2033(1067,00)<\/td><td width=\"36\">\u00a0<\/td><td width=\"36\">\u00a0<\/td><td width=\"56\">\u00a0<\/td><td width=\"39\">\u00a0<\/td><td width=\"36\">\u00a0<\/td><td width=\"36\">\u00a0<\/td><td width=\"42\">130,90<\/td><td width=\"42\">146,60<\/td><td width=\"42\">164,80<\/td><td width=\"43\">185,60<\/td><td width=\"42\">208,90<\/td><td width=\"42\">229,60<\/td><td width=\"42\">260,70<\/td><td width=\"42\">312,20<\/td><td width=\"42\">363,50<\/td><td width=\"42\">414,70<\/td><\/tr><tr><td width=\"77\">44\u2033(1117,60)<\/td><td width=\"36\">\u00a0<\/td><td width=\"36\">\u00a0<\/td><td width=\"56\">\u00a0<\/td><td width=\"39\">\u00a0<\/td><td width=\"36\">\u00a0<\/td><td width=\"36\">\u00a0<\/td><td width=\"42\">\u00a0<\/td><td width=\"42\">153,60<\/td><td width=\"42\">172,70<\/td><td width=\"43\">194,40<\/td><td width=\"42\">218,90<\/td><td width=\"42\">240,60<\/td><td width=\"42\">273,10<\/td><td width=\"42\">327,20<\/td><td width=\"42\">381,00<\/td><td width=\"42\">434,60<\/td><\/tr><tr><td width=\"77\">48\u2033(1219,20)<\/td><td width=\"36\">\u00a0<\/td><td width=\"36\">\u00a0<\/td><td width=\"56\">\u00a0<\/td><td width=\"39\">\u00a0<\/td><td width=\"36\">\u00a0<\/td><td width=\"36\">\u00a0<\/td><td width=\"42\">\u00a0<\/td><td width=\"42\">\u00a0<\/td><td width=\"42\">188,40<\/td><td width=\"43\">212,20<\/td><td width=\"42\">239,00<\/td><td width=\"42\">262,70<\/td><td width=\"42\">298,20<\/td><td width=\"42\">357,20<\/td><td width=\"42\">416,10<\/td><td width=\"42\">474,70<\/td><\/tr><tr><td width=\"77\">52\u2033(1321,00)<\/td><td width=\"36\">\u00a0<\/td><td width=\"36\">\u00a0<\/td><td width=\"56\">\u00a0<\/td><td width=\"39\">\u00a0<\/td><td width=\"36\">\u00a0<\/td><td width=\"36\">\u00a0<\/td><td width=\"42\">\u00a0<\/td><td width=\"42\">\u00a0<\/td><td width=\"42\">204,20<\/td><td width=\"43\">230,00<\/td><td width=\"42\">259,00<\/td><td width=\"42\">284,80<\/td><td width=\"42\">323,30<\/td><td width=\"42\">387,40<\/td><td width=\"42\">451,20<\/td><td width=\"42\">514,90<\/td><\/tr><tr><td width=\"77\">56\u2033(1422,00)<\/td><td width=\"36\">\u00a0<\/td><td width=\"36\">\u00a0<\/td><td width=\"56\">\u00a0<\/td><td width=\"39\">\u00a0<\/td><td width=\"36\">\u00a0<\/td><td width=\"36\">\u00a0<\/td><td width=\"42\">\u00a0<\/td><td width=\"42\">\u00a0<\/td><td width=\"42\">219,90<\/td><td width=\"43\">24 7,70<\/td><td width=\"42\">279,00<\/td><td width=\"42\">306,70<\/td><td width=\"42\">348,20<\/td><td width=\"42\">417,20<\/td><td width=\"42\">486,10<\/td><td width=\"42\">554,80<\/td><\/tr><tr><td width=\"77\">60\u2033(1524,00)<\/td><td width=\"36\">\u00a0<\/td><td width=\"36\">\u00a0<\/td><td width=\"56\">\u00a0<\/td><td width=\"39\">\u00a0<\/td><td width=\"36\">\u00a0<\/td><td width=\"36\">\u00a0<\/td><td width=\"42\">\u00a0<\/td><td width=\"42\">\u00a0<\/td><td width=\"42\">\u00a0<\/td><td width=\"43\">265,60<\/td><td width=\"42\">299,10<\/td><td width=\"42\">328.80<\/td><td width=\"42\">373,40<\/td><td width=\"42\">447,40<\/td><td width=\"42\">521,30<\/td><td width=\"42\">595,00<\/td><\/tr><tr><td width=\"77\">64\u2033{1626,00)<\/td><td width=\"36\">\u00a0<\/td><td width=\"36\">\u00a0<\/td><td width=\"56\">\u00a0<\/td><td width=\"39\">\u00a0<\/td><td width=\"36\">\u00a0<\/td><td width=\"36\">\u00a0<\/td><td width=\"42\">\u00a0<\/td><td width=\"42\">\u00a0<\/td><td width=\"42\">\u00a0<\/td><td width=\"43\">233,40<\/td><td width=\"42\">319,20<\/td><td width=\"42\">350,90<\/td><td width=\"42\">398,50<\/td><td width=\"42\">477,60<\/td><td width=\"42\">556,50<\/td><td width=\"42\">635,20<\/td><\/tr><tr><td width=\"77\">68\u2033(1727,00)<\/td><td width=\"36\">\u00a0<\/td><td width=\"36\">\u00a0<\/td><td width=\"56\">\u00a0<\/td><td width=\"39\">\u00a0<\/td><td width=\"36\">\u00a0<\/td><td width=\"36\">\u00a0<\/td><td width=\"42\">\u00a0<\/td><td width=\"42\">\u00a0<\/td><td width=\"42\">\u00a0<\/td><td width=\"43\">\u00a0<\/td><td width=\"42\">339,10<\/td><td width=\"42\">372,90<\/td><td width=\"42\">423,40<\/td><td width=\"42\">507,50<\/td><td width=\"42\">591,40<\/td><td width=\"42\">675,10<\/td><\/tr><tr><td width=\"77\">72\u2033(1829,00)<\/td><td width=\"36\">\u00a0<\/td><td width=\"36\">\u00a0<\/td><td width=\"56\">\u00a0<\/td><td width=\"39\">\u00a0<\/td><td width=\"36\">\u00a0<\/td><td width=\"36\">\u00a0<\/td><td width=\"42\">\u00a0<\/td><td width=\"42\">\u00a0<\/td><td width=\"42\">\u00a0<\/td><td width=\"43\">\u00a0<\/td><td width=\"42\">359,20<\/td><td width=\"42\">395,00<\/td><td width=\"42\">448,60<\/td><td width=\"42\">537,70<\/td><td width=\"42\">626,60<\/td><td width=\"42\">715,30<\/td><\/tr><tr><td width=\"77\">76\u2033(1930,00)<\/td><td width=\"36\">\u00a0<\/td><td width=\"36\">\u00a0<\/td><td width=\"56\">\u00a0<\/td><td width=\"39\">\u00a0<\/td><td width=\"36\">\u00a0<\/td><td width=\"36\">\u00a0<\/td><td width=\"42\">\u00a0<\/td><td width=\"42\">\u00a0<\/td><td width=\"42\">\u00a0<\/td><td width=\"43\">\u00a0<\/td><td width=\"42\">\u00a0<\/td><td width=\"42\">416,90<\/td><td width=\"42\">473,50<\/td><td width=\"42\">567,60<\/td><td width=\"42\">661,50<\/td><td width=\"42\">755,20<\/td><\/tr><tr><td width=\"77\">80\u2033 (2032,00)<\/td><td width=\"36\">\u00a0<\/td><td width=\"36\">\u00a0<\/td><td width=\"56\">\u00a0<\/td><td width=\"39\">\u00a0<\/td><td width=\"36\">\u00a0<\/td><td width=\"36\">\u00a0<\/td><td width=\"42\">\u00a0<\/td><td width=\"42\">\u00a0<\/td><td width=\"42\">\u00a0<\/td><td width=\"43\">\u00a0<\/td><td width=\"42\">\u00a0<\/td><td width=\"42\">439,10<\/td><td width=\"42\">498,60<\/td><td width=\"42\">597,80<\/td><td width=\"42\">696,70<\/td><td width=\"42\">795,40<\/td><\/tr><tr><td width=\"77\">84\u2033(2134,00)<\/td><td width=\"36\">\u00a0<\/td><td width=\"36\">\u00a0<\/td><td width=\"56\">\u00a0<\/td><td width=\"39\">\u00a0<\/td><td width=\"36\">\u00a0<\/td><td width=\"36\">\u00a0<\/td><td width=\"42\">\u00a0<\/td><td width=\"42\">\u00a0<\/td><td width=\"42\">\u00a0<\/td><td width=\"43\">\u00a0<\/td><td width=\"42\">\u00a0<\/td><td width=\"42\">\u00a0<\/td><td width=\"42\">523,80<\/td><td width=\"42\">627,90<\/td><td width=\"42\">731,90<\/td><td width=\"42\">835,70<\/td><\/tr><tr><td width=\"77\">90\u2033(2286,00)<\/td><td width=\"36\">\u00a0<\/td><td width=\"36\">\u00a0<\/td><td width=\"56\">\u00a0<\/td><td width=\"39\">\u00a0<\/td><td width=\"36\">\u00a0<\/td><td width=\"36\">\u00a0<\/td><td width=\"42\">\u00a0<\/td><td width=\"42\">\u00a0<\/td><td width=\"42\">\u00a0<\/td><td width=\"43\">\u00a0<\/td><td width=\"42\">\u00a0<\/td><td width=\"42\">\u00a0<\/td><td width=\"42\">561,30<\/td><td width=\"42\">672,90<\/td><td width=\"42\">784,40<\/td><td width=\"42\">895,70<\/td><\/tr><tr><td width=\"77\">96\u2033(2438,00)<\/td><td width=\"36\">\u00a0<\/td><td width=\"36\">\u00a0<\/td><td width=\"56\">\u00a0<\/td><td width=\"39\">\u00a0<\/td><td width=\"36\">\u00a0<\/td><td width=\"36\">\u00a0<\/td><td width=\"42\">\u00a0<\/td><td width=\"42\">\u00a0<\/td><td width=\"42\">\u00a0<\/td><td width=\"43\">\u00a0<\/td><td width=\"42\">\u00a0<\/td><td width=\"42\">\u00a0<\/td><td width=\"42\">598,70<\/td><td width=\"42\">717,90<\/td><td width=\"42\">836,90<\/td><td width=\"42\">955,60<\/td><\/tr><\/tbody><\/table>\t\t\t\t\t\t\t\t<\/div>\n\t\t\t\t<\/div>\n\t\t\t\t\t<\/div>\n\t\t<\/div>\n\t\t\t\t\t<\/div>\n\t\t<\/section>\n\t\t\t\t<\/div>","protected":false},"excerpt":{"rendered":"<p>TS EN 10217-1 \u2013 TS EN 10219 \u2013 DIN\u00a01626, ASTM A53 \u00fcretim Standartlar\u0131nda D\u00fcz sac\u0131n spiral olarak sar\u0131l\u0131p boru formuna getirilmesi ve sac\u0131n kenarlar\u0131n\u0131n d\u0131\u015ftan ve i\u00e7ten toz alt\u0131 kaynak y\u00f6ntemi ile birle\u015ftirilmesiyle imal edilir. D\u00fcz u\u00e7lu ve Kaynak a\u011f\u0131zl\u0131, 8\u201d \u2013 96\u201d ( 219,1 mm \u2013 2438 mm) aras\u0131 \u00e7aplarda, 2 mm ve 16 &hellip;<\/p>\n<p class=\"read-more\"> <a class=\"\" href=\"https:\/\/www.alpsteel.com.tr\/en\/spiral-kaynakli-boru\/\"> <span class=\"screen-reader-text\">Spiral Kaynakl\u0131 Boru<\/span> Read More &raquo;<\/a><\/p>","protected":false},"author":1,"featured_media":0,"parent":0,"menu_order":0,"comment_status":"closed","ping_status":"closed","template":"","meta":{"site-sidebar-layout":"no-sidebar","site-content-layout":"page-builder","ast-site-content-layout":"default","site-content-style":"default","site-sidebar-style":"default","ast-global-header-display":"","ast-banner-title-visibility":"","ast-main-header-display":"","ast-hfb-above-header-display":"","ast-hfb-below-header-display":"","ast-hfb-mobile-header-display":"","site-post-title":"disabled","ast-breadcrumbs-content":"","ast-featured-img":"disabled","footer-sml-layout":"","theme-transparent-header-meta":"default","adv-header-id-meta":"","stick-header-meta":"","header-above-stick-meta":"","header-main-stick-meta":"","header-below-stick-meta":"","astra-migrate-meta-layouts":"set","footnotes":""},"class_list":["post-1623","page","type-page","status-publish","hentry"],"_links":{"self":[{"href":"https:\/\/www.alpsteel.com.tr\/en\/wp-json\/wp\/v2\/pages\/1623","targetHints":{"allow":["GET"]}}],"collection":[{"href":"https:\/\/www.alpsteel.com.tr\/en\/wp-json\/wp\/v2\/pages"}],"about":[{"href":"https:\/\/www.alpsteel.com.tr\/en\/wp-json\/wp\/v2\/types\/page"}],"author":[{"embeddable":true,"href":"https:\/\/www.alpsteel.com.tr\/en\/wp-json\/wp\/v2\/users\/1"}],"replies":[{"embeddable":true,"href":"https:\/\/www.alpsteel.com.tr\/en\/wp-json\/wp\/v2\/comments?post=1623"}],"version-history":[{"count":4,"href":"https:\/\/www.alpsteel.com.tr\/en\/wp-json\/wp\/v2\/pages\/1623\/revisions"}],"predecessor-version":[{"id":1649,"href":"https:\/\/www.alpsteel.com.tr\/en\/wp-json\/wp\/v2\/pages\/1623\/revisions\/1649"}],"wp:attachment":[{"href":"https:\/\/www.alpsteel.com.tr\/en\/wp-json\/wp\/v2\/media?parent=1623"}],"curies":[{"name":"wp","href":"https:\/\/api.w.org\/{rel}","templated":true}]}}