{"id":1625,"date":"2023-08-24T09:48:10","date_gmt":"2023-08-24T09:48:10","guid":{"rendered":"https:\/\/yeni.alpsteel.com.tr\/?page_id=1625"},"modified":"2023-08-24T10:04:34","modified_gmt":"2023-08-24T10:04:34","slug":"celik-cekme-boru","status":"publish","type":"page","link":"https:\/\/www.alpsteel.com.tr\/en\/celik-cekme-boru\/","title":{"rendered":"\u00c7elik \u00c7ekme Boru"},"content":{"rendered":"<div data-elementor-type=\"wp-page\" data-elementor-id=\"1625\" class=\"elementor elementor-1625\" data-elementor-post-type=\"page\">\n\t\t\t\t\t\t<section class=\"elementor-section elementor-top-section elementor-element elementor-element-27755d0 elementor-section-boxed elementor-section-height-default elementor-section-height-default\" data-id=\"27755d0\" data-element_type=\"section\">\n\t\t\t\t\t\t<div class=\"elementor-container elementor-column-gap-default\">\n\t\t\t\t\t<div class=\"elementor-column elementor-col-66 elementor-top-column elementor-element elementor-element-3339028\" data-id=\"3339028\" data-element_type=\"column\">\n\t\t\t<div class=\"elementor-widget-wrap elementor-element-populated\">\n\t\t\t\t\t\t<div class=\"elementor-element elementor-element-393aaa5 elementor-widget elementor-widget-text-editor\" data-id=\"393aaa5\" data-element_type=\"widget\" data-widget_type=\"text-editor.default\">\n\t\t\t\t<div class=\"elementor-widget-container\">\n\t\t\t\t\t\t\t\t\t<p>EN 10210-1&amp;2 \u00fcretim Standartlar\u0131nda So\u011fuk ve S\u0131cak haddeleme y\u00f6ntemi ile k\u00fc\u00e7\u00fck \u00e7aplar 6 MT, B\u00fcy\u00fck \u00e7aplar 12 MT olarak, \u00c7\u0131plak veya Vernik korumal\u0131 y\u00fczey olarak \u00fcretim yap\u0131labilmektedir. Bir\u00e7ok \u00f6l\u00e7\u00fc stoklarda bulunmakta olup, Fire ve i\u015f kayb\u0131n\u0131 \u00f6nlemek ama\u00e7l\u0131 projeye \u00f6zel \u00e7ap ve boyda \u00fcretim de yap\u0131labilmektedir.<\/p><p>10 mm \u2013 508 mm aras\u0131 \u00c7ap, 1,50 mm \u2013 50 mm aras\u0131 kal\u0131nl\u0131k \u00f6l\u00e7\u00fclerinde S235JR (ST37), S275JR (ST44), S355J2 (ST52-3) Kalite \u00c7elik \u00c7ekme Boru malzemeleri Fiyat, ve Stok bilgisi i\u00e7in Firmam\u0131zla ileti\u015fime Ge\u00e7ebilirsiniz.<\/p><p><strong>Genel Kullan\u0131m Alanlar\u0131;<\/strong><\/p><ul><li>Bina iskele ve kal\u0131p sistemlerinde,<\/li><li>\u00c7elik Konstr\u00fcksiyon ve \u00e7elik \u00e7at\u0131 imalat\u0131,<\/li><li>Otomotiv ve otomotiv yan sanayi,<\/li><li>Tar\u0131m ve Makine end\u00fcstrisi imalatlar\u0131nda,<\/li><li>Kara, Hava, Rayl\u0131 ve Deniz yolu ta\u015f\u0131tlar\u0131 imalatlar\u0131nda.<\/li><\/ul>\t\t\t\t\t\t\t\t<\/div>\n\t\t\t\t<\/div>\n\t\t\t\t\t<\/div>\n\t\t<\/div>\n\t\t\t\t<div class=\"elementor-column elementor-col-33 elementor-top-column elementor-element elementor-element-547ac2b\" data-id=\"547ac2b\" data-element_type=\"column\">\n\t\t\t<div class=\"elementor-widget-wrap elementor-element-populated\">\n\t\t\t\t\t\t<div class=\"elementor-element elementor-element-47d9825 elementor-invisible elementor-widget elementor-widget-image\" data-id=\"47d9825\" data-element_type=\"widget\" data-settings=\"{&quot;_animation&quot;:&quot;fadeInDown&quot;}\" data-widget_type=\"image.default\">\n\t\t\t\t<div class=\"elementor-widget-container\">\n\t\t\t\t\t\t\t\t\t\t\t\t\t\t\t<img fetchpriority=\"high\" decoding=\"async\" width=\"640\" height=\"320\" src=\"https:\/\/www.alpsteel.com.tr\/wp-content\/uploads\/2023\/08\/alpsteel-celik-cekme-boru.jpg\" class=\"attachment-large size-large wp-image-1337\" alt=\"\u00c7elik \u00c7ekme Boru\" srcset=\"https:\/\/www.alpsteel.com.tr\/wp-content\/uploads\/2023\/08\/alpsteel-celik-cekme-boru.jpg 640w, https:\/\/www.alpsteel.com.tr\/wp-content\/uploads\/2023\/08\/alpsteel-celik-cekme-boru-300x150.jpg 300w, https:\/\/www.alpsteel.com.tr\/wp-content\/uploads\/2023\/08\/alpsteel-celik-cekme-boru-18x9.jpg 18w\" sizes=\"(max-width: 640px) 100vw, 640px\" \/>\t\t\t\t\t\t\t\t\t\t\t\t\t\t\t<\/div>\n\t\t\t\t<\/div>\n\t\t\t\t\t<\/div>\n\t\t<\/div>\n\t\t\t\t\t<\/div>\n\t\t<\/section>\n\t\t\t\t<\/div>","protected":false},"excerpt":{"rendered":"<p>EN 10210-1&amp;2 \u00fcretim Standartlar\u0131nda So\u011fuk ve S\u0131cak haddeleme y\u00f6ntemi ile k\u00fc\u00e7\u00fck \u00e7aplar 6 MT, B\u00fcy\u00fck \u00e7aplar 12 MT olarak, \u00c7\u0131plak veya Vernik korumal\u0131 y\u00fczey olarak \u00fcretim yap\u0131labilmektedir. Bir\u00e7ok \u00f6l\u00e7\u00fc stoklarda bulunmakta olup, Fire ve i\u015f kayb\u0131n\u0131 \u00f6nlemek ama\u00e7l\u0131 projeye \u00f6zel \u00e7ap ve boyda \u00fcretim de yap\u0131labilmektedir. 10 mm \u2013 508 mm aras\u0131 \u00c7ap, 1,50 mm &hellip;<\/p>\n<p class=\"read-more\"> <a class=\"\" href=\"https:\/\/www.alpsteel.com.tr\/en\/celik-cekme-boru\/\"> <span class=\"screen-reader-text\">\u00c7elik \u00c7ekme Boru<\/span> Read More &raquo;<\/a><\/p>","protected":false},"author":1,"featured_media":0,"parent":0,"menu_order":0,"comment_status":"closed","ping_status":"closed","template":"","meta":{"site-sidebar-layout":"no-sidebar","site-content-layout":"page-builder","ast-site-content-layout":"default","site-content-style":"default","site-sidebar-style":"default","ast-global-header-display":"","ast-banner-title-visibility":"","ast-main-header-display":"","ast-hfb-above-header-display":"","ast-hfb-below-header-display":"","ast-hfb-mobile-header-display":"","site-post-title":"disabled","ast-breadcrumbs-content":"","ast-featured-img":"disabled","footer-sml-layout":"","theme-transparent-header-meta":"default","adv-header-id-meta":"","stick-header-meta":"","header-above-stick-meta":"","header-main-stick-meta":"","header-below-stick-meta":"","astra-migrate-meta-layouts":"set","footnotes":""},"class_list":["post-1625","page","type-page","status-publish","hentry"],"_links":{"self":[{"href":"https:\/\/www.alpsteel.com.tr\/en\/wp-json\/wp\/v2\/pages\/1625","targetHints":{"allow":["GET"]}}],"collection":[{"href":"https:\/\/www.alpsteel.com.tr\/en\/wp-json\/wp\/v2\/pages"}],"about":[{"href":"https:\/\/www.alpsteel.com.tr\/en\/wp-json\/wp\/v2\/types\/page"}],"author":[{"embeddable":true,"href":"https:\/\/www.alpsteel.com.tr\/en\/wp-json\/wp\/v2\/users\/1"}],"replies":[{"embeddable":true,"href":"https:\/\/www.alpsteel.com.tr\/en\/wp-json\/wp\/v2\/comments?post=1625"}],"version-history":[{"count":10,"href":"https:\/\/www.alpsteel.com.tr\/en\/wp-json\/wp\/v2\/pages\/1625\/revisions"}],"predecessor-version":[{"id":1658,"href":"https:\/\/www.alpsteel.com.tr\/en\/wp-json\/wp\/v2\/pages\/1625\/revisions\/1658"}],"wp:attachment":[{"href":"https:\/\/www.alpsteel.com.tr\/en\/wp-json\/wp\/v2\/media?parent=1625"}],"curies":[{"name":"wp","href":"https:\/\/api.w.org\/{rel}","templated":true}]}}