{"id":1627,"date":"2023-08-24T09:48:28","date_gmt":"2023-08-24T09:48:28","guid":{"rendered":"https:\/\/yeni.alpsteel.com.tr\/?page_id=1627"},"modified":"2023-08-24T10:06:09","modified_gmt":"2023-08-24T10:06:09","slug":"dogalgaz-borusu","status":"publish","type":"page","link":"https:\/\/www.alpsteel.com.tr\/en\/dogalgaz-borusu\/","title":{"rendered":"Do\u011falgaz Borusu"},"content":{"rendered":"<div data-elementor-type=\"wp-page\" data-elementor-id=\"1627\" class=\"elementor elementor-1627\" data-elementor-post-type=\"page\">\n\t\t\t\t\t\t<section class=\"elementor-section elementor-top-section elementor-element elementor-element-88c0fa8 elementor-section-boxed elementor-section-height-default elementor-section-height-default\" data-id=\"88c0fa8\" data-element_type=\"section\">\n\t\t\t\t\t\t<div class=\"elementor-container elementor-column-gap-default\">\n\t\t\t\t\t<div class=\"elementor-column elementor-col-66 elementor-top-column elementor-element elementor-element-bd1a7bb\" data-id=\"bd1a7bb\" data-element_type=\"column\">\n\t\t\t<div class=\"elementor-widget-wrap elementor-element-populated\">\n\t\t\t\t\t\t<div class=\"elementor-element elementor-element-cf23cff elementor-widget elementor-widget-text-editor\" data-id=\"cf23cff\" data-element_type=\"widget\" data-widget_type=\"text-editor.default\">\n\t\t\t\t<div class=\"elementor-widget-container\">\n\t\t\t\t\t\t\t\t\t<p>API 5L PSL1, API 5L PSL2,\u00a0TS EN ISO 3183,\u00a0API 5CT \u00a0Standartlar\u0131nda Koruyucu Ya\u011f, Polipropilen Kaplama, Polietilen Kaplama, Su Bazl\u0131 Boyal\u0131 Epoksi y\u00fczey kaplamal\u0131, d\u00fcz u\u00e7lu veya kaynak a\u011fz\u0131 a\u00e7\u0131lm\u0131\u015f, 1\/2\u201d \u2013 12\u201d (21,3 \u2013 323,9 mm) \u00e7aplarda \u00fcretilmektedir. Standart olarak 6 MT boyundad\u0131r. Miktara g\u00f6re \u00a04 MT \u2013 12 MT aras\u0131 \u00f6zel boy \u00fcretim de yap\u0131labilmektedir.<\/p><p>1\/2\u201d \u2013 3\/4\u2033 \u2013 1\u201d \u2013 1 1\/4\u201d \u2013 1 1\/2\u201d \u2013 2\u201d \u2013 2 1\/2\u201d 3\u201d 4\u201d \u2013 5\u201d \u2013 6\u201d \u00c7ap \u00f6l\u00e7\u00fclerinde S235JR ( ST37 ) Kalite Do\u011falgaz Borusu malzemeleri Fiyat, ve Stok bilgisi i\u00e7in Firmam\u0131zla ileti\u015fime Ge\u00e7ebilirsiniz.<\/p><p><strong>Genel Kullan\u0131m Alanlar\u0131;<\/strong><\/p><ul><li>Do\u011falgaz hatlar\u0131nda,<\/li><li>LPG tesisatlar\u0131nda,<\/li><li>Petrol iletim hatlar\u0131nda,<\/li><li>Petrol Kuyular\u0131 Sondaj\u0131nda,<\/li><\/ul>\t\t\t\t\t\t\t\t<\/div>\n\t\t\t\t<\/div>\n\t\t\t\t\t<\/div>\n\t\t<\/div>\n\t\t\t\t<div class=\"elementor-column elementor-col-33 elementor-top-column elementor-element elementor-element-7c665a1\" data-id=\"7c665a1\" data-element_type=\"column\">\n\t\t\t<div class=\"elementor-widget-wrap elementor-element-populated\">\n\t\t\t\t\t\t<div class=\"elementor-element elementor-element-1024914 elementor-invisible elementor-widget elementor-widget-image\" data-id=\"1024914\" data-element_type=\"widget\" data-settings=\"{&quot;_animation&quot;:&quot;fadeInDown&quot;}\" data-widget_type=\"image.default\">\n\t\t\t\t<div class=\"elementor-widget-container\">\n\t\t\t\t\t\t\t\t\t\t\t\t\t\t\t<img fetchpriority=\"high\" decoding=\"async\" width=\"640\" height=\"320\" src=\"https:\/\/www.alpsteel.com.tr\/wp-content\/uploads\/2023\/08\/alpsteel-celik-cekme-boru.jpg\" class=\"attachment-large size-large wp-image-1337\" alt=\"\u00c7elik \u00c7ekme Boru\" srcset=\"https:\/\/www.alpsteel.com.tr\/wp-content\/uploads\/2023\/08\/alpsteel-celik-cekme-boru.jpg 640w, https:\/\/www.alpsteel.com.tr\/wp-content\/uploads\/2023\/08\/alpsteel-celik-cekme-boru-300x150.jpg 300w, https:\/\/www.alpsteel.com.tr\/wp-content\/uploads\/2023\/08\/alpsteel-celik-cekme-boru-18x9.jpg 18w\" sizes=\"(max-width: 640px) 100vw, 640px\" \/>\t\t\t\t\t\t\t\t\t\t\t\t\t\t\t<\/div>\n\t\t\t\t<\/div>\n\t\t\t\t\t<\/div>\n\t\t<\/div>\n\t\t\t\t\t<\/div>\n\t\t<\/section>\n\t\t\t\t<section class=\"elementor-section elementor-top-section elementor-element elementor-element-15e4faf elementor-section-boxed elementor-section-height-default elementor-section-height-default\" data-id=\"15e4faf\" data-element_type=\"section\">\n\t\t\t\t\t\t<div class=\"elementor-container elementor-column-gap-default\">\n\t\t\t\t\t<div class=\"elementor-column elementor-col-100 elementor-top-column elementor-element elementor-element-55ea38a\" data-id=\"55ea38a\" data-element_type=\"column\">\n\t\t\t<div class=\"elementor-widget-wrap elementor-element-populated\">\n\t\t\t\t\t\t<div class=\"elementor-element elementor-element-918fc75 elementor-widget elementor-widget-text-editor\" data-id=\"918fc75\" data-element_type=\"widget\" data-widget_type=\"text-editor.default\">\n\t\t\t\t<div class=\"elementor-widget-container\">\n\t\t\t\t\t\t\t\t\t<table width=\"0\"><tbody><tr><td width=\"183\"><strong>Anma \u00c7ap\u0131 (D\u0131\u015f \u00c7ap-mm]<\/strong><\/td><td width=\"99\"><strong>Et kal\u0131nl\u0131\u011f\u0131<\/strong><\/td><td width=\"75\"><strong>KG\/MT<\/strong><\/td><\/tr><tr><td width=\"183\"><strong>\u00a01\/2\u2033\u00a0 (21,30 )<\/strong><\/td><td width=\"99\">2,8<\/td><td width=\"75\">1,30<\/td><\/tr><tr><td width=\"183\"><strong>\u00a03\/4\u2033 (26,70 )<\/strong><\/td><td width=\"99\">2,9<\/td><td width=\"75\">1,73<\/td><\/tr><tr><td width=\"183\"><strong>1\u2033 (33,40)<\/strong><\/td><td width=\"99\">3,4<\/td><td width=\"75\">2,55<\/td><\/tr><tr><td width=\"183\"><strong>1 \u00bc\u201d (42,20)<\/strong><\/td><td width=\"99\">3,6<\/td><td width=\"75\">3,47<\/td><\/tr><tr><td width=\"183\"><strong>1 \u00bd\u201d (48,30)<\/strong><\/td><td width=\"99\">3,7<\/td><td width=\"75\">4,13<\/td><\/tr><tr><td width=\"183\"><strong>2\u2033 (60,30)<\/strong><\/td><td width=\"99\">3,9<\/td><td width=\"75\">5,50<\/td><\/tr><tr><td width=\"183\"><strong>2 \u00bd\u201d (73,00)<\/strong><\/td><td width=\"99\">5,2<\/td><td width=\"75\">8,81<\/td><\/tr><tr><td width=\"183\"><strong>3\u2033 (88,90)<\/strong><\/td><td width=\"99\">5,5<\/td><td width=\"75\">11,47<\/td><\/tr><tr><td width=\"183\"><strong>4\u2033 (114,30)<\/strong><\/td><td width=\"99\">6<\/td><td width=\"75\">16,25<\/td><\/tr><tr><td width=\"183\"><strong>5\u2033 (141,30)<\/strong><\/td><td width=\"99\">6,6<\/td><td width=\"75\">22,23<\/td><\/tr><tr><td width=\"183\"><strong>6\u2033 (168,30)<\/strong><\/td><td width=\"99\">7,1<\/td><td width=\"75\">28,61<\/td><\/tr><tr><td width=\"183\"><strong>8\u2033 (219,10)<\/strong><\/td><td width=\"99\">8,2<\/td><td width=\"75\">43,23<\/td><\/tr><tr><td width=\"183\"><strong>10\u2033 (273,00)<\/strong><\/td><td width=\"99\">9,3<\/td><td width=\"75\">61,31<\/td><\/tr><tr><td width=\"183\"><strong>12\u2033 (323,90)<\/strong><\/td><td width=\"99\">9,5<\/td><td width=\"75\">74,67<\/td><\/tr><\/tbody><\/table>\t\t\t\t\t\t\t\t<\/div>\n\t\t\t\t<\/div>\n\t\t\t\t\t<\/div>\n\t\t<\/div>\n\t\t\t\t\t<\/div>\n\t\t<\/section>\n\t\t\t\t<\/div>","protected":false},"excerpt":{"rendered":"<p>API 5L PSL1, API 5L PSL2,\u00a0TS EN ISO 3183,\u00a0API 5CT \u00a0Standartlar\u0131nda Koruyucu Ya\u011f, Polipropilen Kaplama, Polietilen Kaplama, Su Bazl\u0131 Boyal\u0131 Epoksi y\u00fczey kaplamal\u0131, d\u00fcz u\u00e7lu veya kaynak a\u011fz\u0131 a\u00e7\u0131lm\u0131\u015f, 1\/2\u201d \u2013 12\u201d (21,3 \u2013 323,9 mm) \u00e7aplarda \u00fcretilmektedir. Standart olarak 6 MT boyundad\u0131r. Miktara g\u00f6re \u00a04 MT \u2013 12 MT aras\u0131 \u00f6zel boy \u00fcretim de &hellip;<\/p>\n<p class=\"read-more\"> <a class=\"\" href=\"https:\/\/www.alpsteel.com.tr\/en\/dogalgaz-borusu\/\"> <span class=\"screen-reader-text\">Do\u011falgaz Borusu<\/span> Read More &raquo;<\/a><\/p>","protected":false},"author":1,"featured_media":0,"parent":0,"menu_order":0,"comment_status":"closed","ping_status":"closed","template":"","meta":{"site-sidebar-layout":"no-sidebar","site-content-layout":"page-builder","ast-site-content-layout":"default","site-content-style":"default","site-sidebar-style":"default","ast-global-header-display":"","ast-banner-title-visibility":"","ast-main-header-display":"","ast-hfb-above-header-display":"","ast-hfb-below-header-display":"","ast-hfb-mobile-header-display":"","site-post-title":"disabled","ast-breadcrumbs-content":"","ast-featured-img":"disabled","footer-sml-layout":"","theme-transparent-header-meta":"default","adv-header-id-meta":"","stick-header-meta":"","header-above-stick-meta":"","header-main-stick-meta":"","header-below-stick-meta":"","astra-migrate-meta-layouts":"set","footnotes":""},"class_list":["post-1627","page","type-page","status-publish","hentry"],"_links":{"self":[{"href":"https:\/\/www.alpsteel.com.tr\/en\/wp-json\/wp\/v2\/pages\/1627","targetHints":{"allow":["GET"]}}],"collection":[{"href":"https:\/\/www.alpsteel.com.tr\/en\/wp-json\/wp\/v2\/pages"}],"about":[{"href":"https:\/\/www.alpsteel.com.tr\/en\/wp-json\/wp\/v2\/types\/page"}],"author":[{"embeddable":true,"href":"https:\/\/www.alpsteel.com.tr\/en\/wp-json\/wp\/v2\/users\/1"}],"replies":[{"embeddable":true,"href":"https:\/\/www.alpsteel.com.tr\/en\/wp-json\/wp\/v2\/comments?post=1627"}],"version-history":[{"count":4,"href":"https:\/\/www.alpsteel.com.tr\/en\/wp-json\/wp\/v2\/pages\/1627\/revisions"}],"predecessor-version":[{"id":1661,"href":"https:\/\/www.alpsteel.com.tr\/en\/wp-json\/wp\/v2\/pages\/1627\/revisions\/1661"}],"wp:attachment":[{"href":"https:\/\/www.alpsteel.com.tr\/en\/wp-json\/wp\/v2\/media?parent=1627"}],"curies":[{"name":"wp","href":"https:\/\/api.w.org\/{rel}","templated":true}]}}