{"id":1629,"date":"2023-08-24T09:48:40","date_gmt":"2023-08-24T09:48:40","guid":{"rendered":"https:\/\/yeni.alpsteel.com.tr\/?page_id=1629"},"modified":"2023-08-24T10:08:50","modified_gmt":"2023-08-24T10:08:50","slug":"kazan-borusu","status":"publish","type":"page","link":"https:\/\/www.alpsteel.com.tr\/en\/kazan-borusu\/","title":{"rendered":"Kazan Borusu"},"content":{"rendered":"<div data-elementor-type=\"wp-page\" data-elementor-id=\"1629\" class=\"elementor elementor-1629\" data-elementor-post-type=\"page\">\n\t\t\t\t\t\t<section class=\"elementor-section elementor-top-section elementor-element elementor-element-9bf49a9 elementor-section-boxed elementor-section-height-default elementor-section-height-default\" data-id=\"9bf49a9\" data-element_type=\"section\">\n\t\t\t\t\t\t<div class=\"elementor-container elementor-column-gap-default\">\n\t\t\t\t\t<div class=\"elementor-column elementor-col-66 elementor-top-column elementor-element elementor-element-9ede959\" data-id=\"9ede959\" data-element_type=\"column\">\n\t\t\t<div class=\"elementor-widget-wrap elementor-element-populated\">\n\t\t\t\t\t\t<div class=\"elementor-element elementor-element-8bf1731 elementor-widget elementor-widget-text-editor\" data-id=\"8bf1731\" data-element_type=\"widget\" data-widget_type=\"text-editor.default\">\n\t\t\t\t<div class=\"elementor-widget-container\">\n\t\t\t\t\t\t\t\t\t<p>TS EN 10217-2 Standartlar\u0131nda Siyah ve Su bazl\u0131 koruyucu y\u00fczey kaplamal\u0131, d\u00fcz u\u00e7lu veya kaynak a\u011fz\u0131 a\u00e7\u0131lm\u0131\u015f, 51,00 mm ve 76,1 mm aras\u0131 \u00e7aplarda \u00fcretilmektedir. Standart olarak 6 MT boyundad\u0131r. Miktara g\u00f6re 4 MT \u2013 12 MT aras\u0131 \u00f6zel boy \u00fcretim de yap\u0131labilmektedir.<\/p><p>51, 57, 63,50, 76,10 mm \u00c7ap \u00f6l\u00e7\u00fclerinde S235JR ( ST37 ) Kalite Kazan Borusu malzemeleri Fiyat, ve Stok bilgisi i\u00e7in Firmam\u0131zla ileti\u015fime Ge\u00e7ebilirsiniz.<\/p><p><strong>Genel Kullan\u0131m Alanlar\u0131;<\/strong><\/p><ul><li>Is\u0131, Ya\u011f ve Buhar Kazanlar\u0131nda,<\/li><li>E\u015fanj\u00f6r imalatlar\u0131nda,<\/li><li>Bas\u0131n\u00e7l\u0131 Kaplarda,<\/li><li>Baca ve Filtre sistemlerinde.<\/li><\/ul>\t\t\t\t\t\t\t\t<\/div>\n\t\t\t\t<\/div>\n\t\t\t\t\t<\/div>\n\t\t<\/div>\n\t\t\t\t<div class=\"elementor-column elementor-col-33 elementor-top-column elementor-element elementor-element-674ddee\" data-id=\"674ddee\" data-element_type=\"column\">\n\t\t\t<div class=\"elementor-widget-wrap elementor-element-populated\">\n\t\t\t\t\t\t<div class=\"elementor-element elementor-element-3fa183a elementor-invisible elementor-widget elementor-widget-image\" data-id=\"3fa183a\" data-element_type=\"widget\" data-settings=\"{&quot;_animation&quot;:&quot;fadeInDown&quot;}\" data-widget_type=\"image.default\">\n\t\t\t\t<div class=\"elementor-widget-container\">\n\t\t\t\t\t\t\t\t\t\t\t\t\t\t\t<img fetchpriority=\"high\" decoding=\"async\" width=\"640\" height=\"320\" src=\"https:\/\/www.alpsteel.com.tr\/wp-content\/uploads\/2023\/08\/alpsteel-celik-cekme-boru.jpg\" class=\"attachment-large size-large wp-image-1337\" alt=\"\u00c7elik \u00c7ekme Boru\" srcset=\"https:\/\/www.alpsteel.com.tr\/wp-content\/uploads\/2023\/08\/alpsteel-celik-cekme-boru.jpg 640w, https:\/\/www.alpsteel.com.tr\/wp-content\/uploads\/2023\/08\/alpsteel-celik-cekme-boru-300x150.jpg 300w, https:\/\/www.alpsteel.com.tr\/wp-content\/uploads\/2023\/08\/alpsteel-celik-cekme-boru-18x9.jpg 18w\" sizes=\"(max-width: 640px) 100vw, 640px\" \/>\t\t\t\t\t\t\t\t\t\t\t\t\t\t\t<\/div>\n\t\t\t\t<\/div>\n\t\t\t\t\t<\/div>\n\t\t<\/div>\n\t\t\t\t\t<\/div>\n\t\t<\/section>\n\t\t\t\t<section class=\"elementor-section elementor-top-section elementor-element elementor-element-fda6a54 elementor-section-boxed elementor-section-height-default elementor-section-height-default\" data-id=\"fda6a54\" data-element_type=\"section\">\n\t\t\t\t\t\t<div class=\"elementor-container elementor-column-gap-default\">\n\t\t\t\t\t<div class=\"elementor-column elementor-col-100 elementor-top-column elementor-element elementor-element-46912b0\" data-id=\"46912b0\" data-element_type=\"column\">\n\t\t\t<div class=\"elementor-widget-wrap elementor-element-populated\">\n\t\t\t\t\t\t<div class=\"elementor-element elementor-element-04c12c6 elementor-widget elementor-widget-text-editor\" data-id=\"04c12c6\" data-element_type=\"widget\" data-widget_type=\"text-editor.default\">\n\t\t\t\t<div class=\"elementor-widget-container\">\n\t\t\t\t\t\t\t\t\t<table width=\"0\"><tbody><tr><td colspan=\"3\" width=\"373\"><strong>KAZAN BORUSU<\/strong><\/td><\/tr><tr><td width=\"219\"><strong>D\u0131\u015f \u00c7ap\u0131\u00a0<\/strong><\/td><td width=\"89\"><strong>Kal\u0131nl\u0131k<\/strong><\/td><td width=\"65\"><strong>KG\/MT<\/strong><\/td><\/tr><tr><td width=\"219\"><strong>51,00<\/strong><\/td><td width=\"89\">3,20<\/td><td width=\"65\">3,82<\/td><\/tr><tr><td width=\"219\"><strong>57,00<\/strong><\/td><td width=\"89\">3,20<\/td><td width=\"65\">4,30<\/td><\/tr><tr><td width=\"219\"><strong>63,50<\/strong><\/td><td width=\"89\">3,20<\/td><td width=\"65\">4,82<\/td><\/tr><tr><td width=\"219\"><strong>76,10<\/strong><\/td><td width=\"89\">3,20<\/td><td width=\"65\">5,83<\/td><\/tr><\/tbody><\/table>\t\t\t\t\t\t\t\t<\/div>\n\t\t\t\t<\/div>\n\t\t\t\t\t<\/div>\n\t\t<\/div>\n\t\t\t\t\t<\/div>\n\t\t<\/section>\n\t\t\t\t<\/div>","protected":false},"excerpt":{"rendered":"<p>TS EN 10217-2 Standartlar\u0131nda Siyah ve Su bazl\u0131 koruyucu y\u00fczey kaplamal\u0131, d\u00fcz u\u00e7lu veya kaynak a\u011fz\u0131 a\u00e7\u0131lm\u0131\u015f, 51,00 mm ve 76,1 mm aras\u0131 \u00e7aplarda \u00fcretilmektedir. Standart olarak 6 MT boyundad\u0131r. Miktara g\u00f6re 4 MT \u2013 12 MT aras\u0131 \u00f6zel boy \u00fcretim de yap\u0131labilmektedir. 51, 57, 63,50, 76,10 mm \u00c7ap \u00f6l\u00e7\u00fclerinde S235JR ( ST37 ) Kalite &hellip;<\/p>\n<p class=\"read-more\"> <a class=\"\" href=\"https:\/\/www.alpsteel.com.tr\/en\/kazan-borusu\/\"> <span class=\"screen-reader-text\">Kazan Borusu<\/span> Read More &raquo;<\/a><\/p>","protected":false},"author":1,"featured_media":0,"parent":0,"menu_order":0,"comment_status":"closed","ping_status":"closed","template":"","meta":{"site-sidebar-layout":"no-sidebar","site-content-layout":"page-builder","ast-site-content-layout":"default","site-content-style":"default","site-sidebar-style":"default","ast-global-header-display":"","ast-banner-title-visibility":"","ast-main-header-display":"","ast-hfb-above-header-display":"","ast-hfb-below-header-display":"","ast-hfb-mobile-header-display":"","site-post-title":"disabled","ast-breadcrumbs-content":"","ast-featured-img":"disabled","footer-sml-layout":"","theme-transparent-header-meta":"default","adv-header-id-meta":"","stick-header-meta":"","header-above-stick-meta":"","header-main-stick-meta":"","header-below-stick-meta":"","astra-migrate-meta-layouts":"set","footnotes":""},"class_list":["post-1629","page","type-page","status-publish","hentry"],"_links":{"self":[{"href":"https:\/\/www.alpsteel.com.tr\/en\/wp-json\/wp\/v2\/pages\/1629","targetHints":{"allow":["GET"]}}],"collection":[{"href":"https:\/\/www.alpsteel.com.tr\/en\/wp-json\/wp\/v2\/pages"}],"about":[{"href":"https:\/\/www.alpsteel.com.tr\/en\/wp-json\/wp\/v2\/types\/page"}],"author":[{"embeddable":true,"href":"https:\/\/www.alpsteel.com.tr\/en\/wp-json\/wp\/v2\/users\/1"}],"replies":[{"embeddable":true,"href":"https:\/\/www.alpsteel.com.tr\/en\/wp-json\/wp\/v2\/comments?post=1629"}],"version-history":[{"count":4,"href":"https:\/\/www.alpsteel.com.tr\/en\/wp-json\/wp\/v2\/pages\/1629\/revisions"}],"predecessor-version":[{"id":1664,"href":"https:\/\/www.alpsteel.com.tr\/en\/wp-json\/wp\/v2\/pages\/1629\/revisions\/1664"}],"wp:attachment":[{"href":"https:\/\/www.alpsteel.com.tr\/en\/wp-json\/wp\/v2\/media?parent=1629"}],"curies":[{"name":"wp","href":"https:\/\/api.w.org\/{rel}","templated":true}]}}