{"id":1667,"date":"2023-08-24T10:10:17","date_gmt":"2023-08-24T10:10:17","guid":{"rendered":"https:\/\/yeni.alpsteel.com.tr\/?page_id=1667"},"modified":"2023-08-24T10:17:14","modified_gmt":"2023-08-24T10:17:14","slug":"boyali-kutu-profil","status":"publish","type":"page","link":"https:\/\/www.alpsteel.com.tr\/en\/boyali-kutu-profil\/","title":{"rendered":"Boyal\u0131 Kutu Profil"},"content":{"rendered":"<div data-elementor-type=\"wp-page\" data-elementor-id=\"1667\" class=\"elementor elementor-1667\" data-elementor-post-type=\"page\">\n\t\t\t\t\t\t<section class=\"elementor-section elementor-top-section elementor-element elementor-element-aa4184a elementor-section-boxed elementor-section-height-default elementor-section-height-default\" data-id=\"aa4184a\" data-element_type=\"section\">\n\t\t\t\t\t\t<div class=\"elementor-container elementor-column-gap-default\">\n\t\t\t\t\t<div class=\"elementor-column elementor-col-66 elementor-top-column elementor-element elementor-element-65b4dea\" data-id=\"65b4dea\" data-element_type=\"column\">\n\t\t\t<div class=\"elementor-widget-wrap elementor-element-populated\">\n\t\t\t\t\t\t<div class=\"elementor-element elementor-element-ed9a824 elementor-widget elementor-widget-text-editor\" data-id=\"ed9a824\" data-element_type=\"widget\" data-widget_type=\"text-editor.default\">\n\t\t\t\t<div class=\"elementor-widget-container\">\n\t\t\t\t\t\t\t\t\t<p>TS 5317 \u2013 TS EN 10219-2 \u2013 ASTM A-500 Standartlar\u0131nda S235JR ( ST37 ) Kalite S\u0131cak ve so\u011fuk sacdan, K\u0131rm\u0131z\u0131 Antipas Boyal\u0131, Y\u00fcksek kaynak teknolojisiyle \u00fcretilen Konstr\u00fcksiyon, Kare ve Dikd\u00f6rtgen kesitli Profillerdir. Standart olarak 6 MT boyundad\u0131r. Miktara g\u00f6re 4 MT \u2013 12 MT aras\u0131 \u00f6zel boy \u00fcretim de yap\u0131labilmektedir.<\/p><p>10X10 \u2013 200X200 mm aras\u0131 Ebat, 0,70 \u2013 8,00 mm aras\u0131 kal\u0131nl\u0131k \u00f6l\u00e7\u00fclerinde S235JR ( ST37 ), Kalite Boyal\u0131 Kutu Profil malzemeleri Fiyat, \u0130skonto ve Stok bilgisi i\u00e7in Firmam\u0131zla ileti\u015fime Ge\u00e7ebilirsiniz.<\/p><p><strong>Genel Kullan\u0131m Alanlar\u0131;<\/strong><\/p><ul><li>\u00c7elik Konstr\u00fcksiyon ve \u00e7elik \u00e7at\u0131 imalat\u0131,<\/li><li>Otomotiv ve otomotiv yan sanayi \u0130malat\u0131,<\/li><li>Konut, sanayii tipi bina, \u0130\u015f merkezi gibi binalar\u0131n yap\u0131mlar\u0131n da,<\/li><li>Oyun ve park alanlar\u0131 \u0130malat\u0131,<\/li><li>Bina D\u0131\u015f cephe kaplama imalat\u0131,<\/li><li>Al\u00e7\u0131pan ve Dekorasyon imalat\u0131,<\/li><\/ul>\t\t\t\t\t\t\t\t<\/div>\n\t\t\t\t<\/div>\n\t\t\t\t\t<\/div>\n\t\t<\/div>\n\t\t\t\t<div class=\"elementor-column elementor-col-33 elementor-top-column elementor-element elementor-element-f5e63af\" data-id=\"f5e63af\" data-element_type=\"column\">\n\t\t\t<div class=\"elementor-widget-wrap elementor-element-populated\">\n\t\t\t\t\t\t<div class=\"elementor-element elementor-element-a993416 elementor-invisible elementor-widget elementor-widget-image\" data-id=\"a993416\" data-element_type=\"widget\" data-settings=\"{&quot;_animation&quot;:&quot;fadeInDown&quot;}\" data-widget_type=\"image.default\">\n\t\t\t\t<div class=\"elementor-widget-container\">\n\t\t\t\t\t\t\t\t\t\t\t\t\t\t\t<img fetchpriority=\"high\" decoding=\"async\" width=\"640\" height=\"320\" src=\"https:\/\/www.alpsteel.com.tr\/wp-content\/uploads\/2023\/08\/alpsteel-boyali-kutu-profil.jpg\" class=\"attachment-large size-large wp-image-240\" alt=\"Boyal\u0131 Kutu Profil\" srcset=\"https:\/\/www.alpsteel.com.tr\/wp-content\/uploads\/2023\/08\/alpsteel-boyali-kutu-profil.jpg 640w, https:\/\/www.alpsteel.com.tr\/wp-content\/uploads\/2023\/08\/alpsteel-boyali-kutu-profil-300x150.jpg 300w, https:\/\/www.alpsteel.com.tr\/wp-content\/uploads\/2023\/08\/alpsteel-boyali-kutu-profil-18x9.jpg 18w\" sizes=\"(max-width: 640px) 100vw, 640px\" \/>\t\t\t\t\t\t\t\t\t\t\t\t\t\t\t<\/div>\n\t\t\t\t<\/div>\n\t\t\t\t\t<\/div>\n\t\t<\/div>\n\t\t\t\t\t<\/div>\n\t\t<\/section>\n\t\t\t\t<\/div>","protected":false},"excerpt":{"rendered":"<p>TS 5317 \u2013 TS EN 10219-2 \u2013 ASTM A-500 Standartlar\u0131nda S235JR ( ST37 ) Kalite S\u0131cak ve so\u011fuk sacdan, K\u0131rm\u0131z\u0131 Antipas Boyal\u0131, Y\u00fcksek kaynak teknolojisiyle \u00fcretilen Konstr\u00fcksiyon, Kare ve Dikd\u00f6rtgen kesitli Profillerdir. Standart olarak 6 MT boyundad\u0131r. Miktara g\u00f6re 4 MT \u2013 12 MT aras\u0131 \u00f6zel boy \u00fcretim de yap\u0131labilmektedir. 10X10 \u2013 200X200 mm aras\u0131 &hellip;<\/p>\n<p class=\"read-more\"> <a class=\"\" href=\"https:\/\/www.alpsteel.com.tr\/en\/boyali-kutu-profil\/\"> <span class=\"screen-reader-text\">Boyal\u0131 Kutu Profil<\/span> Read More &raquo;<\/a><\/p>","protected":false},"author":1,"featured_media":0,"parent":0,"menu_order":0,"comment_status":"closed","ping_status":"closed","template":"","meta":{"site-sidebar-layout":"no-sidebar","site-content-layout":"page-builder","ast-site-content-layout":"default","site-content-style":"default","site-sidebar-style":"default","ast-global-header-display":"","ast-banner-title-visibility":"","ast-main-header-display":"","ast-hfb-above-header-display":"","ast-hfb-below-header-display":"","ast-hfb-mobile-header-display":"","site-post-title":"disabled","ast-breadcrumbs-content":"","ast-featured-img":"disabled","footer-sml-layout":"","theme-transparent-header-meta":"default","adv-header-id-meta":"","stick-header-meta":"","header-above-stick-meta":"","header-main-stick-meta":"","header-below-stick-meta":"","astra-migrate-meta-layouts":"set","footnotes":""},"class_list":["post-1667","page","type-page","status-publish","hentry"],"_links":{"self":[{"href":"https:\/\/www.alpsteel.com.tr\/en\/wp-json\/wp\/v2\/pages\/1667","targetHints":{"allow":["GET"]}}],"collection":[{"href":"https:\/\/www.alpsteel.com.tr\/en\/wp-json\/wp\/v2\/pages"}],"about":[{"href":"https:\/\/www.alpsteel.com.tr\/en\/wp-json\/wp\/v2\/types\/page"}],"author":[{"embeddable":true,"href":"https:\/\/www.alpsteel.com.tr\/en\/wp-json\/wp\/v2\/users\/1"}],"replies":[{"embeddable":true,"href":"https:\/\/www.alpsteel.com.tr\/en\/wp-json\/wp\/v2\/comments?post=1667"}],"version-history":[{"count":4,"href":"https:\/\/www.alpsteel.com.tr\/en\/wp-json\/wp\/v2\/pages\/1667\/revisions"}],"predecessor-version":[{"id":1685,"href":"https:\/\/www.alpsteel.com.tr\/en\/wp-json\/wp\/v2\/pages\/1667\/revisions\/1685"}],"wp:attachment":[{"href":"https:\/\/www.alpsteel.com.tr\/en\/wp-json\/wp\/v2\/media?parent=1667"}],"curies":[{"name":"wp","href":"https:\/\/api.w.org\/{rel}","templated":true}]}}