{"id":1701,"date":"2023-08-24T10:26:35","date_gmt":"2023-08-24T10:26:35","guid":{"rendered":"https:\/\/yeni.alpsteel.com.tr\/?page_id=1701"},"modified":"2023-08-24T10:35:08","modified_gmt":"2023-08-24T10:35:08","slug":"siyah-sac","status":"publish","type":"page","link":"https:\/\/www.alpsteel.com.tr\/en\/siyah-sac\/","title":{"rendered":"Siyah Sac"},"content":{"rendered":"<div data-elementor-type=\"wp-page\" data-elementor-id=\"1701\" class=\"elementor elementor-1701\" data-elementor-post-type=\"page\">\n\t\t\t\t\t\t<section class=\"elementor-section elementor-top-section elementor-element elementor-element-aaa510d elementor-section-boxed elementor-section-height-default elementor-section-height-default\" data-id=\"aaa510d\" data-element_type=\"section\">\n\t\t\t\t\t\t<div class=\"elementor-container elementor-column-gap-default\">\n\t\t\t\t\t<div class=\"elementor-column elementor-col-66 elementor-top-column elementor-element elementor-element-0b9dd30\" data-id=\"0b9dd30\" data-element_type=\"column\">\n\t\t\t<div class=\"elementor-widget-wrap elementor-element-populated\">\n\t\t\t\t\t\t<div class=\"elementor-element elementor-element-e164988 elementor-widget elementor-widget-text-editor\" data-id=\"e164988\" data-element_type=\"widget\" data-widget_type=\"text-editor.default\">\n\t\t\t\t<div class=\"elementor-widget-container\">\n\t\t\t\t\t\t\t\t\t<p>S235JR ( ST37 ), S275JR ( ST44 ), S355JR ( ST52 ), S355J2+N ( ST52-3 ), P265GH ( KAZAN SACI ); S420MC, HARDOX 400 \u2013 450 BR\u0130NEL ( A\u015eINMA PLAKASI ) kalite, Rulo a\u00e7ma ve levha \u015feklinde s\u0131cak HADDELEME yap\u0131larak \u00fcretilmektedir. 1,50 mm \u2013 200,00 mm aras\u0131 kal\u0131nl\u0131k, 1000 mm \u2013 3000 mm aras\u0131 geni\u015flik, 1000 mm \u2013 12000mm aras\u0131nda istenilen \u00f6l\u00e7\u00fcde boy kesimi yap\u0131labilmektedir.<\/p><p>1,50 mm \u2013 200 mm aras\u0131 kal\u0131nl\u0131k \u00f6l\u00e7\u00fclerinde S235JR ( ST37 ) \u2013 S275JR ( ST44 ) \u2013 S355J2\u00a0\u00a0\u00a0\u00a0\u00a0\u00a0\u00a0\u00a0\u00a0 ( ST52-3 ) HARDOX \u2013 S355MC \u2013 S420MC\u00a0 S700 MC \u2013 P265GH\u00a0 P295GH \u2013 P355GH Kalite siyah Sac malzemeleri Fiyat ve Stok bilgisi i\u00e7in Firmam\u0131zla ileti\u015fime Ge\u00e7ebilirsiniz.<\/p><p><strong>Genel Kullan\u0131m Alanlar\u0131;<\/strong><\/p><ul><li>Kaynaklana bilen genel yap\u0131 \u00e7elikleri,<\/li><li>\u00c7o\u011funlukla in\u015faat makineleri ve i\u015f makineleri imalat\u0131nda,<\/li><li>Genel Konstr\u00fcksiyon levhalar\u0131nda,<\/li><li>Kara ve Demir yolu ara\u00e7lar\u0131 imalat\u0131nda,<\/li><li>Depolama tanklar\u0131 \u0130malat\u0131nda,<\/li><li>Konteyner imalat\u0131,<\/li><li>Bas\u0131n\u00e7l\u0131 kaplar veya kazan imalatlar\u0131nda,<\/li><li>LPG imalat\u0131nda,<\/li><li>Gemi \u0130n\u015fas\u0131nda,<\/li><li>Trafik \u0130\u015faret ve otoyol ekipmanlar\u0131 \u0130malat\u0131,<\/li><li>Boru Profil imalat\u0131nda,<\/li><li>Asans\u00f6r imalat\u0131nda.<\/li><\/ul>\t\t\t\t\t\t\t\t<\/div>\n\t\t\t\t<\/div>\n\t\t\t\t\t<\/div>\n\t\t<\/div>\n\t\t\t\t<div class=\"elementor-column elementor-col-33 elementor-top-column elementor-element elementor-element-4b08e14\" data-id=\"4b08e14\" data-element_type=\"column\">\n\t\t\t<div class=\"elementor-widget-wrap elementor-element-populated\">\n\t\t\t\t\t\t<div class=\"elementor-element elementor-element-18769d6 elementor-invisible elementor-widget elementor-widget-image\" data-id=\"18769d6\" data-element_type=\"widget\" data-settings=\"{&quot;_animation&quot;:&quot;fadeInDown&quot;}\" data-widget_type=\"image.default\">\n\t\t\t\t<div class=\"elementor-widget-container\">\n\t\t\t\t\t\t\t\t\t\t\t\t\t\t\t<img fetchpriority=\"high\" decoding=\"async\" width=\"640\" height=\"320\" src=\"https:\/\/www.alpsteel.com.tr\/wp-content\/uploads\/2023\/08\/alpsteel-siyah-sac.jpg\" class=\"attachment-large size-large wp-image-276\" alt=\"Siyah Sac\" srcset=\"https:\/\/www.alpsteel.com.tr\/wp-content\/uploads\/2023\/08\/alpsteel-siyah-sac.jpg 640w, https:\/\/www.alpsteel.com.tr\/wp-content\/uploads\/2023\/08\/alpsteel-siyah-sac-300x150.jpg 300w, https:\/\/www.alpsteel.com.tr\/wp-content\/uploads\/2023\/08\/alpsteel-siyah-sac-18x9.jpg 18w\" sizes=\"(max-width: 640px) 100vw, 640px\" \/>\t\t\t\t\t\t\t\t\t\t\t\t\t\t\t<\/div>\n\t\t\t\t<\/div>\n\t\t\t\t\t<\/div>\n\t\t<\/div>\n\t\t\t\t\t<\/div>\n\t\t<\/section>\n\t\t\t\t<section class=\"elementor-section elementor-top-section elementor-element elementor-element-90468f8 elementor-section-boxed elementor-section-height-default elementor-section-height-default\" data-id=\"90468f8\" data-element_type=\"section\">\n\t\t\t\t\t\t<div class=\"elementor-container elementor-column-gap-default\">\n\t\t\t\t\t<div class=\"elementor-column elementor-col-100 elementor-top-column elementor-element elementor-element-1d3e5b2\" data-id=\"1d3e5b2\" data-element_type=\"column\">\n\t\t\t<div class=\"elementor-widget-wrap elementor-element-populated\">\n\t\t\t\t\t\t<div class=\"elementor-element elementor-element-5750260 elementor-widget elementor-widget-text-editor\" data-id=\"5750260\" data-element_type=\"widget\" data-widget_type=\"text-editor.default\">\n\t\t\t\t<div class=\"elementor-widget-container\">\n\t\t\t\t\t\t\t\t\t<table width=\"0\"><tbody><tr><td colspan=\"10\" width=\"719\"><strong>S\u0130YAH SACLAR<\/strong><\/td><\/tr><tr><td rowspan=\"3\" width=\"82\"><strong>Kal\u0131nl\u0131k (mm)<\/strong><\/td><td colspan=\"9\" width=\"638\"><strong>Ebat (mm)<\/strong><\/td><\/tr><tr><td width=\"70\"><strong>1000\u00d72000<\/strong><\/td><td width=\"70\"><strong>1200\u00d72400<\/strong><\/td><td width=\"70\"><strong>1250\u00d72500<\/strong><\/td><td width=\"70\"><strong>1500\u00d73000<\/strong><\/td><td width=\"70\"><strong>1500\u00d76000<\/strong><\/td><td width=\"76\"><strong>1500\u00d712000<\/strong><\/td><td width=\"70\"><strong>2000\u00d76000<\/strong><\/td><td width=\"70\"><strong>2000\u00d78000<\/strong><\/td><td width=\"76\"><strong>2000\u00d712000<\/strong><\/td><\/tr><tr><td colspan=\"9\" width=\"638\"><strong>KG \/ ADET<\/strong><\/td><\/tr><tr><td width=\"82\"><strong>1,20<\/strong><\/td><td width=\"70\">18,84<\/td><td width=\"70\">27,13<\/td><td width=\"70\">29,44<\/td><td width=\"70\">42,39<\/td><td width=\"70\">\u00a0<\/td><td width=\"76\">\u00a0<\/td><td width=\"70\">\u00a0<\/td><td width=\"70\">\u00a0<\/td><td width=\"76\">\u00a0<\/td><\/tr><tr><td width=\"82\"><strong>1,50<\/strong><\/td><td width=\"70\">23,55<\/td><td width=\"70\">33,91<\/td><td width=\"70\">36,80<\/td><td width=\"70\">52,99<\/td><td width=\"70\">\u00a0<\/td><td width=\"76\">\u00a0<\/td><td width=\"70\">\u00a0<\/td><td width=\"70\">\u00a0<\/td><td width=\"76\">\u00a0<\/td><\/tr><tr><td width=\"82\"><strong>2,00<\/strong><\/td><td width=\"70\">31,40<\/td><td width=\"70\">45,22<\/td><td width=\"70\">49,06<\/td><td width=\"70\">70,65<\/td><td width=\"70\">\u00a0<\/td><td width=\"76\">\u00a0<\/td><td width=\"70\">\u00a0<\/td><td width=\"70\">\u00a0<\/td><td width=\"76\">\u00a0<\/td><\/tr><tr><td width=\"82\"><strong>2,50<\/strong><\/td><td width=\"70\">39,25<\/td><td width=\"70\">56,52<\/td><td width=\"70\">61,33<\/td><td width=\"70\">88,31<\/td><td width=\"70\">\u00a0<\/td><td width=\"76\">\u00a0<\/td><td width=\"70\">\u00a0<\/td><td width=\"70\">\u00a0<\/td><td width=\"76\">\u00a0<\/td><\/tr><tr><td width=\"82\"><strong>3,00<\/strong><\/td><td width=\"70\">47,10<\/td><td width=\"70\">67,82<\/td><td width=\"70\">73,59<\/td><td width=\"70\">105,98<\/td><td width=\"70\">211,95<\/td><td width=\"76\">\u00a0<\/td><td width=\"70\">\u00a0<\/td><td width=\"70\">\u00a0<\/td><td width=\"76\">\u00a0<\/td><\/tr><tr><td width=\"82\"><strong>3,50<\/strong><\/td><td width=\"70\">54,95<\/td><td width=\"70\">79,13<\/td><td width=\"70\">85,86<\/td><td width=\"70\">123,64<\/td><td width=\"70\">247,28<\/td><td width=\"76\">\u00a0<\/td><td width=\"70\">\u00a0<\/td><td width=\"70\">\u00a0<\/td><td width=\"76\">\u00a0<\/td><\/tr><tr><td width=\"82\"><strong>4,00<\/strong><\/td><td width=\"70\">62,80<\/td><td width=\"70\">90,43<\/td><td width=\"70\">98,13<\/td><td width=\"70\">141,30<\/td><td width=\"70\">282,60<\/td><td width=\"76\">565,20<\/td><td width=\"70\">\u00a0<\/td><td width=\"70\">\u00a0<\/td><td width=\"76\">\u00a0<\/td><\/tr><tr><td width=\"82\"><strong>4,50<\/strong><\/td><td width=\"70\">70,65<\/td><td width=\"70\">101,74<\/td><td width=\"70\">110,39<\/td><td width=\"70\">158,96<\/td><td width=\"70\">317,93<\/td><td width=\"76\">635,85<\/td><td width=\"70\">\u00a0<\/td><td width=\"70\">\u00a0<\/td><td width=\"76\">\u00a0<\/td><\/tr><tr><td width=\"82\"><strong>5,00<\/strong><\/td><td width=\"70\">78,50<\/td><td width=\"70\">113,04<\/td><td width=\"70\">122,66<\/td><td width=\"70\">176,63<\/td><td width=\"70\">353,25<\/td><td width=\"76\">706,50<\/td><td width=\"70\">471,00<\/td><td width=\"70\">\u00a0<\/td><td width=\"76\">\u00a0<\/td><\/tr><tr><td width=\"82\"><strong>6,00<\/strong><\/td><td width=\"70\">94,20<\/td><td width=\"70\">135,65<\/td><td width=\"70\">147,19<\/td><td width=\"70\">211,95<\/td><td width=\"70\">423,90<\/td><td width=\"76\">847,80<\/td><td width=\"70\">565,20<\/td><td width=\"70\">\u00a0<\/td><td width=\"76\">\u00a0<\/td><\/tr><tr><td width=\"82\"><strong>7,00<\/strong><\/td><td width=\"70\">109,90<\/td><td width=\"70\">158,26<\/td><td width=\"70\">171,72<\/td><td width=\"70\">247,28<\/td><td width=\"70\">494,55<\/td><td width=\"76\">989,10<\/td><td width=\"70\">659,40<\/td><td width=\"70\">\u00a0<\/td><td width=\"76\">\u00a0<\/td><\/tr><tr><td width=\"82\"><strong>8,00<\/strong><\/td><td width=\"70\">125,60<\/td><td width=\"70\">180,86<\/td><td width=\"70\">196,25<\/td><td width=\"70\">282,60<\/td><td width=\"70\">565,20<\/td><td width=\"76\">1.130,40<\/td><td width=\"70\">753,60<\/td><td width=\"70\">1.004,80<\/td><td width=\"76\">1.507,20<\/td><\/tr><tr><td width=\"82\"><strong>10,00<\/strong><\/td><td width=\"70\">157,00<\/td><td width=\"70\">226,08<\/td><td width=\"70\">245,31<\/td><td width=\"70\">353,25<\/td><td width=\"70\">706,50<\/td><td width=\"76\">1.413,00<\/td><td width=\"70\">942,00<\/td><td width=\"70\">1.256,00<\/td><td width=\"76\">1.884,00<\/td><\/tr><tr><td width=\"82\"><strong>12,00<\/strong><\/td><td width=\"70\">188,40<\/td><td width=\"70\">271,30<\/td><td width=\"70\">294,38<\/td><td width=\"70\">423,90<\/td><td width=\"70\">847,80<\/td><td width=\"76\">1.695,60<\/td><td width=\"70\">1.130,40<\/td><td width=\"70\">1.507,20<\/td><td width=\"76\">2.260,80<\/td><\/tr><tr><td width=\"82\"><strong>14,00<\/strong><\/td><td width=\"70\">219,80<\/td><td width=\"70\">316,51<\/td><td width=\"70\">343,44<\/td><td width=\"70\">494,55<\/td><td width=\"70\">989,10<\/td><td width=\"76\">1.978,20<\/td><td width=\"70\">1.318,80<\/td><td width=\"70\">1.758,40<\/td><td width=\"76\">2.637,60<\/td><\/tr><tr><td width=\"82\"><strong>15,00<\/strong><\/td><td width=\"70\">235,50<\/td><td width=\"70\">339,12<\/td><td width=\"70\">367,97<\/td><td width=\"70\">529,88<\/td><td width=\"70\">1.059,75<\/td><td width=\"76\">2.119,50<\/td><td width=\"70\">1.413,00<\/td><td width=\"70\">1.884,00<\/td><td width=\"76\">2.826,00<\/td><\/tr><tr><td width=\"82\"><strong>16,00<\/strong><\/td><td width=\"70\">251,20<\/td><td width=\"70\">361,73<\/td><td width=\"70\">392,50<\/td><td width=\"70\">565,20<\/td><td width=\"70\">1.130,40<\/td><td width=\"76\">2.260,80<\/td><td width=\"70\">1.507,20<\/td><td width=\"70\">2.009,60<\/td><td width=\"76\">3.014,40<\/td><\/tr><tr><td width=\"82\"><strong>18,00<\/strong><\/td><td width=\"70\">282,60<\/td><td width=\"70\">406,94<\/td><td width=\"70\">441,56<\/td><td width=\"70\">635,85<\/td><td width=\"70\">1.271,70<\/td><td width=\"76\">2.543,40<\/td><td width=\"70\">1.695,60<\/td><td width=\"70\">2.260,80<\/td><td width=\"76\">3.391,20<\/td><\/tr><tr><td width=\"82\"><strong>20,00<\/strong><\/td><td width=\"70\">314,00<\/td><td width=\"70\">452,16<\/td><td width=\"70\">490,63<\/td><td width=\"70\">706,50<\/td><td width=\"70\">1.413,00<\/td><td width=\"76\">2.826,00<\/td><td width=\"70\">1.884,00<\/td><td width=\"70\">2.512,00<\/td><td width=\"76\">3.768,00<\/td><\/tr><tr><td width=\"82\"><strong>22,00<\/strong><\/td><td width=\"70\">345,40<\/td><td width=\"70\">497,38<\/td><td width=\"70\">539,69<\/td><td width=\"70\">777,15<\/td><td width=\"70\">1.554,30<\/td><td width=\"76\">3.108,60<\/td><td width=\"70\">2.072,40<\/td><td width=\"70\">2.763,20<\/td><td width=\"76\">4.144,80<\/td><\/tr><tr><td width=\"82\"><strong>25,00<\/strong><\/td><td width=\"70\">392,50<\/td><td width=\"70\">565,20<\/td><td width=\"70\">613,28<\/td><td width=\"70\">883,13<\/td><td width=\"70\">1.766,25<\/td><td width=\"76\">3.532,50<\/td><td width=\"70\">2.355,00<\/td><td width=\"70\">3.140,00<\/td><td width=\"76\">4.710,00<\/td><\/tr><tr><td width=\"82\"><strong>28,00<\/strong><\/td><td width=\"70\">439,60<\/td><td width=\"70\">633,02<\/td><td width=\"70\">686,88<\/td><td width=\"70\">989,10<\/td><td width=\"70\">1.978,20<\/td><td width=\"76\">3.956,40<\/td><td width=\"70\">2.637,60<\/td><td width=\"70\">3.516,80<\/td><td width=\"76\">5.275,20<\/td><\/tr><tr><td width=\"82\"><strong>30,00<\/strong><\/td><td width=\"70\">471,00<\/td><td width=\"70\">678,24<\/td><td width=\"70\">735,94<\/td><td width=\"70\">1.059,75<\/td><td width=\"70\">2.119,50<\/td><td width=\"76\">4.239,00<\/td><td width=\"70\">2.826,00<\/td><td width=\"70\">3.768,00<\/td><td width=\"76\">5.652,00<\/td><\/tr><tr><td width=\"82\"><strong>32,00<\/strong><\/td><td width=\"70\">502,40<\/td><td width=\"70\">723,46<\/td><td width=\"70\">785,00<\/td><td width=\"70\">1.130,40<\/td><td width=\"70\">2.260,80<\/td><td width=\"76\">4.521,60<\/td><td width=\"70\">3.014,40<\/td><td width=\"70\">4.019,20<\/td><td width=\"76\">6.028,80<\/td><\/tr><tr><td width=\"82\"><strong>35,00<\/strong><\/td><td width=\"70\">549,50<\/td><td width=\"70\">791,28<\/td><td width=\"70\">858,59<\/td><td width=\"70\">1.236,38<\/td><td width=\"70\">2.472,75<\/td><td width=\"76\">4.945,50<\/td><td width=\"70\">3.297,00<\/td><td width=\"70\">4.396,00<\/td><td width=\"76\">6.594,00<\/td><\/tr><tr><td width=\"82\"><strong>40,00<\/strong><\/td><td width=\"70\">628,00<\/td><td width=\"70\">904,32<\/td><td width=\"70\">981,25<\/td><td width=\"70\">1.413,00<\/td><td width=\"70\">2.826,00<\/td><td width=\"76\">5.652,00<\/td><td width=\"70\">3.768,00<\/td><td width=\"70\">5.024,00<\/td><td width=\"76\">7.536,00<\/td><\/tr><tr><td width=\"82\"><strong>45,00<\/strong><\/td><td width=\"70\">706,50<\/td><td width=\"70\">1.017,36<\/td><td width=\"70\">1.103,91<\/td><td width=\"70\">1.589,63<\/td><td width=\"70\">3.179,25<\/td><td width=\"76\">6.358,50<\/td><td width=\"70\">4.239,00<\/td><td width=\"70\">5.652,00<\/td><td width=\"76\">8.478,00<\/td><\/tr><tr><td width=\"82\"><strong>50,00<\/strong><\/td><td width=\"70\">785,00<\/td><td width=\"70\">1.130,40<\/td><td width=\"70\">1.226,56<\/td><td width=\"70\">1.766,25<\/td><td width=\"70\">3.532,50<\/td><td width=\"76\">7.065,00<\/td><td width=\"70\">4.710,00<\/td><td width=\"70\">6.280,00<\/td><td width=\"76\">9.420,00<\/td><\/tr><tr><td width=\"82\"><strong>60,00<\/strong><\/td><td width=\"70\">942,00<\/td><td width=\"70\">1.356,48<\/td><td width=\"70\">1.471,88<\/td><td width=\"70\">2.119,50<\/td><td width=\"70\">4.239,00<\/td><td width=\"76\">8.478,00<\/td><td width=\"70\">5.652,00<\/td><td width=\"70\">7.536,00<\/td><td width=\"76\">11.304,00<\/td><\/tr><tr><td width=\"82\"><strong>70,00<\/strong><\/td><td width=\"70\">1.099,00<\/td><td width=\"70\">1.582,56<\/td><td width=\"70\">1.717,19<\/td><td width=\"70\">2.472,75<\/td><td width=\"70\">4.945,50<\/td><td width=\"76\">9.891,00<\/td><td width=\"70\">6.594,00<\/td><td width=\"70\">8.792,00<\/td><td width=\"76\">13.188,00<\/td><\/tr><tr><td width=\"82\"><strong>80,00<\/strong><\/td><td width=\"70\">1.256,00<\/td><td width=\"70\">1.808,64<\/td><td width=\"70\">1.962,50<\/td><td width=\"70\">2.826,00<\/td><td width=\"70\">5.652,00<\/td><td width=\"76\">11.304,00<\/td><td width=\"70\">7.536,00<\/td><td width=\"70\">10.048,00<\/td><td width=\"76\">15.072,00<\/td><\/tr><tr><td width=\"82\"><strong>90,00<\/strong><\/td><td width=\"70\">1.413,00<\/td><td width=\"70\">2.034,72<\/td><td width=\"70\">2.207,81<\/td><td width=\"70\">3.179,25<\/td><td width=\"70\">6.358,50<\/td><td width=\"76\">12.717,00<\/td><td width=\"70\">8.478,00<\/td><td width=\"70\">11.304,00<\/td><td width=\"76\">16.956,00<\/td><\/tr><tr><td width=\"82\"><strong>100,00<\/strong><\/td><td width=\"70\">1.570,00<\/td><td width=\"70\">2.260,80<\/td><td width=\"70\">2.453,13<\/td><td width=\"70\">3.532,50<\/td><td width=\"70\">7.065,00<\/td><td width=\"76\">14.130,00<\/td><td width=\"70\">9.420,00<\/td><td width=\"70\">12.560,00<\/td><td width=\"76\">18.840,00<\/td><\/tr><\/tbody><\/table>\t\t\t\t\t\t\t\t<\/div>\n\t\t\t\t<\/div>\n\t\t\t\t\t<\/div>\n\t\t<\/div>\n\t\t\t\t\t<\/div>\n\t\t<\/section>\n\t\t\t\t<\/div>","protected":false},"excerpt":{"rendered":"<p>S235JR ( ST37 ), S275JR ( ST44 ), S355JR ( ST52 ), S355J2+N ( ST52-3 ), P265GH ( KAZAN SACI ); S420MC, HARDOX 400 \u2013 450 BR\u0130NEL ( A\u015eINMA PLAKASI ) kalite, Rulo a\u00e7ma ve levha \u015feklinde s\u0131cak HADDELEME yap\u0131larak \u00fcretilmektedir. 1,50 mm \u2013 200,00 mm aras\u0131 kal\u0131nl\u0131k, 1000 mm \u2013 3000 mm aras\u0131 geni\u015flik, &hellip;<\/p>\n<p class=\"read-more\"> <a class=\"\" href=\"https:\/\/www.alpsteel.com.tr\/en\/siyah-sac\/\"> <span class=\"screen-reader-text\">Siyah Sac<\/span> Read More &raquo;<\/a><\/p>","protected":false},"author":1,"featured_media":0,"parent":0,"menu_order":0,"comment_status":"closed","ping_status":"closed","template":"","meta":{"site-sidebar-layout":"no-sidebar","site-content-layout":"page-builder","ast-site-content-layout":"default","site-content-style":"default","site-sidebar-style":"default","ast-global-header-display":"","ast-banner-title-visibility":"","ast-main-header-display":"","ast-hfb-above-header-display":"","ast-hfb-below-header-display":"","ast-hfb-mobile-header-display":"","site-post-title":"disabled","ast-breadcrumbs-content":"","ast-featured-img":"disabled","footer-sml-layout":"","theme-transparent-header-meta":"default","adv-header-id-meta":"","stick-header-meta":"","header-above-stick-meta":"","header-main-stick-meta":"","header-below-stick-meta":"","astra-migrate-meta-layouts":"set","footnotes":""},"class_list":["post-1701","page","type-page","status-publish","hentry"],"_links":{"self":[{"href":"https:\/\/www.alpsteel.com.tr\/en\/wp-json\/wp\/v2\/pages\/1701","targetHints":{"allow":["GET"]}}],"collection":[{"href":"https:\/\/www.alpsteel.com.tr\/en\/wp-json\/wp\/v2\/pages"}],"about":[{"href":"https:\/\/www.alpsteel.com.tr\/en\/wp-json\/wp\/v2\/types\/page"}],"author":[{"embeddable":true,"href":"https:\/\/www.alpsteel.com.tr\/en\/wp-json\/wp\/v2\/users\/1"}],"replies":[{"embeddable":true,"href":"https:\/\/www.alpsteel.com.tr\/en\/wp-json\/wp\/v2\/comments?post=1701"}],"version-history":[{"count":10,"href":"https:\/\/www.alpsteel.com.tr\/en\/wp-json\/wp\/v2\/pages\/1701\/revisions"}],"predecessor-version":[{"id":1730,"href":"https:\/\/www.alpsteel.com.tr\/en\/wp-json\/wp\/v2\/pages\/1701\/revisions\/1730"}],"wp:attachment":[{"href":"https:\/\/www.alpsteel.com.tr\/en\/wp-json\/wp\/v2\/media?parent=1701"}],"curies":[{"name":"wp","href":"https:\/\/api.w.org\/{rel}","templated":true}]}}