{"id":1709,"date":"2023-08-24T10:27:50","date_gmt":"2023-08-24T10:27:50","guid":{"rendered":"https:\/\/yeni.alpsteel.com.tr\/?page_id=1709"},"modified":"2023-08-24T11:03:10","modified_gmt":"2023-08-24T11:03:10","slug":"baklava-desenli-sac","status":"publish","type":"page","link":"https:\/\/www.alpsteel.com.tr\/en\/baklava-desenli-sac\/","title":{"rendered":"Baklava Desenli Sac"},"content":{"rendered":"<div data-elementor-type=\"wp-page\" data-elementor-id=\"1709\" class=\"elementor elementor-1709\" data-elementor-post-type=\"page\">\n\t\t\t\t\t\t<section class=\"elementor-section elementor-top-section elementor-element elementor-element-8dc6d6a elementor-section-boxed elementor-section-height-default elementor-section-height-default\" data-id=\"8dc6d6a\" data-element_type=\"section\">\n\t\t\t\t\t\t<div class=\"elementor-container elementor-column-gap-default\">\n\t\t\t\t\t<div class=\"elementor-column elementor-col-66 elementor-top-column elementor-element elementor-element-a1a68c9\" data-id=\"a1a68c9\" data-element_type=\"column\">\n\t\t\t<div class=\"elementor-widget-wrap elementor-element-populated\">\n\t\t\t\t\t\t<div class=\"elementor-element elementor-element-32f74c3 elementor-widget elementor-widget-text-editor\" data-id=\"32f74c3\" data-element_type=\"widget\" data-widget_type=\"text-editor.default\">\n\t\t\t\t<div class=\"elementor-widget-container\">\n\t\t\t\t\t\t\t\t\t<p>S\u0131cak haddelenmi\u015f yass\u0131 \u00e7eliklerin baklava desenli kal\u0131plardan ge\u00e7irilerek \u00fcretilir. S235JR kalitelerde 1,50 \u2013 10,000 aras\u0131 kal\u0131nl\u0131kta, 1000 mm \u2013 1500 mm aras\u0131 geni\u015flikte ve 1000 mm \u2013 6000 mm aras\u0131nda istenilen \u00f6l\u00e7\u00fclerde boy kesimi yap\u0131labilmektedir.<\/p><p>2\/3 mm \u2013 12\/13 mm aras\u0131 kal\u0131nl\u0131k \u00f6l\u00e7\u00fclerinde S235JR Kalite Baklaval\u0131 Sac VE \u00c7eta Sac malzemeleri Fiyat ve Stok bilgisi i\u00e7in Firmam\u0131zla ileti\u015fime Ge\u00e7ebilirsiniz.<\/p><p><strong>Genel Kullan\u0131m Alanlar\u0131;<\/strong><\/p><ul><li>Sanayi yang\u0131n merdivenleri basamaklar\u0131nda ,<\/li><li>Platformlarda,<\/li><li>Rampalarda,<\/li><li>Makine end\u00fcstrisinde,<\/li><li>Kara nakliye ara\u00e7lar\u0131nda,<\/li><li>Gemi ve fabrikalar\u0131n y\u00fcr\u00fcy\u00fc\u015f yollar\u0131nda,<\/li><\/ul>\t\t\t\t\t\t\t\t<\/div>\n\t\t\t\t<\/div>\n\t\t\t\t\t<\/div>\n\t\t<\/div>\n\t\t\t\t<div class=\"elementor-column elementor-col-33 elementor-top-column elementor-element elementor-element-c619c4a\" data-id=\"c619c4a\" data-element_type=\"column\">\n\t\t\t<div class=\"elementor-widget-wrap elementor-element-populated\">\n\t\t\t\t\t\t<div class=\"elementor-element elementor-element-23de33a elementor-invisible elementor-widget elementor-widget-image\" data-id=\"23de33a\" data-element_type=\"widget\" data-settings=\"{&quot;_animation&quot;:&quot;fadeInDown&quot;}\" data-widget_type=\"image.default\">\n\t\t\t\t<div class=\"elementor-widget-container\">\n\t\t\t\t\t\t\t\t\t\t\t\t\t\t\t<img fetchpriority=\"high\" decoding=\"async\" width=\"640\" height=\"320\" src=\"https:\/\/www.alpsteel.com.tr\/wp-content\/uploads\/2023\/08\/alpsteel-baklavali-sac-1.jpg\" class=\"attachment-large size-large wp-image-1449\" alt=\"Baklava Desenli Sac\" srcset=\"https:\/\/www.alpsteel.com.tr\/wp-content\/uploads\/2023\/08\/alpsteel-baklavali-sac-1.jpg 640w, https:\/\/www.alpsteel.com.tr\/wp-content\/uploads\/2023\/08\/alpsteel-baklavali-sac-1-300x150.jpg 300w, https:\/\/www.alpsteel.com.tr\/wp-content\/uploads\/2023\/08\/alpsteel-baklavali-sac-1-18x9.jpg 18w\" sizes=\"(max-width: 640px) 100vw, 640px\" \/>\t\t\t\t\t\t\t\t\t\t\t\t\t\t\t<\/div>\n\t\t\t\t<\/div>\n\t\t\t\t\t<\/div>\n\t\t<\/div>\n\t\t\t\t\t<\/div>\n\t\t<\/section>\n\t\t\t\t<section class=\"elementor-section elementor-top-section elementor-element elementor-element-bbd5b4b elementor-section-boxed elementor-section-height-default elementor-section-height-default\" data-id=\"bbd5b4b\" data-element_type=\"section\">\n\t\t\t\t\t\t<div class=\"elementor-container elementor-column-gap-default\">\n\t\t\t\t\t<div class=\"elementor-column elementor-col-100 elementor-top-column elementor-element elementor-element-73a103d\" data-id=\"73a103d\" data-element_type=\"column\">\n\t\t\t<div class=\"elementor-widget-wrap elementor-element-populated\">\n\t\t\t\t\t\t<div class=\"elementor-element elementor-element-a4a0e81 elementor-widget elementor-widget-text-editor\" data-id=\"a4a0e81\" data-element_type=\"widget\" data-widget_type=\"text-editor.default\">\n\t\t\t\t<div class=\"elementor-widget-container\">\n\t\t\t\t\t\t\t\t\t<table width=\"0\"><tbody><tr><td colspan=\"9\" width=\"611\"><strong>BAKLAVA DESENL\u0130 SACLAR<\/strong><\/td><\/tr><tr><td rowspan=\"3\" width=\"84\"><strong>Ebat (mm)<\/strong><\/td><td colspan=\"8\" width=\"527\"><strong>KALINLIK (MM)<\/strong><\/td><\/tr><tr><td width=\"65\"><strong>2,00\/3,00<\/strong><\/td><td width=\"65\"><strong>3,00\/4,00<\/strong><\/td><td width=\"65\"><strong>4,00\/5,00<\/strong><\/td><td width=\"65\"><strong>5,00\/6,00<\/strong><\/td><td width=\"65\"><strong>6,00\/7,00<\/strong><\/td><td width=\"65\"><strong>7,00\/8,00<\/strong><\/td><td width=\"65\"><strong>8,00\/9,00<\/strong><\/td><td width=\"72\"><strong>9,00\/10,00<\/strong><\/td><\/tr><tr><td colspan=\"8\" width=\"527\"><strong>KG\/ADET<\/strong><\/td><\/tr><tr><td width=\"84\"><strong>1000\u00d72000<\/strong><\/td><td width=\"65\">39,00<\/td><td width=\"65\">55,00<\/td><td width=\"65\">71,00<\/td><td width=\"65\">86,00<\/td><td width=\"65\">102,00<\/td><td width=\"65\">118,00<\/td><td width=\"65\">133,00<\/td><td width=\"72\">149,00<\/td><\/tr><tr><td width=\"84\"><strong>1200\u00d72400<\/strong><\/td><td width=\"65\">57,00<\/td><td width=\"65\">79,00<\/td><td width=\"65\">102,00<\/td><td width=\"65\">124,00<\/td><td width=\"65\">147,00<\/td><td width=\"65\">170,00<\/td><td width=\"65\">192,00<\/td><td width=\"72\">215,00<\/td><\/tr><tr><td width=\"84\"><strong>1250\u00d72500<\/strong><\/td><td width=\"65\">61,00<\/td><td width=\"65\">86,00<\/td><td width=\"65\">110,00<\/td><td width=\"65\">135,00<\/td><td width=\"65\">159,00<\/td><td width=\"65\">184,00<\/td><td width=\"65\">209,00<\/td><td width=\"72\">233,00<\/td><\/tr><tr><td width=\"84\"><strong>1500\u00d73000<\/strong><\/td><td width=\"65\">88,00<\/td><td width=\"65\">124,00<\/td><td width=\"65\">159,00<\/td><td width=\"65\">194,00<\/td><td width=\"65\">230,00<\/td><td width=\"65\">265,00<\/td><td width=\"65\">300,00<\/td><td width=\"72\">336,00<\/td><\/tr><tr><td width=\"84\"><strong>1500\u00d76000<\/strong><\/td><td width=\"65\">177,00<\/td><td width=\"65\">247,00<\/td><td width=\"65\">318,00<\/td><td width=\"65\">389,00<\/td><td width=\"65\">459,00<\/td><td width=\"65\">530,00<\/td><td width=\"65\">601,00<\/td><td width=\"72\">671,00<\/td><\/tr><\/tbody><\/table>\t\t\t\t\t\t\t\t<\/div>\n\t\t\t\t<\/div>\n\t\t\t\t\t<\/div>\n\t\t<\/div>\n\t\t\t\t\t<\/div>\n\t\t<\/section>\n\t\t\t\t<\/div>","protected":false},"excerpt":{"rendered":"<p>S\u0131cak haddelenmi\u015f yass\u0131 \u00e7eliklerin baklava desenli kal\u0131plardan ge\u00e7irilerek \u00fcretilir. S235JR kalitelerde 1,50 \u2013 10,000 aras\u0131 kal\u0131nl\u0131kta, 1000 mm \u2013 1500 mm aras\u0131 geni\u015flikte ve 1000 mm \u2013 6000 mm aras\u0131nda istenilen \u00f6l\u00e7\u00fclerde boy kesimi yap\u0131labilmektedir. 2\/3 mm \u2013 12\/13 mm aras\u0131 kal\u0131nl\u0131k \u00f6l\u00e7\u00fclerinde S235JR Kalite Baklaval\u0131 Sac VE \u00c7eta Sac malzemeleri Fiyat ve Stok bilgisi &hellip;<\/p>\n<p class=\"read-more\"> <a class=\"\" href=\"https:\/\/www.alpsteel.com.tr\/en\/baklava-desenli-sac\/\"> <span class=\"screen-reader-text\">Baklava Desenli Sac<\/span> Read More &raquo;<\/a><\/p>","protected":false},"author":1,"featured_media":0,"parent":0,"menu_order":0,"comment_status":"closed","ping_status":"closed","template":"","meta":{"site-sidebar-layout":"no-sidebar","site-content-layout":"page-builder","ast-site-content-layout":"default","site-content-style":"default","site-sidebar-style":"default","ast-global-header-display":"","ast-banner-title-visibility":"","ast-main-header-display":"","ast-hfb-above-header-display":"","ast-hfb-below-header-display":"","ast-hfb-mobile-header-display":"","site-post-title":"disabled","ast-breadcrumbs-content":"","ast-featured-img":"disabled","footer-sml-layout":"","theme-transparent-header-meta":"default","adv-header-id-meta":"","stick-header-meta":"","header-above-stick-meta":"","header-main-stick-meta":"","header-below-stick-meta":"","astra-migrate-meta-layouts":"set","footnotes":""},"class_list":["post-1709","page","type-page","status-publish","hentry"],"_links":{"self":[{"href":"https:\/\/www.alpsteel.com.tr\/en\/wp-json\/wp\/v2\/pages\/1709","targetHints":{"allow":["GET"]}}],"collection":[{"href":"https:\/\/www.alpsteel.com.tr\/en\/wp-json\/wp\/v2\/pages"}],"about":[{"href":"https:\/\/www.alpsteel.com.tr\/en\/wp-json\/wp\/v2\/types\/page"}],"author":[{"embeddable":true,"href":"https:\/\/www.alpsteel.com.tr\/en\/wp-json\/wp\/v2\/users\/1"}],"replies":[{"embeddable":true,"href":"https:\/\/www.alpsteel.com.tr\/en\/wp-json\/wp\/v2\/comments?post=1709"}],"version-history":[{"count":10,"href":"https:\/\/www.alpsteel.com.tr\/en\/wp-json\/wp\/v2\/pages\/1709\/revisions"}],"predecessor-version":[{"id":1755,"href":"https:\/\/www.alpsteel.com.tr\/en\/wp-json\/wp\/v2\/pages\/1709\/revisions\/1755"}],"wp:attachment":[{"href":"https:\/\/www.alpsteel.com.tr\/en\/wp-json\/wp\/v2\/media?parent=1709"}],"curies":[{"name":"wp","href":"https:\/\/api.w.org\/{rel}","templated":true}]}}