{"id":1713,"date":"2023-08-24T10:28:16","date_gmt":"2023-08-24T10:28:16","guid":{"rendered":"https:\/\/yeni.alpsteel.com.tr\/?page_id=1713"},"modified":"2023-08-24T11:10:57","modified_gmt":"2023-08-24T11:10:57","slug":"hrp-sac","status":"publish","type":"page","link":"https:\/\/www.alpsteel.com.tr\/en\/hrp-sac\/","title":{"rendered":"HRP Sac"},"content":{"rendered":"<div data-elementor-type=\"wp-page\" data-elementor-id=\"1713\" class=\"elementor elementor-1713\" data-elementor-post-type=\"page\">\n\t\t\t\t\t\t<section class=\"elementor-section elementor-top-section elementor-element elementor-element-81a18e5 elementor-section-boxed elementor-section-height-default elementor-section-height-default\" data-id=\"81a18e5\" data-element_type=\"section\">\n\t\t\t\t\t\t<div class=\"elementor-container elementor-column-gap-default\">\n\t\t\t\t\t<div class=\"elementor-column elementor-col-66 elementor-top-column elementor-element elementor-element-ea1f641\" data-id=\"ea1f641\" data-element_type=\"column\">\n\t\t\t<div class=\"elementor-widget-wrap elementor-element-populated\">\n\t\t\t\t\t\t<div class=\"elementor-element elementor-element-23c1189 elementor-widget elementor-widget-text-editor\" data-id=\"23c1189\" data-element_type=\"widget\" data-widget_type=\"text-editor.default\">\n\t\t\t\t<div class=\"elementor-widget-container\">\n\t\t\t\t\t\t\t\t\t<p>S\u0131cak haddelenmi\u015f yass\u0131 \u00e7eliklerin y\u00fczeylerinin asitle temizlenmi\u015f halidir. DD11 ve 6222 kalitelerde <br \/>2,00 \u2013 10,000 aras\u0131 kal\u0131nl\u0131kta, 1000 mm \u2013 1500 mm aras\u0131 geni\u015flikte ve 1000 mm \u2013 6000 mm aras\u0131nda istenilen \u00f6l\u00e7\u00fclerde boy kesimi yap\u0131labilmektedir.<\/p><p>2 mm \u2013 10 mm aras\u0131 kal\u0131nl\u0131k \u00f6l\u00e7\u00fclerinde DD11 Kalite HRP Sac malzemeleri Fiyat ve Stok bilgisi i\u00e7in Firmam\u0131zla ileti\u015fime Ge\u00e7ebilirsiniz.<\/p><p><strong>Genel Kullan\u0131m Alanlar\u0131;<\/strong><\/p><ul><li>Otomotiv Sanayi imalat\u0131,<\/li><li>Mutfak ekipmanlar\u0131 imalat\u0131,<\/li><li>LPG t\u00fcp imalat\u0131nda,<\/li><li>Boru \u2013 Profil imalat\u0131nda,<\/li><\/ul>\t\t\t\t\t\t\t\t<\/div>\n\t\t\t\t<\/div>\n\t\t\t\t\t<\/div>\n\t\t<\/div>\n\t\t\t\t<div class=\"elementor-column elementor-col-33 elementor-top-column elementor-element elementor-element-e6fb785\" data-id=\"e6fb785\" data-element_type=\"column\">\n\t\t\t<div class=\"elementor-widget-wrap elementor-element-populated\">\n\t\t\t\t\t\t<div class=\"elementor-element elementor-element-b43990e elementor-invisible elementor-widget elementor-widget-image\" data-id=\"b43990e\" data-element_type=\"widget\" data-settings=\"{&quot;_animation&quot;:&quot;fadeInDown&quot;}\" data-widget_type=\"image.default\">\n\t\t\t\t<div class=\"elementor-widget-container\">\n\t\t\t\t\t\t\t\t\t\t\t\t\t\t\t<img fetchpriority=\"high\" decoding=\"async\" width=\"640\" height=\"320\" src=\"https:\/\/www.alpsteel.com.tr\/wp-content\/uploads\/2023\/08\/alpsteel-hrp-sac.jpg\" class=\"attachment-large size-large wp-image-1457\" alt=\"HRP Sac\" srcset=\"https:\/\/www.alpsteel.com.tr\/wp-content\/uploads\/2023\/08\/alpsteel-hrp-sac.jpg 640w, https:\/\/www.alpsteel.com.tr\/wp-content\/uploads\/2023\/08\/alpsteel-hrp-sac-300x150.jpg 300w, https:\/\/www.alpsteel.com.tr\/wp-content\/uploads\/2023\/08\/alpsteel-hrp-sac-18x9.jpg 18w\" sizes=\"(max-width: 640px) 100vw, 640px\" \/>\t\t\t\t\t\t\t\t\t\t\t\t\t\t\t<\/div>\n\t\t\t\t<\/div>\n\t\t\t\t\t<\/div>\n\t\t<\/div>\n\t\t\t\t\t<\/div>\n\t\t<\/section>\n\t\t\t\t<section class=\"elementor-section elementor-top-section elementor-element elementor-element-03bbb9a elementor-section-boxed elementor-section-height-default elementor-section-height-default\" data-id=\"03bbb9a\" data-element_type=\"section\">\n\t\t\t\t\t\t<div class=\"elementor-container elementor-column-gap-default\">\n\t\t\t\t\t<div class=\"elementor-column elementor-col-100 elementor-top-column elementor-element elementor-element-ed0ca89\" data-id=\"ed0ca89\" data-element_type=\"column\">\n\t\t\t<div class=\"elementor-widget-wrap elementor-element-populated\">\n\t\t\t\t\t\t<div class=\"elementor-element elementor-element-5011bf3 elementor-widget elementor-widget-text-editor\" data-id=\"5011bf3\" data-element_type=\"widget\" data-widget_type=\"text-editor.default\">\n\t\t\t\t<div class=\"elementor-widget-container\">\n\t\t\t\t\t\t\t\t\t<table width=\"0\"><tbody><tr><td colspan=\"7\" width=\"629\"><strong>HRP SACLAR<\/strong><\/td><\/tr><tr><td rowspan=\"3\" width=\"123\"><strong>Kal\u0131nl\u0131k (mm)<\/strong><\/td><td colspan=\"6\" width=\"506\"><strong>EBAT (MM)<\/strong><\/td><\/tr><tr><td width=\"90\"><strong>1000\u00d72000<\/strong><\/td><td width=\"82\"><strong>1200\u00d72400<\/strong><\/td><td width=\"82\"><strong>1250\u00d72500<\/strong><\/td><td width=\"82\"><strong>1500\u00d73000<\/strong><\/td><td width=\"82\"><strong>1500\u00d76000<\/strong><\/td><td width=\"90\"><strong>1500\u00d712000<\/strong><\/td><\/tr><tr><td colspan=\"6\" width=\"506\"><strong>KG \/ ADET<\/strong><\/td><\/tr><tr><td width=\"123\"><strong>2,00<\/strong><\/td><td width=\"90\">31,00<\/td><td width=\"82\">45,00<\/td><td width=\"82\">49,00<\/td><td width=\"82\">71,00<\/td><td width=\"82\">\u00a0<\/td><td width=\"90\">\u00a0<\/td><\/tr><tr><td width=\"123\"><strong>2,50<\/strong><\/td><td width=\"90\">39,00<\/td><td width=\"82\">57,00<\/td><td width=\"82\">61,00<\/td><td width=\"82\">88,00<\/td><td width=\"82\">\u00a0<\/td><td width=\"90\">\u00a0<\/td><\/tr><tr><td width=\"123\"><strong>3,00<\/strong><\/td><td width=\"90\">47,00<\/td><td width=\"82\">68,00<\/td><td width=\"82\">74,00<\/td><td width=\"82\">106,00<\/td><td width=\"82\">212,00<\/td><td width=\"90\">\u00a0<\/td><\/tr><tr><td width=\"123\"><strong>3,50<\/strong><\/td><td width=\"90\">55,00<\/td><td width=\"82\">79,00<\/td><td width=\"82\">86,00<\/td><td width=\"82\">124,00<\/td><td width=\"82\">247,00<\/td><td width=\"90\">\u00a0<\/td><\/tr><tr><td width=\"123\"><strong>4,00<\/strong><\/td><td width=\"90\">63,00<\/td><td width=\"82\">90,00<\/td><td width=\"82\">98,00<\/td><td width=\"82\">141,00<\/td><td width=\"82\">283,00<\/td><td width=\"90\">565,00<\/td><\/tr><tr><td width=\"123\"><strong>4,50<\/strong><\/td><td width=\"90\">71,00<\/td><td width=\"82\">102,00<\/td><td width=\"82\">110,00<\/td><td width=\"82\">159,00<\/td><td width=\"82\">318,00<\/td><td width=\"90\">636,00<\/td><\/tr><tr><td width=\"123\"><strong>5,00<\/strong><\/td><td width=\"90\">79,00<\/td><td width=\"82\">113,00<\/td><td width=\"82\">123,00<\/td><td width=\"82\">177,00<\/td><td width=\"82\">353,00<\/td><td width=\"90\">707,00<\/td><\/tr><tr><td width=\"123\"><strong>6,00<\/strong><\/td><td width=\"90\">94,00<\/td><td width=\"82\">136,00<\/td><td width=\"82\">147,00<\/td><td width=\"82\">212,00<\/td><td width=\"82\">424,00<\/td><td width=\"90\">848,00<\/td><\/tr><tr><td width=\"123\"><strong>7,00<\/strong><\/td><td width=\"90\">110,00<\/td><td width=\"82\">158,00<\/td><td width=\"82\">172,00<\/td><td width=\"82\">247,00<\/td><td width=\"82\">495,00<\/td><td width=\"90\">989,00<\/td><\/tr><tr><td width=\"123\"><strong>8,00<\/strong><\/td><td width=\"90\">126,00<\/td><td width=\"82\">181,00<\/td><td width=\"82\">196,00<\/td><td width=\"82\">283,00<\/td><td width=\"82\">565,00<\/td><td width=\"90\">1.130,00<\/td><\/tr><tr><td width=\"123\"><strong>10,00<\/strong><\/td><td width=\"90\">157,00<\/td><td width=\"82\">226,00<\/td><td width=\"82\">245,00<\/td><td width=\"82\">353,00<\/td><td width=\"82\">707,00<\/td><td width=\"90\">1.413,00<\/td><\/tr><\/tbody><\/table>\t\t\t\t\t\t\t\t<\/div>\n\t\t\t\t<\/div>\n\t\t\t\t\t<\/div>\n\t\t<\/div>\n\t\t\t\t\t<\/div>\n\t\t<\/section>\n\t\t\t\t<\/div>","protected":false},"excerpt":{"rendered":"<p>S\u0131cak haddelenmi\u015f yass\u0131 \u00e7eliklerin y\u00fczeylerinin asitle temizlenmi\u015f halidir. DD11 ve 6222 kalitelerde 2,00 \u2013 10,000 aras\u0131 kal\u0131nl\u0131kta, 1000 mm \u2013 1500 mm aras\u0131 geni\u015flikte ve 1000 mm \u2013 6000 mm aras\u0131nda istenilen \u00f6l\u00e7\u00fclerde boy kesimi yap\u0131labilmektedir. 2 mm \u2013 10 mm aras\u0131 kal\u0131nl\u0131k \u00f6l\u00e7\u00fclerinde DD11 Kalite HRP Sac malzemeleri Fiyat ve Stok bilgisi i\u00e7in Firmam\u0131zla &hellip;<\/p>\n<p class=\"read-more\"> <a class=\"\" href=\"https:\/\/www.alpsteel.com.tr\/en\/hrp-sac\/\"> <span class=\"screen-reader-text\">HRP Sac<\/span> Read More &raquo;<\/a><\/p>","protected":false},"author":1,"featured_media":0,"parent":0,"menu_order":0,"comment_status":"closed","ping_status":"closed","template":"","meta":{"site-sidebar-layout":"no-sidebar","site-content-layout":"page-builder","ast-site-content-layout":"default","site-content-style":"default","site-sidebar-style":"default","ast-global-header-display":"","ast-banner-title-visibility":"","ast-main-header-display":"","ast-hfb-above-header-display":"","ast-hfb-below-header-display":"","ast-hfb-mobile-header-display":"","site-post-title":"disabled","ast-breadcrumbs-content":"","ast-featured-img":"disabled","footer-sml-layout":"","theme-transparent-header-meta":"default","adv-header-id-meta":"","stick-header-meta":"","header-above-stick-meta":"","header-main-stick-meta":"","header-below-stick-meta":"","astra-migrate-meta-layouts":"set","footnotes":""},"class_list":["post-1713","page","type-page","status-publish","hentry"],"_links":{"self":[{"href":"https:\/\/www.alpsteel.com.tr\/en\/wp-json\/wp\/v2\/pages\/1713","targetHints":{"allow":["GET"]}}],"collection":[{"href":"https:\/\/www.alpsteel.com.tr\/en\/wp-json\/wp\/v2\/pages"}],"about":[{"href":"https:\/\/www.alpsteel.com.tr\/en\/wp-json\/wp\/v2\/types\/page"}],"author":[{"embeddable":true,"href":"https:\/\/www.alpsteel.com.tr\/en\/wp-json\/wp\/v2\/users\/1"}],"replies":[{"embeddable":true,"href":"https:\/\/www.alpsteel.com.tr\/en\/wp-json\/wp\/v2\/comments?post=1713"}],"version-history":[{"count":7,"href":"https:\/\/www.alpsteel.com.tr\/en\/wp-json\/wp\/v2\/pages\/1713\/revisions"}],"predecessor-version":[{"id":1765,"href":"https:\/\/www.alpsteel.com.tr\/en\/wp-json\/wp\/v2\/pages\/1713\/revisions\/1765"}],"wp:attachment":[{"href":"https:\/\/www.alpsteel.com.tr\/en\/wp-json\/wp\/v2\/media?parent=1713"}],"curies":[{"name":"wp","href":"https:\/\/api.w.org\/{rel}","templated":true}]}}