{"id":1715,"date":"2023-08-24T10:28:31","date_gmt":"2023-08-24T10:28:31","guid":{"rendered":"https:\/\/yeni.alpsteel.com.tr\/?page_id=1715"},"modified":"2023-08-24T11:13:45","modified_gmt":"2023-08-24T11:13:45","slug":"baskili-sac","status":"publish","type":"page","link":"https:\/\/www.alpsteel.com.tr\/en\/baskili-sac\/","title":{"rendered":"Bask\u0131l\u0131 Sac"},"content":{"rendered":"<div data-elementor-type=\"wp-page\" data-elementor-id=\"1715\" class=\"elementor elementor-1715\" data-elementor-post-type=\"page\">\n\t\t\t\t\t\t<section class=\"elementor-section elementor-top-section elementor-element elementor-element-6fd2b8a elementor-section-boxed elementor-section-height-default elementor-section-height-default\" data-id=\"6fd2b8a\" data-element_type=\"section\">\n\t\t\t\t\t\t<div class=\"elementor-container elementor-column-gap-default\">\n\t\t\t\t\t<div class=\"elementor-column elementor-col-66 elementor-top-column elementor-element elementor-element-bfecf46\" data-id=\"bfecf46\" data-element_type=\"column\">\n\t\t\t<div class=\"elementor-widget-wrap elementor-element-populated\">\n\t\t\t\t\t\t<div class=\"elementor-element elementor-element-8e481ab elementor-widget elementor-widget-text-editor\" data-id=\"8e481ab\" data-element_type=\"widget\" data-widget_type=\"text-editor.default\">\n\t\t\t\t<div class=\"elementor-widget-container\">\n\t\t\t\t\t\t\t\t\t<p>D\u00fcz 0,50 mm ve 2,00 mm aras\u0131 sac malzemenin, Preste haz\u0131r Pramit desenli kal\u0131plarla bask\u0131 y\u00f6ntemi ile \u00fcretilir.<\/p><p>0,50 mm \u2013 2 mm aras\u0131 kal\u0131nl\u0131k \u00f6l\u00e7\u00fclerinde DD11 Kalite Pramit Bask\u0131l\u0131 Sac malzemeleri Fiyat ve Stok bilgisi i\u00e7in Firmam\u0131zla ileti\u015fime Ge\u00e7ebilirsiniz.<\/p><p><strong>Genel Kullan\u0131m Alanlar\u0131;<\/strong><\/p><ul><li>Bina ve Bah\u00e7e \u00e7elik kap\u0131 imalatlar\u0131nda,<\/li><li>Dekoratif ama\u00e7l\u0131 tasar\u0131m imalatlar\u0131nda,<\/li><\/ul>\t\t\t\t\t\t\t\t<\/div>\n\t\t\t\t<\/div>\n\t\t\t\t\t<\/div>\n\t\t<\/div>\n\t\t\t\t<div class=\"elementor-column elementor-col-33 elementor-top-column elementor-element elementor-element-426dc8e\" data-id=\"426dc8e\" data-element_type=\"column\">\n\t\t\t<div class=\"elementor-widget-wrap elementor-element-populated\">\n\t\t\t\t\t\t<div class=\"elementor-element elementor-element-0fa39b8 elementor-invisible elementor-widget elementor-widget-image\" data-id=\"0fa39b8\" data-element_type=\"widget\" data-settings=\"{&quot;_animation&quot;:&quot;fadeInDown&quot;}\" data-widget_type=\"image.default\">\n\t\t\t\t<div class=\"elementor-widget-container\">\n\t\t\t\t\t\t\t\t\t\t\t\t\t\t\t<img fetchpriority=\"high\" decoding=\"async\" width=\"640\" height=\"320\" src=\"https:\/\/www.alpsteel.com.tr\/wp-content\/uploads\/2023\/08\/alpsteel-baskili-sac.jpg\" class=\"attachment-large size-large wp-image-1461\" alt=\"Bask\u0131l\u0131 Sac\" srcset=\"https:\/\/www.alpsteel.com.tr\/wp-content\/uploads\/2023\/08\/alpsteel-baskili-sac.jpg 640w, https:\/\/www.alpsteel.com.tr\/wp-content\/uploads\/2023\/08\/alpsteel-baskili-sac-300x150.jpg 300w, https:\/\/www.alpsteel.com.tr\/wp-content\/uploads\/2023\/08\/alpsteel-baskili-sac-18x9.jpg 18w\" sizes=\"(max-width: 640px) 100vw, 640px\" \/>\t\t\t\t\t\t\t\t\t\t\t\t\t\t\t<\/div>\n\t\t\t\t<\/div>\n\t\t\t\t\t<\/div>\n\t\t<\/div>\n\t\t\t\t\t<\/div>\n\t\t<\/section>\n\t\t\t\t<section class=\"elementor-section elementor-top-section elementor-element elementor-element-301c36f elementor-section-boxed elementor-section-height-default elementor-section-height-default\" data-id=\"301c36f\" data-element_type=\"section\">\n\t\t\t\t\t\t<div class=\"elementor-container elementor-column-gap-default\">\n\t\t\t\t\t<div class=\"elementor-column elementor-col-100 elementor-top-column elementor-element elementor-element-b983330\" data-id=\"b983330\" data-element_type=\"column\">\n\t\t\t<div class=\"elementor-widget-wrap elementor-element-populated\">\n\t\t\t\t\t\t<div class=\"elementor-element elementor-element-2cc4711 elementor-widget elementor-widget-text-editor\" data-id=\"2cc4711\" data-element_type=\"widget\" data-widget_type=\"text-editor.default\">\n\t\t\t\t<div class=\"elementor-widget-container\">\n\t\t\t\t\t\t\t\t\t<table width=\"0\"><tbody><tr><td colspan=\"4\" width=\"501\"><strong>BASKILI SACLAR<\/strong><\/td><\/tr><tr><td rowspan=\"3\" width=\"106\"><strong>Kal\u0131nl\u0131k (mm)<\/strong><\/td><td colspan=\"3\" width=\"395\"><strong>EBAT (MM)<\/strong><\/td><\/tr><tr><td width=\"112\"><strong>1000\u00d72000<\/strong><\/td><td width=\"132\"><strong>1200\u00d72400<\/strong><\/td><td width=\"151\"><strong>1250\u00d72500<\/strong><\/td><\/tr><tr><td colspan=\"3\" width=\"395\"><strong>KG \/ ADET<\/strong><\/td><\/tr><tr><td width=\"106\"><strong>0,50<\/strong><\/td><td width=\"112\">8,00<\/td><td width=\"132\">11,52<\/td><td width=\"151\">12,50<\/td><\/tr><tr><td width=\"106\"><strong>0,60<\/strong><\/td><td width=\"112\">9,60<\/td><td width=\"132\">13,82<\/td><td width=\"151\">15,00<\/td><\/tr><tr><td width=\"106\"><strong>0,70<\/strong><\/td><td width=\"112\">11,20<\/td><td width=\"132\">16,13<\/td><td width=\"151\">17,50<\/td><\/tr><tr><td width=\"106\"><strong>0,80<\/strong><\/td><td width=\"112\">12,80<\/td><td width=\"132\">18,43<\/td><td width=\"151\">20,00<\/td><\/tr><tr><td width=\"106\"><strong>0,90<\/strong><\/td><td width=\"112\">14,40<\/td><td width=\"132\">20,74<\/td><td width=\"151\">22,50<\/td><\/tr><tr><td width=\"106\"><strong>1,00<\/strong><\/td><td width=\"112\">16,00<\/td><td width=\"132\">23,04<\/td><td width=\"151\">25,00<\/td><\/tr><tr><td width=\"106\"><strong>1,20<\/strong><\/td><td width=\"112\">19,20<\/td><td width=\"132\">27,65<\/td><td width=\"151\">30,00<\/td><\/tr><tr><td width=\"106\"><strong>1,50<\/strong><\/td><td width=\"112\">24,00<\/td><td width=\"132\">34,56<\/td><td width=\"151\">37,50<\/td><\/tr><tr><td width=\"106\"><strong>2,00<\/strong><\/td><td width=\"112\">32,00<\/td><td width=\"132\">46,08<\/td><td width=\"151\">50,00<\/td><\/tr><\/tbody><\/table>\t\t\t\t\t\t\t\t<\/div>\n\t\t\t\t<\/div>\n\t\t\t\t\t<\/div>\n\t\t<\/div>\n\t\t\t\t\t<\/div>\n\t\t<\/section>\n\t\t\t\t<\/div>","protected":false},"excerpt":{"rendered":"<p>D\u00fcz 0,50 mm ve 2,00 mm aras\u0131 sac malzemenin, Preste haz\u0131r Pramit desenli kal\u0131plarla bask\u0131 y\u00f6ntemi ile \u00fcretilir. 0,50 mm \u2013 2 mm aras\u0131 kal\u0131nl\u0131k \u00f6l\u00e7\u00fclerinde DD11 Kalite Pramit Bask\u0131l\u0131 Sac malzemeleri Fiyat ve Stok bilgisi i\u00e7in Firmam\u0131zla ileti\u015fime Ge\u00e7ebilirsiniz. Genel Kullan\u0131m Alanlar\u0131; Bina ve Bah\u00e7e \u00e7elik kap\u0131 imalatlar\u0131nda, Dekoratif ama\u00e7l\u0131 tasar\u0131m imalatlar\u0131nda, BASKILI SACLAR &hellip;<\/p>\n<p class=\"read-more\"> <a class=\"\" href=\"https:\/\/www.alpsteel.com.tr\/en\/baskili-sac\/\"> <span class=\"screen-reader-text\">Bask\u0131l\u0131 Sac<\/span> Read More &raquo;<\/a><\/p>","protected":false},"author":1,"featured_media":0,"parent":0,"menu_order":0,"comment_status":"closed","ping_status":"closed","template":"","meta":{"site-sidebar-layout":"no-sidebar","site-content-layout":"page-builder","ast-site-content-layout":"default","site-content-style":"default","site-sidebar-style":"default","ast-global-header-display":"","ast-banner-title-visibility":"","ast-main-header-display":"","ast-hfb-above-header-display":"","ast-hfb-below-header-display":"","ast-hfb-mobile-header-display":"","site-post-title":"disabled","ast-breadcrumbs-content":"","ast-featured-img":"disabled","footer-sml-layout":"","theme-transparent-header-meta":"default","adv-header-id-meta":"","stick-header-meta":"","header-above-stick-meta":"","header-main-stick-meta":"","header-below-stick-meta":"","astra-migrate-meta-layouts":"set","footnotes":""},"class_list":["post-1715","page","type-page","status-publish","hentry"],"_links":{"self":[{"href":"https:\/\/www.alpsteel.com.tr\/en\/wp-json\/wp\/v2\/pages\/1715","targetHints":{"allow":["GET"]}}],"collection":[{"href":"https:\/\/www.alpsteel.com.tr\/en\/wp-json\/wp\/v2\/pages"}],"about":[{"href":"https:\/\/www.alpsteel.com.tr\/en\/wp-json\/wp\/v2\/types\/page"}],"author":[{"embeddable":true,"href":"https:\/\/www.alpsteel.com.tr\/en\/wp-json\/wp\/v2\/users\/1"}],"replies":[{"embeddable":true,"href":"https:\/\/www.alpsteel.com.tr\/en\/wp-json\/wp\/v2\/comments?post=1715"}],"version-history":[{"count":7,"href":"https:\/\/www.alpsteel.com.tr\/en\/wp-json\/wp\/v2\/pages\/1715\/revisions"}],"predecessor-version":[{"id":1771,"href":"https:\/\/www.alpsteel.com.tr\/en\/wp-json\/wp\/v2\/pages\/1715\/revisions\/1771"}],"wp:attachment":[{"href":"https:\/\/www.alpsteel.com.tr\/en\/wp-json\/wp\/v2\/media?parent=1715"}],"curies":[{"name":"wp","href":"https:\/\/api.w.org\/{rel}","templated":true}]}}