{"id":1939,"date":"2023-08-26T10:43:26","date_gmt":"2023-08-26T10:43:26","guid":{"rendered":"https:\/\/yeni.alpsteel.com.tr\/?page_id=1939"},"modified":"2023-08-26T10:49:48","modified_gmt":"2023-08-26T10:49:48","slug":"lazer-kesim","status":"publish","type":"page","link":"https:\/\/www.alpsteel.com.tr\/en\/lazer-kesim\/","title":{"rendered":"Laser Cutting"},"content":{"rendered":"<div data-elementor-type=\"wp-page\" data-elementor-id=\"1939\" class=\"elementor elementor-1939\" data-elementor-post-type=\"page\">\n\t\t\t\t\t\t<section class=\"elementor-section elementor-top-section elementor-element elementor-element-439f349 elementor-section-boxed elementor-section-height-default elementor-section-height-default\" data-id=\"439f349\" data-element_type=\"section\">\n\t\t\t\t\t\t<div class=\"elementor-container elementor-column-gap-default\">\n\t\t\t\t\t<div class=\"elementor-column elementor-col-66 elementor-top-column elementor-element elementor-element-6df9139\" data-id=\"6df9139\" data-element_type=\"column\">\n\t\t\t<div class=\"elementor-widget-wrap elementor-element-populated\">\n\t\t\t\t\t\t<div class=\"elementor-element elementor-element-c08ccfd elementor-widget elementor-widget-text-editor\" data-id=\"c08ccfd\" data-element_type=\"widget\" data-widget_type=\"text-editor.default\">\n\t\t\t\t<div class=\"elementor-widget-container\">\n\t\t\t\t\t\t\t\t\t<p><strong>Lazer Kesim: Malzeme \u0130\u015flemede Hassasiyet ve \u00c7ok Y\u00f6nl\u00fcl\u00fck<\/strong><\/p><p>Modern imalat ve \u00fcretim d\u00fcnyas\u0131nda lazer kesim, malzeme i\u015flemede benzersiz hassasiyet, h\u0131z ve \u00e7ok y\u00f6nl\u00fcl\u00fck sunan devrim niteli\u011finde bir teknoloji olarak ortaya \u00e7\u0131km\u0131\u015ft\u0131r. \u00c7ok \u00e7e\u015fitli malzemeleri kesmeye y\u00f6nelik bu temass\u0131z y\u00f6ntem, otomotiv ve havac\u0131l\u0131ktan elektronik ve modaya kadar sekt\u00f6rleri d\u00f6n\u00fc\u015ft\u00fcrm\u00fc\u015ft\u00fcr. Bu makalede, lazer kesimin inceliklerini, mekanizmalar\u0131n\u0131, uygulamalar\u0131n\u0131, avantajlar\u0131n\u0131 ve gelecekteki beklentilerini ara\u015ft\u0131r\u0131yoruz.<\/p><p>\u00a0<\/p>\t\t\t\t\t\t\t\t<\/div>\n\t\t\t\t<\/div>\n\t\t\t\t\t<\/div>\n\t\t<\/div>\n\t\t\t\t<div class=\"elementor-column elementor-col-33 elementor-top-column elementor-element elementor-element-75bad1b\" data-id=\"75bad1b\" data-element_type=\"column\">\n\t\t\t<div class=\"elementor-widget-wrap elementor-element-populated\">\n\t\t\t\t\t\t<div class=\"elementor-element elementor-element-dcff00d elementor-invisible elementor-widget elementor-widget-image\" data-id=\"dcff00d\" data-element_type=\"widget\" data-settings=\"{&quot;_animation&quot;:&quot;fadeInDown&quot;}\" data-widget_type=\"image.default\">\n\t\t\t\t<div class=\"elementor-widget-container\">\n\t\t\t\t\t\t\t\t\t\t\t\t\t\t\t<img fetchpriority=\"high\" decoding=\"async\" width=\"640\" height=\"320\" src=\"https:\/\/www.alpsteel.com.tr\/wp-content\/uploads\/2023\/08\/alpsteel-lazer-kesim.jpg\" class=\"attachment-large size-large wp-image-247\" alt=\"Laser Cutting\" srcset=\"https:\/\/www.alpsteel.com.tr\/wp-content\/uploads\/2023\/08\/alpsteel-lazer-kesim.jpg 640w, https:\/\/www.alpsteel.com.tr\/wp-content\/uploads\/2023\/08\/alpsteel-lazer-kesim-300x150.jpg 300w, https:\/\/www.alpsteel.com.tr\/wp-content\/uploads\/2023\/08\/alpsteel-lazer-kesim-18x9.jpg 18w\" sizes=\"(max-width: 640px) 100vw, 640px\" \/>\t\t\t\t\t\t\t\t\t\t\t\t\t\t\t<\/div>\n\t\t\t\t<\/div>\n\t\t\t\t\t<\/div>\n\t\t<\/div>\n\t\t\t\t\t<\/div>\n\t\t<\/section>\n\t\t\t\t<section class=\"elementor-section elementor-top-section elementor-element elementor-element-813090c elementor-section-boxed elementor-section-height-default elementor-section-height-default\" data-id=\"813090c\" data-element_type=\"section\">\n\t\t\t\t\t\t<div class=\"elementor-container elementor-column-gap-default\">\n\t\t\t\t\t<div class=\"elementor-column elementor-col-100 elementor-top-column elementor-element elementor-element-eacffff\" data-id=\"eacffff\" data-element_type=\"column\">\n\t\t\t<div class=\"elementor-widget-wrap elementor-element-populated\">\n\t\t\t\t\t\t<div class=\"elementor-element elementor-element-342e94f elementor-widget elementor-widget-text-editor\" data-id=\"342e94f\" data-element_type=\"widget\" data-widget_type=\"text-editor.default\">\n\t\t\t\t<div class=\"elementor-widget-container\">\n\t\t\t\t\t\t\t\t\t<p><strong>Lazer Kesimi Anlamak:<\/strong><\/p><p>Lazer kesim, malzemeleri hassas bir \u015fekilde kesmek veya kaz\u0131mak i\u00e7in y\u00fcksek g\u00fc\u00e7l\u00fc bir lazer \u0131\u015f\u0131n\u0131n\u0131n kullan\u0131lmas\u0131n\u0131 i\u00e7erir. Lazer \u0131\u015f\u0131n\u0131, \u0131\u015f\u0131\u011f\u0131 y\u00fckselten ve bir dizi ayna ve mercek arac\u0131l\u0131\u011f\u0131yla y\u00f6nlendiren bir gaz kar\u0131\u015f\u0131m\u0131 veya kat\u0131 hal kristali gibi bir ortam\u0131n uyar\u0131lmas\u0131yla \u00fcretilir. Bu odaklanm\u0131\u015f, konsantre \u0131\u015f\u0131k enerjisi, \u0131s\u0131dan etkilenen minimum b\u00f6lgelerle inan\u0131lmaz derecede hassas kesimler elde edebilir, bu da onu karma\u015f\u0131k tasar\u0131mlar ve hassas malzemeler i\u00e7in uygun hale getirir.<\/p><p><strong>Mekanizmalar ve Teknikler:<\/strong><\/p><p>Lazer kesimde, her biri farkl\u0131 malzemeler ve uygulamalar i\u00e7in uygun olan \u00e7e\u015fitli teknikler vard\u0131r:<\/p><p><strong>Buharla\u015ft\u0131rma Kesimi:<\/strong> Bu y\u00f6ntemde, lazer \u0131\u015f\u0131n\u0131 malzemenin y\u00fczeyini buharla\u015fma noktas\u0131na kadar \u0131s\u0131tarak buharla\u015fmas\u0131na ve bir kesim olu\u015fturmas\u0131na neden olur. Genellikle metaller ve plastikler gibi metal olmayan malzemeler i\u00e7in kullan\u0131l\u0131r.<\/p><p><strong>Erit ve \u00dcfle Kesim:<\/strong> Burada lazer, malzemeyi erime noktas\u0131na ula\u015fana kadar \u0131s\u0131t\u0131r. Daha sonra bas\u0131n\u00e7l\u0131 gaz erimi\u015f malzemeyi \u00fcfleyerek bir kesim olu\u015fturur. Bu teknik daha kal\u0131n metaller i\u00e7in uygundur.<\/p><p><strong>Termal Stres \u00c7atlamas\u0131:<\/strong> Cam gibi k\u0131r\u0131lgan malzemeler bu y\u00f6ntem kullan\u0131larak kesilebilir. Lazer, malzeme \u00fczerinde belirli bir hatt\u0131 \u0131s\u0131tarak hat boyunca kontroll\u00fc \u00e7atlamaya neden olan bir termal gradyan olu\u015fturur.<\/p><p><strong>So\u011fuk Kesme:<\/strong> T\u0131bbi cihaz \u00fcretimi gibi baz\u0131 uygulamalarda, a\u015f\u0131r\u0131 \u0131s\u0131 malzemeye zarar verebilir veya \u00f6zelliklerini de\u011fi\u015ftirebilir. K\u0131sa darbeli lazerlerin kullan\u0131ld\u0131\u011f\u0131 so\u011fuk kesim, \u0131s\u0131 transferini en aza indirir ve bu t\u00fcr hasarlar\u0131 \u00f6nler.<\/p><p><strong>Lazer Kesim Uygulamalar\u0131:<\/strong><\/p><p>Lazer kesimin \u00e7ok y\u00f6nl\u00fcl\u00fc\u011f\u00fc onu \u00e7e\u015fitli sekt\u00f6rlerde vazge\u00e7ilmez k\u0131lmaktad\u0131r:<\/p><p>\u00dcretim: Lazer kesim, makine, otomobil ve elektronik i\u00e7in karma\u015f\u0131k bile\u015fenlerin olu\u015fturulmas\u0131nda \u00e7ok \u00f6nemli bir rol oynar.<\/p><p>Tekstil ve Moda: Tekstil end\u00fcstrisi, kuma\u015flar\u0131, deriyi ve di\u011fer malzemeleri hassas bir \u015fekilde kesmek i\u00e7in lazer kesimi kullan\u0131r ve karma\u015f\u0131k tasar\u0131mlara ve desenlere izin verir.<\/p><p>Havac\u0131l\u0131k ve Uzay: Havac\u0131l\u0131k ve uzayda, lazerle kesilmi\u015f par\u00e7alar hafiftir, son derece hassast\u0131r ve yak\u0131t verimlili\u011finin artmas\u0131na katk\u0131da bulunur.<\/p><p>T\u0131bbi Cihazlar: Lazer kesim, t\u0131bbi cihazlar, stentler ve di\u011fer bile\u015fenleri y\u00fcksek hassasiyetle \u00fcretmek i\u00e7in kullan\u0131l\u0131r ve ek son i\u015flem ad\u0131mlar\u0131na olan ihtiyac\u0131 en aza indirir.<\/p><p>Sanat ve Tasar\u0131m: Sanat\u00e7\u0131lar ve tasar\u0131mc\u0131lar karma\u015f\u0131k heykeller, m\u00fccevherler ve \u00f6zelle\u015ftirilmi\u015f par\u00e7alar olu\u015fturmak i\u00e7in lazer kesimden yararlan\u0131r.<\/p><p><strong>Avantajlar ve Zorluklar:<\/strong><\/p><p>Lazer kesimin \u00e7ok say\u0131da avantaj\u0131 vard\u0131r:<\/p><p>Hassasiyet: Lazer kesim mikron d\u00fczeyinde hassasiyet sunar, bu da do\u011fru ve karma\u015f\u0131k kesimlerle sonu\u00e7lan\u0131r.<\/p><p>H\u0131z: \u0130\u015flemin temass\u0131z do\u011fas\u0131 ve y\u00fcksek kesim h\u0131zlar\u0131 verimli \u00fcretim sa\u011flar.<\/p><p>\u00c7ok y\u00f6nl\u00fcl\u00fck: Lazer kesim, metaller ve plastiklerden seramik ve ah\u015faba kadar \u00e7ok \u00e7e\u015fitli malzemelerle \u00e7al\u0131\u015f\u0131r.<\/p><p>Minimum Malzeme At\u0131\u011f\u0131: Dar lazer \u0131\u015f\u0131n\u0131 malzeme israf\u0131n\u0131 azaltarak \u00e7evre dostu bir se\u00e7enek haline getirir.<\/p><p>Otomasyon: Lazer kesim, s\u00fcrekli ve y\u00fcksek hacimli \u00fcretim i\u00e7in otomatik sistemlere entegre edilebilir.<\/p><p>Ancak bunun da zorluklar\u0131 vard\u0131r:<\/p><p>Ba\u015flang\u0131\u00e7 Maliyetleri: Lazer kesim tesislerinin kurulmas\u0131, lazer sistemlerinin ve g\u00fcvenlik \u00f6nlemlerinin y\u00fcksek maliyeti nedeniyle pahal\u0131 olabilir.<\/p><p>Malzeme S\u0131n\u0131rlamalar\u0131: Lazer kesim \u00e7ok y\u00f6nl\u00fc olsa da, baz\u0131 malzemelerin bile\u015fimi veya kal\u0131nl\u0131\u011f\u0131 nedeniyle kesilmesi zor olabilir.<\/p><p>Bak\u0131m: Lazer sistemleri, tutarl\u0131 performans ve g\u00fcvenlik sa\u011flamak i\u00e7in d\u00fczenli bak\u0131m gerektirir.<\/p><p>G\u00fcvenlik Hususlar\u0131: Lazer kesim, uygun \u015fekilde y\u00f6netilmedi\u011fi takdirde insan operat\u00f6rler i\u00e7in tehlikeli olabilecek y\u00fcksek enerjili \u0131\u015f\u0131nlar i\u00e7erir.<\/p><p><strong>Gelecek Trendler:<\/strong><\/p><p>Teknoloji geli\u015fmeye devam ettik\u00e7e lazer kesim de geli\u015fmektedir. Gelece\u011fini \u015fekillendirebilecek baz\u0131 trendler \u015funlard\u0131r:<\/p><p>Artan Otomasyon: Robotik ve yapay zeka ile entegrasyon, daha otomatik ve verimli lazer kesim s\u00fcre\u00e7lerine yol a\u00e7abilir.<\/p><p>Geli\u015fmi\u015f Malzemeler: Kompozitler ve geli\u015fmi\u015f ala\u015f\u0131mlar gibi yeni ve zorlu malzemelerin kesilmesine y\u00f6nelik ara\u015ft\u0131rmalar, lazer kesimin yeteneklerini art\u0131rabilir.<\/p><p>Nanosaniye ve Femtosaniye Lazerler: K\u0131sa darbeli lazerler, ultra hassas kesim ve kaz\u0131ma i\u015flemlerinde yeni olanaklar sunabilir.<\/p><p>Ye\u015fil Lazer Teknolojisi: D\u00fc\u015f\u00fck g\u00fc\u00e7 t\u00fcketimine sahip daha \u00e7evre dostu lazerler yayg\u0131nla\u015fabilir.<\/p><p>Sonu\u00e7 olarak, lazer kesim, benzersiz hassasiyet, \u00e7ok y\u00f6nl\u00fcl\u00fck ve h\u0131z sunarak malzemeleri i\u015fleme \u015feklimizde devrim yaratm\u0131\u015ft\u0131r. End\u00fcstriyel \u00fcretimden sanatsal \u00e7abalara kadar etkisi yads\u0131namaz. Teknoloji ilerledik\u00e7e, lazer kesim malzeme i\u015flemede m\u00fcmk\u00fcn olan\u0131n s\u0131n\u0131rlar\u0131n\u0131 zorlayarak daha da y\u00fckseklere ula\u015fmaya haz\u0131rlan\u0131yor.<\/p>\t\t\t\t\t\t\t\t<\/div>\n\t\t\t\t<\/div>\n\t\t\t\t\t<\/div>\n\t\t<\/div>\n\t\t\t\t\t<\/div>\n\t\t<\/section>\n\t\t\t\t<\/div>","protected":false},"excerpt":{"rendered":"<p>Lazer Kesim: Malzeme \u0130\u015flemede Hassasiyet ve \u00c7ok Y\u00f6nl\u00fcl\u00fck Modern imalat ve \u00fcretim d\u00fcnyas\u0131nda lazer kesim, malzeme i\u015flemede benzersiz hassasiyet, h\u0131z ve \u00e7ok y\u00f6nl\u00fcl\u00fck sunan devrim niteli\u011finde bir teknoloji olarak ortaya \u00e7\u0131km\u0131\u015ft\u0131r. \u00c7ok \u00e7e\u015fitli malzemeleri kesmeye y\u00f6nelik bu temass\u0131z y\u00f6ntem, otomotiv ve havac\u0131l\u0131ktan elektronik ve modaya kadar sekt\u00f6rleri d\u00f6n\u00fc\u015ft\u00fcrm\u00fc\u015ft\u00fcr. Bu makalede, lazer kesimin inceliklerini, mekanizmalar\u0131n\u0131, uygulamalar\u0131n\u0131, &hellip;<\/p>\n<p class=\"read-more\"> <a class=\"\" href=\"https:\/\/www.alpsteel.com.tr\/en\/lazer-kesim\/\"> <span class=\"screen-reader-text\">Laser Cutting<\/span> Read More &raquo;<\/a><\/p>","protected":false},"author":1,"featured_media":0,"parent":0,"menu_order":0,"comment_status":"closed","ping_status":"closed","template":"","meta":{"site-sidebar-layout":"no-sidebar","site-content-layout":"page-builder","ast-site-content-layout":"default","site-content-style":"default","site-sidebar-style":"default","ast-global-header-display":"","ast-banner-title-visibility":"","ast-main-header-display":"","ast-hfb-above-header-display":"","ast-hfb-below-header-display":"","ast-hfb-mobile-header-display":"","site-post-title":"disabled","ast-breadcrumbs-content":"","ast-featured-img":"disabled","footer-sml-layout":"","theme-transparent-header-meta":"default","adv-header-id-meta":"","stick-header-meta":"","header-above-stick-meta":"","header-main-stick-meta":"","header-below-stick-meta":"","astra-migrate-meta-layouts":"set","footnotes":""},"class_list":["post-1939","page","type-page","status-publish","hentry"],"_links":{"self":[{"href":"https:\/\/www.alpsteel.com.tr\/en\/wp-json\/wp\/v2\/pages\/1939","targetHints":{"allow":["GET"]}}],"collection":[{"href":"https:\/\/www.alpsteel.com.tr\/en\/wp-json\/wp\/v2\/pages"}],"about":[{"href":"https:\/\/www.alpsteel.com.tr\/en\/wp-json\/wp\/v2\/types\/page"}],"author":[{"embeddable":true,"href":"https:\/\/www.alpsteel.com.tr\/en\/wp-json\/wp\/v2\/users\/1"}],"replies":[{"embeddable":true,"href":"https:\/\/www.alpsteel.com.tr\/en\/wp-json\/wp\/v2\/comments?post=1939"}],"version-history":[{"count":7,"href":"https:\/\/www.alpsteel.com.tr\/en\/wp-json\/wp\/v2\/pages\/1939\/revisions"}],"predecessor-version":[{"id":1949,"href":"https:\/\/www.alpsteel.com.tr\/en\/wp-json\/wp\/v2\/pages\/1939\/revisions\/1949"}],"wp:attachment":[{"href":"https:\/\/www.alpsteel.com.tr\/en\/wp-json\/wp\/v2\/media?parent=1939"}],"curies":[{"name":"wp","href":"https:\/\/api.w.org\/{rel}","templated":true}]}}