{"id":328,"date":"2023-08-15T10:25:57","date_gmt":"2023-08-15T10:25:57","guid":{"rendered":"https:\/\/yeni.alpsteel.com.tr\/?page_id=328"},"modified":"2023-08-28T12:39:56","modified_gmt":"2023-08-28T12:39:56","slug":"standartlar","status":"publish","type":"page","link":"https:\/\/www.alpsteel.com.tr\/en\/standartlar\/","title":{"rendered":"Standards"},"content":{"rendered":"<div data-elementor-type=\"wp-page\" data-elementor-id=\"328\" class=\"elementor elementor-328\" data-elementor-post-type=\"page\">\n\t\t\t\t\t\t<section class=\"elementor-section elementor-top-section elementor-element elementor-element-3030a69 elementor-section-boxed elementor-section-height-default elementor-section-height-default\" data-id=\"3030a69\" data-element_type=\"section\">\n\t\t\t\t\t\t<div class=\"elementor-container elementor-column-gap-default\">\n\t\t\t\t\t<div class=\"elementor-column elementor-col-100 elementor-top-column elementor-element elementor-element-a7e8c68\" data-id=\"a7e8c68\" data-element_type=\"column\">\n\t\t\t<div class=\"elementor-widget-wrap elementor-element-populated\">\n\t\t\t\t\t\t<div class=\"elementor-element elementor-element-92c3680 elementor-widget elementor-widget-text-editor\" data-id=\"92c3680\" data-element_type=\"widget\" data-widget_type=\"text-editor.default\">\n\t\t\t\t<div class=\"elementor-widget-container\">\n\t\t\t\t\t\t\t\t\t<table>\n<tbody>\n<tr>\n<td>TS EN 10058 Genel Kullan\u0131m Ama\u00e7lar\u0131 i\u00e7in S\u0131cak Haddelenmi\u015f Yass\u0131 \u00c7elik \u00c7ubuklar<\/td>\n\n<\/tr>\n<tr>\n<td>TS EN 10059 Genel Kullan\u0131m Ama\u00e7lar\u0131 i\u00e7in S\u0131cak Haddelenmi\u015f Kare \u00c7elik \u00c7ubuklar <\/td>\n\n<\/tr>\n<tr>\n<td>TS EN 10060 Genel Kullan\u0131m Ama\u00e7lar\u0131 i\u00e7in S\u0131cak Haddelenmi\u015f Yuvarlak \u00c7elik \u00c7ubuklar<\/td>\n\n<\/tr>\n<tr>\n<td>TS EN 10061 Genel Kullan\u0131m Ama\u00e7lar\u0131 i\u00e7in S\u0131cak Haddelenmi\u015f Alt\u0131gen Kesitli \u00c7elik \u00c7ubuklar<\/td>\n\n<\/tr>\n<tr>\n<td>TS EN 10278 Boyutlar ve Toleranslar<\/td>\n\n<\/tr>\n<tr>\n<td>TS EN 10277 Parlak \u00c7elik Mam\u00fcller<\/td>\n\n<\/tr>\n<tr>\n<td>TS EN 10025-2 S\u0131cak Haddelenmi\u015f Yap\u0131 \u00c7elikleri<\/td>\n\n<\/tr>\n<tr>\n<td>TS EN 10092-1 S\u0131cak Haddelenmi\u015f Yay \u00c7eli\u011finden Yap\u0131lan Yass\u0131 \u00c7ubuklar<\/td>\n\n<\/tr>\n<tr>\n<td>TS EN ISO 683-1 Is\u0131l \u0130\u015flemli \u00c7elikler, Serbest Kesim \u00c7elikler &#8211; B\u00f6l\u00fcm 1: S\u00f6nd\u00fcrme ve Temperleme i\u00e7in Ala\u015f\u0131ms\u0131z \u00c7elikler<\/td>\n\n<\/tr>\n<tr>\n<td>TS EN ISO 683-2 Is\u0131l \u0130\u015flemli \u00c7elikler, Serbest Kesim \u00c7elikler &#8211; B\u00f6l\u00fcm 2: S\u00f6nd\u00fcrme ve Temperleme i\u00e7in Ala\u015f\u0131ml\u0131 \u00c7elikler<\/td>\n\n<\/tr>\n\n\n<tr>\n<td>TS EN ISO 683-3 Is\u0131l \u0130\u015flemli \u00c7elikler, Ala\u015f\u0131ml\u0131 \u00c7elikler ve Serbest Kesim \u00c7elikler &#8211; B\u00f6l\u00fcm 3: Sertle\u015ftirilmi\u015f \u00c7elikler<\/td>\n\n<\/tr>\n<tr>\n<td>TS EN ISO 683-4 Is\u0131l \u0130\u015flemli \u00c7elikler, Ala\u015f\u0131ml\u0131 \u00c7elikler ve Serbest Kesim \u00c7elikler &#8211; B\u00f6l\u00fcm 4: Serbest Kesim \u00c7elikler<\/td>\n\n<\/tr>\n<\/tbody>\n<\/table>\t\t\t\t\t\t\t\t<\/div>\n\t\t\t\t<\/div>\n\t\t\t\t\t<\/div>\n\t\t<\/div>\n\t\t\t\t\t<\/div>\n\t\t<\/section>\n\t\t\t\t<\/div>","protected":false},"excerpt":{"rendered":"<p>TS EN 10058 Genel Kullan\u0131m Ama\u00e7lar\u0131 i\u00e7in S\u0131cak Haddelenmi\u015f Yass\u0131 \u00c7elik \u00c7ubuklar TS EN 10059 Genel Kullan\u0131m Ama\u00e7lar\u0131 i\u00e7in S\u0131cak Haddelenmi\u015f Kare \u00c7elik \u00c7ubuklar TS EN 10060 Genel Kullan\u0131m Ama\u00e7lar\u0131 i\u00e7in S\u0131cak Haddelenmi\u015f Yuvarlak \u00c7elik \u00c7ubuklar TS EN 10061 Genel Kullan\u0131m Ama\u00e7lar\u0131 i\u00e7in S\u0131cak Haddelenmi\u015f Alt\u0131gen Kesitli \u00c7elik \u00c7ubuklar TS EN 10278 Boyutlar ve Toleranslar &hellip;<\/p>\n<p class=\"read-more\"> <a class=\"\" href=\"https:\/\/www.alpsteel.com.tr\/en\/standartlar\/\"> <span class=\"screen-reader-text\">Standards<\/span> Read More &raquo;<\/a><\/p>","protected":false},"author":1,"featured_media":0,"parent":0,"menu_order":0,"comment_status":"closed","ping_status":"closed","template":"","meta":{"site-sidebar-layout":"no-sidebar","site-content-layout":"page-builder","ast-site-content-layout":"default","site-content-style":"default","site-sidebar-style":"default","ast-global-header-display":"","ast-banner-title-visibility":"","ast-main-header-display":"","ast-hfb-above-header-display":"","ast-hfb-below-header-display":"","ast-hfb-mobile-header-display":"","site-post-title":"disabled","ast-breadcrumbs-content":"","ast-featured-img":"disabled","footer-sml-layout":"","theme-transparent-header-meta":"default","adv-header-id-meta":"","stick-header-meta":"","header-above-stick-meta":"","header-main-stick-meta":"","header-below-stick-meta":"","astra-migrate-meta-layouts":"set","footnotes":""},"class_list":["post-328","page","type-page","status-publish","hentry"],"_links":{"self":[{"href":"https:\/\/www.alpsteel.com.tr\/en\/wp-json\/wp\/v2\/pages\/328","targetHints":{"allow":["GET"]}}],"collection":[{"href":"https:\/\/www.alpsteel.com.tr\/en\/wp-json\/wp\/v2\/pages"}],"about":[{"href":"https:\/\/www.alpsteel.com.tr\/en\/wp-json\/wp\/v2\/types\/page"}],"author":[{"embeddable":true,"href":"https:\/\/www.alpsteel.com.tr\/en\/wp-json\/wp\/v2\/users\/1"}],"replies":[{"embeddable":true,"href":"https:\/\/www.alpsteel.com.tr\/en\/wp-json\/wp\/v2\/comments?post=328"}],"version-history":[{"count":82,"href":"https:\/\/www.alpsteel.com.tr\/en\/wp-json\/wp\/v2\/pages\/328\/revisions"}],"predecessor-version":[{"id":2020,"href":"https:\/\/www.alpsteel.com.tr\/en\/wp-json\/wp\/v2\/pages\/328\/revisions\/2020"}],"wp:attachment":[{"href":"https:\/\/www.alpsteel.com.tr\/en\/wp-json\/wp\/v2\/media?parent=328"}],"curies":[{"name":"wp","href":"https:\/\/api.w.org\/{rel}","templated":true}]}}