{"id":911,"date":"2023-08-22T13:13:29","date_gmt":"2023-08-22T13:13:29","guid":{"rendered":"https:\/\/yeni.alpsteel.com.tr\/?page_id=911"},"modified":"2023-08-25T11:13:58","modified_gmt":"2023-08-25T11:13:58","slug":"plazma-kesim","status":"publish","type":"page","link":"https:\/\/www.alpsteel.com.tr\/en\/plazma-kesim\/","title":{"rendered":"Plasma Cutting"},"content":{"rendered":"<div data-elementor-type=\"wp-page\" data-elementor-id=\"911\" class=\"elementor elementor-911\" data-elementor-post-type=\"page\">\n\t\t\t\t\t\t<section class=\"elementor-section elementor-top-section elementor-element elementor-element-05dea56 elementor-section-boxed elementor-section-height-default elementor-section-height-default\" data-id=\"05dea56\" data-element_type=\"section\">\n\t\t\t\t\t\t<div class=\"elementor-container elementor-column-gap-default\">\n\t\t\t\t\t<div class=\"elementor-column elementor-col-66 elementor-top-column elementor-element elementor-element-1d01afc\" data-id=\"1d01afc\" data-element_type=\"column\">\n\t\t\t<div class=\"elementor-widget-wrap elementor-element-populated\">\n\t\t\t\t\t\t<div class=\"elementor-element elementor-element-d1acf4e elementor-widget elementor-widget-text-editor\" data-id=\"d1acf4e\" data-element_type=\"widget\" data-widget_type=\"text-editor.default\">\n\t\t\t\t<div class=\"elementor-widget-container\">\n\t\t\t\t\t\t\t\t\t<p>NPU, NPI, IPE, HEA, HEB, Siyah Sac, DKP Sac, Galvaniz Sac, Hrp Sac, Baklaval\u0131 Sac malzemeler Proje \u00e7izimlerinize g\u00f6re D\u00fcz, kavisli, Yuvarlak ve \u00dc\u00e7gen kesim ile belirtilen \u00e7aplarda delik a\u00e7ma i\u015flemi yap\u0131labilmektedir. Projelerinizdeki \u00dcr\u00fcn \u00f6l\u00e7\u00fclerine uygun malzeme \u00fcretimi yap\u0131larak fire oran\u0131 minimuma indirilip Hem imalat s\u00fcresini k\u0131saltarak zamandan ve i\u015f\u00e7ilik maliyetlerinden tasarruf eder, Hem de az\u0131msanmayacak boyutta finansal kazan\u00e7 sa\u011flar.<\/p><p>Siz de\u011ferli m\u00fc\u015fterilerimiz Malzeme Talepleriniz ile ilgili firmam\u0131z\u0131n alanlar\u0131nda Uzman Sat\u0131\u015f Temsilcilerinden Fiyat, Standart veya \u00d6zel \u00f6l\u00e7\u00fc, Ebat, kalite, kal\u0131nl\u0131k ve a\u011f\u0131rl\u0131k gibi teknik detaylar hakk\u0131nda her t\u00fcrl\u00fc bilgiye ula\u015farak sat\u0131n alman\u0131z\u0131 maksimum fayda ve minimum riskle g\u00fcvenli bir \u015fekilde yapabilirsiniz.<\/p>\t\t\t\t\t\t\t\t<\/div>\n\t\t\t\t<\/div>\n\t\t\t\t\t<\/div>\n\t\t<\/div>\n\t\t\t\t<div class=\"elementor-column elementor-col-33 elementor-top-column elementor-element elementor-element-8f378ab\" data-id=\"8f378ab\" data-element_type=\"column\">\n\t\t\t<div class=\"elementor-widget-wrap elementor-element-populated\">\n\t\t\t\t\t\t<div class=\"elementor-element elementor-element-cd8b30b elementor-invisible elementor-widget elementor-widget-image\" data-id=\"cd8b30b\" data-element_type=\"widget\" data-settings=\"{&quot;_animation&quot;:&quot;fadeInDown&quot;}\" data-widget_type=\"image.default\">\n\t\t\t\t<div class=\"elementor-widget-container\">\n\t\t\t\t\t\t\t\t\t\t\t\t\t\t\t<img fetchpriority=\"high\" decoding=\"async\" width=\"640\" height=\"320\" src=\"https:\/\/www.alpsteel.com.tr\/wp-content\/uploads\/2023\/08\/plazma-kesim-hizmeti.jpg\" class=\"attachment-large size-large wp-image-1861\" alt=\"Plasma Cutting\" srcset=\"https:\/\/www.alpsteel.com.tr\/wp-content\/uploads\/2023\/08\/plazma-kesim-hizmeti.jpg 640w, https:\/\/www.alpsteel.com.tr\/wp-content\/uploads\/2023\/08\/plazma-kesim-hizmeti-300x150.jpg 300w, https:\/\/www.alpsteel.com.tr\/wp-content\/uploads\/2023\/08\/plazma-kesim-hizmeti-18x9.jpg 18w\" sizes=\"(max-width: 640px) 100vw, 640px\" \/>\t\t\t\t\t\t\t\t\t\t\t\t\t\t\t<\/div>\n\t\t\t\t<\/div>\n\t\t\t\t\t<\/div>\n\t\t<\/div>\n\t\t\t\t\t<\/div>\n\t\t<\/section>\n\t\t\t\t<section class=\"elementor-section elementor-top-section elementor-element elementor-element-84e040c elementor-section-boxed elementor-section-height-default elementor-section-height-default\" data-id=\"84e040c\" data-element_type=\"section\">\n\t\t\t\t\t\t<div class=\"elementor-container elementor-column-gap-default\">\n\t\t\t\t\t<div class=\"elementor-column elementor-col-100 elementor-top-column elementor-element elementor-element-dd3d0ad\" data-id=\"dd3d0ad\" data-element_type=\"column\">\n\t\t\t<div class=\"elementor-widget-wrap elementor-element-populated\">\n\t\t\t\t\t\t<div class=\"elementor-element elementor-element-ec07730 elementor-widget elementor-widget-text-editor\" data-id=\"ec07730\" data-element_type=\"widget\" data-widget_type=\"text-editor.default\">\n\t\t\t\t<div class=\"elementor-widget-container\">\n\t\t\t\t\t\t\t\t\t<p>Projelerinizde Demir \u00c7elik Kullanmak; Betonla Kar\u015f\u0131la\u015ft\u0131r\u0131ld\u0131\u011f\u0131nda A\u011f\u0131rl\u0131k oran\u0131na g\u00f6re y\u00fcksek bir mukavemete sa\u011flar. \u0130n\u015faat Yap\u0131m s\u00fcresini ciddi miktarda k\u0131salt\u0131r. Daha k\u00fc\u00e7\u00fck kolon ebatlar\u0131na sahip oldu\u011fundan az alan kaplar. Gelecekte mukavemette herhangi bir de\u011fi\u015fiklik olacaksa g\u00fc\u00e7lendirme \u00e7ok daha kolay olur. B\u00fct\u00fcn bu \u00f6zellikleri ile Demir \u00c7elik projelerinizde ciddi bir zaman ve finansal maliyet avantaj\u0131 sa\u011flamaktad\u0131r.<\/p><p>Demir ve \u00c7elik \u00fcr\u00fcnleri %100\u2019\u00fc sonsuz geri d\u00f6n\u00fc\u015ft\u00fcr\u00fclebilir \u00f6zellikte olmas\u0131ndan dolay\u0131 bir\u00e7ok Finansal ve \u00e7evresel fayda sa\u011flamaktad\u0131r.\u00a0Geri D\u00f6n\u00fc\u015f\u00fcm yap\u0131ld\u0131\u011f\u0131ndan Depolama alan ve maliyeti gerektirmez, hammadde \u00e7\u0131kar\u0131m\u0131 ve imalat\u0131 ihtiyac\u0131n\u0131 azaltarak Do\u011fal kaynaklar\u0131 korumam\u0131z\u0131 sa\u011flar,\u00a0 cevherden imalat yapmaktan %75 daha az enerji kullan\u0131larak sera gaz\u0131 emisyonlar\u0131nda \u00f6nemli tasarruflara katk\u0131da bulunur. Ayr\u0131ca imalat i\u015fletmelerinin maliyetlerini d\u00fc\u015f\u00fcrerek finansal fayda da sa\u011flamaktad\u0131r.<\/p><p>Alp Steel Metal\u00a0 Sanayi ve Ticaret Anonim \u015eirketi Olarak hedefimiz artan rekabet ko\u015fullar\u0131nda \u0130n\u015faat, \u00c7elik Konstr\u00fcksiyon, Makine, Enerji \u0130letim Hatlar\u0131, Otoyol ve K\u00f6pr\u00fc \u0130n\u015faas\u0131, Kara Yolu, Demir Yolu, Hava Yolu ve Deniz Yolu ta\u015f\u0131ma ara\u00e7lar\u0131, Mobilya, Sanayi \u0130malat\u0131, Reklam, Trafik \u0130\u015faret ve otoyol ekipmanlar\u0131, Otomotiv ve otomotiv yan sanayi, Oyun ve park alanlar\u0131 imalat\u0131, Raf sistemleri, Mimarl\u0131k ve Dekorasyon sekt\u00f6rlerinde faaliyet g\u00f6steren M\u00fc\u015fterilerimize demir \u00e7elik ihtiya\u00e7lar\u0131n\u0131 daima bol \u00e7e\u015fit ve Kaliteli \u00fcr\u00fcnleri H\u0131zl\u0131, G\u00fcvenli ve Uygun Fiyatta temin ederek minimum maliyet ile maksimum fayda elde etmelerini sa\u011flamakt\u0131r. Stoklar\u0131m\u0131zda bulunan NPU Demiri \u2013 NPI Demiri \u2013 IPE Demiri \u2013 HEA Demiri \u2013 HEB Demiri \u2013 K\u00f6\u015febent Demiri \u2013 Lama Demiri \u2013 Kare Demiri \u2013 Te Demiri \u2013 Siyah Kutu Profil \u2013 Boyal\u0131 Kutu Profil \u2013 Galvaniz Kutu Profil \u2013 Sanayi borusu \u2013Siyah su Borusu \u2013 Galvaniz Su Borusu \u2013 Spiral Kaynakl\u0131 Boru \u2013 Kazan Borusu \u2013 \u0130n\u015faat Demiri \u2013 Siyah\u00a0 Sac \u2013 DKP Sac \u2013 Galvaniz Sac \u2013 Hrp\u00a0 Sac \u2013 Baklaval\u0131 Sac \u2013 Geni\u015fletilmi\u015f Sac \u2013 Trapez sac \u2013 \u00c7elik Has\u0131r \u2013 \u00c7it Has\u0131r \u2013 \u00c7elik \u00c7ekme Boru \u2013 Transmisyon Mili \u2013 \u0130malat \u00c7eli\u011fi \u2013 Sementasyon \u00c7eli\u011fi \u2013 Islah \u00c7eli\u011fi \u2013 Otomat\u00a0 \u00c7eli\u011fi \u00fcr\u00fcnler ile ilgili fiyat teklif talebinde bulunabilirsiniz.<\/p>\t\t\t\t\t\t\t\t<\/div>\n\t\t\t\t<\/div>\n\t\t\t\t\t<\/div>\n\t\t<\/div>\n\t\t\t\t\t<\/div>\n\t\t<\/section>\n\t\t\t\t<section class=\"elementor-section elementor-top-section elementor-element elementor-element-7a1f103 elementor-section-boxed elementor-section-height-default elementor-section-height-default\" data-id=\"7a1f103\" data-element_type=\"section\">\n\t\t\t\t\t\t<div class=\"elementor-container elementor-column-gap-default\">\n\t\t\t\t\t<div class=\"elementor-column elementor-col-100 elementor-top-column elementor-element elementor-element-baf47c5\" data-id=\"baf47c5\" data-element_type=\"column\">\n\t\t\t<div class=\"elementor-widget-wrap elementor-element-populated\">\n\t\t\t\t\t\t<div class=\"elementor-element elementor-element-13343f5 elementor-widget elementor-widget-text-editor\" data-id=\"13343f5\" data-element_type=\"widget\" data-widget_type=\"text-editor.default\">\n\t\t\t\t<div class=\"elementor-widget-container\">\n\t\t\t\t\t\t\t\t\t<p><strong>A\u015fa\u011f\u0131da yaz\u0131l\u0131 Yap\u0131, Ara\u00e7, Makine ve Sanayi \u00dcr\u00fcnlerinin B\u00fcy\u00fck b\u00f6l\u00fcm\u00fc Demir \u00e7elik \u00fcr\u00fcnlerinden imal edilmektedir.<\/strong><\/p><ul><li>Bina, Depo ve End\u00fcstriyel Tesisler<\/li><li>\u00c7elik Konstr\u00fcksiyon Yap\u0131lar<\/li><li>Makine ve Ekipmanlar\u0131<\/li><li>Fitness \u2013 Park ve Oyun\u00a0 Gruplar\u0131<\/li><li>Ah\u015fap \u2013 Mobilya ve aksesuarlar\u0131<\/li><li>\u00c7elik Raf sistemleri<\/li><li>Otomotiv ve Otomotiv yan Sanayi<\/li><li>Gemi<\/li><li>U\u00e7ak<\/li><li>Demiryolu Vagon<\/li><li>Kamyon ve T\u0131r Damper<\/li><li>Is\u0131 Ve Buhar Kazan<\/li><li>Metro \u2013 T\u00fcnel \u2013 Oto yol \u0130n\u015faat\u0131<\/li><li>Mutfak Ekipmanlar\u0131 ( Tezgah \u2013 Is\u0131tma ve So\u011futma Dolaplar\u0131 )<\/li><li>Mimarl\u0131k ve M\u00fchendislik Projeleri<\/li><li>Sanayi \u00dcr\u00fcnleri<\/li><li>Vin\u00e7 ( Kald\u0131rma ve Ta\u015f\u0131ma )<\/li><li>Ayd\u0131nlatma ve Bayrak Direkleri<\/li><li>Uzay Kafes ve Uzay \u00c7at\u0131<\/li><li>Reklam ve Tasar\u0131m \u00dcr\u00fcnleri<\/li><li>Mekanik ve Tesisat Projeleri<\/li><li>Asans\u00f6r<\/li><li>Panel \u00c7it \u2013 Tel \u00c7it<\/li><li>\u00c7elik \u0130skele ve Kal\u0131p \u00dcr\u00fcnleri<\/li><li>Su, Do\u011fal Gaz ve Hava iletim hatlar\u0131<\/li><\/ul>\t\t\t\t\t\t\t\t<\/div>\n\t\t\t\t<\/div>\n\t\t\t\t\t<\/div>\n\t\t<\/div>\n\t\t\t\t\t<\/div>\n\t\t<\/section>\n\t\t\t\t<\/div>","protected":false},"excerpt":{"rendered":"<p>NPU, NPI, IPE, HEA, HEB, Siyah Sac, DKP Sac, Galvaniz Sac, Hrp Sac, Baklaval\u0131 Sac malzemeler Proje \u00e7izimlerinize g\u00f6re D\u00fcz, kavisli, Yuvarlak ve \u00dc\u00e7gen kesim ile belirtilen \u00e7aplarda delik a\u00e7ma i\u015flemi yap\u0131labilmektedir. Projelerinizdeki \u00dcr\u00fcn \u00f6l\u00e7\u00fclerine uygun malzeme \u00fcretimi yap\u0131larak fire oran\u0131 minimuma indirilip Hem imalat s\u00fcresini k\u0131saltarak zamandan ve i\u015f\u00e7ilik maliyetlerinden tasarruf eder, Hem de &hellip;<\/p>\n<p class=\"read-more\"> <a class=\"\" href=\"https:\/\/www.alpsteel.com.tr\/en\/plazma-kesim\/\"> <span class=\"screen-reader-text\">Plasma Cutting<\/span> Read More &raquo;<\/a><\/p>","protected":false},"author":1,"featured_media":0,"parent":0,"menu_order":0,"comment_status":"closed","ping_status":"closed","template":"","meta":{"site-sidebar-layout":"no-sidebar","site-content-layout":"page-builder","ast-site-content-layout":"default","site-content-style":"default","site-sidebar-style":"default","ast-global-header-display":"","ast-banner-title-visibility":"","ast-main-header-display":"","ast-hfb-above-header-display":"","ast-hfb-below-header-display":"","ast-hfb-mobile-header-display":"","site-post-title":"disabled","ast-breadcrumbs-content":"","ast-featured-img":"disabled","footer-sml-layout":"","theme-transparent-header-meta":"default","adv-header-id-meta":"","stick-header-meta":"","header-above-stick-meta":"","header-main-stick-meta":"","header-below-stick-meta":"","astra-migrate-meta-layouts":"set","footnotes":""},"class_list":["post-911","page","type-page","status-publish","hentry"],"_links":{"self":[{"href":"https:\/\/www.alpsteel.com.tr\/en\/wp-json\/wp\/v2\/pages\/911","targetHints":{"allow":["GET"]}}],"collection":[{"href":"https:\/\/www.alpsteel.com.tr\/en\/wp-json\/wp\/v2\/pages"}],"about":[{"href":"https:\/\/www.alpsteel.com.tr\/en\/wp-json\/wp\/v2\/types\/page"}],"author":[{"embeddable":true,"href":"https:\/\/www.alpsteel.com.tr\/en\/wp-json\/wp\/v2\/users\/1"}],"replies":[{"embeddable":true,"href":"https:\/\/www.alpsteel.com.tr\/en\/wp-json\/wp\/v2\/comments?post=911"}],"version-history":[{"count":13,"href":"https:\/\/www.alpsteel.com.tr\/en\/wp-json\/wp\/v2\/pages\/911\/revisions"}],"predecessor-version":[{"id":1919,"href":"https:\/\/www.alpsteel.com.tr\/en\/wp-json\/wp\/v2\/pages\/911\/revisions\/1919"}],"wp:attachment":[{"href":"https:\/\/www.alpsteel.com.tr\/en\/wp-json\/wp\/v2\/media?parent=911"}],"curies":[{"name":"wp","href":"https:\/\/api.w.org\/{rel}","templated":true}]}}